{"id":162,"date":"2017-04-17T12:18:29","date_gmt":"2017-04-17T12:18:29","guid":{"rendered":"http:\/\/bbtk.exposicion.ull.es\/225ull\/?page_id=162"},"modified":"2019-07-03T14:07:17","modified_gmt":"2019-07-03T12:07:17","slug":"la-universidad-un-servicio-integral","status":"publish","type":"page","link":"https:\/\/www.ull.es\/eventos\/225-aniversario-ull\/la-universidad-un-servicio-integral\/","title":{"rendered":"La Universidad: un servicio integral"},"content":{"rendered":"<p>[vc_row][vc_column width=\u00bb1\/6&#8243;][\/vc_column][vc_column width=\u00bb2\/3&#8243;][vc_column_text]<\/p>\n<h1>La Universidad: un servicio integral<\/h1>\n<p>[\/vc_column_text][vc_media_grid element_width=\u00bb6&#8243; grid_id=\u00bbvc_gid:1562155582393-18c7a513-6285-2&#8243; include=\u00bb685,687&#8243;][vc_empty_space height=\u00bb48px\u00bb][vc_column_text]<\/p>\n<blockquote><p><b>El deporte universitario es integral y complementario a la formaci\u00f3n acad\u00e9mica, se adapta a las particularidades de la comunidad universitaria y fomenta comportamientos no violentos y antisexistas.<\/b><\/p><\/blockquote>\n<h3><span style=\"font-weight: 400\">Servicio de deportes <\/span><\/h3>\n<p><span style=\"font-weight: 400\">El modelo de deporte universitario es el del \u201cDeporte para todos y todas\u201d cuyos objetivos son: la mejora de la salud, de la condici\u00f3n f\u00edsica y de la calidad de<\/span> <span style=\"font-weight: 400\">vida; conseguir un mayor desarrollo de las cualidades f\u00edsicas b\u00e1sicas y habilidades motrices, ser una alternativa a la ocupaci\u00f3n del tiempo libre y de ocio; y un veh\u00edculo para el establecimiento de relaciones sociales.<\/span><\/p>\n<p><span style=\"font-weight: 400\">Aspiramos a un deporte m\u00e1s integral, que complemente la formaci\u00f3n de los estudiantes y que tambi\u00e9n sea sensible con los intereses y gustos de las diferentes bandas de edad. Adem\u00e1s, queremos generar con la pr\u00e1ctica deportiva universitaria, comportamientos no violentos, inclusivos, cooperativos y antidiscriminatorios que hagan posible una percepci\u00f3n positiva de s\u00ed mismos y unas relaciones interpersonales y sociales m\u00e1s \u201chumanas\u201d. <\/span><\/p>\n<p><span style=\"font-weight: 400\">Coherentemente con lo expresado, potenciamos en nuestra competici\u00f3n interna el \u201cjuego limpio\u201d y los deportes mixtos, siendo esta una caracter\u00edstica esencial del deporte universitario en un futuro no muy lejano.<\/span><\/p>\n<blockquote><p><b>Divulgamos e intercambiamos la producci\u00f3n cient\u00edfica y docente de la Universidad de La Laguna a trav\u00e9s de su Servicio de Publicaciones.<\/b><\/p><\/blockquote>\n<h3><span style=\"font-weight: 400\">Servicio de Publicaciones <\/span><\/h3>\n<p>Tiene como misi\u00f3n la edici\u00f3n y coedici\u00f3n, comercializaci\u00f3n e intercambio de la producci\u00f3n cient\u00edfica, docente, t\u00e9cnica y cultural de la Universidad con otras Universidades e Instituciones cient\u00edficas, art\u00edsticas y t\u00e9cnicas, tanto nacionales como extranjeras, as\u00ed como, promover el desarrollo y la ejecuci\u00f3n de programas de publicaci\u00f3n de libros y revistas, tanto de material impreso como audiovisual, en el seno de nuestra Universidad y su divulgaci\u00f3n en la sociedad para contrbuir al avance de la educaci\u00f3n, la ense\u00f1anza, la investigaci\u00f3n y la cultura.<\/p>\n<p>[\/vc_column_text][\/vc_column][vc_column width=\u00bb1\/6&#8243;][\/vc_column][\/vc_row]<\/p>\n","protected":false},"excerpt":{"rendered":"<p>[vc_row][vc_column width=\u00bb1\/6&#8243;][\/vc_column][vc_column width=\u00bb2\/3&#8243;][vc_column_text] La Universidad: un servicio integral [\/vc_column_text][vc_media_grid element_width=\u00bb6&#8243; grid_id=\u00bbvc_gid:1562155582393-18c7a513-6285-2&#8243; include=\u00bb685,687&#8243;][vc_empty_space height=\u00bb48px\u00bb][vc_column_text] El deporte universitario es integral y complementario a la formaci\u00f3n acad\u00e9mica, se adapta a las particularidades de la comunidad universitaria y fomenta comportamientos no violentos y antisexistas. Servicio de deportes El modelo de deporte universitario es el del \u201cDeporte para todos y&#8230;<\/p>\n","protected":false},"author":14,"featured_media":286,"parent":0,"menu_order":0,"comment_status":"closed","ping_status":"closed","template":"","meta":{"footnotes":""},"class_list":["post-162","page","type-page","status-publish","has-post-thumbnail","hentry"],"_links":{"self":[{"href":"https:\/\/www.ull.es\/eventos\/225-aniversario-ull\/wp-json\/wp\/v2\/pages\/162"}],"collection":[{"href":"https:\/\/www.ull.es\/eventos\/225-aniversario-ull\/wp-json\/wp\/v2\/pages"}],"about":[{"href":"https:\/\/www.ull.es\/eventos\/225-aniversario-ull\/wp-json\/wp\/v2\/types\/page"}],"author":[{"embeddable":true,"href":"https:\/\/www.ull.es\/eventos\/225-aniversario-ull\/wp-json\/wp\/v2\/users\/14"}],"replies":[{"embeddable":true,"href":"https:\/\/www.ull.es\/eventos\/225-aniversario-ull\/wp-json\/wp\/v2\/comments?post=162"}],"version-history":[{"count":2,"href":"https:\/\/www.ull.es\/eventos\/225-aniversario-ull\/wp-json\/wp\/v2\/pages\/162\/revisions"}],"predecessor-version":[{"id":742,"href":"https:\/\/www.ull.es\/eventos\/225-aniversario-ull\/wp-json\/wp\/v2\/pages\/162\/revisions\/742"}],"wp:featuredmedia":[{"embeddable":true,"href":"https:\/\/www.ull.es\/eventos\/225-aniversario-ull\/wp-json\/"}],"wp:attachment":[{"href":"https:\/\/www.ull.es\/eventos\/225-aniversario-ull\/wp-json\/wp\/v2\/media?parent=162"}],"curies":[{"name":"wp","href":"https:\/\/api.w.org\/{rel}","templated":true}]}}