{"id":166,"date":"2017-04-17T12:18:55","date_gmt":"2017-04-17T12:18:55","guid":{"rendered":"http:\/\/bbtk.exposicion.ull.es\/225ull\/?page_id=166"},"modified":"2019-07-03T14:12:46","modified_gmt":"2019-07-03T12:12:46","slug":"formar-y-avanzar-en-igualdad","status":"publish","type":"page","link":"https:\/\/www.ull.es\/eventos\/225-aniversario-ull\/formar-y-avanzar-en-igualdad\/","title":{"rendered":"Formar y avanzar en igualdad"},"content":{"rendered":"<p>[vc_row][vc_column width=\u00bb1\/6&#8243;][\/vc_column][vc_column width=\u00bb2\/3&#8243;][vc_column_text]<\/p>\n<h1>Formar y avanzar en igualdad<\/h1>\n<p>[\/vc_column_text][vc_media_grid element_width=\u00bb12&#8243; grid_id=\u00bbvc_gid:1562155953447-78dddbee-7e32-4&#8243; include=\u00bb668&#8243;][vc_empty_space height=\u00bb48px\u00bb][vc_column_text]<span style=\"font-weight: 400\">Uno de los aspectos en los que la Universidad de La Laguna se ha implicado m\u00e1s profundamente en su imperativa labor de motor del cambio social, ha sido la de la lucha contra las desigualdades. En este punto en particular, el anhelo de una plena igualdad real y efectiva entre hombres y mujeres, la instituci\u00f3n ha desarrollado, desarrolla y desarrollar\u00e1 una labor docente, investigadora y divulgativa comprometida, para que el principio de igualdad y no discriminaci\u00f3n por raz\u00f3n de sexo contenido en la carta magna de 1978 sea, al fin, una realidad.<\/span><\/p>\n<blockquote><p>La labor docente, investigadora y divulgativa de la Universidad de La Laguna en materia de igualdad es diversa, de amplio recorrido y comprometida con el entorno social.<\/p><\/blockquote>\n<p><img loading=\"lazy\" decoding=\"async\" class=\"alignnone size-medium wp-image-294 ryswlmbjetnxjdyhgqkm\" src=\"http:\/\/bbtk.exposicion.ull.es\/225ull\/wp-content\/uploads\/2017\/04\/logo-iuem-vertical-120x300.png\" alt=\"\" width=\"120\" height=\"300\" \/><\/p>\n<p><img loading=\"lazy\" decoding=\"async\" class=\"alignnone size-medium wp-image-294 ryswlmbjetnxjdyhgqkm\" src=\"http:\/\/bbtk.exposicion.ull.es\/225ull\/wp-content\/uploads\/2017\/04\/logo-iuem-vertical-120x300.png\" alt=\"\" width=\"120\" height=\"300\" \/><\/p>\n<p><span style=\"font-weight: 400\">El Instituto Universitario de Estudios de las Mujeres de la Universidad de La Laguna a\u00fana y da cabida a personal docente e investigador de la Universidad de La Laguna y a j\u00f3venes con inquietud investigadora cuyos intereses se dirigen a los estudios de g\u00e9nero y de las mujeres. Creado en 2007, a partir del antiguo Centro de Estudios de la Mujer \u2014fundado en 1995\u2014, avala una trayectoria de m\u00e1s de veinte a\u00f1os de estudios de g\u00e9nero en la instituci\u00f3n. Los estudios feministas y los estudios de g\u00e9nero \u2014<\/span><i><span style=\"font-weight: 400\">women and gender studies<\/span><\/i><span style=\"font-weight: 400\">\u2014 se han convertido en una disciplina acad\u00e9mica interdisciplinar, con amplia presencia en todas las universidades.<\/span><\/p>\n<blockquote><p>Los estudios feministas y los estudios de g\u00e9nero se han convertido en una disciplina acad\u00e9mica presente en todas las Universidades.<\/p><\/blockquote>\n<p><span style=\"font-weight: 400\">El Instituto tiene como principal objetivo fomentar la investigaci\u00f3n con perspectiva de g\u00e9nero, contribuyendo as\u00ed al desarrollo y difusi\u00f3n de conocimientos de mayor calidad y sensibles al g\u00e9nero, en todas las ramas del conocimiento y de una manera interdisciplinar, en consonancia con los objetivos del Espacio Europeo de Investigaci\u00f3n y su programa H2020. Tambi\u00e9n en la docencia, contribuyendo a la formaci\u00f3n con perspectiva de g\u00e9nero de todo el alumnado de nivel de grado y especialmente de posgrado a trav\u00e9s de los programas de Master y Doctorado en Estudios de G\u00e9nero, as\u00ed como a trav\u00e9s de los diferentes cursos y seminarios que ofrece a la sociedad en general. <\/span><\/p>\n<blockquote><p>La lucha contra la violencia machista constituye uno de los ejes de actuaci\u00f3n en materia de g\u00e9nero e igualdad.<b> <\/b><\/p><\/blockquote>\n<p>Por su parte, La Unidad de Igualdad de G\u00e9nero es el \u00f3rgano responsable de la coordinaci\u00f3n, propuesta, seguimiento y valoraci\u00f3n del cumplimiento de la legislaci\u00f3n relativa a la consecuci\u00f3n del objetivo de una igualdad efectiva entre hombres y mujeres en el seno de la instituci\u00f3n acad\u00e9mica. Vela, igualmente, por el cumplimiento del \u00abI Plan de Igualdad\u00bb con que se ha dotado la Instituci\u00f3n.[\/vc_column_text][\/vc_column][vc_column width=\u00bb1\/6&#8243;][\/vc_column][\/vc_row]<\/p>\n","protected":false},"excerpt":{"rendered":"<p>[vc_row][vc_column width=\u00bb1\/6&#8243;][\/vc_column][vc_column width=\u00bb2\/3&#8243;][vc_column_text] Formar y avanzar en igualdad [\/vc_column_text][vc_media_grid element_width=\u00bb12&#8243; grid_id=\u00bbvc_gid:1562155953447-78dddbee-7e32-4&#8243; include=\u00bb668&#8243;][vc_empty_space height=\u00bb48px\u00bb][vc_column_text]Uno de los aspectos en los que la Universidad de La Laguna se ha implicado m\u00e1s profundamente en su imperativa labor de motor del cambio social, ha sido la de la lucha contra las desigualdades. En este punto en particular, el anhelo de&#8230;<\/p>\n","protected":false},"author":14,"featured_media":283,"parent":0,"menu_order":0,"comment_status":"closed","ping_status":"closed","template":"","meta":{"footnotes":""},"class_list":["post-166","page","type-page","status-publish","has-post-thumbnail","hentry"],"_links":{"self":[{"href":"https:\/\/www.ull.es\/eventos\/225-aniversario-ull\/wp-json\/wp\/v2\/pages\/166"}],"collection":[{"href":"https:\/\/www.ull.es\/eventos\/225-aniversario-ull\/wp-json\/wp\/v2\/pages"}],"about":[{"href":"https:\/\/www.ull.es\/eventos\/225-aniversario-ull\/wp-json\/wp\/v2\/types\/page"}],"author":[{"embeddable":true,"href":"https:\/\/www.ull.es\/eventos\/225-aniversario-ull\/wp-json\/wp\/v2\/users\/14"}],"replies":[{"embeddable":true,"href":"https:\/\/www.ull.es\/eventos\/225-aniversario-ull\/wp-json\/wp\/v2\/comments?post=166"}],"version-history":[{"count":3,"href":"https:\/\/www.ull.es\/eventos\/225-aniversario-ull\/wp-json\/wp\/v2\/pages\/166\/revisions"}],"predecessor-version":[{"id":747,"href":"https:\/\/www.ull.es\/eventos\/225-aniversario-ull\/wp-json\/wp\/v2\/pages\/166\/revisions\/747"}],"wp:featuredmedia":[{"embeddable":true,"href":"https:\/\/www.ull.es\/eventos\/225-aniversario-ull\/wp-json\/"}],"wp:attachment":[{"href":"https:\/\/www.ull.es\/eventos\/225-aniversario-ull\/wp-json\/wp\/v2\/media?parent=166"}],"curies":[{"name":"wp","href":"https:\/\/api.w.org\/{rel}","templated":true}]}}