{"id":187,"date":"2017-04-17T12:23:36","date_gmt":"2017-04-17T12:23:36","guid":{"rendered":"http:\/\/bbtk.exposicion.ull.es\/225ull\/?page_id=187"},"modified":"2019-07-03T14:14:42","modified_gmt":"2019-07-03T12:14:42","slug":"catalogo","status":"publish","type":"page","link":"https:\/\/www.ull.es\/eventos\/225-aniversario-ull\/catalogo\/","title":{"rendered":"Cat\u00e1logo"},"content":{"rendered":"<p>[vc_row][vc_column width=\u00bb1\/6&#8243;][\/vc_column][vc_column width=\u00bb2\/3&#8243;][vc_column_text]<\/p>\n<h1>Cat\u00e1logo<\/h1>\n<p>[\/vc_column_text][vc_column_text]<\/p>\n<div id=\"attachment_526\" style=\"width: 248px\" class=\"wp-caption alignnone\"><a href=\"https:\/\/riull.ull.es\/xmlui\/bitstream\/handle\/915\/4697\/De%20donde%20viene%20el%20futuro%20BR.pdf?sequence=1&amp;isAllowed=y\" target=\"_blank\" rel=\"noopener\"><img loading=\"lazy\" decoding=\"async\" aria-describedby=\"caption-attachment-526\" class=\"wp-image-526 size-full\" src=\"http:\/\/bbtk.exposicion.ull.es\/225ull\/wp-content\/uploads\/2017\/04\/De-donde-viene-el-futuro.jpg\" alt=\"\" width=\"238\" height=\"350\" \/><\/a><p id=\"caption-attachment-526\" class=\"wp-caption-text\">Click en la imagen para descargar el documento pdf<\/p><\/div>\n<p>El cat\u00e1logo de la exposici\u00f3n\u00a0<em>De donde viene el futuro<\/em>\u00a0contiene\u00a0la relaci\u00f3n de todos los documentos incluidos en ella, con sus im\u00e1genes correspondientes, ordenados siguiendo los apartados de la exposici\u00f3n. Desde cada documento se puede acceder directamente a la descripci\u00f3n m\u00e1s amplia y detallada que se encuentra en nuestro cat\u00e1logo en l\u00ednea.<\/p>\n<p>Preceden a esta relaci\u00f3n\u00a0los art\u00edculos redactados por los dos comisarios de la exposici\u00f3n: <em>La Universidad de La Laguna: una breve historia<\/em> del profesor Antonio Canales Serrano y <em>La Universidad actual<\/em> del profesor \u00c1ngel Guti\u00e9rrez Navarro.[\/vc_column_text][\/vc_column][vc_column width=\u00bb1\/6&#8243;][\/vc_column][\/vc_row]<\/p>\n","protected":false},"excerpt":{"rendered":"<p>[vc_row][vc_column width=\u00bb1\/6&#8243;][\/vc_column][vc_column width=\u00bb2\/3&#8243;][vc_column_text] Cat\u00e1logo [\/vc_column_text][vc_column_text] El cat\u00e1logo de la exposici\u00f3n\u00a0De donde viene el futuro\u00a0contiene\u00a0la relaci\u00f3n de todos los documentos incluidos en ella, con sus im\u00e1genes correspondientes, ordenados siguiendo los apartados de la exposici\u00f3n. Desde cada documento se puede acceder directamente a la descripci\u00f3n m\u00e1s amplia y detallada que se encuentra en nuestro cat\u00e1logo en l\u00ednea&#8230;.<\/p>\n","protected":false},"author":14,"featured_media":0,"parent":0,"menu_order":0,"comment_status":"closed","ping_status":"closed","template":"","meta":{"footnotes":""},"class_list":["post-187","page","type-page","status-publish","hentry"],"_links":{"self":[{"href":"https:\/\/www.ull.es\/eventos\/225-aniversario-ull\/wp-json\/wp\/v2\/pages\/187"}],"collection":[{"href":"https:\/\/www.ull.es\/eventos\/225-aniversario-ull\/wp-json\/wp\/v2\/pages"}],"about":[{"href":"https:\/\/www.ull.es\/eventos\/225-aniversario-ull\/wp-json\/wp\/v2\/types\/page"}],"author":[{"embeddable":true,"href":"https:\/\/www.ull.es\/eventos\/225-aniversario-ull\/wp-json\/wp\/v2\/users\/14"}],"replies":[{"embeddable":true,"href":"https:\/\/www.ull.es\/eventos\/225-aniversario-ull\/wp-json\/wp\/v2\/comments?post=187"}],"version-history":[{"count":2,"href":"https:\/\/www.ull.es\/eventos\/225-aniversario-ull\/wp-json\/wp\/v2\/pages\/187\/revisions"}],"predecessor-version":[{"id":749,"href":"https:\/\/www.ull.es\/eventos\/225-aniversario-ull\/wp-json\/wp\/v2\/pages\/187\/revisions\/749"}],"wp:attachment":[{"href":"https:\/\/www.ull.es\/eventos\/225-aniversario-ull\/wp-json\/wp\/v2\/media?parent=187"}],"curies":[{"name":"wp","href":"https:\/\/api.w.org\/{rel}","templated":true}]}}