{"id":193,"date":"2017-04-17T12:24:20","date_gmt":"2017-04-17T12:24:20","guid":{"rendered":"http:\/\/bbtk.exposicion.ull.es\/225ull\/?page_id=193"},"modified":"2019-07-03T14:16:21","modified_gmt":"2019-07-03T12:16:21","slug":"creditos","status":"publish","type":"page","link":"https:\/\/www.ull.es\/eventos\/225-aniversario-ull\/creditos\/","title":{"rendered":"Cr\u00e9ditos"},"content":{"rendered":"<p>[vc_row][vc_column width=\u00bb1\/6&#8243;][\/vc_column][vc_column width=\u00bb2\/3&#8243;][vc_column_text]<\/p>\n<h1>Cr\u00e9ditos<\/h1>\n<p>[\/vc_column_text][vc_column_text]<\/p>\n<h2><em><span style=\"font-weight: 400\">Equipo acad\u00e9mico:<\/span><\/em><\/h2>\n<p><span style=\"font-weight: 400\"> Antonio Fco. Canales Serrano (Comisario)<\/span><\/p>\n<p><span style=\"font-weight: 400\">\u00c1ngel Guti\u00e9rrez Navarro (Comisario)<\/span><\/p>\n<h2><em><span style=\"font-weight: 400\">Equipo de la Biblioteca Universitaria:<\/span><\/em><\/h2>\n<p><span style=\"font-weight: 400\">Mar\u00eda Luisa Morales Ayala (coordinadora)<\/span><\/p>\n<p><span style=\"font-weight: 400\">Ismael Garc\u00eda P\u00e9rez (dise\u00f1o gr\u00e1fico)<\/span><\/p>\n<p><span style=\"font-weight: 400\">Carmen Lahuerta Hern\u00e1ndez (digitalizaci\u00f3n)<\/span><\/p>\n<p><span style=\"font-weight: 400\">Rosa Afonso Plasencia<\/span><\/p>\n<p><span style=\"font-weight: 400\">Alberto Brito Delgado<\/span><\/p>\n<p><span style=\"font-weight: 400\">Daniel Garc\u00eda Pulido<\/span><\/p>\n<p><span style=\"font-weight: 400\">Sonia Garc\u00eda Y\u00e1nez<\/span><\/p>\n<p><span style=\"font-weight: 400\">Liti Garc\u00eda-Ramos Medina<\/span><\/p>\n<p><span style=\"font-weight: 400\">Camir G\u00f3mez-Pablos Calvo<\/span><\/p>\n<p><span style=\"font-weight: 400\">Ver\u00f3nica Salcedo Lindell<\/span><\/p>\n<h2><em><span style=\"font-weight: 400\">Colaboradoras:<\/span><\/em><\/h2>\n<p>Paz Fern\u00e1ndez Palomeque<\/p>\n<p>\u00c1frica Gonz\u00e1lez Gonz\u00e1lez<\/p>\n<h2><em><span style=\"font-weight: 400\">Coordinaci\u00f3n:<\/span><\/em><\/h2>\n<p><span style=\"font-weight: 400\">Dulce Mar\u00eda Gonz\u00e1lez Doreste (Comit\u00e9 Organizador del 225 Aniversario ULL)<\/span><\/p>\n<p><span style=\"font-weight: 400\">Carmen Julia Hern\u00e1ndez Hern\u00e1ndez (Directora del Servicio de Biblioteca)<\/span>[\/vc_column_text][\/vc_column][vc_column width=\u00bb1\/6&#8243;][\/vc_column][\/vc_row]<\/p>\n","protected":false},"excerpt":{"rendered":"<p>[vc_row][vc_column width=\u00bb1\/6&#8243;][\/vc_column][vc_column width=\u00bb2\/3&#8243;][vc_column_text] Cr\u00e9ditos [\/vc_column_text][vc_column_text] Equipo acad\u00e9mico: Antonio Fco. Canales Serrano (Comisario) \u00c1ngel Guti\u00e9rrez Navarro (Comisario) Equipo de la Biblioteca Universitaria: Mar\u00eda Luisa Morales Ayala (coordinadora) Ismael Garc\u00eda P\u00e9rez (dise\u00f1o gr\u00e1fico) Carmen Lahuerta Hern\u00e1ndez (digitalizaci\u00f3n) Rosa Afonso Plasencia Alberto Brito Delgado Daniel Garc\u00eda Pulido Sonia Garc\u00eda Y\u00e1nez Liti Garc\u00eda-Ramos Medina Camir G\u00f3mez-Pablos Calvo Ver\u00f3nica Salcedo&#8230;<\/p>\n","protected":false},"author":14,"featured_media":0,"parent":0,"menu_order":0,"comment_status":"closed","ping_status":"closed","template":"","meta":{"footnotes":""},"class_list":["post-193","page","type-page","status-publish","hentry"],"_links":{"self":[{"href":"https:\/\/www.ull.es\/eventos\/225-aniversario-ull\/wp-json\/wp\/v2\/pages\/193"}],"collection":[{"href":"https:\/\/www.ull.es\/eventos\/225-aniversario-ull\/wp-json\/wp\/v2\/pages"}],"about":[{"href":"https:\/\/www.ull.es\/eventos\/225-aniversario-ull\/wp-json\/wp\/v2\/types\/page"}],"author":[{"embeddable":true,"href":"https:\/\/www.ull.es\/eventos\/225-aniversario-ull\/wp-json\/wp\/v2\/users\/14"}],"replies":[{"embeddable":true,"href":"https:\/\/www.ull.es\/eventos\/225-aniversario-ull\/wp-json\/wp\/v2\/comments?post=193"}],"version-history":[{"count":2,"href":"https:\/\/www.ull.es\/eventos\/225-aniversario-ull\/wp-json\/wp\/v2\/pages\/193\/revisions"}],"predecessor-version":[{"id":751,"href":"https:\/\/www.ull.es\/eventos\/225-aniversario-ull\/wp-json\/wp\/v2\/pages\/193\/revisions\/751"}],"wp:attachment":[{"href":"https:\/\/www.ull.es\/eventos\/225-aniversario-ull\/wp-json\/wp\/v2\/media?parent=193"}],"curies":[{"name":"wp","href":"https:\/\/api.w.org\/{rel}","templated":true}]}}