{"id":90,"date":"2017-04-17T07:28:25","date_gmt":"2017-04-17T07:28:25","guid":{"rendered":"http:\/\/bbtk.exposicion.ull.es\/225ull\/?page_id=90"},"modified":"2021-05-18T11:38:04","modified_gmt":"2021-05-18T09:38:04","slug":"inicio","status":"publish","type":"page","link":"https:\/\/www.ull.es\/eventos\/225-aniversario-ull\/inicio\/","title":{"rendered":"De donde viene el futuro"},"content":{"rendered":"<p>[vc_row][vc_column width=\u00bb1\/6&#8243;][\/vc_column][vc_column width=\u00bb2\/3&#8243;][vc_custom_heading source=\u00bbpost_title\u00bb font_container=\u00bbtag:h2|font_size:3em|text_align:left\u00bb google_fonts=\u00bbfont_family:Roboto%20Condensed%3A300%2C300italic%2Cregular%2Citalic%2C700%2C700italic|font_style:300%20light%20regular%3A300%3Anormal\u00bb el_class=\u00bbtitulo-pagina\u00bb][vc_column_text]En 2017 se conmemora el 225 aniversario del Real Decreto de Carlos IV que establece la creaci\u00f3n de la primera Universidad Literaria de Canarias en La Laguna, por entonces capital de Tenerife.<\/p>\n<p>Entre los actos programados para celebrar este acontecimiento, la Universidad de La Laguna ha preparado la exposici\u00f3n bibliogr\u00e1fica y documental <em>De donde viene el futuro<\/em>, que protagoniza el D\u00eda del Libro. En esta ocasi\u00f3n especial, la exposici\u00f3n se ubica en el Espacio Cultural La Capilla, en el edificio central de la Universidad.<\/p>\n<p>Ha sido necesario realizar una cuidadosa selecci\u00f3n entre numerosos libros y otros materiales de diferentes tipos para recorrer m\u00e1s de dos siglos de una historia tan azarosa.\u00a0 Se ha tenido que excluir de la muestra alguna documentaci\u00f3n de inter\u00e9s, que solo se genera ya en formato electr\u00f3nico y que contribuir\u00eda a entender la universidad hoy: \u201cla que ense\u00f1a, investiga e innova y as\u00ed contribuye activamente al desarrollo de la sociedad\u201d.<\/p>\n<p>La mayor parte de las obras expuestas pertenecen a la Biblioteca de la Universidad de La Laguna, aunque tambi\u00e9n se incluye una selecci\u00f3n de documentos de gran inter\u00e9s que han sido cedidos por el Archivo Universitario,\u00a0 por Alumni ULL y por otras instituciones cuya trayectoria ha estado muy ligada a la historia de nuestra universidad: el IECan, la RSEAPT y la Biblioteca-Archivo de Mar\u00eda Rosa Alonso. Agradecemos a todos su desinteresada colaboraci\u00f3n .<\/p>\n<p>La exposici\u00f3n se estructura en dos partes: una que recorre el pasado de la Universidad a trav\u00e9s de manuscritos, libros, fotograf\u00edas, material audiovisual y otros documentos que representan diferentes momentos de su historia; y otra que intenta reflejar lo que es hoy la instituci\u00f3n y c\u00f3mo se proyecta al futuro. En definitiva, lo que se pretende es mostrar <em>de donde viene el futuro<\/em> de la Universidad de La Laguna.[\/vc_column_text][\/vc_column][vc_column width=\u00bb1\/6&#8243;][\/vc_column][\/vc_row]<\/p>\n","protected":false},"excerpt":{"rendered":"<p>[vc_row][vc_column width=\u00bb1\/6&#8243;][\/vc_column][vc_column width=\u00bb2\/3&#8243;][vc_custom_heading source=\u00bbpost_title\u00bb font_container=\u00bbtag:h2|font_size:3em|text_align:left\u00bb google_fonts=\u00bbfont_family:Roboto%20Condensed%3A300%2C300italic%2Cregular%2Citalic%2C700%2C700italic|font_style:300%20light%20regular%3A300%3Anormal\u00bb el_class=\u00bbtitulo-pagina\u00bb][vc_column_text]En 2017 se conmemora el 225 aniversario del Real Decreto de Carlos IV que establece la creaci\u00f3n de la primera Universidad Literaria de Canarias en La Laguna, por entonces capital de Tenerife. Entre los actos programados para celebrar este acontecimiento, la Universidad de La Laguna ha preparado la exposici\u00f3n&#8230;<\/p>\n","protected":false},"author":14,"featured_media":0,"parent":0,"menu_order":0,"comment_status":"closed","ping_status":"closed","template":"","meta":{"footnotes":""},"class_list":["post-90","page","type-page","status-publish","hentry"],"_links":{"self":[{"href":"https:\/\/www.ull.es\/eventos\/225-aniversario-ull\/wp-json\/wp\/v2\/pages\/90"}],"collection":[{"href":"https:\/\/www.ull.es\/eventos\/225-aniversario-ull\/wp-json\/wp\/v2\/pages"}],"about":[{"href":"https:\/\/www.ull.es\/eventos\/225-aniversario-ull\/wp-json\/wp\/v2\/types\/page"}],"author":[{"embeddable":true,"href":"https:\/\/www.ull.es\/eventos\/225-aniversario-ull\/wp-json\/wp\/v2\/users\/14"}],"replies":[{"embeddable":true,"href":"https:\/\/www.ull.es\/eventos\/225-aniversario-ull\/wp-json\/wp\/v2\/comments?post=90"}],"version-history":[{"count":5,"href":"https:\/\/www.ull.es\/eventos\/225-aniversario-ull\/wp-json\/wp\/v2\/pages\/90\/revisions"}],"predecessor-version":[{"id":760,"href":"https:\/\/www.ull.es\/eventos\/225-aniversario-ull\/wp-json\/wp\/v2\/pages\/90\/revisions\/760"}],"wp:attachment":[{"href":"https:\/\/www.ull.es\/eventos\/225-aniversario-ull\/wp-json\/wp\/v2\/media?parent=90"}],"curies":[{"name":"wp","href":"https:\/\/api.w.org\/{rel}","templated":true}]}}