{"id":2,"date":"2019-09-24T10:38:44","date_gmt":"2019-09-24T08:38:44","guid":{"rendered":"http:\/\/www.ull.es\/eventos\/africanismos\/?page_id=2"},"modified":"2019-10-01T13:34:19","modified_gmt":"2019-10-01T11:34:19","slug":"pagina-ejemplo","status":"publish","type":"page","link":"https:\/\/www.ull.es\/eventos\/africanismos\/","title":{"rendered":"Inicio"},"content":{"rendered":"<p>[vc_row][vc_column][rev_slider_vc alias=\u00bbportada\u00bb][\/vc_column][\/vc_row][vc_row][vc_column width=\u00bb1\/4&#8243;][\/vc_column][vc_column width=\u00bb3\/4&#8243;][vc_column_text]<\/p>\r\n<h2>Desorientados: el africanismo espa\u00f1ol y su archivo<\/h2>\r\n<p>[\/vc_column_text][vc_column_text]<\/p>\r\n<p>El africanismo espa\u00f1ol es un discurso geopol\u00edtico y colonial que lanza una mirada imperial, investiga diversos aspectos de las colonias y sirvi\u00f3 para justificar la intervenci\u00f3n espa\u00f1ola. El historiador V\u00edctor Morales Lezcano lo define como la \u201cvoluntad de estudio y reconocimiento del vecino continente con vistas a intervenir\u201d.<\/p>\r\n<p>En su af\u00e1n por aproximarse al estudio de \u00c1frica, e influidos por las versiones del orientalismo, los estudiosos espa\u00f1oles se fueron desorientando y creando representaciones ex\u00f3ticas. Esta desorientaci\u00f3n fue propiciada por su deseo de encontrar en las colonias espa\u00f1olas la fantas\u00eda de sus propios sue\u00f1os imperiales. M\u00e1s que adentrarse en la realidad, los africanistas muestran sus propias aspiraciones, sus puntos de vista y sus obsesiones.<\/p>\r\n<p>La muestra la componen libros de los siglos XIX al XXI, revistas, mapas, fotograf\u00edas, pel\u00edculas de cine y programas de mano de \u00e9stas, obras literarias\u2026, que forman parte de los fondos de la Biblioteca Universitaria. Particularmente se exhiben los fondos producidos por IDEA (Instituto Espa\u00f1ol de Estudios Africanos), que fueron reunidos por el Centro de Estudios Africanos de la ULL.<\/p>\r\n<p>La exposici\u00f3n pretende hacer visible un aspecto de la geopol\u00edtica colonial espa\u00f1ola y plantear una reflexi\u00f3n sobre c\u00f3mo el pasado engarza con el presente a trav\u00e9s de las actuales relaciones entre Espa\u00f1a y \u00c1frica. Igualmente, la exposici\u00f3n nos permite plantear preguntas en torno a la posici\u00f3n de Canarias en este contexto.<\/p>\r\n<p>[\/vc_column_text][\/vc_column][\/vc_row]<\/p>","protected":false},"excerpt":{"rendered":"<p>[vc_row][vc_column][rev_slider_vc alias=\u00bbportada\u00bb][\/vc_column][\/vc_row][vc_row][vc_column width=\u00bb1\/4&#8243;][\/vc_column][vc_column width=\u00bb3\/4&#8243;][vc_column_text] Desorientados: el africanismo espa\u00f1ol y su archivo [\/vc_column_text][vc_column_text] El africanismo espa\u00f1ol es un discurso geopol\u00edtico y colonial que lanza una mirada imperial, investiga diversos aspectos de las colonias y sirvi\u00f3 para justificar la intervenci\u00f3n espa\u00f1ola. El historiador V\u00edctor Morales Lezcano lo define como la \u201cvoluntad de estudio y reconocimiento del vecino&#8230;<\/p>\n","protected":false},"author":6,"featured_media":0,"parent":0,"menu_order":0,"comment_status":"closed","ping_status":"open","template":"templates\/template-no-title.php","meta":{"footnotes":""},"class_list":["post-2","page","type-page","status-publish","hentry"],"_links":{"self":[{"href":"https:\/\/www.ull.es\/eventos\/africanismos\/wp-json\/wp\/v2\/pages\/2"}],"collection":[{"href":"https:\/\/www.ull.es\/eventos\/africanismos\/wp-json\/wp\/v2\/pages"}],"about":[{"href":"https:\/\/www.ull.es\/eventos\/africanismos\/wp-json\/wp\/v2\/types\/page"}],"author":[{"embeddable":true,"href":"https:\/\/www.ull.es\/eventos\/africanismos\/wp-json\/wp\/v2\/users\/6"}],"replies":[{"embeddable":true,"href":"https:\/\/www.ull.es\/eventos\/africanismos\/wp-json\/wp\/v2\/comments?post=2"}],"version-history":[{"count":6,"href":"https:\/\/www.ull.es\/eventos\/africanismos\/wp-json\/wp\/v2\/pages\/2\/revisions"}],"predecessor-version":[{"id":117,"href":"https:\/\/www.ull.es\/eventos\/africanismos\/wp-json\/wp\/v2\/pages\/2\/revisions\/117"}],"wp:attachment":[{"href":"https:\/\/www.ull.es\/eventos\/africanismos\/wp-json\/wp\/v2\/media?parent=2"}],"curies":[{"name":"wp","href":"https:\/\/api.w.org\/{rel}","templated":true}]}}