{"id":45,"date":"2019-10-01T11:32:12","date_gmt":"2019-10-01T09:32:12","guid":{"rendered":"http:\/\/www.ull.es\/eventos\/africanismos\/?page_id=45"},"modified":"2019-10-01T11:39:49","modified_gmt":"2019-10-01T09:39:49","slug":"obras","status":"publish","type":"page","link":"https:\/\/www.ull.es\/eventos\/africanismos\/obras\/","title":{"rendered":"Obras y otros materiales"},"content":{"rendered":"<p>[vc_row][vc_column width=\u00bb1\/6&#8243;][\/vc_column][vc_column width=\u00bb2\/3&#8243;][vc_column_text]<\/p>\n<h2>Obras<\/h2>\n<p>[\/vc_column_text][vc_column_text]<a href=\"https:\/\/bit.ly\/2lhIzQf\" target=\"_blank\" rel=\"noopener\"><b>La constante africana<\/b><\/a><\/p>\n<p><a href=\"https:\/\/bit.ly\/2lefSDL\" target=\"_blank\" rel=\"noopener\"><b>Espec\u00edmenes coloniales<\/b><\/a><\/p>\n<p><a href=\"https:\/\/bit.ly\/2mDS4tc\" target=\"_blank\" rel=\"noopener\"><b>Muy cerca y muy lejos<\/b><\/a><\/p>\n<p><a href=\"https:\/\/bit.ly\/2kIAvHU\" target=\"_blank\" rel=\"noopener\"><b>Las almas tenebrosas<\/b><\/a><\/p>\n<p><a href=\"https:\/\/bit.ly\/2ldTcU7\" target=\"_blank\" rel=\"noopener\"><b>\u201cEstas islas pertenecen al \u00c1frica\u201d<\/b><\/a><\/p>\n<p><a href=\"https:\/\/bit.ly\/2mKRDxs\" target=\"_blank\" rel=\"noopener\"><b>Obras historiogr\u00e1ficas<\/b><\/a><\/p>\n<p><a href=\"https:\/\/bit.ly\/2l5yMgb\" target=\"_blank\" rel=\"noopener\"><b>Literatura espa\u00f1ola y canaria sobre las colonias africanas<\/b><\/a><\/p>\n<p><a href=\"https:\/\/bit.ly\/2kRcw9C\" target=\"_blank\" rel=\"noopener\"><b>Pel\u00edculas<\/b><\/a>[\/vc_column_text][vc_column_text]<\/p>\n<h2>Otros materiales<\/h2>\n<p><a href=\"https:\/\/docs.google.com\/document\/d\/1jJhhbOrHww7ZaL_sdQ2AVRIQ9fyj1B-t\/edit\" target=\"_blank\" rel=\"noopener\"><b>M\u00e1s obras literarias<\/b><\/a><\/p>\n<p><a href=\"https:\/\/docs.google.com\/document\/d\/19j9UUWy4he8WGOYsCgmKdtkNrp2wRtTPTcqiSaz_wUE\/edit\" target=\"_blank\" rel=\"noopener\"><b>M\u00e1s pel\u00edculas y documentales<\/b><\/a><\/p>\n<div id=\"s3gt_translate_tooltip_mini\" class=\"s3gt_translate_tooltip_mini_box\" style=\"background: initial !important;border: initial !important;border-spacing: initial !important;border-collapse: initial !important;direction: ltr !important;font-weight: initial !important;height: initial !important;letter-spacing: initial !important;min-width: initial !important;max-width: initial !important;min-height: initial !important;max-height: initial !important;margin: auto !important;padding: initial !important;text-align: initial !important;width: initial !important;color: inherit !important;font-size: 13px !important;font-family: X-LocaleSpecific, sans-serif, Tahoma, Helvetica !important;line-height: 13px !important;vertical-align: top !important\">\n<div id=\"s3gt_translate_tooltip_mini_logo\" class=\"s3gt_translate_tooltip_mini\" title=\"Traducir texto seleccionado\"><\/div>\n<div id=\"s3gt_translate_tooltip_mini_sound\" class=\"s3gt_translate_tooltip_mini\" title=\"Escuchar\"><\/div>\n<div id=\"s3gt_translate_tooltip_mini_copy\" class=\"s3gt_translate_tooltip_mini\" title=\"Copiar texto al Portapapeles\"><\/div>\n<\/div>\n<p>[\/vc_column_text][\/vc_column][vc_column width=\u00bb1\/6&#8243;][\/vc_column][\/vc_row]<\/p>\n","protected":false},"excerpt":{"rendered":"<p>[vc_row][vc_column width=\u00bb1\/6&#8243;][\/vc_column][vc_column width=\u00bb2\/3&#8243;][vc_column_text] Obras [\/vc_column_text][vc_column_text]La constante africana Espec\u00edmenes coloniales Muy cerca y muy lejos Las almas tenebrosas \u201cEstas islas pertenecen al \u00c1frica\u201d Obras historiogr\u00e1ficas Literatura espa\u00f1ola y canaria sobre las colonias africanas Pel\u00edculas[\/vc_column_text][vc_column_text] Otros materiales M\u00e1s obras literarias M\u00e1s pel\u00edculas y documentales [\/vc_column_text][\/vc_column][vc_column width=\u00bb1\/6&#8243;][\/vc_column][\/vc_row]<\/p>\n","protected":false},"author":14,"featured_media":0,"parent":0,"menu_order":0,"comment_status":"closed","ping_status":"closed","template":"","meta":{"footnotes":""},"class_list":["post-45","page","type-page","status-publish","hentry"],"_links":{"self":[{"href":"https:\/\/www.ull.es\/eventos\/africanismos\/wp-json\/wp\/v2\/pages\/45"}],"collection":[{"href":"https:\/\/www.ull.es\/eventos\/africanismos\/wp-json\/wp\/v2\/pages"}],"about":[{"href":"https:\/\/www.ull.es\/eventos\/africanismos\/wp-json\/wp\/v2\/types\/page"}],"author":[{"embeddable":true,"href":"https:\/\/www.ull.es\/eventos\/africanismos\/wp-json\/wp\/v2\/users\/14"}],"replies":[{"embeddable":true,"href":"https:\/\/www.ull.es\/eventos\/africanismos\/wp-json\/wp\/v2\/comments?post=45"}],"version-history":[{"count":4,"href":"https:\/\/www.ull.es\/eventos\/africanismos\/wp-json\/wp\/v2\/pages\/45\/revisions"}],"predecessor-version":[{"id":52,"href":"https:\/\/www.ull.es\/eventos\/africanismos\/wp-json\/wp\/v2\/pages\/45\/revisions\/52"}],"wp:attachment":[{"href":"https:\/\/www.ull.es\/eventos\/africanismos\/wp-json\/wp\/v2\/media?parent=45"}],"curies":[{"name":"wp","href":"https:\/\/api.w.org\/{rel}","templated":true}]}}