{"id":54,"date":"2019-10-01T11:42:34","date_gmt":"2019-10-01T09:42:34","guid":{"rendered":"http:\/\/www.ull.es\/eventos\/africanismos\/?page_id=54"},"modified":"2019-10-08T09:59:26","modified_gmt":"2019-10-08T07:59:26","slug":"54-2","status":"publish","type":"page","link":"https:\/\/www.ull.es\/eventos\/africanismos\/54-2\/","title":{"rendered":"Enlaces de inter\u00e9s"},"content":{"rendered":"<p>[vc_row][vc_column width=\u00bb1\/6&#8243;][\/vc_column][vc_column width=\u00bb2\/3&#8243;][vc_column_text]<\/p>\n<h2>Enlaces de inter\u00e9s<\/h2>\n<p><a href=\"https:\/\/canal.uned.es\/video\/5b4709a6b1111f752b8b457f\" target=\"_blank\" rel=\"noopener\">La gobermentalidad racial y los censos coloniales espa\u00f1oles en Guinea<\/a><\/p>\n<p><a href=\"http:\/\/epoca1.valenciaplaza.com\/ver\/149910\/cine-literatura-colonias-africanas.html\" target=\"_blank\" rel=\"noopener\">Guinea tambi\u00e9n existe: El cine y la literatura se adentran en el recuerdo de las colonias africanas<\/a><\/p>\n<p><a href=\"https:\/\/www.wiriko.org\/cine-audiovisuales\/cine\/motivos-por-los-que-el-cine-espanol-sigue-sin-entender-africa\/\" target=\"_blank\" rel=\"noopener\">Las palmeras: los motivos por los que el cine espa\u00f1ol sigue sin entender \u00c1frica<\/a><\/p>\n<p><a href=\"https:\/\/elfarodeceuta.es\/revista-tropas-coloniales-referente-africanismo-espanol\/\" target=\"_blank\" rel=\"noopener\">La Revista de Tropas Coloniales, un referente del africanismo espa\u00f1o<span class=\"gmail_default\">l<\/span><\/a>[\/vc_column_text][\/vc_column][vc_column width=\u00bb1\/6&#8243;][\/vc_column][\/vc_row]<\/p>\n","protected":false},"excerpt":{"rendered":"<p>[vc_row][vc_column width=\u00bb1\/6&#8243;][\/vc_column][vc_column width=\u00bb2\/3&#8243;][vc_column_text] Enlaces de inter\u00e9s La gobermentalidad racial y los censos coloniales espa\u00f1oles en Guinea Guinea tambi\u00e9n existe: El cine y la literatura se adentran en el recuerdo de las colonias africanas Las palmeras: los motivos por los que el cine espa\u00f1ol sigue sin entender \u00c1frica La Revista de Tropas Coloniales, un referente del&#8230;<\/p>\n","protected":false},"author":14,"featured_media":0,"parent":0,"menu_order":0,"comment_status":"closed","ping_status":"closed","template":"","meta":{"footnotes":""},"class_list":["post-54","page","type-page","status-publish","hentry"],"_links":{"self":[{"href":"https:\/\/www.ull.es\/eventos\/africanismos\/wp-json\/wp\/v2\/pages\/54"}],"collection":[{"href":"https:\/\/www.ull.es\/eventos\/africanismos\/wp-json\/wp\/v2\/pages"}],"about":[{"href":"https:\/\/www.ull.es\/eventos\/africanismos\/wp-json\/wp\/v2\/types\/page"}],"author":[{"embeddable":true,"href":"https:\/\/www.ull.es\/eventos\/africanismos\/wp-json\/wp\/v2\/users\/14"}],"replies":[{"embeddable":true,"href":"https:\/\/www.ull.es\/eventos\/africanismos\/wp-json\/wp\/v2\/comments?post=54"}],"version-history":[{"count":4,"href":"https:\/\/www.ull.es\/eventos\/africanismos\/wp-json\/wp\/v2\/pages\/54\/revisions"}],"predecessor-version":[{"id":212,"href":"https:\/\/www.ull.es\/eventos\/africanismos\/wp-json\/wp\/v2\/pages\/54\/revisions\/212"}],"wp:attachment":[{"href":"https:\/\/www.ull.es\/eventos\/africanismos\/wp-json\/wp\/v2\/media?parent=54"}],"curies":[{"name":"wp","href":"https:\/\/api.w.org\/{rel}","templated":true}]}}