{"id":60,"date":"2019-10-01T11:50:57","date_gmt":"2019-10-01T09:50:57","guid":{"rendered":"http:\/\/www.ull.es\/eventos\/africanismos\/?page_id=60"},"modified":"2019-10-08T10:11:39","modified_gmt":"2019-10-08T08:11:39","slug":"60-2","status":"publish","type":"page","link":"https:\/\/www.ull.es\/eventos\/africanismos\/60-2\/","title":{"rendered":"Cr\u00e9ditos"},"content":{"rendered":"<p>[vc_row][vc_column width=\u00bb1\/6&#8243;][\/vc_column][vc_column width=\u00bb2\/3&#8243;][vc_column_text]<\/p>\n<h2>Cr\u00e9ditos<\/h2>\n<h3>Comisario:<\/h3>\n<p>Pablo Est\u00e9vez Hern\u00e1ndez<\/p>\n<h4><\/h4>\n<h3>Equipo de la Biblioteca:<\/h3>\n<p>Paqui Rivero Cabeza<\/p>\n<p>Sonia Garc\u00eda Y\u00e1nez<\/p>\n<p>Carmen G\u00f3mez-Pablos Calvo<\/p>\n<p>Paz Fern\u00e1ndez Palomeque<\/p>\n<p>Carmen Lahuerta Hern\u00e1ndez<\/p>\n<p>Raquel Navarro Medina<\/p>\n<p>F\u00e1tima Sainz Sainz<\/p>\n<h4><\/h4>\n<h3>Dise\u00f1o gr\u00e1fico:<\/h3>\n<p>Ismael Garc\u00eda P\u00e9rez<\/p>\n<h4><\/h4>\n<h3>Colaboraci\u00f3n:<\/h3>\n<p>Departamento de Geograf\u00eda e Historia, \u00c1rea de Historia Contempor\u00e1nea de la ULL<\/p>\n<p>Centro de Estudios Africanos de la ULL<\/p>\n<p>Carmen Marina Barreto Vargas<\/p>\n<p>Domingo Gar\u00ed-Montllor Hayek<\/p>\n<p>Nicol\u00e1s Mba Bee Nchama<\/p>\n<p>Yasmina Romero Morales<\/p>\n<p>&nbsp;<\/p>\n<h3>Colaboraci\u00f3n en el pr\u00e9stamo de obras, objetos, im\u00e1genes:<\/h3>\n<p>In\u00e9s Diego P\u00e9rez<\/p>\n<p>Jos\u00e9 Manuel Erbez Rodr\u00edguez<\/p>\n<p>Jorge Onrubia Pintado<\/p>\n<p>M\u00aa Luisa Morales Ayala<\/p>\n<p>\u00c1lvaro Torrealba \u00c1lvarez<\/p>\n<div class=\"gmail_default\">Francisco D\u00e9niz Ram\u00edrez<\/div>\n<p>[\/vc_column_text][\/vc_column][vc_column width=\u00bb1\/6&#8243;][\/vc_column][\/vc_row]<\/p>\n","protected":false},"excerpt":{"rendered":"<p>[vc_row][vc_column width=\u00bb1\/6&#8243;][\/vc_column][vc_column width=\u00bb2\/3&#8243;][vc_column_text] Cr\u00e9ditos Comisario: Pablo Est\u00e9vez Hern\u00e1ndez Equipo de la Biblioteca: Paqui Rivero Cabeza Sonia Garc\u00eda Y\u00e1nez Carmen G\u00f3mez-Pablos Calvo Paz Fern\u00e1ndez Palomeque Carmen Lahuerta Hern\u00e1ndez Raquel Navarro Medina F\u00e1tima Sainz Sainz Dise\u00f1o gr\u00e1fico: Ismael Garc\u00eda P\u00e9rez Colaboraci\u00f3n: Departamento de Geograf\u00eda e Historia, \u00c1rea de Historia Contempor\u00e1nea de la ULL Centro de Estudios Africanos&#8230;<\/p>\n","protected":false},"author":14,"featured_media":0,"parent":0,"menu_order":0,"comment_status":"closed","ping_status":"closed","template":"","meta":{"footnotes":""},"class_list":["post-60","page","type-page","status-publish","hentry"],"_links":{"self":[{"href":"https:\/\/www.ull.es\/eventos\/africanismos\/wp-json\/wp\/v2\/pages\/60"}],"collection":[{"href":"https:\/\/www.ull.es\/eventos\/africanismos\/wp-json\/wp\/v2\/pages"}],"about":[{"href":"https:\/\/www.ull.es\/eventos\/africanismos\/wp-json\/wp\/v2\/types\/page"}],"author":[{"embeddable":true,"href":"https:\/\/www.ull.es\/eventos\/africanismos\/wp-json\/wp\/v2\/users\/14"}],"replies":[{"embeddable":true,"href":"https:\/\/www.ull.es\/eventos\/africanismos\/wp-json\/wp\/v2\/comments?post=60"}],"version-history":[{"count":7,"href":"https:\/\/www.ull.es\/eventos\/africanismos\/wp-json\/wp\/v2\/pages\/60\/revisions"}],"predecessor-version":[{"id":213,"href":"https:\/\/www.ull.es\/eventos\/africanismos\/wp-json\/wp\/v2\/pages\/60\/revisions\/213"}],"wp:attachment":[{"href":"https:\/\/www.ull.es\/eventos\/africanismos\/wp-json\/wp\/v2\/media?parent=60"}],"curies":[{"name":"wp","href":"https:\/\/api.w.org\/{rel}","templated":true}]}}