{"id":1062,"date":"2025-02-12T11:13:25","date_gmt":"2025-02-12T11:13:25","guid":{"rendered":"https:\/\/www.ull.es\/eventos\/agua-y-vida\/?page_id=1062"},"modified":"2025-02-25T10:33:19","modified_gmt":"2025-02-25T10:33:19","slug":"el-agua-como-don-de-la-naturaleza","status":"publish","type":"page","link":"https:\/\/www.ull.es\/eventos\/agua-y-vida\/el-agua-como-don-de-la-naturaleza\/","title":{"rendered":"El agua como don de la naturaleza"},"content":{"rendered":"<p>[vc_row gap=\u00bb35&#8243; equal_height=\u00bbyes\u00bb content_placement=\u00bbbottom\u00bb css=\u00bb.vc_custom_1727692271162{background-position: center !important;background-repeat: no-repeat !important;background-size: cover !important;}\u00bb][vc_column width=\u00bb1\/3&#8243;][vc_single_image image=\u00bb995&#8243; img_size=\u00bbmedium\u00bb][\/vc_column][vc_column width=\u00bb2\/3&#8243;][\/vc_column][\/vc_row][vc_row gap=\u00bb35&#8243; equal_height=\u00bbyes\u00bb content_placement=\u00bbbottom\u00bb css=\u00bb.vc_custom_1739360651718{background-image: url(http:\/\/www.ull.es\/eventos\/agua-y-vida\/wp-content\/uploads\/sites\/63\/2025\/02\/Cargadores-de-agua-Fuente-FEDAC.jpg?id=1086) !important;background-position: center !important;background-repeat: no-repeat !important;background-size: contain !important;}\u00bb][vc_column width=\u00bb1\/3&#8243; el_class=\u00bbslider_portada\u00bb][vc_empty_space height=\u00bb600&#8243;][\/vc_column][vc_column width=\u00bb2\/3&#8243;][\/vc_column][\/vc_row][vc_row gap=\u00bb35&#8243; content_placement=\u00bbtop\u00bb css=\u00bb.vc_custom_1727692820016{padding-right: 90px !important;padding-left: 90px !important;background-color: #ffffff !important;}\u00bb][vc_column width=\u00bb1\/3&#8243;][vc_separator color=\u00bbcustom\u00bb accent_color=\u00bb#8e8e8e\u00bb][vc_empty_space][vc_custom_heading source=\u00bbpost_title\u00bb font_container=\u00bbtag:h1|font_size:1.8em|text_align:left|color:%23f15046|line_height:100%25&#8243; google_fonts=\u00bbfont_family:Roboto%3A100%2C100italic%2C300%2C300italic%2Cregular%2Citalic%2C500%2C500italic%2C700%2C700italic%2C900%2C900italic|font_style:300%20light%20regular%3A300%3Anormal\u00bb][vc_separator color=\u00bbcustom\u00bb accent_color=\u00bb#8e8e8e\u00bb][vc_empty_space][\/vc_column][vc_column width=\u00bb2\/3&#8243;][vc_separator color=\u00bbcustom\u00bb accent_color=\u00bb#8e8e8e\u00bb][vc_empty_space][vc_custom_heading text=\u00bbLas densas nubes, anuncios de la lluvia, se presentan en nuestro cielo y desaparecen sin derramar el deseado riego sobre los sembrados, marchitos \u00f3 completamente secos; por que no ha habido para ellos otro roc\u00edo que el in\u00fatil sudor de los pobres labradores y las l\u00e1grimas de innumerables familias `{`\u2026`}`.<br \/>\nCon semejante escasez de lluvias los manantiales han cerrados sus senos, y muchas fuentes han vertido ya sus postreras l\u00e1grimas.\u00bb font_container=\u00bbtag:div|text_align:left\u00bb google_fonts=\u00bbfont_family:Playfair%20Display%3Aregular%2Citalic%2C700%2C700italic%2C900%2C900italic|font_style:400%20regular%3A400%3Anormal\u00bb el_class=\u00bbcita\u00bb][vc_empty_space height=\u00bb16&#8243;][vc_column_text]<\/p>\n<p style=\"text-align: right\">(<em>La Libertad<\/em>, 20 de marzo de 1869)<\/p>\n<p>[\/vc_column_text][vc_empty_space][vc_separator color=\u00bbcustom\u00bb accent_color=\u00bb#8e8e8e\u00bb][vc_column_text]Antes de la perforaci\u00f3n de galer\u00edas y pozos, el agua en Tenerife la proporcionaban la lluvia, las fuentes y los manantiales (nacientes). Todos ellos abundaban m\u00e1s en el norte de la isla. Sin embargo, las precipitaciones, eran, como lo son hoy tambi\u00e9n, irregulares y su ausencia durante largos periodos supon\u00eda serias dificultades para regar las cosechas y satisfacer las necesidades de consumo humano y de los animales dom\u00e9sticos.[\/vc_column_text][vc_empty_space][vc_media_grid grid_id=\u00bbvc_gid:1740479545885-b442d73c-a16a-7&#8243; include=\u00bb1085,1087,1088&#8243;][vc_empty_space][vc_column_text]Los ciclos de lluvia y la ubicaci\u00f3n de fuentes y riachuelos condicionaban los cultivos, los desplazamientos de pastores y los asentamientos de las comunidades abor\u00edgenes (guanches). Por tal raz\u00f3n, era habitual que los habitantes prehisp\u00e1nicos realizaran rituales para propiciar la lluvia cuando hac\u00eda falta.<\/p>\n<p>Para su asentamiento y el desarrollo de las actividades econ\u00f3micas, tambi\u00e9n los conquistadores y colonos de la isla dependieron de los recursos h\u00eddricos. Los principales n\u00facleos de poblaci\u00f3n y las \u00e1reas en las que se estableci\u00f3 el regad\u00edo para el primer cultivo del archipi\u00e9lago canario orientado a la exportaci\u00f3n, la ca\u00f1a de az\u00facar, se localizaban donde hab\u00eda manantiales caudalosos. Estos fueron los lugares m\u00e1s atractivos desde un punto de vista econ\u00f3mico, en los que se hicieron los repartimientos de tierras y aguas m\u00e1s valiosos, dando lugar a importantes haciendas y a familias con mucho poder.<\/p>\n<p>En las zonas donde escaseaba el agua, la agricultura era de secano, m\u00e1s pobre y arriesgada, y las condiciones generales de vida peores. Atender las necesidades de consumo b\u00e1sico y realizar las tareas dom\u00e9sticas dependientes del agua (lavar la ropa, cocinar, etc.) supon\u00eda un gran esfuerzo e incomodidad, ya que sol\u00eda requerir acudir a fuentes, con frecuencia distantes de las viviendas. Generalmente, esta tarea reca\u00eda en las mujeres y los menores.<\/p>\n<p>En las \u00faltimas d\u00e9cadas del XIX se realizaron mejoras en las canalizaciones de agua y en los aprovechamientos, tanto para regad\u00edo como para el abastecimiento en los hogares, y se instalaron fuentes p\u00fablicas y abrevaderos para acercar el agua a los n\u00facleos de poblaci\u00f3n. Fue en esta \u00e9poca tambi\u00e9n cuando se comenzaron a perforar galer\u00edas cerca de manantiales. As\u00ed surgieron las llamadas galer\u00edas-naciente, que, aunque eran cortas (entre 200 y 300 metros) y de bajo caudal, contribuyeron a incrementar el volumen de agua disponible en determinadas partes de la isla.<\/p>\n<p>Con todo, el agua era un bien escaso en la mayor parte de Tenerife: se continuaba dependiendo de la naturaleza y del cielo para obtenerla y, aunque de manera diferente a la etapa prehisp\u00e1nica, todav\u00eda eran comunes las pr\u00e1cticas religiosas para invocarla. Sin embargo, m\u00e1s all\u00e1 de la fe, la clave estaba en obtener agua de las entra\u00f1as de la tierra, y para ello la ciencia y la tecnolog\u00eda resultaban m\u00e1s eficaces.[\/vc_column_text][vc_empty_space][vc_separator color=\u00bbcustom\u00bb accent_color=\u00bb#8e8e8e\u00bb][vc_column_text el_class=\u00bbsmall\u00bb]<\/p>\n<p style=\"text-align: right\">Imagen superior: Cargadores de agua. Tenerife. Fuente: FEDAC.<\/p>\n<p>[\/vc_column_text][\/vc_column][\/vc_row][vc_row gap=\u00bb30&#8243; css=\u00bb.vc_custom_1727697933407{padding-right: 90px !important;padding-left: 90px !important;background-color: #ffffff !important;}\u00bb][vc_column width=\u00bb1\/3&#8243;][vc_separator color=\u00bbcustom\u00bb accent_color=\u00bb#8e8e8e\u00bb][\/vc_column][vc_column width=\u00bb2\/3&#8243;][vc_separator color=\u00bbcustom\u00bb accent_color=\u00bb#8e8e8e\u00bb][vc_custom_heading text=\u00bbReferencias y fuentes\u00bb font_container=\u00bbtag:h6|font_size:1.2em|text_align:left|line_height:100%25&#8243; google_fonts=\u00bbfont_family:Roboto%3A100%2C100italic%2C300%2C300italic%2Cregular%2Citalic%2C500%2C500italic%2C700%2C700italic%2C900%2C900italic|font_style:300%20light%20regular%3A300%3Anormal\u00bb][vc_empty_space][vc_column_text el_class=\u00bbfuentes\u00bb]APHI. 1989. <i>Plan Hidrol\u00f3gico Insular de Tenerife. Avance: Bases para el planeamiento hidrogeol\u00f3gico<\/i>. Santa Cruz de Tenerife: Cabildo Insular de Tenerife.<\/p>\n<p>Braojos Ruiz, Juan Jos\u00e9. 2023. <i>Alumbramientos, agotamientos y fracasos. En los 175 a\u00f1os de historia de las galer\u00edas de Tenerife<\/i>. Santa Cruz de Tenerife: Consejo Insular de Aguas de Tenerife, C\u00e1mara Insular de Aguas de Tenerife, Colegio de Ingenieros de Obras P\u00fablicas de Santa Cruz de Tenerife.<\/p>\n<p>Cuscoy, Luis Diego. 1979. <i>El conjunto ceremonial de Guargacho (arqueolog\u00eda y religi\u00f3n)<\/i>. Santa Cruz de Tenerife: Museo Arqueol\u00f3gico de Tenerife.<\/p>\n<p>Espinosa, Fray Alonso de. 1980. <i>Historia de Nuestra Se\u00f1ora de Candelaria<\/i>. Santa Cruz de Tenerife: Goya Ediciones.<\/p>\n<p>Hern\u00e1ndez P\u00e9rez, Mauro S. 2016. \u201cGaro\u00e9. Uso y gesti\u00f3n del agua en las Canarias Prehisp\u00e1nicas\u201d. En Olcina Cantos, J. y A. M. Rico Amor\u00f3s (coords.), <i>Libro jubilar en homenaje al profesor Antonio Gil Olcina<\/i>. Alicante: Universidad de Alicante, pp. 765-781.<\/p>\n<p>Hoyos-Lim\u00f3n Gil, Adolfo. 2022. <i>Apuntes sobre agua y sociedad en Tenerife<\/i>. Santa Cruz de Tenerife: Consejo Insular de Aguas de Tenerife, Colegio de Ingenieros de Caminos, Canales y Puertos, C\u00e1mara Insular de Aguas de Tenerife.<\/p>\n<p>Olive, Pedro de. 1865. <i>Diccionario estad\u00edstico-administrativo de las Islas Canarias<\/i>. Barcelona: Jaime Jep\u00fas.[\/vc_column_text][\/vc_column][\/vc_row][vc_row gap=\u00bb30&#8243; css=\u00bb.vc_custom_1727697933407{padding-right: 90px !important;padding-left: 90px !important;background-color: #ffffff !important;}\u00bb][vc_column width=\u00bb1\/3&#8243;][vc_separator color=\u00bbcustom\u00bb accent_color=\u00bb#8e8e8e\u00bb][\/vc_column][vc_column width=\u00bb2\/3&#8243;][vc_separator color=\u00bbcustom\u00bb accent_color=\u00bb#8e8e8e\u00bb][\/vc_column][\/vc_row][vc_row gap=\u00bb30&#8243; css=\u00bb.vc_custom_1727697933407{padding-right: 90px !important;padding-left: 90px !important;background-color: #ffffff !important;}\u00bb][vc_column width=\u00bb1\/3&#8243;][\/vc_column][vc_column width=\u00bb2\/3&#8243;][vc_row_inner][vc_column_inner width=\u00bb1\/3&#8243;][vc_single_image image=\u00bb1050&#8243; alignment=\u00bbcenter\u00bb onclick=\u00bbcustom_link\u00bb img_link_target=\u00bb_blank\u00bb link=\u00bbhttps:\/\/www.ull.es\/\u00bb][\/vc_column_inner][vc_column_inner width=\u00bb1\/3&#8243;][vc_single_image image=\u00bb1049&#8243; alignment=\u00bbcenter\u00bb onclick=\u00bbcustom_link\u00bb img_link_target=\u00bb_blank\u00bb link=\u00bbhttps:\/\/www.aguastenerife.org\/\u00bb][\/vc_column_inner][vc_column_inner width=\u00bb1\/3&#8243;][vc_single_image image=\u00bb1055&#8243; alignment=\u00bbcenter\u00bb onclick=\u00bbcustom_link\u00bb img_link_target=\u00bb_blank\u00bb link=\u00bbhttps:\/\/www.camaradeaguas.com\/\u00bb][\/vc_column_inner][\/vc_row_inner][vc_separator color=\u00bbcustom\u00bb accent_color=\u00bb#8e8e8e\u00bb][\/vc_column][\/vc_row]<\/p>\n","protected":false},"excerpt":{"rendered":"<p>[vc_row gap=\u00bb35&#8243; equal_height=\u00bbyes\u00bb content_placement=\u00bbbottom\u00bb css=\u00bb.vc_custom_1727692271162{background-position: center !important;background-repeat: no-repeat !important;background-size: cover !important;}\u00bb][vc_column width=\u00bb1\/3&#8243;][vc_single_image image=\u00bb995&#8243; img_size=\u00bbmedium\u00bb][\/vc_column][vc_column width=\u00bb2\/3&#8243;][\/vc_column][\/vc_row][vc_row gap=\u00bb35&#8243; equal_height=\u00bbyes\u00bb content_placement=\u00bbbottom\u00bb css=\u00bb.vc_custom_1739360651718{background-image: url(http:\/\/www.ull.es\/eventos\/agua-y-vida\/wp-content\/uploads\/sites\/63\/2025\/02\/Cargadores-de-agua-Fuente-FEDAC.jpg?id=1086) !important;background-position: center !important;background-repeat: no-repeat !important;background-size: contain !important;}\u00bb][vc_column width=\u00bb1\/3&#8243; el_class=\u00bbslider_portada\u00bb][vc_empty_space height=\u00bb600&#8243;][\/vc_column][vc_column width=\u00bb2\/3&#8243;][\/vc_column][\/vc_row][vc_row gap=\u00bb35&#8243; content_placement=\u00bbtop\u00bb css=\u00bb.vc_custom_1727692820016{padding-right: 90px !important;padding-left: 90px !important;background-color: #ffffff !important;}\u00bb][vc_column width=\u00bb1\/3&#8243;][vc_separator color=\u00bbcustom\u00bb accent_color=\u00bb#8e8e8e\u00bb][vc_empty_space][vc_custom_heading source=\u00bbpost_title\u00bb font_container=\u00bbtag:h1|font_size:1.8em|text_align:left|color:%23f15046|line_height:100%25&#8243; google_fonts=\u00bbfont_family:Roboto%3A100%2C100italic%2C300%2C300italic%2Cregular%2Citalic%2C500%2C500italic%2C700%2C700italic%2C900%2C900italic|font_style:300%20light%20regular%3A300%3Anormal\u00bb][vc_separator color=\u00bbcustom\u00bb accent_color=\u00bb#8e8e8e\u00bb][vc_empty_space][\/vc_column][vc_column width=\u00bb2\/3&#8243;][vc_separator color=\u00bbcustom\u00bb accent_color=\u00bb#8e8e8e\u00bb][vc_empty_space][vc_custom_heading text=\u00bbLas densas nubes, anuncios&#8230;<\/p>\n","protected":false},"author":14,"featured_media":0,"parent":0,"menu_order":0,"comment_status":"closed","ping_status":"closed","template":"templates\/template-no-title.php","meta":{"footnotes":""},"class_list":["post-1062","page","type-page","status-publish","hentry"],"_links":{"self":[{"href":"https:\/\/www.ull.es\/eventos\/agua-y-vida\/wp-json\/wp\/v2\/pages\/1062"}],"collection":[{"href":"https:\/\/www.ull.es\/eventos\/agua-y-vida\/wp-json\/wp\/v2\/pages"}],"about":[{"href":"https:\/\/www.ull.es\/eventos\/agua-y-vida\/wp-json\/wp\/v2\/types\/page"}],"author":[{"embeddable":true,"href":"https:\/\/www.ull.es\/eventos\/agua-y-vida\/wp-json\/wp\/v2\/users\/14"}],"replies":[{"embeddable":true,"href":"https:\/\/www.ull.es\/eventos\/agua-y-vida\/wp-json\/wp\/v2\/comments?post=1062"}],"version-history":[{"count":16,"href":"https:\/\/www.ull.es\/eventos\/agua-y-vida\/wp-json\/wp\/v2\/pages\/1062\/revisions"}],"predecessor-version":[{"id":1247,"href":"https:\/\/www.ull.es\/eventos\/agua-y-vida\/wp-json\/wp\/v2\/pages\/1062\/revisions\/1247"}],"wp:attachment":[{"href":"https:\/\/www.ull.es\/eventos\/agua-y-vida\/wp-json\/wp\/v2\/media?parent=1062"}],"curies":[{"name":"wp","href":"https:\/\/api.w.org\/{rel}","templated":true}]}}