{"id":1066,"date":"2025-02-12T11:14:26","date_gmt":"2025-02-12T11:14:26","guid":{"rendered":"https:\/\/www.ull.es\/eventos\/agua-y-vida\/?page_id=1066"},"modified":"2025-02-25T13:23:31","modified_gmt":"2025-02-25T13:23:31","slug":"las-aguas-subterraneas-se-complican","status":"publish","type":"page","link":"https:\/\/www.ull.es\/eventos\/agua-y-vida\/las-aguas-subterraneas-se-complican\/","title":{"rendered":"Las aguas subterr\u00e1neas se complican"},"content":{"rendered":"<p>[vc_row gap=\u00bb35&#8243; equal_height=\u00bbyes\u00bb content_placement=\u00bbbottom\u00bb css=\u00bb.vc_custom_1727692271162{background-position: center !important;background-repeat: no-repeat !important;background-size: cover !important;}\u00bb][vc_column width=\u00bb1\/3&#8243;][vc_single_image image=\u00bb995&#8243; img_size=\u00bbmedium\u00bb][\/vc_column][vc_column width=\u00bb2\/3&#8243;][\/vc_column][\/vc_row][vc_row gap=\u00bb35&#8243; equal_height=\u00bbyes\u00bb content_placement=\u00bbbottom\u00bb css=\u00bb.vc_custom_1739442119481{background-image: url(http:\/\/www.ull.es\/eventos\/agua-y-vida\/wp-content\/uploads\/sites\/63\/2025\/02\/Galeria-Chupadero-Jean-Marc-Deschamps.jpg?id=1136) !important;background-position: center !important;background-repeat: no-repeat !important;background-size: contain !important;}\u00bb][vc_column width=\u00bb1\/3&#8243; el_class=\u00bbslider_portada\u00bb][vc_empty_space height=\u00bb600&#8243;][\/vc_column][vc_column width=\u00bb2\/3&#8243;][\/vc_column][\/vc_row][vc_row gap=\u00bb35&#8243; content_placement=\u00bbtop\u00bb css=\u00bb.vc_custom_1727692820016{padding-right: 90px !important;padding-left: 90px !important;background-color: #ffffff !important;}\u00bb][vc_column width=\u00bb1\/3&#8243;][vc_separator color=\u00bbcustom\u00bb accent_color=\u00bb#8e8e8e\u00bb][vc_empty_space][vc_custom_heading source=\u00bbpost_title\u00bb font_container=\u00bbtag:h1|font_size:1.8em|text_align:left|color:%23f15046|line_height:100%25&#8243; google_fonts=\u00bbfont_family:Roboto%3A100%2C100italic%2C300%2C300italic%2Cregular%2Citalic%2C500%2C500italic%2C700%2C700italic%2C900%2C900italic|font_style:300%20light%20regular%3A300%3Anormal\u00bb][vc_separator color=\u00bbcustom\u00bb accent_color=\u00bb#8e8e8e\u00bb][vc_empty_space][\/vc_column][vc_column width=\u00bb2\/3&#8243;][vc_separator color=\u00bbcustom\u00bb accent_color=\u00bb#8e8e8e\u00bb][vc_empty_space][vc_custom_heading text=\u00bbNuestra \u2018caba\u00f1a\u2019 hidr\u00e1ulica est\u00e1 francamente desordenada pues se atiende m\u00e1s al beneficio individual que al colectivo \u2013 no hay cooperaci\u00f3n \u2013 sabemos que si diez propietarios necesitan llevar agua de un punto a otro, construyen diez canales o diez tuber\u00edas, aunque todos crucen el mismo camino. La conducta en las explotaciones subterr\u00e1neas adolece del mismo grave defecto, todos quieren ir al mismo punto, no importa como, el caso es obtener agua para s\u00ed, aunque el vecino la pierda. Esto es una econom\u00eda ruinosa `{`\u2026`}`. `{`Los canarios han`}` realizado una obra que admira a propios y a extra\u00f1os, pero desordenadamente, y los extra\u00f1os se dan cuenta que con la mitad del trabajo se pudo hacer una obra mejor que la realizada. El defecto es solo de no-cooperaci\u00f3n (Bravo, 1968: 25-26).\u00bb font_container=\u00bbtag:div|text_align:left\u00bb google_fonts=\u00bbfont_family:Playfair%20Display%3Aregular%2Citalic%2C700%2C700italic%2C900%2C900italic|font_style:400%20regular%3A400%3Anormal\u00bb el_class=\u00bbcita\u00bb][vc_empty_space][vc_column_text]<\/p>\n<p style=\"text-align: right\">Bravo, Telesforo. 1968. <em>El problema de las aguas subterr\u00e1neas en el archipi\u00e9lago canario<\/em>. Santa Cruz de Tenerife: Cabildo Insular de Tenerife\/Aula de Cultura.<\/p>\n<p>[\/vc_column_text][vc_empty_space][vc_separator color=\u00bbcustom\u00bb accent_color=\u00bb#8e8e8e\u00bb][vc_column_text]A partir de los a\u00f1os setenta, la situaci\u00f3n del sector h\u00eddrico tinerfe\u00f1o se complic\u00f3 de manera considerable, tanto por su propia din\u00e1mica interna como por la entrada en escena del turismo. Los problemas que se ven\u00edan manifestando desde hac\u00eda a\u00f1os y que hab\u00edan sido advertidos por diferentes expertos, empeoraron. En un contexto socioecon\u00f3mico marcado por un aumento muy significativo del n\u00famero de residentes y visitantes y un mayor consumo de agua, la explotaci\u00f3n del sistema acu\u00edfero mostr\u00f3 con claridad sus l\u00edmites. A ello hay que sumar enormes p\u00e9rdidas en las conducciones de agua, sobre todo, municipales.[\/vc_column_text][vc_empty_space][vc_media_grid grid_id=\u00bbvc_gid:1740489715511-afd5f2e7-24c2-8&#8243; include=\u00bb1137,1134,1133&#8243;][vc_empty_space][vc_column_text]En esta \u00e9poca se puso de manifiesto que se perfor\u00f3 m\u00e1s de la cuenta. Si hubiese habido una mejor planificaci\u00f3n y coordinaci\u00f3n entre los diferentes actores clave (usuarios, pol\u00edticos, t\u00e9cnicos, etc.), una mayor regulaci\u00f3n por parte de la Administraci\u00f3n p\u00fablica, y m\u00e1s cooperaci\u00f3n entre los impulsores y propietarios de las explotaciones h\u00eddricas, es probable que la inversi\u00f3n total necesaria para obtener la misma cantidad de agua hubiera sido inferior. Asimismo, se produjo cierto desequilibrio en el funcionamiento de algunas partes del sistema acu\u00edfero, pues a las salidas naturales se vinieron sumando, de manera creciente, las artificiales. En consecuencia, la superficie fre\u00e1tica empez\u00f3 a bajar en lugares como la dorsal NE, algunas galer\u00edas se secaron o vieron reducido su caudal y las nuevas tuvieron que hacerse m\u00e1s profundas. Por \u00faltimo, desaparecieron numerosos nacientes.<\/p>\n<p>Si bien la constituci\u00f3n en 1988 de BALNORTE (Organismo Aut\u00f3nomo Local Balsas del Norte de Tenerife) y en 1992 de BALTEN (Organismo Aut\u00f3nomo Local Balsas de Tenerife), y la construcci\u00f3n de una amplia red de balsas y conducciones contribuy\u00f3, entre otras cuestiones, a reducir las p\u00e9rdidas de agua sobrante que manaba de las galer\u00edas, la ca\u00edda de los recursos h\u00eddricos \u201cnaturales\u201d segu\u00eda siendo continua.<\/p>\n<p>Cabe se\u00f1alar que, hasta comienzos de los a\u00f1os setenta, la mayor parte del consumo de agua correspond\u00eda a la agricultura y la competencia por dicho recurso era, principalmente, interna (entre zonas agr\u00edcolas de median\u00edas y marginales, y las costeras; entre cultivos orientados a la exportaci\u00f3n y los dedicados al consumo interior). No obstante, el desarrollo tur\u00edstico transform\u00f3 esa situaci\u00f3n, generando una fuerte competencia por el agua que acab\u00f3 llev\u00e1ndose una parte de ella a las zonas tur\u00edsticas y las \u00e1reas m\u00e1s habitadas.<\/p>\n<p>Aunque el agua no es el \u00fanico factor que ha influido en el proceso de reducci\u00f3n de la superficie cultivada que ha experimentado Tenerife en las \u00faltimas d\u00e9cadas y, en general, en el abandono del campo, s\u00ed es uno de los m\u00e1s relevantes, m\u00e1s por escasez econ\u00f3mica que f\u00edsica. En un contexto de mercado y propiedad privada, los propietarios orientaron el recurso a aquellos fines que les resultaban m\u00e1s beneficiosos desde un punto de vista econ\u00f3mico. En este contexto, la agricultura fue incapaz, en muchos casos, de competir con sectores tan lucrativos como el turismo, que pueden pagar m\u00e1s por el agua.<\/p>\n<p>Fue a comienzos de los noventa cuando se empez\u00f3 a considerar la posibilidad de diversificar las fuentes de recursos h\u00eddricos (depuraci\u00f3n, desalaci\u00f3n de agua de mar, etc.) para hacer frente a los desaf\u00edos h\u00eddricos de la isla.[\/vc_column_text][vc_empty_space][vc_column_text]<\/p>\n<p style=\"text-align: right\">Imagen superior:<br \/>\nGaler\u00eda El Chupadero.<br \/>\nAutor: Jean-Marc Deschamps.<\/p>\n<p>[\/vc_column_text][\/vc_column][\/vc_row][vc_row gap=\u00bb30&#8243; css=\u00bb.vc_custom_1727697933407{padding-right: 90px !important;padding-left: 90px !important;background-color: #ffffff !important;}\u00bb][vc_column width=\u00bb1\/3&#8243;][vc_separator color=\u00bbcustom\u00bb accent_color=\u00bb#8e8e8e\u00bb][\/vc_column][vc_column width=\u00bb2\/3&#8243;][vc_separator color=\u00bbcustom\u00bb accent_color=\u00bb#8e8e8e\u00bb][vc_custom_heading text=\u00bbReferencias y fuentes\u00bb font_container=\u00bbtag:h6|font_size:1.2em|text_align:left|line_height:100%25&#8243; google_fonts=\u00bbfont_family:Roboto%3A100%2C100italic%2C300%2C300italic%2Cregular%2Citalic%2C500%2C500italic%2C700%2C700italic%2C900%2C900italic|font_style:300%20light%20regular%3A300%3Anormal\u00bb][vc_empty_space][vc_column_text el_class=\u00bbfuentes\u00bb]Aguiar Gonz\u00e1lez, Escol\u00e1stico, Federico Mart\u00ed Cedr\u00e9s, Mar\u00eda Dolores Cabrera Romero, Sergio Garc\u00eda-Pertierra y Tatiana Vara Mora. BALTEN, 20 a\u00f1os. Santa Cruz de Tenerife: OAL BALTEN.<\/p>\n<p>APHI. 1989. Plan Hidrol\u00f3gico Insular de Tenerife. Avance: Bases para el planeamiento hidrogeol\u00f3gico. Santa Cruz de Tenerife: Cabildo Insular de Tenerife.<\/p>\n<p>Bravo, Telesforo. 1968. El problema de las aguas subterr\u00e1neas en el archipi\u00e9lago canario. Santa Cruz de Tenerife: Cabildo Insular de Tenerife\/Aula de Cultura.<\/p>\n<p>Brier Bravo de Laguna, Conrado. 1981. \u201cEl sector del agua en Canarias: propuestas para una actuaci\u00f3n administrativa en la materia\u201d. En VV.AA., El agua en Canarias. Factor pol\u00e9mico. Cuadernos de Econom\u00eda Canaria, 3. Ministerio de Industria y Energ\u00eda (delegaci\u00f3n de Santa Cruz de Tenerife), pp. 101-147.<\/p>\n<p>Hoyos-Lim\u00f3n Gil, Adolfo. 2022. Apuntes sobre agua y sociedad en Tenerife. Santa Cruz de Tenerife: Consejo Insular de Aguas de Tenerife, Colegio de Ingenieros de Caminos, Canales y Puertos, C\u00e1mara Insular de Aguas de Tenerife.<\/p>\n<p>MOP-UNESCO. 1975. Estudio cient\u00edfico de los recursos de agua en las Islas Canarias (SPA 69\/515). Vol. III (provincia de Santa Cruz de Tenerife). Madrid: Ministerio de Obras P\u00fablicas. Direcci\u00f3n General de Obras Hidr\u00e1ulicas. Programa de las Naciones Unidas para el Desarrollo (UNESCO).<\/p>\n<p>PHI. 1996. Plan Hidrol\u00f3gico Insular de Tenerife. Santa Cruz de Tenerife: Consejo Insular de Aguas de Tenerife.<\/p>\n<p>Rodr\u00edguez Brito, Wladimiro. 1996. Agua y agricultura en Canarias. La Laguna: Centro de la Cultura Popular Canaria y Consejer\u00eda de Agricultura, Pesca y Alimentaci\u00f3n\/Gobierno de Canarias.[\/vc_column_text][\/vc_column][\/vc_row][vc_row gap=\u00bb30&#8243; css=\u00bb.vc_custom_1727697933407{padding-right: 90px !important;padding-left: 90px !important;background-color: #ffffff !important;}\u00bb][vc_column width=\u00bb1\/3&#8243;][vc_separator color=\u00bbcustom\u00bb accent_color=\u00bb#8e8e8e\u00bb][\/vc_column][vc_column width=\u00bb2\/3&#8243;][vc_separator color=\u00bbcustom\u00bb accent_color=\u00bb#8e8e8e\u00bb][\/vc_column][\/vc_row][vc_row gap=\u00bb30&#8243; css=\u00bb.vc_custom_1727697933407{padding-right: 90px !important;padding-left: 90px !important;background-color: #ffffff !important;}\u00bb][vc_column width=\u00bb1\/3&#8243;][\/vc_column][vc_column width=\u00bb2\/3&#8243;][vc_row_inner][vc_column_inner width=\u00bb1\/3&#8243;][vc_single_image image=\u00bb1050&#8243; alignment=\u00bbcenter\u00bb onclick=\u00bbcustom_link\u00bb img_link_target=\u00bb_blank\u00bb link=\u00bbhttps:\/\/www.ull.es\/\u00bb][\/vc_column_inner][vc_column_inner width=\u00bb1\/3&#8243;][vc_single_image image=\u00bb1049&#8243; alignment=\u00bbcenter\u00bb onclick=\u00bbcustom_link\u00bb img_link_target=\u00bb_blank\u00bb link=\u00bbhttps:\/\/www.aguastenerife.org\/\u00bb][\/vc_column_inner][vc_column_inner width=\u00bb1\/3&#8243;][vc_single_image image=\u00bb1055&#8243; alignment=\u00bbcenter\u00bb onclick=\u00bbcustom_link\u00bb img_link_target=\u00bb_blank\u00bb link=\u00bbhttps:\/\/www.camaradeaguas.com\/\u00bb][\/vc_column_inner][\/vc_row_inner][vc_separator color=\u00bbcustom\u00bb accent_color=\u00bb#8e8e8e\u00bb][\/vc_column][\/vc_row]<\/p>\n","protected":false},"excerpt":{"rendered":"<p>[vc_row gap=\u00bb35&#8243; equal_height=\u00bbyes\u00bb content_placement=\u00bbbottom\u00bb css=\u00bb.vc_custom_1727692271162{background-position: center !important;background-repeat: no-repeat !important;background-size: cover !important;}\u00bb][vc_column width=\u00bb1\/3&#8243;][vc_single_image image=\u00bb995&#8243; img_size=\u00bbmedium\u00bb][\/vc_column][vc_column width=\u00bb2\/3&#8243;][\/vc_column][\/vc_row][vc_row gap=\u00bb35&#8243; equal_height=\u00bbyes\u00bb content_placement=\u00bbbottom\u00bb css=\u00bb.vc_custom_1739442119481{background-image: url(http:\/\/www.ull.es\/eventos\/agua-y-vida\/wp-content\/uploads\/sites\/63\/2025\/02\/Galeria-Chupadero-Jean-Marc-Deschamps.jpg?id=1136) !important;background-position: center !important;background-repeat: no-repeat !important;background-size: contain !important;}\u00bb][vc_column width=\u00bb1\/3&#8243; el_class=\u00bbslider_portada\u00bb][vc_empty_space height=\u00bb600&#8243;][\/vc_column][vc_column width=\u00bb2\/3&#8243;][\/vc_column][\/vc_row][vc_row gap=\u00bb35&#8243; content_placement=\u00bbtop\u00bb css=\u00bb.vc_custom_1727692820016{padding-right: 90px !important;padding-left: 90px !important;background-color: #ffffff !important;}\u00bb][vc_column width=\u00bb1\/3&#8243;][vc_separator color=\u00bbcustom\u00bb accent_color=\u00bb#8e8e8e\u00bb][vc_empty_space][vc_custom_heading source=\u00bbpost_title\u00bb font_container=\u00bbtag:h1|font_size:1.8em|text_align:left|color:%23f15046|line_height:100%25&#8243; google_fonts=\u00bbfont_family:Roboto%3A100%2C100italic%2C300%2C300italic%2Cregular%2Citalic%2C500%2C500italic%2C700%2C700italic%2C900%2C900italic|font_style:300%20light%20regular%3A300%3Anormal\u00bb][vc_separator color=\u00bbcustom\u00bb accent_color=\u00bb#8e8e8e\u00bb][vc_empty_space][\/vc_column][vc_column width=\u00bb2\/3&#8243;][vc_separator color=\u00bbcustom\u00bb accent_color=\u00bb#8e8e8e\u00bb][vc_empty_space][vc_custom_heading text=\u00bbNuestra \u2018caba\u00f1a\u2019 hidr\u00e1ulica est\u00e1&#8230;<\/p>\n","protected":false},"author":14,"featured_media":0,"parent":0,"menu_order":0,"comment_status":"closed","ping_status":"closed","template":"templates\/template-no-title.php","meta":{"footnotes":""},"class_list":["post-1066","page","type-page","status-publish","hentry"],"_links":{"self":[{"href":"https:\/\/www.ull.es\/eventos\/agua-y-vida\/wp-json\/wp\/v2\/pages\/1066"}],"collection":[{"href":"https:\/\/www.ull.es\/eventos\/agua-y-vida\/wp-json\/wp\/v2\/pages"}],"about":[{"href":"https:\/\/www.ull.es\/eventos\/agua-y-vida\/wp-json\/wp\/v2\/types\/page"}],"author":[{"embeddable":true,"href":"https:\/\/www.ull.es\/eventos\/agua-y-vida\/wp-json\/wp\/v2\/users\/14"}],"replies":[{"embeddable":true,"href":"https:\/\/www.ull.es\/eventos\/agua-y-vida\/wp-json\/wp\/v2\/comments?post=1066"}],"version-history":[{"count":10,"href":"https:\/\/www.ull.es\/eventos\/agua-y-vida\/wp-json\/wp\/v2\/pages\/1066\/revisions"}],"predecessor-version":[{"id":1254,"href":"https:\/\/www.ull.es\/eventos\/agua-y-vida\/wp-json\/wp\/v2\/pages\/1066\/revisions\/1254"}],"wp:attachment":[{"href":"https:\/\/www.ull.es\/eventos\/agua-y-vida\/wp-json\/wp\/v2\/media?parent=1066"}],"curies":[{"name":"wp","href":"https:\/\/api.w.org\/{rel}","templated":true}]}}