{"id":1070,"date":"2025-02-12T11:15:14","date_gmt":"2025-02-12T11:15:14","guid":{"rendered":"https:\/\/www.ull.es\/eventos\/agua-y-vida\/?page_id=1070"},"modified":"2025-02-13T11:17:05","modified_gmt":"2025-02-13T11:17:05","slug":"el-agua-un-asunto-de-y-desde-la-isla","status":"publish","type":"page","link":"https:\/\/www.ull.es\/eventos\/agua-y-vida\/el-agua-un-asunto-de-y-desde-la-isla\/","title":{"rendered":"El agua, un asunto de (y desde) la isla"},"content":{"rendered":"<p>[vc_row gap=\u00bb35&#8243; equal_height=\u00bbyes\u00bb content_placement=\u00bbbottom\u00bb css=\u00bb.vc_custom_1727692271162{background-position: center !important;background-repeat: no-repeat !important;background-size: cover !important;}\u00bb][vc_column width=\u00bb1\/3&#8243;][vc_single_image image=\u00bb995&#8243; img_size=\u00bbmedium\u00bb][\/vc_column][vc_column width=\u00bb2\/3&#8243;][\/vc_column][\/vc_row][vc_row gap=\u00bb35&#8243; equal_height=\u00bbyes\u00bb content_placement=\u00bbbottom\u00bb css=\u00bb.vc_custom_1739445080488{background-image: url(http:\/\/www.ull.es\/eventos\/agua-y-vida\/wp-content\/uploads\/sites\/63\/2025\/02\/2005_0210Imagen0020-1.jpg?id=1157) !important;background-position: center !important;background-repeat: no-repeat !important;background-size: contain !important;}\u00bb][vc_column width=\u00bb1\/3&#8243; el_class=\u00bbslider_portada\u00bb][vc_empty_space height=\u00bb600&#8243;][\/vc_column][vc_column width=\u00bb2\/3&#8243;][\/vc_column][\/vc_row][vc_row gap=\u00bb35&#8243; content_placement=\u00bbtop\u00bb css=\u00bb.vc_custom_1727692820016{padding-right: 90px !important;padding-left: 90px !important;background-color: #ffffff !important;}\u00bb][vc_column width=\u00bb1\/3&#8243;][vc_separator color=\u00bbcustom\u00bb accent_color=\u00bb#8e8e8e\u00bb][vc_custom_heading source=\u00bbpost_title\u00bb font_container=\u00bbtag:h1|font_size:1.8em|text_align:left|color:%23f15046|line_height:100%25&#8243; google_fonts=\u00bbfont_family:Roboto%3A100%2C100italic%2C300%2C300italic%2Cregular%2Citalic%2C500%2C500italic%2C700%2C700italic%2C900%2C900italic|font_style:300%20light%20regular%3A300%3Anormal\u00bb][vc_separator color=\u00bbcustom\u00bb accent_color=\u00bb#8e8e8e\u00bb][vc_empty_space][\/vc_column][vc_column width=\u00bb2\/3&#8243;][vc_separator color=\u00bbcustom\u00bb accent_color=\u00bb#8e8e8e\u00bb][vc_column_text]Hasta los a\u00f1os ochenta, la gesti\u00f3n del agua en la isla se llevaba a cabo en dos niveles. Por un lado, hab\u00eda un nivel \u201ccentral\u201d, correspondiente al Estado a trav\u00e9s del Servicio Hidr\u00e1ulico provincial (a partir de 1979, Delegaci\u00f3n Provincial del Ministerio de Obras P\u00fablicas, con una jefatura hidr\u00e1ulica espec\u00edfica), y por otro lado, un nivel local, con numerosas comunidades de aguas y otras organizaciones relacionadas con la materia. En el caso de Canarias, las competencias sobre aguas fueron estatales hasta el a\u00f1o 1982, cuando, en el marco de su Estatuto de Autonom\u00eda, pasaron al Gobierno aut\u00f3nomo.[\/vc_column_text][vc_empty_space][vc_media_grid grid_id=\u00bbvc_gid:1739445356582-4b29f3f1-7bf9-1&#8243; include=\u00bb1159,1158,1160&#8243;][vc_empty_space][vc_column_text]Hemos de recordar que la gesti\u00f3n de este bien estaba en manos de entidades privadas que se ocupaban de <i>sus propios<\/i> recursos h\u00eddricos, con escasa (o nula) coordinaci\u00f3n, cooperaci\u00f3n y planificaci\u00f3n a nivel insular o regional. La Administraci\u00f3n hidr\u00e1ulica se centraba en todo lo relacionado con autorizaciones, permisos, estudios, direcciones de obras ejecutadas por el Estado, vigilancia de sus infraestructuras, etc. Hay expertos que afirman que parte de los problemas del agua en Canarias hasta esa fecha se debieron a una Administraci\u00f3n p\u00fablica hidr\u00e1ulica inadecuada, a veces excesivamente r\u00edgida, otras laxa, y con frecuencia poco sensible a las particularidades del archipi\u00e9lago.<\/p>\n<p>Tras una etapa de gesti\u00f3n auton\u00f3mica (desde 1984), no exenta de problemas y dificultades, la administraci\u00f3n hidr\u00e1ulica experiment\u00f3 una transformaci\u00f3n a ra\u00edz de la Ley de Aguas: los Consejos Insulares de Aguas. Tales organismos, vinculados a los cabildos insulares, se convirtieron en los responsables p\u00fablicos del agua, lo que constituye un cambio cualitativo de enorme relevancia, pues significa que la planificaci\u00f3n de los recursos h\u00eddricos empieza a tener lugar en cada isla, respondiendo, por lo tanto, a sus caracter\u00edsticas, problemas particulares y necesidades presentes y futuras. El agua se volvi\u00f3, pues, un asunto principalmente insular (situ\u00e1ndose por encima el Gobierno aut\u00f3nomo). Se introdujo, adem\u00e1s, un modelo participativo de gesti\u00f3n (inexistente hasta entonces) del que forman parte las administraciones, representantes pol\u00edticos y los agentes interesados m\u00e1s directos (consumidores, usuarios, comunidades y otras entidades).<\/p>\n<p>El Consejo Insular de Aguas de Tenerife se cre\u00f3 en 1992. Sus funciones son muy amplias y est\u00e1n relacionadas con m\u00faltiples aspectos de la gesti\u00f3n y la pol\u00edtica h\u00eddricas: elaboraci\u00f3n de los planes hidrol\u00f3gicos, realizaci\u00f3n de obras hidr\u00e1ulicas y gesti\u00f3n de las infraestructuras, control del dominio p\u00fablico hidr\u00e1ulico, otorgamiento de concesiones y autorizaciones, control de la calidad de las aguas, estudios hidrol\u00f3gicos, etc.<\/p>\n<p>De especial relevancia es el apartado de planificaci\u00f3n hidrol\u00f3gica, pues, como ya se ha se\u00f1alado, uno de los problemas graves de la situaci\u00f3n anterior en esta materia fue, de hecho, su ausencia. Esta carencia se resuelve con los planes hidrol\u00f3gicos insulares, que, de acuerdo con el art\u00edculo 35 de la Ley de Aguas de Canarias, \u201cson el instrumento b\u00e1sico de la planificaci\u00f3n hidrol\u00f3gica, destinado a conseguir la mejor satisfacci\u00f3n de las demandas de agua y a racionalizar el empleo de los recursos hidr\u00e1ulicos de la isla, protegiendo su calidad y economiz\u00e1ndolos en armon\u00eda con el medio ambiente y los dem\u00e1s recursos naturales.\u201d Aunque, los aspectos medioambientales de la planificaci\u00f3n hidrol\u00f3gica son expl\u00edcitos, lo cierto es que no ser\u00e1 hasta la aplicaci\u00f3n de la Directiva Marco del Agua (2000) en nuestro pa\u00eds (2003) cuando realmente jueguen un papel clave en la pol\u00edtica de aguas, que se hab\u00eda venido centrando, sobre todo, en la gesti\u00f3n de este recurso, desligado en gran medida de otros y de los medios terrestre y marino a los que aparece vinculado.[\/vc_column_text][vc_empty_space][vc_separator color=\u00bbcustom\u00bb accent_color=\u00bb#8e8e8e\u00bb][vc_column_text]<\/p>\n<p style=\"text-align: right\">Imagen superior: Pozo tipo \u201ccanario\u201d. Fuente: CIATF<\/p>\n<p>[\/vc_column_text][\/vc_column][\/vc_row][vc_row gap=\u00bb30&#8243; css=\u00bb.vc_custom_1727697933407{padding-right: 90px !important;padding-left: 90px !important;background-color: #ffffff !important;}\u00bb][vc_column width=\u00bb1\/3&#8243;][vc_separator color=\u00bbcustom\u00bb accent_color=\u00bb#8e8e8e\u00bb][\/vc_column][vc_column width=\u00bb2\/3&#8243;][vc_separator color=\u00bbcustom\u00bb accent_color=\u00bb#8e8e8e\u00bb][vc_custom_heading text=\u00bbReferencias y fuentes\u00bb font_container=\u00bbtag:h6|font_size:1.2em|text_align:left\u00bb google_fonts=\u00bbfont_family:Roboto%3A100%2C100italic%2C300%2C300italic%2Cregular%2Citalic%2C500%2C500italic%2C700%2C700italic%2C900%2C900italic|font_style:300%20light%20regular%3A300%3Anormal\u00bb][vc_column_text el_class=\u00bbfuentes\u00bb]Directiva 2000\/60\/CE del Parlamento Europeo y del Consejo, de 23 de octubre de 2000, por la que se establece un marco comunitario de actuaci\u00f3n en el \u00e1mbito de la pol\u00edtica de aguas. <i>Diario Oficial de las Comunidades Europeas<\/i>, L 327, 22 de diciembre de 2000.<\/p>\n<p>Ley Org\u00e1nica 10\/1982, de 10 de agosto, de Estatuto de Autonom\u00eda de Canarias. <i>Bolet\u00edn Oficial del Estado<\/i>, 195, de 16 de agosto de 1982.<\/p>\n<p>Ley 12\/1990, de 26 de julio, de Aguas. <i>Bolet\u00edn Oficial de Canarias<\/i>, 94, 27 de julio de 1990.<\/p>\n<p>Sarmiento Acosta, Manuel J. 2004. \u201cLa insularizaci\u00f3n de la gesti\u00f3n del agua en Canarias: Los Consejos Insulares de aguas.\u201d <i>Revista Andaluza de Administraci\u00f3n P\u00fablica<\/i>, 54: 89-119.[\/vc_column_text][\/vc_column][\/vc_row][vc_row gap=\u00bb30&#8243; css=\u00bb.vc_custom_1727697933407{padding-right: 90px !important;padding-left: 90px !important;background-color: #ffffff !important;}\u00bb][vc_column width=\u00bb1\/3&#8243;][vc_separator color=\u00bbcustom\u00bb accent_color=\u00bb#8e8e8e\u00bb][\/vc_column][vc_column width=\u00bb2\/3&#8243;][vc_separator color=\u00bbcustom\u00bb accent_color=\u00bb#8e8e8e\u00bb][\/vc_column][\/vc_row][vc_row gap=\u00bb30&#8243; css=\u00bb.vc_custom_1727697933407{padding-right: 90px !important;padding-left: 90px !important;background-color: #ffffff !important;}\u00bb][vc_column width=\u00bb1\/3&#8243;][\/vc_column][vc_column width=\u00bb2\/3&#8243;][vc_row_inner][vc_column_inner width=\u00bb1\/3&#8243;][vc_single_image image=\u00bb1050&#8243; alignment=\u00bbcenter\u00bb onclick=\u00bbcustom_link\u00bb img_link_target=\u00bb_blank\u00bb link=\u00bbhttps:\/\/www.ull.es\/\u00bb][\/vc_column_inner][vc_column_inner width=\u00bb1\/3&#8243;][vc_single_image image=\u00bb1049&#8243; alignment=\u00bbcenter\u00bb onclick=\u00bbcustom_link\u00bb img_link_target=\u00bb_blank\u00bb link=\u00bbhttps:\/\/www.aguastenerife.org\/\u00bb][\/vc_column_inner][vc_column_inner width=\u00bb1\/3&#8243;][vc_single_image image=\u00bb1055&#8243; alignment=\u00bbcenter\u00bb onclick=\u00bbcustom_link\u00bb img_link_target=\u00bb_blank\u00bb link=\u00bbhttps:\/\/www.camaradeaguas.com\/\u00bb][\/vc_column_inner][\/vc_row_inner][vc_separator color=\u00bbcustom\u00bb accent_color=\u00bb#8e8e8e\u00bb][\/vc_column][\/vc_row]<\/p>\n","protected":false},"excerpt":{"rendered":"<p>[vc_row gap=\u00bb35&#8243; equal_height=\u00bbyes\u00bb content_placement=\u00bbbottom\u00bb css=\u00bb.vc_custom_1727692271162{background-position: center !important;background-repeat: no-repeat !important;background-size: cover !important;}\u00bb][vc_column width=\u00bb1\/3&#8243;][vc_single_image image=\u00bb995&#8243; img_size=\u00bbmedium\u00bb][\/vc_column][vc_column width=\u00bb2\/3&#8243;][\/vc_column][\/vc_row][vc_row gap=\u00bb35&#8243; equal_height=\u00bbyes\u00bb content_placement=\u00bbbottom\u00bb css=\u00bb.vc_custom_1739445080488{background-image: url(http:\/\/www.ull.es\/eventos\/agua-y-vida\/wp-content\/uploads\/sites\/63\/2025\/02\/2005_0210Imagen0020-1.jpg?id=1157) !important;background-position: center !important;background-repeat: no-repeat !important;background-size: contain !important;}\u00bb][vc_column width=\u00bb1\/3&#8243; el_class=\u00bbslider_portada\u00bb][vc_empty_space height=\u00bb600&#8243;][\/vc_column][vc_column width=\u00bb2\/3&#8243;][\/vc_column][\/vc_row][vc_row gap=\u00bb35&#8243; content_placement=\u00bbtop\u00bb css=\u00bb.vc_custom_1727692820016{padding-right: 90px !important;padding-left: 90px !important;background-color: #ffffff !important;}\u00bb][vc_column width=\u00bb1\/3&#8243;][vc_separator color=\u00bbcustom\u00bb accent_color=\u00bb#8e8e8e\u00bb][vc_custom_heading source=\u00bbpost_title\u00bb font_container=\u00bbtag:h1|font_size:1.8em|text_align:left|color:%23f15046|line_height:100%25&#8243; google_fonts=\u00bbfont_family:Roboto%3A100%2C100italic%2C300%2C300italic%2Cregular%2Citalic%2C500%2C500italic%2C700%2C700italic%2C900%2C900italic|font_style:300%20light%20regular%3A300%3Anormal\u00bb][vc_separator color=\u00bbcustom\u00bb accent_color=\u00bb#8e8e8e\u00bb][vc_empty_space][\/vc_column][vc_column width=\u00bb2\/3&#8243;][vc_separator color=\u00bbcustom\u00bb accent_color=\u00bb#8e8e8e\u00bb][vc_column_text]Hasta los a\u00f1os ochenta, la&#8230;<\/p>\n","protected":false},"author":14,"featured_media":0,"parent":0,"menu_order":0,"comment_status":"closed","ping_status":"closed","template":"templates\/template-no-title.php","meta":{"footnotes":""},"class_list":["post-1070","page","type-page","status-publish","hentry"],"_links":{"self":[{"href":"https:\/\/www.ull.es\/eventos\/agua-y-vida\/wp-json\/wp\/v2\/pages\/1070"}],"collection":[{"href":"https:\/\/www.ull.es\/eventos\/agua-y-vida\/wp-json\/wp\/v2\/pages"}],"about":[{"href":"https:\/\/www.ull.es\/eventos\/agua-y-vida\/wp-json\/wp\/v2\/types\/page"}],"author":[{"embeddable":true,"href":"https:\/\/www.ull.es\/eventos\/agua-y-vida\/wp-json\/wp\/v2\/users\/14"}],"replies":[{"embeddable":true,"href":"https:\/\/www.ull.es\/eventos\/agua-y-vida\/wp-json\/wp\/v2\/comments?post=1070"}],"version-history":[{"count":13,"href":"https:\/\/www.ull.es\/eventos\/agua-y-vida\/wp-json\/wp\/v2\/pages\/1070\/revisions"}],"predecessor-version":[{"id":1169,"href":"https:\/\/www.ull.es\/eventos\/agua-y-vida\/wp-json\/wp\/v2\/pages\/1070\/revisions\/1169"}],"wp:attachment":[{"href":"https:\/\/www.ull.es\/eventos\/agua-y-vida\/wp-json\/wp\/v2\/media?parent=1070"}],"curies":[{"name":"wp","href":"https:\/\/api.w.org\/{rel}","templated":true}]}}