{"id":1072,"date":"2025-02-12T11:15:33","date_gmt":"2025-02-12T11:15:33","guid":{"rendered":"https:\/\/www.ull.es\/eventos\/agua-y-vida\/?page_id=1072"},"modified":"2025-02-28T11:10:43","modified_gmt":"2025-02-28T11:10:43","slug":"aguas-de-hoy-aguas-de-manana-vida","status":"publish","type":"page","link":"https:\/\/www.ull.es\/eventos\/agua-y-vida\/aguas-de-hoy-aguas-de-manana-vida\/","title":{"rendered":"Aguas de hoy, aguas de ma\u00f1ana&#8230; Vida"},"content":{"rendered":"<p>[vc_row gap=\u00bb35&#8243; equal_height=\u00bbyes\u00bb content_placement=\u00bbbottom\u00bb css=\u00bb.vc_custom_1727692271162{background-position: center !important;background-repeat: no-repeat !important;background-size: cover !important;}\u00bb][vc_column width=\u00bb1\/3&#8243;][vc_single_image image=\u00bb995&#8243; img_size=\u00bbmedium\u00bb][\/vc_column][vc_column width=\u00bb2\/3&#8243;][\/vc_column][\/vc_row][vc_row gap=\u00bb35&#8243; equal_height=\u00bbyes\u00bb content_placement=\u00bbbottom\u00bb css=\u00bb.vc_custom_1739445826547{background-image: url(http:\/\/www.ull.es\/eventos\/agua-y-vida\/wp-content\/uploads\/sites\/63\/2025\/02\/Galeria-Los-Sauces_20240730_143718-1.jpg?id=1178) !important;background-position: center !important;background-repeat: no-repeat !important;background-size: contain !important;}\u00bb][vc_column width=\u00bb1\/3&#8243; el_class=\u00bbslider_portada\u00bb][vc_empty_space height=\u00bb600&#8243;][\/vc_column][vc_column width=\u00bb2\/3&#8243;][\/vc_column][\/vc_row][vc_row gap=\u00bb35&#8243; content_placement=\u00bbtop\u00bb css=\u00bb.vc_custom_1727692820016{padding-right: 90px !important;padding-left: 90px !important;background-color: #ffffff !important;}\u00bb][vc_column width=\u00bb1\/3&#8243;][vc_separator color=\u00bbcustom\u00bb accent_color=\u00bb#8e8e8e\u00bb][vc_custom_heading source=\u00bbpost_title\u00bb font_container=\u00bbtag:h1|font_size:1.8em|text_align:left|color:%23f15046|line_height:100%25&#8243; google_fonts=\u00bbfont_family:Roboto%3A100%2C100italic%2C300%2C300italic%2Cregular%2Citalic%2C500%2C500italic%2C700%2C700italic%2C900%2C900italic|font_style:300%20light%20regular%3A300%3Anormal\u00bb][vc_separator color=\u00bbcustom\u00bb accent_color=\u00bb#8e8e8e\u00bb][vc_empty_space][\/vc_column][vc_column width=\u00bb2\/3&#8243;][vc_separator color=\u00bbcustom\u00bb accent_color=\u00bb#8e8e8e\u00bb][vc_column_text]Hoy d\u00eda, el agua subterr\u00e1nea, con un aporte del 73,32% (141 hm3\/a\u00f1o de un total de 192,9 hm3\/a\u00f1o), contin\u00faa siendo el principal recurso en Tenerife. En 2020, el 63,5% del volumen h\u00eddrico con ese origen correspond\u00eda a las galer\u00edas y el 34,6% a los pozos. No obstante, desde hace unas d\u00e9cadas el agua proporcionada por las fuentes no convencionales (20,05% desalinizaci\u00f3n y 6,40% reutilizaci\u00f3n en el a\u00f1o indicado) se ha venido incrementando significativamente; y se prev\u00e9 que siga siendo as\u00ed en un futuro inmediato.[\/vc_column_text][vc_empty_space][vc_media_grid grid_id=\u00bbvc_gid:1740740990570-e783b1b8-3aa0-7&#8243; include=\u00bb1176,1177,1179&#8243;][vc_empty_space][vc_column_text]No cabe duda de que el agua tratada industrialmente se ha vuelto indispensable en la isla porque responde a una demanda superior a los recursos h\u00eddricos naturales disponibles, que han decrecido, y ayuda de manera muy significativa a reducir la presi\u00f3n ejercida sobre el sistema acu\u00edfero insular. En este sentido, es importante subrayar que no solo hay zonas en las que se han producido niveles extractivos muy elevados y reducciones significativas del nivel fre\u00e1tico, sino tambi\u00e9n afectadas por serios problemas de contaminaci\u00f3n (de origen agrario y urbano) o que empiezan a ser preocupantes; situaciones que han de resolverse para conseguir su buen estado cuantitativo y\/o cualitativo.<\/p>\n<p>La combinaci\u00f3n, en el marco de la pol\u00edtica insular de aguas, de fuentes subterr\u00e1neas y no convencionales constituye una medida orientada a responder a unos niveles de consumo que, por lo general, se han venido elevando desde la segunda mitad del siglo XX (espec\u00edficamente en el sector urbano-tur\u00edstico), sin incrementar la presi\u00f3n sobre los recursos subterr\u00e1neos y preservando la mejor calidad posible tanto para el consumo humano como para la agricultura.<\/p>\n<p>En la actual pol\u00edtica de aguas es crucial tener en cuenta el cambio clim\u00e1tico, como se est\u00e1 haciendo desde el Consejo Insular de Aguas de Tenerife. El escenario futuro determinar\u00e1, en gran medida, tanto los recursos h\u00eddricos que se necesitar\u00e1n como los disponibles de manera natural; m\u00e1xime si aquel se acaba concretando, entre otras condiciones, en un incremento de las temperaturas, un mayor n\u00famero de d\u00edas secos o c\u00e1lidos, un crecimiento del nivel del mar y fen\u00f3menos extremos en las precipitaciones (sequ\u00edas y lluvias muy intensas).<\/p>\n<p>En tales circunstancias, las tecnolog\u00edas ayudar\u00e1n, pero lo m\u00e1s importante ser\u00e1, a trav\u00e9s de las pol\u00edticas adecuadas, lograr un manejo inteligente y sostenible de las aguas subterr\u00e1neas, que siguen y seguir\u00e1n siendo las principales, las menos costosas y las de mejor calidad de la isla. Asimismo, ser\u00e1 fundamental preservar los ecosistemas dependientes del agua, puesto que desempe\u00f1an un trabajo clave en el funcionamiento hidrol\u00f3gico y constituyen un elemento ambiental esencial.<\/p>\n<p>Para ello, ser\u00e1 imprescindible la implicaci\u00f3n de la sociedad tinerfe\u00f1a en su conjunto. Todas y todos consumimos agua y tenemos un papel primordial en su uso responsable. Por esta raz\u00f3n, la adecuada transferencia del conocimiento cient\u00edfico y, en general, las labores de difusi\u00f3n y sensibilizaci\u00f3n al respecto son tan necesarias como el desarrollo tecnol\u00f3gico vinculado al sector. Es evidente que esto debe ir acompa\u00f1ado de una reflexi\u00f3n cr\u00edtica sobre c\u00f3mo se puede mejorar la gesti\u00f3n en otros sectores relevantes como el agr\u00edcola, el tur\u00edstico o el energ\u00e9tico, por mencionar algunos.[\/vc_column_text][vc_empty_space][vc_separator color=\u00bbcustom\u00bb accent_color=\u00bb#8e8e8e\u00bb][vc_column_text el_class=\u00bbsmall\u00bb]<\/p>\n<p style=\"text-align: right\">Imagen superior: Canal de la galer\u00eda Los Sauces.<br \/>\nAutor: Jean-Marc Deschamps.<\/p>\n<p>[\/vc_column_text][\/vc_column][\/vc_row][vc_row gap=\u00bb30&#8243; css=\u00bb.vc_custom_1727697933407{padding-right: 90px !important;padding-left: 90px !important;background-color: #ffffff !important;}\u00bb][vc_column width=\u00bb1\/3&#8243;][vc_separator color=\u00bbcustom\u00bb accent_color=\u00bb#8e8e8e\u00bb][\/vc_column][vc_column width=\u00bb2\/3&#8243;][vc_separator color=\u00bbcustom\u00bb accent_color=\u00bb#8e8e8e\u00bb][vc_custom_heading text=\u00bbReferencias y fuentes\u00bb font_container=\u00bbtag:h6|font_size:1.2em|text_align:left\u00bb google_fonts=\u00bbfont_family:Roboto%3A100%2C100italic%2C300%2C300italic%2Cregular%2Citalic%2C500%2C500italic%2C700%2C700italic%2C900%2C900italic|font_style:300%20light%20regular%3A300%3Anormal\u00bb][vc_empty_space][vc_column_text el_class=\u00bbfuentes\u00bb]Braojos Ruiz, J.J., I. Farrujia de la Rosa y J.D. Fern\u00e1ndez Bethencourt. S.f. \u00abLos recursos h\u00eddricos en Tenerife frente al cambio clim\u00e1tico\u00bb. Santa Cruz de Tenerife: Consejo Insular de Aguas de Tenerife.<\/p>\n<p>Consejo Insular de Aguas de Tenerife. 2023. Plan Hidrol\u00f3gico de Tenerife. Ciclo de Planificaci\u00f3n 2021-2027. Santa Cruz de Tenerife. Consejo Insular de Aguas de Tenerife.<\/p>\n<p>Rodr\u00edguez Brito, W. 1996. Agua y agricultura en Canarias. La Laguna: Centro de la Cultura Popular Canaria y Consejer\u00eda de Agricultura, Pesca y Alimentaci\u00f3n.<\/p>\n<p>Ruiz de la Rosa, C.I., J.L. Garc\u00eda Rodr\u00edguez, C. Castilla Guti\u00e9rrez, J.C. Santamarta Cerezal y N. Antonova. 2019. Agua y turismo en Tenerife. Producci\u00f3n, gesti\u00f3n y consumo. La Laguna: Universidad de La Laguna y CajaCanarias Fundaci\u00f3n.[\/vc_column_text][\/vc_column][\/vc_row][vc_row gap=\u00bb30&#8243; css=\u00bb.vc_custom_1727697933407{padding-right: 90px !important;padding-left: 90px !important;background-color: #ffffff !important;}\u00bb][vc_column width=\u00bb1\/3&#8243;][vc_separator color=\u00bbcustom\u00bb accent_color=\u00bb#8e8e8e\u00bb][\/vc_column][vc_column width=\u00bb2\/3&#8243;][vc_separator color=\u00bbcustom\u00bb accent_color=\u00bb#8e8e8e\u00bb][\/vc_column][\/vc_row][vc_row gap=\u00bb30&#8243; css=\u00bb.vc_custom_1727697933407{padding-right: 90px !important;padding-left: 90px !important;background-color: #ffffff !important;}\u00bb][vc_column width=\u00bb1\/3&#8243;][\/vc_column][vc_column width=\u00bb2\/3&#8243;][vc_row_inner][vc_column_inner width=\u00bb1\/3&#8243;][vc_single_image image=\u00bb1050&#8243; alignment=\u00bbcenter\u00bb onclick=\u00bbcustom_link\u00bb img_link_target=\u00bb_blank\u00bb link=\u00bbhttps:\/\/www.ull.es\/\u00bb][\/vc_column_inner][vc_column_inner width=\u00bb1\/3&#8243;][vc_single_image image=\u00bb1049&#8243; alignment=\u00bbcenter\u00bb onclick=\u00bbcustom_link\u00bb img_link_target=\u00bb_blank\u00bb link=\u00bbhttps:\/\/www.aguastenerife.org\/\u00bb][\/vc_column_inner][vc_column_inner width=\u00bb1\/3&#8243;][vc_single_image image=\u00bb1055&#8243; alignment=\u00bbcenter\u00bb onclick=\u00bbcustom_link\u00bb img_link_target=\u00bb_blank\u00bb link=\u00bbhttps:\/\/www.camaradeaguas.com\/\u00bb][\/vc_column_inner][\/vc_row_inner][vc_separator color=\u00bbcustom\u00bb accent_color=\u00bb#8e8e8e\u00bb][\/vc_column][\/vc_row]<\/p>\n","protected":false},"excerpt":{"rendered":"<p>[vc_row gap=\u00bb35&#8243; equal_height=\u00bbyes\u00bb content_placement=\u00bbbottom\u00bb css=\u00bb.vc_custom_1727692271162{background-position: center !important;background-repeat: no-repeat !important;background-size: cover !important;}\u00bb][vc_column width=\u00bb1\/3&#8243;][vc_single_image image=\u00bb995&#8243; img_size=\u00bbmedium\u00bb][\/vc_column][vc_column width=\u00bb2\/3&#8243;][\/vc_column][\/vc_row][vc_row gap=\u00bb35&#8243; equal_height=\u00bbyes\u00bb content_placement=\u00bbbottom\u00bb css=\u00bb.vc_custom_1739445826547{background-image: url(http:\/\/www.ull.es\/eventos\/agua-y-vida\/wp-content\/uploads\/sites\/63\/2025\/02\/Galeria-Los-Sauces_20240730_143718-1.jpg?id=1178) !important;background-position: center !important;background-repeat: no-repeat !important;background-size: contain !important;}\u00bb][vc_column width=\u00bb1\/3&#8243; el_class=\u00bbslider_portada\u00bb][vc_empty_space height=\u00bb600&#8243;][\/vc_column][vc_column width=\u00bb2\/3&#8243;][\/vc_column][\/vc_row][vc_row gap=\u00bb35&#8243; content_placement=\u00bbtop\u00bb css=\u00bb.vc_custom_1727692820016{padding-right: 90px !important;padding-left: 90px !important;background-color: #ffffff !important;}\u00bb][vc_column width=\u00bb1\/3&#8243;][vc_separator color=\u00bbcustom\u00bb accent_color=\u00bb#8e8e8e\u00bb][vc_custom_heading source=\u00bbpost_title\u00bb font_container=\u00bbtag:h1|font_size:1.8em|text_align:left|color:%23f15046|line_height:100%25&#8243; google_fonts=\u00bbfont_family:Roboto%3A100%2C100italic%2C300%2C300italic%2Cregular%2Citalic%2C500%2C500italic%2C700%2C700italic%2C900%2C900italic|font_style:300%20light%20regular%3A300%3Anormal\u00bb][vc_separator color=\u00bbcustom\u00bb accent_color=\u00bb#8e8e8e\u00bb][vc_empty_space][\/vc_column][vc_column width=\u00bb2\/3&#8243;][vc_separator color=\u00bbcustom\u00bb accent_color=\u00bb#8e8e8e\u00bb][vc_column_text]Hoy d\u00eda, el agua subterr\u00e1nea,&#8230;<\/p>\n","protected":false},"author":14,"featured_media":0,"parent":0,"menu_order":0,"comment_status":"closed","ping_status":"closed","template":"templates\/template-no-title.php","meta":{"footnotes":""},"class_list":["post-1072","page","type-page","status-publish","hentry"],"_links":{"self":[{"href":"https:\/\/www.ull.es\/eventos\/agua-y-vida\/wp-json\/wp\/v2\/pages\/1072"}],"collection":[{"href":"https:\/\/www.ull.es\/eventos\/agua-y-vida\/wp-json\/wp\/v2\/pages"}],"about":[{"href":"https:\/\/www.ull.es\/eventos\/agua-y-vida\/wp-json\/wp\/v2\/types\/page"}],"author":[{"embeddable":true,"href":"https:\/\/www.ull.es\/eventos\/agua-y-vida\/wp-json\/wp\/v2\/users\/14"}],"replies":[{"embeddable":true,"href":"https:\/\/www.ull.es\/eventos\/agua-y-vida\/wp-json\/wp\/v2\/comments?post=1072"}],"version-history":[{"count":6,"href":"https:\/\/www.ull.es\/eventos\/agua-y-vida\/wp-json\/wp\/v2\/pages\/1072\/revisions"}],"predecessor-version":[{"id":1174,"href":"https:\/\/www.ull.es\/eventos\/agua-y-vida\/wp-json\/wp\/v2\/pages\/1072\/revisions\/1174"}],"wp:attachment":[{"href":"https:\/\/www.ull.es\/eventos\/agua-y-vida\/wp-json\/wp\/v2\/media?parent=1072"}],"curies":[{"name":"wp","href":"https:\/\/api.w.org\/{rel}","templated":true}]}}