{"id":1182,"date":"2025-02-13T11:31:26","date_gmt":"2025-02-13T11:31:26","guid":{"rendered":"https:\/\/www.ull.es\/eventos\/agua-y-vida\/?page_id=1182"},"modified":"2025-03-12T11:16:59","modified_gmt":"2025-03-12T11:16:59","slug":"programa","status":"publish","type":"page","link":"https:\/\/www.ull.es\/eventos\/agua-y-vida\/programa\/","title":{"rendered":"Programa"},"content":{"rendered":"<p>[vc_row gap=\u00bb35&#8243; equal_height=\u00bbyes\u00bb content_placement=\u00bbbottom\u00bb css=\u00bb.vc_custom_1727692271162{background-position: center !important;background-repeat: no-repeat !important;background-size: cover !important;}\u00bb][vc_column width=\u00bb1\/3&#8243;][vc_single_image image=\u00bb995&#8243; img_size=\u00bbmedium\u00bb][\/vc_column][vc_column width=\u00bb2\/3&#8243;][\/vc_column][\/vc_row][vc_row gap=\u00bb35&#8243; equal_height=\u00bbyes\u00bb content_placement=\u00bbbottom\u00bb css=\u00bb.vc_custom_1739446171907{background-image: url(http:\/\/www.ull.es\/eventos\/agua-y-vida\/wp-content\/uploads\/sites\/63\/2025\/02\/banner6.jpg?id=1029) !important;background-position: center !important;background-repeat: no-repeat !important;background-size: contain !important;}\u00bb][vc_column width=\u00bb1\/3&#8243; el_class=\u00bbslider_portada\u00bb][vc_empty_space height=\u00bb600&#8243;][\/vc_column][vc_column width=\u00bb2\/3&#8243;][\/vc_column][\/vc_row][vc_row gap=\u00bb35&#8243; content_placement=\u00bbtop\u00bb css=\u00bb.vc_custom_1727692820016{padding-right: 90px !important;padding-left: 90px !important;background-color: #ffffff !important;}\u00bb][vc_column width=\u00bb1\/3&#8243;][vc_separator color=\u00bbcustom\u00bb accent_color=\u00bb#8e8e8e\u00bb][vc_custom_heading source=\u00bbpost_title\u00bb font_container=\u00bbtag:h1|font_size:1.8em|text_align:left|color:%23f15046|line_height:100%25&#8243; google_fonts=\u00bbfont_family:Roboto%3A100%2C100italic%2C300%2C300italic%2Cregular%2Citalic%2C500%2C500italic%2C700%2C700italic%2C900%2C900italic|font_style:300%20light%20regular%3A300%3Anormal\u00bb][vc_separator color=\u00bbcustom\u00bb accent_color=\u00bb#8e8e8e\u00bb][vc_empty_space][\/vc_column][vc_column width=\u00bb2\/3&#8243;][vc_separator color=\u00bbcustom\u00bb accent_color=\u00bb#8e8e8e\u00bb][vc_custom_heading text=\u00bb17 de febrero de 2025&#8243; font_container=\u00bbtag:h6|font_size:1.2em|text_align:left\u00bb google_fonts=\u00bbfont_family:Roboto%3A100%2C100italic%2C300%2C300italic%2Cregular%2Citalic%2C500%2C500italic%2C700%2C700italic%2C900%2C900italic|font_style:300%20light%20regular%3A300%3Anormal\u00bb][vc_empty_space][vc_column_text el_class=\u00bbprograma\u00bb]<strong>11:00 h<\/strong>. Inauguraci\u00f3n.<\/p>\n<p><strong>11:30 h<\/strong>.\u00a0Visita guiada a la exposici\u00f3n.<\/p>\n<p><strong>12:00 h.<\/strong> Caf\u00e9.<\/p>\n<p><strong>12:15 h.<\/strong> \u00abPasado, presente y futuro de las aguas subterr\u00e1neas en Tenerife\u00bb. Conferencia a cargo de Juan Jos\u00e9 Braojos Ruiz, Ingeniero T\u00e9cnico de Obras P\u00fablicas e Hidr\u00f3logo.[\/vc_column_text][vc_empty_space][\/vc_column][\/vc_row][vc_row gap=\u00bb30&#8243; css=\u00bb.vc_custom_1727697933407{padding-right: 90px !important;padding-left: 90px !important;background-color: #ffffff !important;}\u00bb][vc_column width=\u00bb1\/3&#8243;][vc_separator color=\u00bbcustom\u00bb accent_color=\u00bb#8e8e8e\u00bb][\/vc_column][vc_column width=\u00bb2\/3&#8243;][vc_separator color=\u00bbcustom\u00bb accent_color=\u00bb#8e8e8e\u00bb][\/vc_column][\/vc_row][vc_row gap=\u00bb30&#8243; css=\u00bb.vc_custom_1727697933407{padding-right: 90px !important;padding-left: 90px !important;background-color: #ffffff !important;}\u00bb][vc_column width=\u00bb1\/3&#8243;][\/vc_column][vc_column width=\u00bb2\/3&#8243;][vc_row_inner][vc_column_inner width=\u00bb1\/3&#8243;][vc_single_image image=\u00bb1050&#8243; alignment=\u00bbcenter\u00bb onclick=\u00bbcustom_link\u00bb img_link_target=\u00bb_blank\u00bb link=\u00bbhttps:\/\/www.ull.es\/\u00bb][\/vc_column_inner][vc_column_inner width=\u00bb1\/3&#8243;][vc_single_image image=\u00bb1049&#8243; alignment=\u00bbcenter\u00bb onclick=\u00bbcustom_link\u00bb img_link_target=\u00bb_blank\u00bb link=\u00bbhttps:\/\/www.aguastenerife.org\/\u00bb][\/vc_column_inner][vc_column_inner width=\u00bb1\/3&#8243;][vc_single_image image=\u00bb1055&#8243; alignment=\u00bbcenter\u00bb onclick=\u00bbcustom_link\u00bb img_link_target=\u00bb_blank\u00bb link=\u00bbhttps:\/\/www.camaradeaguas.com\/\u00bb][\/vc_column_inner][\/vc_row_inner][vc_separator color=\u00bbcustom\u00bb accent_color=\u00bb#8e8e8e\u00bb][\/vc_column][\/vc_row]<\/p>\n","protected":false},"excerpt":{"rendered":"<p>[vc_row gap=\u00bb35&#8243; equal_height=\u00bbyes\u00bb content_placement=\u00bbbottom\u00bb css=\u00bb.vc_custom_1727692271162{background-position: center !important;background-repeat: no-repeat !important;background-size: cover !important;}\u00bb][vc_column width=\u00bb1\/3&#8243;][vc_single_image image=\u00bb995&#8243; img_size=\u00bbmedium\u00bb][\/vc_column][vc_column width=\u00bb2\/3&#8243;][\/vc_column][\/vc_row][vc_row gap=\u00bb35&#8243; equal_height=\u00bbyes\u00bb content_placement=\u00bbbottom\u00bb css=\u00bb.vc_custom_1739446171907{background-image: url(http:\/\/www.ull.es\/eventos\/agua-y-vida\/wp-content\/uploads\/sites\/63\/2025\/02\/banner6.jpg?id=1029) !important;background-position: center !important;background-repeat: no-repeat !important;background-size: contain !important;}\u00bb][vc_column width=\u00bb1\/3&#8243; el_class=\u00bbslider_portada\u00bb][vc_empty_space height=\u00bb600&#8243;][\/vc_column][vc_column width=\u00bb2\/3&#8243;][\/vc_column][\/vc_row][vc_row gap=\u00bb35&#8243; content_placement=\u00bbtop\u00bb css=\u00bb.vc_custom_1727692820016{padding-right: 90px !important;padding-left: 90px !important;background-color: #ffffff !important;}\u00bb][vc_column width=\u00bb1\/3&#8243;][vc_separator color=\u00bbcustom\u00bb accent_color=\u00bb#8e8e8e\u00bb][vc_custom_heading source=\u00bbpost_title\u00bb font_container=\u00bbtag:h1|font_size:1.8em|text_align:left|color:%23f15046|line_height:100%25&#8243; google_fonts=\u00bbfont_family:Roboto%3A100%2C100italic%2C300%2C300italic%2Cregular%2Citalic%2C500%2C500italic%2C700%2C700italic%2C900%2C900italic|font_style:300%20light%20regular%3A300%3Anormal\u00bb][vc_separator color=\u00bbcustom\u00bb accent_color=\u00bb#8e8e8e\u00bb][vc_empty_space][\/vc_column][vc_column width=\u00bb2\/3&#8243;][vc_separator color=\u00bbcustom\u00bb accent_color=\u00bb#8e8e8e\u00bb][vc_custom_heading text=\u00bb17 de febrero de&#8230;<\/p>\n","protected":false},"author":14,"featured_media":0,"parent":0,"menu_order":0,"comment_status":"closed","ping_status":"closed","template":"templates\/template-no-title.php","meta":{"footnotes":""},"class_list":["post-1182","page","type-page","status-publish","hentry"],"_links":{"self":[{"href":"https:\/\/www.ull.es\/eventos\/agua-y-vida\/wp-json\/wp\/v2\/pages\/1182"}],"collection":[{"href":"https:\/\/www.ull.es\/eventos\/agua-y-vida\/wp-json\/wp\/v2\/pages"}],"about":[{"href":"https:\/\/www.ull.es\/eventos\/agua-y-vida\/wp-json\/wp\/v2\/types\/page"}],"author":[{"embeddable":true,"href":"https:\/\/www.ull.es\/eventos\/agua-y-vida\/wp-json\/wp\/v2\/users\/14"}],"replies":[{"embeddable":true,"href":"https:\/\/www.ull.es\/eventos\/agua-y-vida\/wp-json\/wp\/v2\/comments?post=1182"}],"version-history":[{"count":8,"href":"https:\/\/www.ull.es\/eventos\/agua-y-vida\/wp-json\/wp\/v2\/pages\/1182\/revisions"}],"predecessor-version":[{"id":1262,"href":"https:\/\/www.ull.es\/eventos\/agua-y-vida\/wp-json\/wp\/v2\/pages\/1182\/revisions\/1262"}],"wp:attachment":[{"href":"https:\/\/www.ull.es\/eventos\/agua-y-vida\/wp-json\/wp\/v2\/media?parent=1182"}],"curies":[{"name":"wp","href":"https:\/\/api.w.org\/{rel}","templated":true}]}}