{"id":1214,"date":"2025-02-18T11:48:44","date_gmt":"2025-02-18T11:48:44","guid":{"rendered":"https:\/\/www.ull.es\/eventos\/agua-y-vida\/?page_id=1214"},"modified":"2025-04-01T13:00:21","modified_gmt":"2025-04-01T13:00:21","slug":"noticias","status":"publish","type":"page","link":"https:\/\/www.ull.es\/eventos\/agua-y-vida\/noticias\/","title":{"rendered":"Noticias"},"content":{"rendered":"<p>[vc_row gap=\u00bb35&#8243; equal_height=\u00bbyes\u00bb content_placement=\u00bbbottom\u00bb css=\u00bb.vc_custom_1727692271162{background-position: center !important;background-repeat: no-repeat !important;background-size: cover !important;}\u00bb][vc_column width=\u00bb1\/3&#8243;][vc_single_image image=\u00bb995&#8243; img_size=\u00bbmedium\u00bb][\/vc_column][vc_column width=\u00bb2\/3&#8243;][\/vc_column][\/vc_row][vc_row gap=\u00bb35&#8243; equal_height=\u00bbyes\u00bb content_placement=\u00bbbottom\u00bb disable_element=\u00bbyes\u00bb css=\u00bb.vc_custom_1739880155297{background-image: url(http:\/\/www.ull.es\/eventos\/agua-y-vida\/wp-content\/uploads\/sites\/63\/2025\/02\/banner7.jpg?id=1030) !important;background-position: center !important;background-repeat: no-repeat !important;background-size: contain !important;}\u00bb][vc_column width=\u00bb1\/3&#8243; el_class=\u00bbslider_portada\u00bb][vc_empty_space height=\u00bb400&#8243;][\/vc_column][vc_column width=\u00bb2\/3&#8243;][\/vc_column][\/vc_row][vc_row gap=\u00bb35&#8243; content_placement=\u00bbtop\u00bb css=\u00bb.vc_custom_1727692820016{padding-right: 90px !important;padding-left: 90px !important;background-color: #ffffff !important;}\u00bb][vc_column width=\u00bb1\/3&#8243;][vc_separator color=\u00bbcustom\u00bb accent_color=\u00bb#8e8e8e\u00bb][vc_custom_heading source=\u00bbpost_title\u00bb font_container=\u00bbtag:h1|font_size:1.8em|text_align:left|color:%23f15046|line_height:100%25&#8243; google_fonts=\u00bbfont_family:Roboto%3A100%2C100italic%2C300%2C300italic%2Cregular%2Citalic%2C500%2C500italic%2C700%2C700italic%2C900%2C900italic|font_style:300%20light%20regular%3A300%3Anormal\u00bb][vc_separator color=\u00bbcustom\u00bb accent_color=\u00bb#8e8e8e\u00bb][vc_empty_space][\/vc_column][vc_column width=\u00bb2\/3&#8243;][vc_row_inner][vc_column_inner][vc_separator color=\u00bbcustom\u00bb accent_color=\u00bb#8e8e8e\u00bb][vc_single_image source=\u00bbexternal_link\u00bb custom_src=\u00bbhttps:\/\/periodismo.ull.es\/wp-content\/uploads\/2025\/03\/a3f22cd1-cf33-45d0-bda1-829b5426dcfc-scaled.jpg\u00bb][vc_custom_heading text=\u00bbJos\u00e9 Antonio Batista: \u00abHay que pensar en gestionar bien lo que tenemos\u00bb\u00bb font_container=\u00bbtag:h3|font_size:1.2em|text_align:left|color:%23f15046|line_height:100%25&#8243; google_fonts=\u00bbfont_family:Roboto%3A100%2C100italic%2C300%2C300italic%2Cregular%2Citalic%2C500%2C500italic%2C700%2C700italic%2C900%2C900italic|font_style:300%20light%20regular%3A300%3Anormal\u00bb link=\u00bburl:https%3A%2F%2Fperiodismo.ull.es%2Fjose-antonio-batista-hay-que-pensar-en-gestionar-bien-lo-que-tenemos%2F|target:_blank\u00bb][vc_column_text]28 de marzo de 2025[\/vc_column_text][vc_column_text]Jos\u00e9 Antonio Batista Medina es el decano de la Facultad de Ciencias Sociales de la Comunicaci\u00f3n de la Universidad de La Laguna (<a href=\"https:\/\/www.ull.es\/\" target=\"_blank\" rel=\"noopener\" target=\"_blank\" rel=\"noopener\">ULL<\/a>). Adem\u00e1s, ejerce como profesor de Antropolog\u00eda Social. Recientemente ha organizado y dirigida la exposici\u00f3n\u00a0<a href=\"https:\/\/periodismo.ull.es\/agua-y-vida-un-homenaje-a-quienes-se-dejaron-la-vida\/\" target=\"_blank\" rel=\"noopener\" target=\"_blank\" rel=\"noopener\"><em>Agua y Vida en el pasado, presente y futuro de Tenerife<\/em><\/a>, integrada por libros, documentos y fotograf\u00edas. Asimismo, estar\u00e1 expuesta en la planta principal de la Biblioteca General y de Humanidades del Campus de Guajara hasta el pr\u00f3ximo lunes, 31 de marzo.[\/vc_column_text][vc_btn title=\u00bbIr a la noticia completa en El D\u00eda\u00bb style=\u00bbflat\u00bb align=\u00bbleft\u00bb link=\u00bburl:https%3A%2F%2Fperiodismo.ull.es%2Fjose-antonio-batista-hay-que-pensar-en-gestionar-bien-lo-que-tenemos%2F|target:_blank\u00bb][vc_empty_space][\/vc_column_inner][\/vc_row_inner][vc_row_inner][vc_column_inner][vc_separator color=\u00bbcustom\u00bb accent_color=\u00bb#8e8e8e\u00bb][vc_single_image source=\u00bbexternal_link\u00bb custom_src=\u00bbhttps:\/\/estaticos-cdn.prensaiberica.es\/clip\/9887c866-7889-46a3-a9d6-3fc7279e3625_16-9-aspect-ratio_default_0.webp\u00bb][vc_custom_heading text=\u00bbEl agua, \u00bfun ciclo sin fin en Tenerife?\u00bb font_container=\u00bbtag:h3|font_size:1.2em|text_align:left|color:%23f15046|line_height:100%25&#8243; google_fonts=\u00bbfont_family:Roboto%3A100%2C100italic%2C300%2C300italic%2Cregular%2Citalic%2C500%2C500italic%2C700%2C700italic%2C900%2C900italic|font_style:300%20light%20regular%3A300%3Anormal\u00bb link=\u00bburl:https%3A%2F%2Fdiariodeavisos.elespanol.com%2F2025%2F02%2Fagua%2F|target:_blank\u00bb][vc_column_text]24 de marzo de 2025[\/vc_column_text][vc_column_text]<strong>El agua,\u00a0<\/strong>como explicaban en la escuela<strong>, es inodora, ins\u00edpida y, sobre todo, incolora.<\/strong>\u00a0Por eso, la exposici\u00f3n que pretende mostrar hasta final de este mes \u2013en la biblioteca del Campus de Guajara de la\u00a0<a href=\"https:\/\/www.eldia.es\/tags\/universidad-de-la-laguna\/\" target=\"_blank\" rel=\"noopener\">Universidad de La Laguna<\/a>\u00a0(ULL)\u2013 su ciclo hist\u00f3rico en\u00a0<a href=\"https:\/\/www.eldia.es\/tenerife\/\" target=\"_blank\" rel=\"noopener\">Tenerife<\/a>\u00a0huye del tradicional y buc\u00f3lico azul para fundir pasado, presente y futuro del l\u00edquido elemento en el negro de las\u00a0<strong>galer\u00edas y pozos<\/strong>\u00a0que han horadado desde hace m\u00e1s de un siglo el territorio insular.[\/vc_column_text][vc_btn title=\u00bbIr a la noticia completa en El D\u00eda\u00bb style=\u00bbflat\u00bb align=\u00bbleft\u00bb link=\u00bburl:https%3A%2F%2Fwww.eldia.es%2Ftenerife%2F2025%2F03%2F24%2Fagua-ciclo-tenerife-115610494.html|target:_blank\u00bb][vc_empty_space][\/vc_column_inner][\/vc_row_inner][vc_row_inner][vc_column_inner][vc_separator color=\u00bbcustom\u00bb accent_color=\u00bb#8e8e8e\u00bb][vc_single_image source=\u00bbexternal_link\u00bb external_img_size=\u00bb300&#215;321&#8243; custom_src=\u00bbhttps:\/\/diariodeavisos.elespanol.com\/wp-content\/uploads\/2025\/02\/DCM259.jpg\u00bb][vc_custom_heading text=\u00bbAgua, de Jos\u00e9 Luis Zurita\u00bb font_container=\u00bbtag:h3|font_size:1.2em|text_align:left|color:%23f15046|line_height:100%25&#8243; google_fonts=\u00bbfont_family:Roboto%3A100%2C100italic%2C300%2C300italic%2Cregular%2Citalic%2C500%2C500italic%2C700%2C700italic%2C900%2C900italic|font_style:300%20light%20regular%3A300%3Anormal\u00bb link=\u00bburl:https%3A%2F%2Fdiariodeavisos.elespanol.com%2F2025%2F02%2Fagua%2F|target:_blank\u00bb][vc_column_text]23 de febrero de 2025[\/vc_column_text][vc_column_text]El agua, salvo cuando no llueve a gusto o es maldita humedad, es maravilloso man\u00e1 que cae del Cielo o brota de las entra\u00f1as. El agua fluye, busca camino sin preguntar, lubrifica los tendones. Sacia la sed, la eliminamos en la orina. Mean\u00a0<strong>Donald Trump<\/strong>,\u00a0<strong>Zelenski<\/strong>\u00a0y\u00a0<strong>Putin<\/strong>\u00a0entre la guerra y la paz. Y miccionan\u00a0<strong>Milei<\/strong>\u00a0y\u00a0<strong>Elon Musk<\/strong>, alienados con una motosierra. Nos meamos encima. Perturban la Matanza de Texas, las gafas de sol, el gaucho iluminado y los aspavientos. Visto el andar, ansiamos peces y burbujas de amor por donde quiera.[\/vc_column_text][vc_btn title=\u00bbIr a la noticia completa en Diario de Avisos\u00bb style=\u00bbflat\u00bb align=\u00bbleft\u00bb link=\u00bburl:https%3A%2F%2Fdiariodeavisos.elespanol.com%2F2025%2F02%2Fagua%2F|target:_blank\u00bb][vc_empty_space][\/vc_column_inner][\/vc_row_inner][vc_row_inner][vc_column_inner][vc_separator color=\u00bbcustom\u00bb accent_color=\u00bb#8e8e8e\u00bb][vc_custom_heading text=\u00bbCANARIAS DE CAMPO Y MAR\u00bb font_container=\u00bbtag:h3|font_size:1.2em|text_align:left|color:%23f15046|line_height:100%25&#8243; google_fonts=\u00bbfont_family:Roboto%3A100%2C100italic%2C300%2C300italic%2Cregular%2Citalic%2C500%2C500italic%2C700%2C700italic%2C900%2C900italic|font_style:300%20light%20regular%3A300%3Anormal\u00bb link=\u00bburl:https%3A%2F%2Flagenda.org%2Fprogramacion%2Fagua-y-vida-en-el-pasado-presente-y-futuro-de-tenerife-exposicion-documental-tenerife%23google_vignette|target:_blank\u00bb][vc_column_text]19 de febrero de 2025[\/vc_column_text][vc_raw_html]JTNDaWZyYW1lJTIwc3JjJTNEJTIyaHR0cHMlM0ElMkYlMkZ3d3cuaXZvb3guY29tJTJGcGxheWVyX2VqXzEzOTk4NDYzMV82XzEuaHRtbCUzRmMxJTNEYjQ4MjVkJTIyJTIwd2lkdGglM0QlMjIxMDAlMjUlMjIlMjBoZWlnaHQlM0QlMjIyMDAlMjIlMjBmcmFtZWJvcmRlciUzRCUyMjAlMjIlMjBhbGxvd2Z1bGxzY3JlZW4lM0QlMjIlMjIlMjBzY3JvbGxpbmclM0QlMjJubyUyMiUyMGxvYWRpbmclM0QlMjJsYXp5JTIyJTNFJTNDJTJGaWZyYW1lJTNF[\/vc_raw_html][vc_column_text]Este mi\u00e9rcoles 19, hemos hablado con el profesor de la ULL, Jos\u00e9\u00a0 Antonio Batista, de la exposicion sobre el ayer, el hoy, y el futuro del agua en Tenerife, que se puede visitar en la Biblioteca General y de Humanidades de la Universidad de La Laguna.<\/p>\n<p>El 73% del agua que se consume en Tenerife procede del subsuelo, galerias y pozos. Dentro de 100 a\u00f1os, la isla ver\u00e1 reducida esta produccion de agua, en un 50%. Y en 16 a\u00f1os, se cumple el periodo de concesi\u00f3n a los propietarios de aguas y galerias, de la Ley de Aguas de Canarias.<\/p>\n<p>\u00bfQu\u00e9 puede pasar?[\/vc_column_text][vc_btn title=\u00bbIr a la noticia completa en Diario de Avisos\u00bb style=\u00bbflat\u00bb align=\u00bbleft\u00bb link=\u00bburl:https%3A%2F%2Fdiariodeavisos.elespanol.com%2F2025%2F02%2Fagua%2F|target:_blank\u00bb][vc_empty_space][\/vc_column_inner][\/vc_row_inner][vc_row_inner][vc_column_inner][vc_separator color=\u00bbcustom\u00bb accent_color=\u00bb#8e8e8e\u00bb][vc_single_image source=\u00bbexternal_link\u00bb custom_src=\u00bbhttps:\/\/s3-eu-west-1.amazonaws.com\/beta.lagenda\/styles\/image1000x1000\/s3\/programacion\/agua-y-vida-tenerife-05.jpg?itok=T2XCPuBa\u00bb][vc_custom_heading text=\u00bbAGUA Y VIDA EN EL PASADO, PRESENTE Y FUTUTO DE TENERIFE\u00bb font_container=\u00bbtag:h3|font_size:1.2em|text_align:left|color:%23f15046|line_height:100%25&#8243; google_fonts=\u00bbfont_family:Roboto%3A100%2C100italic%2C300%2C300italic%2Cregular%2Citalic%2C500%2C500italic%2C700%2C700italic%2C900%2C900italic|font_style:300%20light%20regular%3A300%3Anormal\u00bb link=\u00bburl:https%3A%2F%2Flagenda.org%2Fprogramacion%2Fagua-y-vida-en-el-pasado-presente-y-futuro-de-tenerife-exposicion-documental-tenerife%23google_vignette|target:_blank\u00bb][vc_column_text]18 de febrero de 2025[\/vc_column_text][vc_btn title=\u00bbIr a la noticia completa en Lagenda, Gu\u00eda de Ocio de Tenerife\u00bb style=\u00bbflat\u00bb align=\u00bbleft\u00bb link=\u00bburl:https%3A%2F%2Flagenda.org%2Fprogramacion%2Fagua-y-vida-en-el-pasado-presente-y-futuro-de-tenerife-exposicion-documental-tenerife%23google_vignette|target:_blank\u00bb][vc_empty_space][\/vc_column_inner][\/vc_row_inner][vc_row_inner][vc_column_inner][vc_separator color=\u00bbcustom\u00bb accent_color=\u00bb#8e8e8e\u00bb][vc_single_image source=\u00bbexternal_link\u00bb custom_src=\u00bbhttps:\/\/www.elperiodicodecanarias.es\/wp-content\/uploads\/2025\/02\/Agua-y-vida-Tenerife-05-1024&#215;683.jpg\u00bb][vc_custom_heading text=\u00bbUNA EXPOSICI\u00d3N REIVINDICA EN LA ULL LOS ESFUERZOS PASADOS Y LOS RETOS FUTUROS DEL SECTOR DEL AGUA EN TENERIFE\u00bb font_container=\u00bbtag:h3|font_size:1.2em|text_align:left|color:%23f15046|line_height:100%25&#8243; google_fonts=\u00bbfont_family:Roboto%3A100%2C100italic%2C300%2C300italic%2Cregular%2Citalic%2C500%2C500italic%2C700%2C700italic%2C900%2C900italic|font_style:300%20light%20regular%3A300%3Anormal\u00bb link=\u00bburl:https%3A%2F%2Fwww.elperiodicodecanarias.es%2Funa-exposicion-reivindica-en-la-ull-los-esfuerzos-pasados-y-los-retos-futuros-del-sector-del-agua-en-tenerife%2F|target:_blank\u00bb][vc_column_text]18 de febrero de 2025[\/vc_column_text][vc_btn title=\u00bbIr a la noticia completa en El Peri\u00f3dico de Canarias\u00bb style=\u00bbflat\u00bb align=\u00bbleft\u00bb link=\u00bburl:https%3A%2F%2Fwww.elperiodicodecanarias.es%2Funa-exposicion-reivindica-en-la-ull-los-esfuerzos-pasados-y-los-retos-futuros-del-sector-del-agua-en-tenerife%2F|target:_blank\u00bb][vc_empty_space][\/vc_column_inner][\/vc_row_inner][vc_row_inner][vc_column_inner][vc_separator color=\u00bbcustom\u00bb accent_color=\u00bb#8e8e8e\u00bb][vc_single_image image=\u00bb1225&#8243; img_size=\u00bbfull\u00bb][vc_custom_heading text=\u00bbEl Consejo Insular de Aguas de Tenerife (CIATF) apoya la exposici\u00f3n \u201cAgua y Vida en el pasado y futuro de Tenerife\u201d, organizada por la Universidad de La Laguna\u00bb font_container=\u00bbtag:h3|font_size:1.2em|text_align:left|color:%23f15046|line_height:100%25&#8243; google_fonts=\u00bbfont_family:Roboto%3A100%2C100italic%2C300%2C300italic%2Cregular%2Citalic%2C500%2C500italic%2C700%2C700italic%2C900%2C900italic|font_style:300%20light%20regular%3A300%3Anormal\u00bb link=\u00bburl:https%3A%2F%2Fwww.instagram.com%2Fmedionaturalcabildotf%2Fp%2FDGLe-JJIHMG%2F%3Fimg_index%3D1|target:_blank\u00bb][vc_column_text]17 de febrero de 2025[\/vc_column_text][vc_btn title=\u00bbIr a la noticia completa en el Instagram de Medio Natural, Sostenibilidad, Seguridad y Emergencias del Cabildo de Tenerife\u00bb style=\u00bbflat\u00bb align=\u00bbleft\u00bb link=\u00bburl:https%3A%2F%2Fwww.instagram.com%2Fmedionaturalcabildotf%2Fp%2FDGLe-JJIHMG%2F%3Fimg_index%3D1|target:_blank\u00bb][vc_empty_space][\/vc_column_inner][\/vc_row_inner][vc_separator color=\u00bbcustom\u00bb accent_color=\u00bb#8e8e8e\u00bb][vc_single_image source=\u00bbexternal_link\u00bb custom_src=\u00bbhttps:\/\/www.ull.es\/portal\/noticias\/wp-content\/uploads\/sites\/13\/2025\/02\/Agua-y-vida-Tenerife-21.jpg\u00bb][vc_custom_heading text=\u00bbUna exposici\u00f3n reivindica en la ULL los esfuerzos pasados y los retos futuros del sector del agua en Tenerife\u00bb font_container=\u00bbtag:h3|font_size:1.2em|text_align:left|color:%23f15046|line_height:100%25&#8243; google_fonts=\u00bbfont_family:Roboto%3A100%2C100italic%2C300%2C300italic%2Cregular%2Citalic%2C500%2C500italic%2C700%2C700italic%2C900%2C900italic|font_style:300%20light%20regular%3A300%3Anormal\u00bb link=\u00bburl:https%3A%2F%2Fwww.ull.es%2Fportal%2Fnoticias%2F2025%2Funa-exposicion-reivindica-en-la-ull-los-esfuerzos-pasados-y-los-retos-futuros-del-sector-del-agua-en-tenerife%2F|target:_blank\u00bb][vc_column_text]17 de febrero de 2025[\/vc_column_text][vc_btn title=\u00bbIr a la noticia completa en la web de la Universidad de La Laguna\u00bb style=\u00bbflat\u00bb link=\u00bburl:https%3A%2F%2Fwww.ull.es%2Fportal%2Fnoticias%2F2025%2Funa-exposicion-reivindica-en-la-ull-los-esfuerzos-pasados-y-los-retos-futuros-del-sector-del-agua-en-tenerife%2F|target:_blank\u00bb][vc_empty_space][vc_separator color=\u00bbcustom\u00bb accent_color=\u00bb#8e8e8e\u00bb][vc_single_image source=\u00bbexternal_link\u00bb custom_src=\u00bbhttps:\/\/www.ull.es\/portal\/agenda\/wp-content\/uploads\/sites\/12\/2025\/02\/Exposicion-Agua-y-vida_eventos.jpg\u00bb][vc_custom_heading text=\u00bbExposici\u00f3n: \u2018Agua y Vida en el pasado, presente y futuro de Tenerife\u2019\u00bb font_container=\u00bbtag:h3|font_size:1.2em|text_align:left|color:%23f15046|line_height:100%25&#8243; google_fonts=\u00bbfont_family:Roboto%3A100%2C100italic%2C300%2C300italic%2Cregular%2Citalic%2C500%2C500italic%2C700%2C700italic%2C900%2C900italic|font_style:300%20light%20regular%3A300%3Anormal\u00bb link=\u00bburl:https%3A%2F%2Fwww.ull.es%2Fportal%2Fagenda%2Fevento%2Fexposicion-agua-y-vida-en-el-pasado-presente-y-futuro-de-tenerife%2F|target:_blank\u00bb][vc_column_text]17 de febrero de 2025[\/vc_column_text][vc_btn title=\u00bbIr a la noticia completa en la web de la Universidad de La Laguna\u00bb style=\u00bbflat\u00bb link=\u00bburl:https%3A%2F%2Fwww.ull.es%2Fportal%2Fagenda%2Fevento%2Fexposicion-agua-y-vida-en-el-pasado-presente-y-futuro-de-tenerife%2F|target:_blank\u00bb][vc_empty_space][\/vc_column][\/vc_row][vc_row gap=\u00bb30&#8243; css=\u00bb.vc_custom_1727697933407{padding-right: 90px !important;padding-left: 90px !important;background-color: #ffffff !important;}\u00bb][vc_column width=\u00bb1\/3&#8243;][vc_separator color=\u00bbcustom\u00bb accent_color=\u00bb#8e8e8e\u00bb][\/vc_column][vc_column width=\u00bb2\/3&#8243;][vc_separator color=\u00bbcustom\u00bb accent_color=\u00bb#8e8e8e\u00bb][\/vc_column][\/vc_row][vc_row gap=\u00bb30&#8243; css=\u00bb.vc_custom_1727697933407{padding-right: 90px !important;padding-left: 90px !important;background-color: #ffffff !important;}\u00bb][vc_column width=\u00bb1\/3&#8243;][\/vc_column][vc_column width=\u00bb2\/3&#8243;][vc_row_inner][vc_column_inner width=\u00bb1\/3&#8243;][vc_single_image image=\u00bb1050&#8243; alignment=\u00bbcenter\u00bb onclick=\u00bbcustom_link\u00bb img_link_target=\u00bb_blank\u00bb link=\u00bbhttps:\/\/www.ull.es\/\u00bb][\/vc_column_inner][vc_column_inner width=\u00bb1\/3&#8243;][vc_single_image image=\u00bb1049&#8243; alignment=\u00bbcenter\u00bb onclick=\u00bbcustom_link\u00bb img_link_target=\u00bb_blank\u00bb link=\u00bbhttps:\/\/www.aguastenerife.org\/\u00bb][\/vc_column_inner][vc_column_inner width=\u00bb1\/3&#8243;][vc_single_image image=\u00bb1055&#8243; alignment=\u00bbcenter\u00bb onclick=\u00bbcustom_link\u00bb img_link_target=\u00bb_blank\u00bb link=\u00bbhttps:\/\/www.camaradeaguas.com\/\u00bb][\/vc_column_inner][\/vc_row_inner][vc_separator color=\u00bbcustom\u00bb accent_color=\u00bb#8e8e8e\u00bb][\/vc_column][\/vc_row]<\/p>\n","protected":false},"excerpt":{"rendered":"<p>[vc_row gap=\u00bb35&#8243; equal_height=\u00bbyes\u00bb content_placement=\u00bbbottom\u00bb css=\u00bb.vc_custom_1727692271162{background-position: center !important;background-repeat: no-repeat !important;background-size: cover !important;}\u00bb][vc_column width=\u00bb1\/3&#8243;][vc_single_image image=\u00bb995&#8243; img_size=\u00bbmedium\u00bb][\/vc_column][vc_column width=\u00bb2\/3&#8243;][\/vc_column][\/vc_row][vc_row gap=\u00bb35&#8243; equal_height=\u00bbyes\u00bb content_placement=\u00bbbottom\u00bb disable_element=\u00bbyes\u00bb css=\u00bb.vc_custom_1739880155297{background-image: url(http:\/\/www.ull.es\/eventos\/agua-y-vida\/wp-content\/uploads\/sites\/63\/2025\/02\/banner7.jpg?id=1030) !important;background-position: center !important;background-repeat: no-repeat !important;background-size: contain !important;}\u00bb][vc_column width=\u00bb1\/3&#8243; el_class=\u00bbslider_portada\u00bb][vc_empty_space height=\u00bb400&#8243;][\/vc_column][vc_column width=\u00bb2\/3&#8243;][\/vc_column][\/vc_row][vc_row gap=\u00bb35&#8243; content_placement=\u00bbtop\u00bb css=\u00bb.vc_custom_1727692820016{padding-right: 90px !important;padding-left: 90px !important;background-color: #ffffff !important;}\u00bb][vc_column width=\u00bb1\/3&#8243;][vc_separator color=\u00bbcustom\u00bb accent_color=\u00bb#8e8e8e\u00bb][vc_custom_heading source=\u00bbpost_title\u00bb font_container=\u00bbtag:h1|font_size:1.8em|text_align:left|color:%23f15046|line_height:100%25&#8243; google_fonts=\u00bbfont_family:Roboto%3A100%2C100italic%2C300%2C300italic%2Cregular%2Citalic%2C500%2C500italic%2C700%2C700italic%2C900%2C900italic|font_style:300%20light%20regular%3A300%3Anormal\u00bb][vc_separator color=\u00bbcustom\u00bb accent_color=\u00bb#8e8e8e\u00bb][vc_empty_space][\/vc_column][vc_column width=\u00bb2\/3&#8243;][vc_row_inner][vc_column_inner][vc_separator color=\u00bbcustom\u00bb accent_color=\u00bb#8e8e8e\u00bb][vc_single_image source=\u00bbexternal_link\u00bb custom_src=\u00bbhttps:\/\/periodismo.ull.es\/wp-content\/uploads\/2025\/03\/a3f22cd1-cf33-45d0-bda1-829b5426dcfc-scaled.jpg\u00bb][vc_custom_heading text=\u00bbJos\u00e9&#8230;<\/p>\n","protected":false},"author":14,"featured_media":0,"parent":0,"menu_order":0,"comment_status":"closed","ping_status":"closed","template":"templates\/template-no-title.php","meta":{"footnotes":""},"class_list":["post-1214","page","type-page","status-publish","hentry"],"_links":{"self":[{"href":"https:\/\/www.ull.es\/eventos\/agua-y-vida\/wp-json\/wp\/v2\/pages\/1214"}],"collection":[{"href":"https:\/\/www.ull.es\/eventos\/agua-y-vida\/wp-json\/wp\/v2\/pages"}],"about":[{"href":"https:\/\/www.ull.es\/eventos\/agua-y-vida\/wp-json\/wp\/v2\/types\/page"}],"author":[{"embeddable":true,"href":"https:\/\/www.ull.es\/eventos\/agua-y-vida\/wp-json\/wp\/v2\/users\/14"}],"replies":[{"embeddable":true,"href":"https:\/\/www.ull.es\/eventos\/agua-y-vida\/wp-json\/wp\/v2\/comments?post=1214"}],"version-history":[{"count":29,"href":"https:\/\/www.ull.es\/eventos\/agua-y-vida\/wp-json\/wp\/v2\/pages\/1214\/revisions"}],"predecessor-version":[{"id":1275,"href":"https:\/\/www.ull.es\/eventos\/agua-y-vida\/wp-json\/wp\/v2\/pages\/1214\/revisions\/1275"}],"wp:attachment":[{"href":"https:\/\/www.ull.es\/eventos\/agua-y-vida\/wp-json\/wp\/v2\/media?parent=1214"}],"curies":[{"name":"wp","href":"https:\/\/api.w.org\/{rel}","templated":true}]}}