{"id":1263,"date":"2025-03-12T11:25:26","date_gmt":"2025-03-12T11:25:26","guid":{"rendered":"https:\/\/www.ull.es\/eventos\/agua-y-vida\/?page_id=1263"},"modified":"2025-03-12T11:25:26","modified_gmt":"2025-03-12T11:25:26","slug":"multimedia","status":"publish","type":"page","link":"https:\/\/www.ull.es\/eventos\/agua-y-vida\/multimedia\/","title":{"rendered":"Multimedia"},"content":{"rendered":"<p>[vc_row gap=\u00bb35&#8243; equal_height=\u00bbyes\u00bb content_placement=\u00bbbottom\u00bb css=\u00bb.vc_custom_1727692271162{background-position: center !important;background-repeat: no-repeat !important;background-size: cover !important;}\u00bb][vc_column width=\u00bb1\/3&#8243;][vc_single_image image=\u00bb995&#8243; img_size=\u00bbmedium\u00bb][\/vc_column][vc_column width=\u00bb2\/3&#8243;][\/vc_column][\/vc_row][vc_row gap=\u00bb35&#8243; equal_height=\u00bbyes\u00bb content_placement=\u00bbbottom\u00bb css=\u00bb.vc_custom_1741778441265{background-position: center !important;background-repeat: no-repeat !important;background-size: contain !important;}\u00bb][vc_column width=\u00bb1\/3&#8243; el_class=\u00bbslider_portada\u00bb][\/vc_column][vc_column width=\u00bb2\/3&#8243;][\/vc_column][\/vc_row][vc_row gap=\u00bb35&#8243; content_placement=\u00bbtop\u00bb css=\u00bb.vc_custom_1727692820016{padding-right: 90px !important;padding-left: 90px !important;background-color: #ffffff !important;}\u00bb][vc_column width=\u00bb1\/3&#8243;][vc_separator color=\u00bbcustom\u00bb accent_color=\u00bb#8e8e8e\u00bb][vc_custom_heading source=\u00bbpost_title\u00bb font_container=\u00bbtag:h1|font_size:1.8em|text_align:left|color:%23f15046|line_height:100%25&#8243; google_fonts=\u00bbfont_family:Roboto%3A100%2C100italic%2C300%2C300italic%2Cregular%2Citalic%2C500%2C500italic%2C700%2C700italic%2C900%2C900italic|font_style:300%20light%20regular%3A300%3Anormal\u00bb][vc_separator color=\u00bbcustom\u00bb accent_color=\u00bb#8e8e8e\u00bb][vc_empty_space][\/vc_column][vc_column width=\u00bb2\/3&#8243;][vc_separator color=\u00bbcustom\u00bb accent_color=\u00bb#8e8e8e\u00bb][vc_custom_heading text=\u00bbConferencia\u00bb font_container=\u00bbtag:h6|font_size:1.2em|text_align:left|color:%23000000|line_height:100%25&#8243; google_fonts=\u00bbfont_family:Roboto%3A100%2C100italic%2C300%2C300italic%2Cregular%2Citalic%2C500%2C500italic%2C700%2C700italic%2C900%2C900italic|font_style:300%20light%20regular%3A300%3Anormal\u00bb][vc_empty_space][vc_video link=\u00bbhttps:\/\/youtu.be\/5M9ZXMXX&#8211;g\u00bb][vc_empty_space][vc_column_text]Conferencia a cargo de <strong>Juan Jos\u00e9 Braojos Ruiz<\/strong>, Ingeniero T\u00e9cnico de Obras P\u00fablicas e Hidr\u00f3logo, celebrada el pasado 17 de febrero de 2025 en la Biblioteca General y de Humanidades de la ULL, bajo el t\u00edtulo \u00abPasado, presente y futuro de las aguas subterr\u00e1neas en Tenerife\u00bb.[\/vc_column_text][vc_empty_space][\/vc_column][\/vc_row][vc_row gap=\u00bb30&#8243; css=\u00bb.vc_custom_1727697933407{padding-right: 90px !important;padding-left: 90px !important;background-color: #ffffff !important;}\u00bb][vc_column width=\u00bb1\/3&#8243;][vc_separator color=\u00bbcustom\u00bb accent_color=\u00bb#8e8e8e\u00bb][\/vc_column][vc_column width=\u00bb2\/3&#8243;][vc_separator color=\u00bbcustom\u00bb accent_color=\u00bb#8e8e8e\u00bb][\/vc_column][\/vc_row][vc_row gap=\u00bb30&#8243; css=\u00bb.vc_custom_1727697933407{padding-right: 90px !important;padding-left: 90px !important;background-color: #ffffff !important;}\u00bb][vc_column width=\u00bb1\/3&#8243;][\/vc_column][vc_column width=\u00bb2\/3&#8243;][vc_row_inner][vc_column_inner width=\u00bb1\/3&#8243;][vc_single_image image=\u00bb1050&#8243; alignment=\u00bbcenter\u00bb onclick=\u00bbcustom_link\u00bb img_link_target=\u00bb_blank\u00bb link=\u00bbhttps:\/\/www.ull.es\/\u00bb][\/vc_column_inner][vc_column_inner width=\u00bb1\/3&#8243;][vc_single_image image=\u00bb1049&#8243; alignment=\u00bbcenter\u00bb onclick=\u00bbcustom_link\u00bb img_link_target=\u00bb_blank\u00bb link=\u00bbhttps:\/\/www.aguastenerife.org\/\u00bb][\/vc_column_inner][vc_column_inner width=\u00bb1\/3&#8243;][vc_single_image image=\u00bb1055&#8243; alignment=\u00bbcenter\u00bb onclick=\u00bbcustom_link\u00bb img_link_target=\u00bb_blank\u00bb link=\u00bbhttps:\/\/www.camaradeaguas.com\/\u00bb][\/vc_column_inner][\/vc_row_inner][vc_separator color=\u00bbcustom\u00bb accent_color=\u00bb#8e8e8e\u00bb][\/vc_column][\/vc_row]<\/p>\n","protected":false},"excerpt":{"rendered":"<p>[vc_row gap=\u00bb35&#8243; equal_height=\u00bbyes\u00bb content_placement=\u00bbbottom\u00bb css=\u00bb.vc_custom_1727692271162{background-position: center !important;background-repeat: no-repeat !important;background-size: cover !important;}\u00bb][vc_column width=\u00bb1\/3&#8243;][vc_single_image image=\u00bb995&#8243; img_size=\u00bbmedium\u00bb][\/vc_column][vc_column width=\u00bb2\/3&#8243;][\/vc_column][\/vc_row][vc_row gap=\u00bb35&#8243; equal_height=\u00bbyes\u00bb content_placement=\u00bbbottom\u00bb css=\u00bb.vc_custom_1741778441265{background-position: center !important;background-repeat: no-repeat !important;background-size: contain !important;}\u00bb][vc_column width=\u00bb1\/3&#8243; el_class=\u00bbslider_portada\u00bb][\/vc_column][vc_column width=\u00bb2\/3&#8243;][\/vc_column][\/vc_row][vc_row gap=\u00bb35&#8243; content_placement=\u00bbtop\u00bb css=\u00bb.vc_custom_1727692820016{padding-right: 90px !important;padding-left: 90px !important;background-color: #ffffff !important;}\u00bb][vc_column width=\u00bb1\/3&#8243;][vc_separator color=\u00bbcustom\u00bb accent_color=\u00bb#8e8e8e\u00bb][vc_custom_heading source=\u00bbpost_title\u00bb font_container=\u00bbtag:h1|font_size:1.8em|text_align:left|color:%23f15046|line_height:100%25&#8243; google_fonts=\u00bbfont_family:Roboto%3A100%2C100italic%2C300%2C300italic%2Cregular%2Citalic%2C500%2C500italic%2C700%2C700italic%2C900%2C900italic|font_style:300%20light%20regular%3A300%3Anormal\u00bb][vc_separator color=\u00bbcustom\u00bb accent_color=\u00bb#8e8e8e\u00bb][vc_empty_space][\/vc_column][vc_column width=\u00bb2\/3&#8243;][vc_separator color=\u00bbcustom\u00bb accent_color=\u00bb#8e8e8e\u00bb][vc_custom_heading text=\u00bbConferencia\u00bb font_container=\u00bbtag:h6|font_size:1.2em|text_align:left|color:%23000000|line_height:100%25&#8243; google_fonts=\u00bbfont_family:Roboto%3A100%2C100italic%2C300%2C300italic%2Cregular%2Citalic%2C500%2C500italic%2C700%2C700italic%2C900%2C900italic|font_style:300%20light%20regular%3A300%3Anormal\u00bb][vc_empty_space][vc_video link=\u00bbhttps:\/\/youtu.be\/5M9ZXMXX&#8211;g\u00bb][vc_empty_space][vc_column_text]Conferencia a cargo de&#8230;<\/p>\n","protected":false},"author":14,"featured_media":0,"parent":0,"menu_order":0,"comment_status":"closed","ping_status":"closed","template":"templates\/template-no-title.php","meta":{"footnotes":""},"class_list":["post-1263","page","type-page","status-publish","hentry"],"_links":{"self":[{"href":"https:\/\/www.ull.es\/eventos\/agua-y-vida\/wp-json\/wp\/v2\/pages\/1263"}],"collection":[{"href":"https:\/\/www.ull.es\/eventos\/agua-y-vida\/wp-json\/wp\/v2\/pages"}],"about":[{"href":"https:\/\/www.ull.es\/eventos\/agua-y-vida\/wp-json\/wp\/v2\/types\/page"}],"author":[{"embeddable":true,"href":"https:\/\/www.ull.es\/eventos\/agua-y-vida\/wp-json\/wp\/v2\/users\/14"}],"replies":[{"embeddable":true,"href":"https:\/\/www.ull.es\/eventos\/agua-y-vida\/wp-json\/wp\/v2\/comments?post=1263"}],"version-history":[{"count":9,"href":"https:\/\/www.ull.es\/eventos\/agua-y-vida\/wp-json\/wp\/v2\/pages\/1263\/revisions"}],"predecessor-version":[{"id":1272,"href":"https:\/\/www.ull.es\/eventos\/agua-y-vida\/wp-json\/wp\/v2\/pages\/1263\/revisions\/1272"}],"wp:attachment":[{"href":"https:\/\/www.ull.es\/eventos\/agua-y-vida\/wp-json\/wp\/v2\/media?parent=1263"}],"curies":[{"name":"wp","href":"https:\/\/api.w.org\/{rel}","templated":true}]}}