{"id":982,"date":"2025-02-10T11:03:54","date_gmt":"2025-02-10T11:03:54","guid":{"rendered":"https:\/\/www.ull.es\/eventos\/agua-y-vida\/?page_id=982"},"modified":"2025-02-17T08:32:13","modified_gmt":"2025-02-17T08:32:13","slug":"agua-y-vida-en-el-pasado-presente-y-futuro-de-tenerife","status":"publish","type":"page","link":"https:\/\/www.ull.es\/eventos\/agua-y-vida\/","title":{"rendered":"Agua y vida en el pasado, presente y futuro de Tenerife"},"content":{"rendered":"<p>[vc_row gap=\u00bb35&#8243; equal_height=\u00bbyes\u00bb content_placement=\u00bbbottom\u00bb css=\u00bb.vc_custom_1727692271162{background-position: center !important;background-repeat: no-repeat !important;background-size: cover !important;}\u00bb][vc_column width=\u00bb1\/3&#8243;][vc_single_image image=\u00bb995&#8243; img_size=\u00bbmedium\u00bb][\/vc_column][vc_column width=\u00bb2\/3&#8243;][\/vc_column][\/vc_row][vc_row gap=\u00bb35&#8243; equal_height=\u00bbyes\u00bb content_placement=\u00bbbottom\u00bb css=\u00bb.vc_custom_1727789401955{background-position: center !important;background-repeat: no-repeat !important;background-size: cover !important;}\u00bb el_class=\u00bbslider_portada\u00bb][vc_column el_class=\u00bbslider_portada\u00bb][vc_images_carousel images=\u00bb1118,1008,1031,1030,1029,1027,1026&#8243; img_size=\u00bbfull\u00bb onclick=\u00bblink_no\u00bb speed=\u00bb3000&#8243; autoplay=\u00bbyes\u00bb hide_pagination_control=\u00bbyes\u00bb hide_prev_next_buttons=\u00bbyes\u00bb wrap=\u00bbyes\u00bb][\/vc_column][\/vc_row][vc_row gap=\u00bb35&#8243; content_placement=\u00bbtop\u00bb css=\u00bb.vc_custom_1727692820016{padding-right: 90px !important;padding-left: 90px !important;background-color: #ffffff !important;}\u00bb][vc_column width=\u00bb1\/3&#8243;][vc_separator color=\u00bbcustom\u00bb accent_color=\u00bb#8e8e8e\u00bb][vc_custom_heading text=\u00bbAgua y vida en el pasado, presente y futuro de Tenerife\u00bb font_container=\u00bbtag:h1|font_size:1.8em|text_align:left|color:%23f15046|line_height:100%25&#8243; google_fonts=\u00bbfont_family:Roboto%3A100%2C100italic%2C300%2C300italic%2Cregular%2Citalic%2C500%2C500italic%2C700%2C700italic%2C900%2C900italic|font_style:300%20light%20regular%3A300%3Anormal\u00bb][vc_separator color=\u00bbcustom\u00bb accent_color=\u00bb#8e8e8e\u00bb][vc_empty_space][\/vc_column][vc_column width=\u00bb2\/3&#8243;][vc_separator color=\u00bbcustom\u00bb accent_color=\u00bb#8e8e8e\u00bb][vc_column_text]\u00abAgua y vida en el pasado, presente y futuro de Tenerife\u00bb es el t\u00edtulo elegido para la exposici\u00f3n bibliogr\u00e1fica, documental y fotogr\u00e1fica que se inaugura el 17 de febrero y permanecer\u00e1 instalada hasta el 31 de marzo de 2025 en la planta principal de la Biblioteca General y de Humanidades de la Universidad de La Laguna, ubicada en el Campus de Guajara. La muestra pone en valor el agua subterr\u00e1nea de la isla y rinde homenaje a las personas que, de una manera u otra, nos han dado, nos dan y nos dar\u00e1n este valioso bien natural.<\/p>\n<p>Nos referimos a un agua que sale del coraz\u00f3n de la isla y contiene en sus gotas historia, identidad cultural, belleza, disputas, cooperaci\u00f3n, dolor, esperanza, alegr\u00eda, tristeza, penurias, riqueza\u2026, en el m\u00e1s amplio sentido de la palabra: vida. No hablamos del agua solo como un recurso que satisface las necesidades productivas, de consumo y ocio, sino tambi\u00e9n como un bien natural esencial y sagrado, como lo era para la poblaci\u00f3n guanche.[\/vc_column_text][vc_empty_space][vc_media_grid element_width=\u00bb6&#8243; grid_id=\u00bbvc_gid:1739781004801-6d4d7f31-41c3-6&#8243; include=\u00bb1206,1208&#8243;][vc_empty_space][vc_column_text]Las personas a las que se muestra agradecimiento son aguadores, regantes, alcaldes de agua, canaleros, cabuqueros, rematadores, accionistas, intermediarios, ingenieros, administradores, ge\u00f3logos, hidroge\u00f3logos, peones, responsables p\u00fablicos, etc\u00e9tera; hombres y mujeres. Diferentes generaciones que han hecho posible el crecimiento econ\u00f3mico de Tenerife gracias al agua de sus entra\u00f1as, primero con la agricultura y luego con el turismo, y que han contribuido a mejorar el bienestar de sus comunidades. Personas que se desplazaron hasta los lugares m\u00e1s rec\u00f3nditos de la isla en busca de este bien natural, para llevarlo despu\u00e9s a sus barrios y casas, ya fuera sobre animales, sobre sus propios hombros o en sus cabezas. Personas que invirtieron sus ahorros en la incierta empresa de extraer el preciado l\u00edquido de las entra\u00f1as de la isla. Hombres que pasaron d\u00edas y d\u00edas en el interior de las galer\u00edas de agua; lejos de sus familias, sin luz natural ni aire puro; y que sufrieron por el fr\u00edo, el calor y la humedad. En esos agujeros horadados en la tierra se juntaron agua, sudor y l\u00e1grimas, y muchos perdieron la salud e incluso la vida. Personas que trabajaron duro para conseguir que hubiese agua en todo el territorio, para los hogares y los terrenos.<\/p>\n<p>\u00abAgua y vida en el pasado, presente y futuro de Tenerife\u00bb pretende tambi\u00e9n divulgar conocimiento, sensibilizar y reflexionar cr\u00edticamente sobre el ayer, el hoy y el ma\u00f1ana del agua subterr\u00e1nea. Fija la mirada en el pasado, habla del presente y pone el foco en el futuro para favorecer la protecci\u00f3n de este bien natural; porque habr\u00e1 otras aguas, pero no ser\u00e1n iguales. Esto se lleva a cabo mediante un recorrido, guiado por textos, a trav\u00e9s de fotograf\u00edas, libros, documentos, v\u00eddeos y objetos relacionados con los trabajos en las galer\u00edas.[\/vc_column_text][\/vc_column][\/vc_row][vc_row gap=\u00bb30&#8243; css=\u00bb.vc_custom_1727697933407{padding-right: 90px !important;padding-left: 90px !important;background-color: #ffffff !important;}\u00bb][vc_column width=\u00bb1\/3&#8243;][vc_separator color=\u00bbcustom\u00bb accent_color=\u00bb#8e8e8e\u00bb][\/vc_column][vc_column width=\u00bb2\/3&#8243;][vc_separator color=\u00bbcustom\u00bb accent_color=\u00bb#8e8e8e\u00bb][vc_row_inner][vc_column_inner width=\u00bb1\/3&#8243;][vc_single_image image=\u00bb1050&#8243; alignment=\u00bbcenter\u00bb onclick=\u00bbcustom_link\u00bb img_link_target=\u00bb_blank\u00bb link=\u00bbhttps:\/\/www.ull.es\/\u00bb][\/vc_column_inner][vc_column_inner width=\u00bb1\/3&#8243;][vc_single_image image=\u00bb1049&#8243; alignment=\u00bbcenter\u00bb onclick=\u00bbcustom_link\u00bb img_link_target=\u00bb_blank\u00bb link=\u00bbhttps:\/\/www.aguastenerife.org\/\u00bb][\/vc_column_inner][vc_column_inner width=\u00bb1\/3&#8243;][vc_single_image image=\u00bb1055&#8243; alignment=\u00bbcenter\u00bb onclick=\u00bbcustom_link\u00bb img_link_target=\u00bb_blank\u00bb link=\u00bbhttps:\/\/www.camaradeaguas.com\/\u00bb][\/vc_column_inner][\/vc_row_inner][\/vc_column][\/vc_row]<\/p>\n","protected":false},"excerpt":{"rendered":"<p>[vc_row gap=\u00bb35&#8243; equal_height=\u00bbyes\u00bb content_placement=\u00bbbottom\u00bb css=\u00bb.vc_custom_1727692271162{background-position: center !important;background-repeat: no-repeat !important;background-size: cover !important;}\u00bb][vc_column width=\u00bb1\/3&#8243;][vc_single_image image=\u00bb995&#8243; img_size=\u00bbmedium\u00bb][\/vc_column][vc_column width=\u00bb2\/3&#8243;][\/vc_column][\/vc_row][vc_row gap=\u00bb35&#8243; equal_height=\u00bbyes\u00bb content_placement=\u00bbbottom\u00bb css=\u00bb.vc_custom_1727789401955{background-position: center !important;background-repeat: no-repeat !important;background-size: cover !important;}\u00bb el_class=\u00bbslider_portada\u00bb][vc_column el_class=\u00bbslider_portada\u00bb][vc_images_carousel images=\u00bb1118,1008,1031,1030,1029,1027,1026&#8243; img_size=\u00bbfull\u00bb onclick=\u00bblink_no\u00bb speed=\u00bb3000&#8243; autoplay=\u00bbyes\u00bb hide_pagination_control=\u00bbyes\u00bb hide_prev_next_buttons=\u00bbyes\u00bb wrap=\u00bbyes\u00bb][\/vc_column][\/vc_row][vc_row gap=\u00bb35&#8243; content_placement=\u00bbtop\u00bb css=\u00bb.vc_custom_1727692820016{padding-right: 90px !important;padding-left: 90px !important;background-color: #ffffff !important;}\u00bb][vc_column width=\u00bb1\/3&#8243;][vc_separator color=\u00bbcustom\u00bb accent_color=\u00bb#8e8e8e\u00bb][vc_custom_heading text=\u00bbAgua y vida en el pasado, presente y&#8230;<\/p>\n","protected":false},"author":14,"featured_media":0,"parent":0,"menu_order":0,"comment_status":"closed","ping_status":"closed","template":"templates\/template-no-title.php","meta":{"footnotes":""},"class_list":["post-982","page","type-page","status-publish","hentry"],"_links":{"self":[{"href":"https:\/\/www.ull.es\/eventos\/agua-y-vida\/wp-json\/wp\/v2\/pages\/982"}],"collection":[{"href":"https:\/\/www.ull.es\/eventos\/agua-y-vida\/wp-json\/wp\/v2\/pages"}],"about":[{"href":"https:\/\/www.ull.es\/eventos\/agua-y-vida\/wp-json\/wp\/v2\/types\/page"}],"author":[{"embeddable":true,"href":"https:\/\/www.ull.es\/eventos\/agua-y-vida\/wp-json\/wp\/v2\/users\/14"}],"replies":[{"embeddable":true,"href":"https:\/\/www.ull.es\/eventos\/agua-y-vida\/wp-json\/wp\/v2\/comments?post=982"}],"version-history":[{"count":31,"href":"https:\/\/www.ull.es\/eventos\/agua-y-vida\/wp-json\/wp\/v2\/pages\/982\/revisions"}],"predecessor-version":[{"id":1210,"href":"https:\/\/www.ull.es\/eventos\/agua-y-vida\/wp-json\/wp\/v2\/pages\/982\/revisions\/1210"}],"wp:attachment":[{"href":"https:\/\/www.ull.es\/eventos\/agua-y-vida\/wp-json\/wp\/v2\/media?parent=982"}],"curies":[{"name":"wp","href":"https:\/\/api.w.org\/{rel}","templated":true}]}}