{"id":27,"date":"2019-10-17T12:23:12","date_gmt":"2019-10-17T10:23:12","guid":{"rendered":"http:\/\/www.ull.es\/eventos\/agustin-espinosa\/?page_id=27"},"modified":"2019-10-17T12:46:56","modified_gmt":"2019-10-17T10:46:56","slug":"presentacion","status":"publish","type":"page","link":"https:\/\/www.ull.es\/eventos\/agustin-espinosa\/presentacion\/","title":{"rendered":"Presentaci\u00f3n"},"content":{"rendered":"<p>[vc_row][vc_column width=\u00bb1\/6&#8243;][\/vc_column][vc_column width=\u00bb2\/3&#8243;][vc_custom_heading source=\u00bbpost_title\u00bb font_container=\u00bbtag:h2|text_align:left|color:%234e4d99&#8243; google_fonts=\u00bbfont_family:Hind%3A300%2Cregular%2C500%2C600%2C700|font_style:700%20bold%20regular%3A700%3Anormal\u00bb css_animation=\u00bbfadeIn\u00bb][vc_column_text]<em>Bajo el signo de Espinosa<\/em> pretende ser un homenaje al que, sin duda, es uno de los escritores m\u00e1s brillantes y exquisitos -si no el m\u00e1s- de la literatura insular. Due\u00f1o de una prosa impecable y de un estilo inconfundible y \u00fanico, supo mirar hacia el pasado de nuestra tradici\u00f3n y apuntar a la vez hacia el futuro, situando a Canarias en el mapa internacional de la poes\u00eda moderna. Porque Agust\u00edn Espinosa entendi\u00f3 bien pronto que \u201cpoes\u00eda\u201d era cualquier forma de expresi\u00f3n art\u00edstica que implicara rechazo a lo anquilosado y rancio.<\/p>\n<p>A Agust\u00edn Espinosa le debemos mucho, pero, sobre todo, el habernos permitido mirar y admirar nuestra historia cultural con ojos nuevos.<\/p>\n<p>Le debemos la recuperaci\u00f3n del Romancero, de Viera y Clavijo, de Clavijo y Fajardo.<\/p>\n<p>Le debemos la creaci\u00f3n de un estimulante ambiente de creaci\u00f3n colectiva que no ha vuelto a repetirse en las islas.<\/p>\n<p>Le debemos la magia y la efervescencia de un archipi\u00e9lago reinventado.<\/p>\n<p>Le debemos la creaci\u00f3n de Mar\u00eda Ana, esa inolvidable figura femenina que aun hoy nos saluda agitando sus axilas peludas. Mar\u00eda Ana, amiga y compa\u00f1era de la D\u00e1cil moderna, \u201ccontramito\u201d y emblema de la mujer vanguardista.<\/p>\n<p>Le debemos la redacci\u00f3n de Crimen, que aun hoy sigue siendo el ejemplo m\u00e1s n\u00edtido y explosivo de la escritura surrealista en lengua castellana.<\/p>\n<p>Esta exposici\u00f3n intenta reconstruir la aventura creativa de este escritor inmenso, que se forj\u00f3 en la \u201cisla vanguardista\u201d, floreci\u00f3 en la \u201cisla surrealista\u201d y fue brutalmente silenciado \u201cen la isla de las maldiciones\u201d.[\/vc_column_text][\/vc_column][vc_column width=\u00bb1\/6&#8243;][\/vc_column][\/vc_row]<\/p>\n","protected":false},"excerpt":{"rendered":"<p>[vc_row][vc_column width=\u00bb1\/6&#8243;][\/vc_column][vc_column width=\u00bb2\/3&#8243;][vc_custom_heading source=\u00bbpost_title\u00bb font_container=\u00bbtag:h2|text_align:left|color:%234e4d99&#8243; google_fonts=\u00bbfont_family:Hind%3A300%2Cregular%2C500%2C600%2C700|font_style:700%20bold%20regular%3A700%3Anormal\u00bb css_animation=\u00bbfadeIn\u00bb][vc_column_text]Bajo el signo de Espinosa pretende ser un homenaje al que, sin duda, es uno de los escritores m\u00e1s brillantes y exquisitos -si no el m\u00e1s- de la literatura insular. Due\u00f1o de una prosa impecable y de un estilo inconfundible y \u00fanico, supo mirar hacia el pasado de nuestra&#8230;<\/p>\n","protected":false},"author":14,"featured_media":0,"parent":0,"menu_order":0,"comment_status":"closed","ping_status":"closed","template":"","meta":{"footnotes":""},"class_list":["post-27","page","type-page","status-publish","hentry"],"_links":{"self":[{"href":"https:\/\/www.ull.es\/eventos\/agustin-espinosa\/wp-json\/wp\/v2\/pages\/27"}],"collection":[{"href":"https:\/\/www.ull.es\/eventos\/agustin-espinosa\/wp-json\/wp\/v2\/pages"}],"about":[{"href":"https:\/\/www.ull.es\/eventos\/agustin-espinosa\/wp-json\/wp\/v2\/types\/page"}],"author":[{"embeddable":true,"href":"https:\/\/www.ull.es\/eventos\/agustin-espinosa\/wp-json\/wp\/v2\/users\/14"}],"replies":[{"embeddable":true,"href":"https:\/\/www.ull.es\/eventos\/agustin-espinosa\/wp-json\/wp\/v2\/comments?post=27"}],"version-history":[{"count":8,"href":"https:\/\/www.ull.es\/eventos\/agustin-espinosa\/wp-json\/wp\/v2\/pages\/27\/revisions"}],"predecessor-version":[{"id":35,"href":"https:\/\/www.ull.es\/eventos\/agustin-espinosa\/wp-json\/wp\/v2\/pages\/27\/revisions\/35"}],"wp:attachment":[{"href":"https:\/\/www.ull.es\/eventos\/agustin-espinosa\/wp-json\/wp\/v2\/media?parent=27"}],"curies":[{"name":"wp","href":"https:\/\/api.w.org\/{rel}","templated":true}]}}