{"id":537,"date":"2020-01-13T10:08:25","date_gmt":"2020-01-13T09:08:25","guid":{"rendered":"http:\/\/www.ull.es\/eventos\/alvarez-rixo\/?page_id=537"},"modified":"2021-05-11T10:59:20","modified_gmt":"2021-05-11T08:59:20","slug":"537-2","status":"publish","type":"page","link":"https:\/\/www.ull.es\/eventos\/alvarez-rixo\/537-2\/","title":{"rendered":"Obra"},"content":{"rendered":"<p>[vc_row full_width=\u00bbstretch_row_content\u00bb][vc_column width=\u00bb1\/6&#8243;][\/vc_column][vc_column width=\u00bb2\/3&#8243;][vc_column_text]<\/p>\n<h2>Obra<\/h2>\n<p>[\/vc_column_text][vc_media_grid element_width=\u00bb3&#8243; grid_id=\u00bbvc_gid:1620723476606-dc7a3854-ac8f-6&#8243; include=\u00bb358,359,551,361&#8243;][vc_empty_space][vc_column_text]La obra de \u00c1lvarez Rixo asombra por su amplitud y variedad y en ella destacan las aportaciones de car\u00e1cter hist\u00f3rico (<em>Cuadro hist\u00f3rico de estas Islas Canarias o Noticias generales de su estado y acaecimientos m\u00e1s memorables, durante los cuatro a\u00f1os de 1808 a 1812; Varias noticias biogr\u00e1ficas de algunos isle\u00f1os canarios; An\u00e9cdotas referentes a la sublevaci\u00f3n de las Am\u00e9ricas en cuyos sucesos sufrieron y figuraron muchos isle\u00f1os canarios<\/em>). Tambi\u00e9n son importantes sus contribuciones de car\u00e1cter ling\u00fc\u00edstico, como Lenguaje de los antiguos isle\u00f1os; Voces, frases y proverbios provinciales de nuestras Islas Canarias, con sus derivaciones, significados y aplicaciones y Vocablos isle\u00f1os .<\/p>\n<p>A estos trabajos se suman otros de \u00edndole antropol\u00f3gica (<em>Usos y costumbres de los aldeanos de la isla de La Palma y La Gomera; Caba\u00f1uelas precedidas de una curiosa rueda astrol\u00f3gica antigua y esperimentada<\/em>), agr\u00edcola y comercial, como los relativos a la introducci\u00f3n de nuevos cultivos y consejos para su explotaci\u00f3n (<em>El pl\u00e1tano; La cochinilla; Las papas; Morales, moreras y criaz\u00f3n de los gusanos de seda; El the; Guano; El comercio del siglo 18 y Colecci\u00f3n de observaciones y noticias acerca de la pesca que hacen nuestras naves en la vecina costa de Africa<\/em>). Tambi\u00e9n escribe sobre geolog\u00eda (<em>Descripci\u00f3n del volc\u00e1n de Lanzarote en 1824; Descripci\u00f3n de distintas cuevas y cavernas existentes en estas Islas Canarias; Alteraciones f\u00edsicas que han experimentado algunos puntos de la costa norte de esta isla de Tenerife desde principios del siglo<\/em>) y se preocupa por algunos temas sanitarios (<em>Noticias del origen y utilidad p\u00fablica de las cuarentenas y de los lazaretos y tambi\u00e9n del establecimiento y atribuciones de las Juntas de Sanidad en estas Islas Canarias<\/em>). Entre sus escritos se encuentran adem\u00e1s algunas creaciones literarias como <em>M\u00e1scaras o como el lector quiera llamarlas<\/em>.<\/p>\n<p>El inter\u00e9s de \u00c1lvarez Rixo no parece conocer l\u00edmites. Canarias es su universo tem\u00e1tico y todas las islas poseen, en amplitud variable, un lugar en su obra: <em>Usos y costumbres de los aldeanos de la isla de La Palma y La Gomera; Apuntes topogr\u00e1ficos, estad\u00edsticos e hist\u00f3ricos de la isla del Hierro; e Historia del Puerto de Arrecife<\/em>, entre otros. M\u00e1s numerosas son las contribuciones sobre Tenerife (<em>Episodios referentes a la invasi\u00f3n de Santa Cruz<\/em>) y, particularmente, las dedicadas al Puerto de la Cruz (<em>Memorias de los sucesos m\u00e1s memorables acaecidos en el Puerto de la Cruz de la Orotava; Tradiciones de la casa denominada Cuartel Viejo; Anales del Puerto de la Cruz de la Orotava divididos en d\u00e9cadas empezando desde el a\u00f1o 1701; y Descripci\u00f3n del Puerto de la Cruz de la Orotava en la isla de Tenerife la m\u00e1s central de las Canarias<\/em>).<\/p>\n<blockquote><p>En su af\u00e1n por recoger todos los datos posibles y documentar todo lo que ve\u00eda utiliz\u00f3 sus habilidades art\u00edsticas para \u2013 con sencillos dibujos y acuarelas, retratos y miniaturas- completar su relato de cuanto conoc\u00eda.<\/p><\/blockquote>\n<p>Jos\u00e9 Agust\u00edn \u00c1lvarez Rixo no era pintor, pero sus numerosas obras pintadas o dibujadas poseen un gran peso visual y de contenido, lo que redunda en el complemento perfecto a sus manuscritos. Adem\u00e1s de reproducir paisajes naturales, vistas urbanas y elementos arquitect\u00f3nicos, interiores de estancias, im\u00e1genes sagradas y objetos para el culto, mapas, planos, etc., \u00c1lvarez hace uso tambi\u00e9n del retrato y de la miniatura para representar a algunos personajes destacados del momento, ofreciendo un sinf\u00edn de testimonios gr\u00e1ficos de todo aquello que pod\u00eda tener inter\u00e9s.<\/p>\n<blockquote><p>\u00c1lvarez Rixo es un \u201cpoli-historiador\u201d o un pol\u00edgrafo (como se le suele llamar) si nos atenemos a la variada tem\u00e1tica de sus escritos, que abarcan desde la narraci\u00f3n hist\u00f3rica de hechos acaecidos en su entorno, historias locales y regionales, hasta biograf\u00edas y relatos etnohist\u00f3ricos; tambi\u00e9n orientar\u00e1 su investigaci\u00f3n hacia campos y disciplinas como la ling\u00fc\u00edstica o la arqueolog\u00eda y \u00e1reas de las ciencias naturales como la bot\u00e1nica, la agricultura, la geolog\u00eda\u2026<\/p><\/blockquote>\n<p>[\/vc_column_text][\/vc_column][vc_column width=\u00bb1\/6&#8243;][\/vc_column][\/vc_row]<\/p>\n","protected":false},"excerpt":{"rendered":"<p>[vc_row full_width=\u00bbstretch_row_content\u00bb][vc_column width=\u00bb1\/6&#8243;][\/vc_column][vc_column width=\u00bb2\/3&#8243;][vc_column_text] Obra [\/vc_column_text][vc_media_grid element_width=\u00bb3&#8243; grid_id=\u00bbvc_gid:1620723476606-dc7a3854-ac8f-6&#8243; include=\u00bb358,359,551,361&#8243;][vc_empty_space][vc_column_text]La obra de \u00c1lvarez Rixo asombra por su amplitud y variedad y en ella destacan las aportaciones de car\u00e1cter hist\u00f3rico (Cuadro hist\u00f3rico de estas Islas Canarias o Noticias generales de su estado y acaecimientos m\u00e1s memorables, durante los cuatro a\u00f1os de 1808 a 1812; Varias noticias biogr\u00e1ficas&#8230;<\/p>\n","protected":false},"author":14,"featured_media":0,"parent":0,"menu_order":0,"comment_status":"closed","ping_status":"closed","template":"","meta":{"footnotes":""},"class_list":["post-537","page","type-page","status-publish","hentry"],"_links":{"self":[{"href":"https:\/\/www.ull.es\/eventos\/alvarez-rixo\/wp-json\/wp\/v2\/pages\/537"}],"collection":[{"href":"https:\/\/www.ull.es\/eventos\/alvarez-rixo\/wp-json\/wp\/v2\/pages"}],"about":[{"href":"https:\/\/www.ull.es\/eventos\/alvarez-rixo\/wp-json\/wp\/v2\/types\/page"}],"author":[{"embeddable":true,"href":"https:\/\/www.ull.es\/eventos\/alvarez-rixo\/wp-json\/wp\/v2\/users\/14"}],"replies":[{"embeddable":true,"href":"https:\/\/www.ull.es\/eventos\/alvarez-rixo\/wp-json\/wp\/v2\/comments?post=537"}],"version-history":[{"count":6,"href":"https:\/\/www.ull.es\/eventos\/alvarez-rixo\/wp-json\/wp\/v2\/pages\/537\/revisions"}],"predecessor-version":[{"id":550,"href":"https:\/\/www.ull.es\/eventos\/alvarez-rixo\/wp-json\/wp\/v2\/pages\/537\/revisions\/550"}],"wp:attachment":[{"href":"https:\/\/www.ull.es\/eventos\/alvarez-rixo\/wp-json\/wp\/v2\/media?parent=537"}],"curies":[{"name":"wp","href":"https:\/\/api.w.org\/{rel}","templated":true}]}}