{"id":1943,"date":"2025-09-22T12:36:38","date_gmt":"2025-09-22T12:36:38","guid":{"rendered":"https:\/\/www.ull.es\/eventos\/andres-sanchez-robayna\/?page_id=1943"},"modified":"2025-09-24T09:15:03","modified_gmt":"2025-09-24T09:15:03","slug":"en-la-estela-del-homo-universalis","status":"publish","type":"page","link":"https:\/\/www.ull.es\/eventos\/andres-sanchez-robayna\/en-la-estela-del-homo-universalis\/","title":{"rendered":"En la estela del homo universalis"},"content":{"rendered":"<p>[vc_row css=\u00bb.vc_custom_1758526499690{margin-left: 0px !important;background-position: center !important;background-repeat: no-repeat !important;background-size: contain !important;}\u00bb el_class=\u00bbcontenido\u00bb][vc_column width=\u00bb1\/2&#8243;][vc_row_inner content_placement=\u00bbmiddle\u00bb][vc_column_inner width=\u00bb1\/6&#8243;][vc_single_image image=\u00bb1854&#8243; img_size=\u00bbfull\u00bb style=\u00bbvc_box_rounded\u00bb onclick=\u00bbcustom_link\u00bb link=\u00bbhttps:\/\/www.ull.es\/eventos\/andres-sanchez-robayna\u00bb][\/vc_column_inner][vc_column_inner width=\u00bb5\/6&#8243;][vc_custom_heading text=\u00bbAndr\u00e9s S\u00e1nchez Robayna\u00bb font_container=\u00bbtag:div|text_align:left|color:%23424242&#8243; google_fonts=\u00bbfont_family:Cardo%3Aregular%2Citalic%2C700|font_style:700%20bold%20regular%3A700%3Anormal\u00bb link=\u00bburl:https%3A%2F%2Fwww.ull.es%2Feventos%2Fandres-sanchez-robayna\u00bb][vc_custom_heading text=\u00bbo el libro del mundo\u00bb font_container=\u00bbtag:div|text_align:left|color:%23424242|line_height:.5em\u00bb google_fonts=\u00bbfont_family:Cardo%3Aregular%2Citalic%2C700|font_style:400%20italic%3A400%3Aitalic\u00bb link=\u00bburl:https%3A%2F%2Fwww.ull.es%2Feventos%2Fandres-sanchez-robayna\u00bb][\/vc_column_inner][\/vc_row_inner][vc_separator][vc_empty_space][\/vc_column][vc_column width=\u00bb1\/2&#8243;][\/vc_column][\/vc_row][vc_row css=\u00bb.vc_custom_1758525327658{margin-left: 0px !important;background-position: center !important;background-repeat: no-repeat !important;background-size: contain !important;}\u00bb][vc_column width=\u00bb1\/2&#8243;][vc_empty_space height=\u00bb16px\u00bb][vc_custom_heading source=\u00bbpost_title\u00bb font_container=\u00bbtag:h1|font_size:5em|text_align:left|color:%23424242|line_height:1.2em\u00bb google_fonts=\u00bbfont_family:Cardo%3Aregular%2Citalic%2C700|font_style:400%20italic%3A400%3Aitalic\u00bb][\/vc_column][vc_column width=\u00bb1\/2&#8243;][\/vc_column][\/vc_row][vc_row gap=\u00bb35&#8243; css=\u00bb.vc_custom_1758705301293{margin-left: 0px !important;background-image: url(http:\/\/www.ull.es\/eventos\/andres-sanchez-robayna\/wp-content\/uploads\/sites\/67\/2025\/09\/poema2.png?id=1864) !important;background-position: center !important;background-repeat: no-repeat !important;background-size: contain !important;}\u00bb][vc_column width=\u00bb1\/2&#8243;][vc_custom_heading text=\u00bbCarlos Brito D\u00edaz\u00bb font_container=\u00bbtag:h3|font_size:1em|text_align:left|color:%23424242&#8243; google_fonts=\u00bbfont_family:Cardo%3Aregular%2Citalic%2C700|font_style:700%20bold%20regular%3A700%3Anormal\u00bb][vc_separator][vc_empty_space height=\u00bb16px\u00bb][vc_column_text]Andr\u00e9s S\u00e1nchez Robayna fue profesor del Departamento de Filolog\u00eda Espa\u00f1ola en la Universidad de La Laguna durante 43 a\u00f1os, desde 1980 a 2023, fecha de su jubilaci\u00f3n, aunque su actividad continu\u00f3 con la efervescencia y productividad que siempre lo caracterizaron. Catedr\u00e1tico de literatura espa\u00f1ola desde 1995, desarroll\u00f3 su docencia en las asignaturas de Siglo de Oro y de Literatura de Canarias \u2014\u00e1mbitos en los que era un especialista de cabecera\u2014 en los diferentes planes de estudios, desde la extinta titulaci\u00f3n de Licenciatura en Filolog\u00eda Hisp\u00e1nica a la actual del Grado en Espa\u00f1ol: Lengua y Literatura. Imparti\u00f3 durante a\u00f1os un monogr\u00e1fico de licenciatura y diferentes cursos de doctorado sobre un autor del que fue referencia cr\u00edtica internacional: G\u00f3ngora. Riguroso y due\u00f1o de un discurso universalista, conceb\u00eda la comprensi\u00f3n de la literatura a pie de texto, en virtud de un fruct\u00edfero di\u00e1logo entre la experiencia del lector y la percepci\u00f3n del cr\u00edtico. Articul\u00f3 la ense\u00f1anza sobre los presupuestos de la modernidad cr\u00edtica, de la revisi\u00f3n historiogr\u00e1fica y de la renovaci\u00f3n conceptual, con una exquisita sensibilidad para entender la naturaleza del signo literario en su irradiaci\u00f3n sem\u00e1ntico-formal. No puede entenderse su actividad docente sino en comunidad con la investigaci\u00f3n y con la edici\u00f3n de los autores que fueron revelados en sus admirables contribuciones, desde los poetas peninsulares del Siglo de Oro (G\u00f3ngora sobre todo[s]) en convergencia con los canarios (de Cairasco a fray Andr\u00e9s de Abreu), a los autores de la Ilustraci\u00f3n (de fray Marcos Alay\u00f3n al Vizconde de Buen Paso o Viera y Clavijo), del modernismo (de Tom\u00e1s Morales a Alonso Quesada y Domingo Rivero) o de las vanguardias insulares (de Pedro Garc\u00eda Cabrera a Domingo L\u00f3pez Torres o Emeterio Guti\u00e9rrez Albelo), entre otros.<\/p>\n<p>Tutel\u00f3 con magisterio solvente las heterog\u00e9neas l\u00edneas de investigaci\u00f3n de sus doctorandos (en orden cronol\u00f3gico: Nilo Palenzuela Borges, Jos\u00e9 Luis Correa Santana, Carlos Brito D\u00edaz, Anelio Rodr\u00edguez Concepci\u00f3n, Victoria Galv\u00e1n Gonz\u00e1lez, Isabel Castells Molina, Jes\u00fas D\u00edaz Armas, Benigno Le\u00f3n Felipe, Lilica Voicu Dumitrescu, Mar\u00eda del Carmen Garc\u00eda Mart\u00edn, Agust\u00edn Yeray Morales \u00c1lamo y Afroditi Giovani), representativas de los m\u00faltiples dominios e intereses lectores y cr\u00edticos de Andr\u00e9s S\u00e1nchez Robayna: Pedro Garc\u00eda Cabrera, el primer Alonso Quesada, el Lope de Vega no dramaturgo, la trayectoria po\u00e9tica de Luis Feria, la obra literaria de Viera y Clavijo, la presencia de Cervantes en algunas novelas contempor\u00e1neas, la poes\u00eda hagiogr\u00e1fica barroca en la obra de fray Andr\u00e9s de Abreu, el poema en prosa en Espa\u00f1a de 1940 a 1990, la literatura comparada en la obra de Alejandro Cioranescu, las ideas est\u00e9ticas de Domingo Doreste de 1868 a 1940, la obra po\u00e9tica de Eugenio de Salazar (1530-1602) o algunas versiones espa\u00f1olas de la cr\u00edtica traductol\u00f3gica de Cavafis. La diversidad tem\u00e1tica, gen\u00e9rica y cronol\u00f3gica de las tesis doctorales que dirigi\u00f3 acreditan la condici\u00f3n de un humanista de amplio espectro al que nada le era ajeno.<\/p>\n<p>Fue profesor visitante y conferenciante en varias universidades de Europa y de Am\u00e9rica (S\u00e3o Paulo, Nueva York, Florencia, Puerto Rico, etc.) y se le requiri\u00f3 como ponente invitado en destacados foros cient\u00edficos de \u00e1mbito internacional, como, por ejemplo, en el V Encuentro Internacional sobre Poes\u00eda del Siglo de Oro dedicado a la ep\u00edstola y organizado por el Grupo PASO de la Universidad de Sevilla en 1998, o en el Simposio Internacional <em>G\u00f3ngora, 1609-1615<\/em>, organizado tambi\u00e9n por el Grupo PASO y celebrado en Sevilla en 2009. En abril de 2009 dirigi\u00f3 y reuni\u00f3 en Las Palmas de Gran Canaria a un conjunto de investigadores del Siglo de Oro en el Coloquio <em>Literatura y territorio. Hacia una geograf\u00eda de la creaci\u00f3n literaria en los Siglos de Oro<\/em>, en un intento de releer y reinterpretar la topograf\u00eda de la poes\u00eda \u00e1urea.[\/vc_column_text][vc_empty_space][vc_separator][vc_empty_space height=\u00bb16px\u00bb][vc_row_inner][vc_column_inner width=\u00bb1\/2&#8243;][vc_btn title=\u00bbEditar. Hacer el mundo\u00bb style=\u00bboutline-custom\u00bb outline_custom_color=\u00bb#919191&#8243; outline_custom_hover_background=\u00bbrgba(255,216,0,0.41)\u00bb outline_custom_hover_text=\u00bb#000000&#8243; size=\u00bbsm\u00bb i_icon_fontawesome=\u00bbfas fa-angle-left\u00bb add_icon=\u00bbtrue\u00bb link=\u00bburl:https%3A%2F%2Fwww.ull.es%2Feventos%2Fandres-sanchez-robayna%2F1923-2%2F|title:Editar.%20Hacer%20el%20mundo\u00bb][\/vc_column_inner][vc_column_inner width=\u00bb1\/2&#8243;][vc_btn title=\u00bbTraducci\u00f3n: maestr\u00eda y magisterio\u00bb style=\u00bboutline-custom\u00bb outline_custom_color=\u00bb#919191&#8243; outline_custom_hover_background=\u00bbrgba(255,216,0,0.41)\u00bb outline_custom_hover_text=\u00bb#000000&#8243; size=\u00bbsm\u00bb i_align=\u00bbright\u00bb i_icon_fontawesome=\u00bbfas fa-angle-right\u00bb add_icon=\u00bbtrue\u00bb link=\u00bburl:https%3A%2F%2Fwww.ull.es%2Feventos%2Fandres-sanchez-robayna%2F1949-2%2F|title:Traducci%C3%B3n%3A%20maestr%C3%ADa%20y%20magisterio\u00bb][\/vc_column_inner][\/vc_row_inner][\/vc_column][vc_column width=\u00bb1\/2&#8243; css=\u00bb.vc_custom_1758525800835{margin-left: 35px !important;}\u00bb][vc_custom_heading text=\u00bb0&#8243; font_container=\u00bbtag:h3|font_size:1em|text_align:left|color:%23ffffff\u00bb google_fonts=\u00bbfont_family:Cardo%3Aregular%2Citalic%2C700|font_style:700%20bold%20regular%3A700%3Anormal\u00bb][vc_separator][vc_custom_heading text=\u00bbEl aparente ensimismamiento `{`del acto de leer`}`<br \/>\nno es sino la capa externa de la otredad<br \/>\n(de la aventura en busca de lo otro).\u00bb font_container=\u00bbtag:h3|font_size:1.5em|text_align:left|color:%23424242&#8243; google_fonts=\u00bbfont_family:Cardo%3Aregular%2Citalic%2C700|font_style:400%20italic%3A400%3Aitalic\u00bb][vc_column_text]<\/p>\n<p style=\"padding-left: 40px;\"><em>Las ruinas y la rosa<\/em> (2024)<\/p>\n<p>[\/vc_column_text][vc_empty_space height=\u00bb72px\u00bb][vc_separator][vc_single_image image=\u00bb1947&#8243; img_size=\u00bbmedium\u00bb add_caption=\u00bbyes\u00bb style=\u00bbvc_box_rounded\u00bb onclick=\u00bblink_image\u00bb el_class=\u00bbfoto-panel\u00bb][vc_empty_space][vc_separator][vc_empty_space height=\u00bb16px\u00bb][vc_btn title=\u00bbLibros en exposici\u00f3n\u00bb style=\u00bboutline-custom\u00bb outline_custom_color=\u00bb#919191&#8243; outline_custom_hover_background=\u00bbrgba(255,216,0,0.41)\u00bb outline_custom_hover_text=\u00bb#000000&#8243; size=\u00bbsm\u00bb i_align=\u00bbright\u00bb i_icon_fontawesome=\u00bbfas fa-angle-right\u00bb add_icon=\u00bbtrue\u00bb link=\u00bburl:https%3A%2F%2Fabsysnetweb.bbtk.ull.es%2Fcgi-bin%2Fabnetopac%3FACC%3DDOSEARCH%26xsqf99%3D(2025EXPIASR%2520docente).t950.|title:Libros%20en%20exposci%C3%B3n|target:_blank\u00bb][\/vc_column][\/vc_row]<\/p>\n","protected":false},"excerpt":{"rendered":"<p>[vc_row css=\u00bb.vc_custom_1758526499690{margin-left: 0px !important;background-position: center !important;background-repeat: no-repeat !important;background-size: contain !important;}\u00bb el_class=\u00bbcontenido\u00bb][vc_column width=\u00bb1\/2&#8243;][vc_row_inner content_placement=\u00bbmiddle\u00bb][vc_column_inner width=\u00bb1\/6&#8243;][vc_single_image image=\u00bb1854&#8243; img_size=\u00bbfull\u00bb style=\u00bbvc_box_rounded\u00bb onclick=\u00bbcustom_link\u00bb link=\u00bbhttps:\/\/www.ull.es\/eventos\/andres-sanchez-robayna\u00bb][\/vc_column_inner][vc_column_inner width=\u00bb5\/6&#8243;][vc_custom_heading text=\u00bbAndr\u00e9s S\u00e1nchez Robayna\u00bb font_container=\u00bbtag:div|text_align:left|color:%23424242&#8243; google_fonts=\u00bbfont_family:Cardo%3Aregular%2Citalic%2C700|font_style:700%20bold%20regular%3A700%3Anormal\u00bb link=\u00bburl:https%3A%2F%2Fwww.ull.es%2Feventos%2Fandres-sanchez-robayna\u00bb][vc_custom_heading text=\u00bbo el libro del mundo\u00bb font_container=\u00bbtag:div|text_align:left|color:%23424242|line_height:.5em\u00bb google_fonts=\u00bbfont_family:Cardo%3Aregular%2Citalic%2C700|font_style:400%20italic%3A400%3Aitalic\u00bb link=\u00bburl:https%3A%2F%2Fwww.ull.es%2Feventos%2Fandres-sanchez-robayna\u00bb][\/vc_column_inner][\/vc_row_inner][vc_separator][vc_empty_space][\/vc_column][vc_column width=\u00bb1\/2&#8243;][\/vc_column][\/vc_row][vc_row css=\u00bb.vc_custom_1758525327658{margin-left: 0px !important;background-position: center !important;background-repeat: no-repeat !important;background-size: contain !important;}\u00bb][vc_column width=\u00bb1\/2&#8243;][vc_empty_space height=\u00bb16px\u00bb][vc_custom_heading source=\u00bbpost_title\u00bb font_container=\u00bbtag:h1|font_size:5em|text_align:left|color:%23424242|line_height:1.2em\u00bb google_fonts=\u00bbfont_family:Cardo%3Aregular%2Citalic%2C700|font_style:400%20italic%3A400%3Aitalic\u00bb][\/vc_column][vc_column width=\u00bb1\/2&#8243;][\/vc_column][\/vc_row][vc_row gap=\u00bb35&#8243; css=\u00bb.vc_custom_1758705301293{margin-left: 0px !important;background-image: url(http:\/\/www.ull.es\/eventos\/andres-sanchez-robayna\/wp-content\/uploads\/sites\/67\/2025\/09\/poema2.png?id=1864)&#8230;<\/p>\n","protected":false},"author":14,"featured_media":0,"parent":0,"menu_order":0,"comment_status":"closed","ping_status":"closed","template":"templates\/template-no-title.php","meta":{"footnotes":""},"class_list":["post-1943","page","type-page","status-publish","hentry"],"_links":{"self":[{"href":"https:\/\/www.ull.es\/eventos\/andres-sanchez-robayna\/wp-json\/wp\/v2\/pages\/1943"}],"collection":[{"href":"https:\/\/www.ull.es\/eventos\/andres-sanchez-robayna\/wp-json\/wp\/v2\/pages"}],"about":[{"href":"https:\/\/www.ull.es\/eventos\/andres-sanchez-robayna\/wp-json\/wp\/v2\/types\/page"}],"author":[{"embeddable":true,"href":"https:\/\/www.ull.es\/eventos\/andres-sanchez-robayna\/wp-json\/wp\/v2\/users\/14"}],"replies":[{"embeddable":true,"href":"https:\/\/www.ull.es\/eventos\/andres-sanchez-robayna\/wp-json\/wp\/v2\/comments?post=1943"}],"version-history":[{"count":8,"href":"https:\/\/www.ull.es\/eventos\/andres-sanchez-robayna\/wp-json\/wp\/v2\/pages\/1943\/revisions"}],"predecessor-version":[{"id":2084,"href":"https:\/\/www.ull.es\/eventos\/andres-sanchez-robayna\/wp-json\/wp\/v2\/pages\/1943\/revisions\/2084"}],"wp:attachment":[{"href":"https:\/\/www.ull.es\/eventos\/andres-sanchez-robayna\/wp-json\/wp\/v2\/media?parent=1943"}],"curies":[{"name":"wp","href":"https:\/\/api.w.org\/{rel}","templated":true}]}}