{"id":2039,"date":"2025-09-23T12:12:58","date_gmt":"2025-09-23T12:12:58","guid":{"rendered":"https:\/\/www.ull.es\/eventos\/andres-sanchez-robayna\/?page_id=2039"},"modified":"2025-09-24T09:09:23","modified_gmt":"2025-09-24T09:09:23","slug":"programa","status":"publish","type":"page","link":"https:\/\/www.ull.es\/eventos\/andres-sanchez-robayna\/programa\/","title":{"rendered":"Programa"},"content":{"rendered":"<p>[vc_row css=\u00bb.vc_custom_1758526499690{margin-left: 0px !important;background-position: center !important;background-repeat: no-repeat !important;background-size: contain !important;}\u00bb el_class=\u00bbcontenido\u00bb][vc_column width=\u00bb1\/2&#8243;][vc_row_inner content_placement=\u00bbmiddle\u00bb][vc_column_inner width=\u00bb1\/6&#8243;][vc_single_image image=\u00bb1854&#8243; img_size=\u00bbfull\u00bb style=\u00bbvc_box_rounded\u00bb onclick=\u00bbcustom_link\u00bb link=\u00bbhttps:\/\/www.ull.es\/eventos\/andres-sanchez-robayna\u00bb][\/vc_column_inner][vc_column_inner width=\u00bb5\/6&#8243;][vc_custom_heading text=\u00bbAndr\u00e9s S\u00e1nchez Robayna\u00bb font_container=\u00bbtag:div|text_align:left|color:%23424242&#8243; google_fonts=\u00bbfont_family:Cardo%3Aregular%2Citalic%2C700|font_style:700%20bold%20regular%3A700%3Anormal\u00bb link=\u00bburl:https%3A%2F%2Fwww.ull.es%2Feventos%2Fandres-sanchez-robayna\u00bb][vc_custom_heading text=\u00bbo el libro del mundo\u00bb font_container=\u00bbtag:div|text_align:left|color:%23424242|line_height:.5em\u00bb google_fonts=\u00bbfont_family:Cardo%3Aregular%2Citalic%2C700|font_style:400%20italic%3A400%3Aitalic\u00bb link=\u00bburl:https%3A%2F%2Fwww.ull.es%2Feventos%2Fandres-sanchez-robayna\u00bb][\/vc_column_inner][\/vc_row_inner][vc_separator][vc_empty_space][\/vc_column][vc_column width=\u00bb1\/2&#8243;][\/vc_column][\/vc_row][vc_row css=\u00bb.vc_custom_1758525327658{margin-left: 0px !important;background-position: center !important;background-repeat: no-repeat !important;background-size: contain !important;}\u00bb][vc_column width=\u00bb1\/2&#8243;][vc_empty_space height=\u00bb16px\u00bb][vc_custom_heading source=\u00bbpost_title\u00bb font_container=\u00bbtag:h1|font_size:5em|text_align:left|color:%23424242|line_height:1.2em\u00bb google_fonts=\u00bbfont_family:Cardo%3Aregular%2Citalic%2C700|font_style:400%20italic%3A400%3Aitalic\u00bb][\/vc_column][vc_column width=\u00bb1\/2&#8243;][\/vc_column][\/vc_row][vc_row gap=\u00bb35&#8243; css=\u00bb.vc_custom_1758533950058{margin-left: 0px !important;background-position: center !important;background-repeat: no-repeat !important;background-size: contain !important;}\u00bb][vc_column width=\u00bb1\/2&#8243;][vc_separator][vc_empty_space height=\u00bb16px\u00bb][vc_column_text]<\/p>\n<h3>24 de septiembre de 2025<\/h3>\n<p><b>10:30<\/b> Presentaci\u00f3n de la placa en honor de Andr\u00e9s S\u00e1nchez Robayna en la Facultad de Humanidades.<\/p>\n<p><b>11:00<\/b> Presentaci\u00f3n placa en honor de Marta Ouvi\u00f1a Navarro en la Biblioteca General y de Humanidades.<\/p>\n<p><b>11:30<\/b> Inauguraci\u00f3n de la exposici\u00f3n Andr\u00e9s S\u00e1nchez Robayna o <i>el libro del mundo.<\/i><\/p>\n<p><b>12:00<\/b> Lectura de poemas de Andr\u00e9s S\u00e1nchez Robayna a cargo de la Agrupaci\u00f3n de Teatro de Filolog\u00eda.<\/p>\n<p><b>12:30<\/b> Intermezzo musical a cargo de \u201cAlma Tr\u00edo\u201d<\/p>\n<p style=\"padding-left: 40px;\"><strong>J.S. Bach<\/strong>:<i> Arioso from cantata BWV 156-Adagio<br \/>\n<\/i><strong>W.\u00a0 A. Mozart<\/strong>:<i> Piano Trio No. 1 (Divertimento), Primer movimiento, K. 254 en si bemol mayor<br \/>\n<\/i><i>Aires de Lima de Valsequillo<br \/>\n<\/i><strong>Ennio Morricone<\/strong>:<i> Gabriel\u2019s Oboe<\/i><\/p>\n<p><b>13:00<\/b> Brindis[\/vc_column_text][vc_empty_space][vc_separator][vc_empty_space height=\u00bb16px\u00bb][\/vc_column][vc_column width=\u00bb1\/2&#8243; css=\u00bb.vc_custom_1758525800835{margin-left: 35px !important;}\u00bb][vc_separator][vc_empty_space height=\u00bb48px\u00bb][vc_single_image image=\u00bb2056&#8243; img_size=\u00bbmedium\u00bb add_caption=\u00bbyes\u00bb style=\u00bbvc_box_rounded\u00bb onclick=\u00bblink_image\u00bb el_class=\u00bbfoto-panel\u00bb][vc_empty_space][vc_separator][\/vc_column][\/vc_row]<\/p>\n","protected":false},"excerpt":{"rendered":"<p>[vc_row css=\u00bb.vc_custom_1758526499690{margin-left: 0px !important;background-position: center !important;background-repeat: no-repeat !important;background-size: contain !important;}\u00bb el_class=\u00bbcontenido\u00bb][vc_column width=\u00bb1\/2&#8243;][vc_row_inner content_placement=\u00bbmiddle\u00bb][vc_column_inner width=\u00bb1\/6&#8243;][vc_single_image image=\u00bb1854&#8243; img_size=\u00bbfull\u00bb style=\u00bbvc_box_rounded\u00bb onclick=\u00bbcustom_link\u00bb link=\u00bbhttps:\/\/www.ull.es\/eventos\/andres-sanchez-robayna\u00bb][\/vc_column_inner][vc_column_inner width=\u00bb5\/6&#8243;][vc_custom_heading text=\u00bbAndr\u00e9s S\u00e1nchez Robayna\u00bb font_container=\u00bbtag:div|text_align:left|color:%23424242&#8243; google_fonts=\u00bbfont_family:Cardo%3Aregular%2Citalic%2C700|font_style:700%20bold%20regular%3A700%3Anormal\u00bb link=\u00bburl:https%3A%2F%2Fwww.ull.es%2Feventos%2Fandres-sanchez-robayna\u00bb][vc_custom_heading text=\u00bbo el libro del mundo\u00bb font_container=\u00bbtag:div|text_align:left|color:%23424242|line_height:.5em\u00bb google_fonts=\u00bbfont_family:Cardo%3Aregular%2Citalic%2C700|font_style:400%20italic%3A400%3Aitalic\u00bb link=\u00bburl:https%3A%2F%2Fwww.ull.es%2Feventos%2Fandres-sanchez-robayna\u00bb][\/vc_column_inner][\/vc_row_inner][vc_separator][vc_empty_space][\/vc_column][vc_column width=\u00bb1\/2&#8243;][\/vc_column][\/vc_row][vc_row css=\u00bb.vc_custom_1758525327658{margin-left: 0px !important;background-position: center !important;background-repeat: no-repeat !important;background-size: contain !important;}\u00bb][vc_column width=\u00bb1\/2&#8243;][vc_empty_space height=\u00bb16px\u00bb][vc_custom_heading source=\u00bbpost_title\u00bb font_container=\u00bbtag:h1|font_size:5em|text_align:left|color:%23424242|line_height:1.2em\u00bb google_fonts=\u00bbfont_family:Cardo%3Aregular%2Citalic%2C700|font_style:400%20italic%3A400%3Aitalic\u00bb][\/vc_column][vc_column width=\u00bb1\/2&#8243;][\/vc_column][\/vc_row][vc_row gap=\u00bb35&#8243; css=\u00bb.vc_custom_1758533950058{margin-left: 0px !important;background-position: center&#8230;<\/p>\n","protected":false},"author":14,"featured_media":0,"parent":0,"menu_order":0,"comment_status":"closed","ping_status":"closed","template":"templates\/template-no-title.php","meta":{"footnotes":""},"class_list":["post-2039","page","type-page","status-publish","hentry"],"_links":{"self":[{"href":"https:\/\/www.ull.es\/eventos\/andres-sanchez-robayna\/wp-json\/wp\/v2\/pages\/2039"}],"collection":[{"href":"https:\/\/www.ull.es\/eventos\/andres-sanchez-robayna\/wp-json\/wp\/v2\/pages"}],"about":[{"href":"https:\/\/www.ull.es\/eventos\/andres-sanchez-robayna\/wp-json\/wp\/v2\/types\/page"}],"author":[{"embeddable":true,"href":"https:\/\/www.ull.es\/eventos\/andres-sanchez-robayna\/wp-json\/wp\/v2\/users\/14"}],"replies":[{"embeddable":true,"href":"https:\/\/www.ull.es\/eventos\/andres-sanchez-robayna\/wp-json\/wp\/v2\/comments?post=2039"}],"version-history":[{"count":9,"href":"https:\/\/www.ull.es\/eventos\/andres-sanchez-robayna\/wp-json\/wp\/v2\/pages\/2039\/revisions"}],"predecessor-version":[{"id":2063,"href":"https:\/\/www.ull.es\/eventos\/andres-sanchez-robayna\/wp-json\/wp\/v2\/pages\/2039\/revisions\/2063"}],"wp:attachment":[{"href":"https:\/\/www.ull.es\/eventos\/andres-sanchez-robayna\/wp-json\/wp\/v2\/media?parent=2039"}],"curies":[{"name":"wp","href":"https:\/\/api.w.org\/{rel}","templated":true}]}}