{"id":106,"date":"2017-10-20T11:25:55","date_gmt":"2017-10-20T11:25:55","guid":{"rendered":"http:\/\/eventoull.bigmountain.studio\/?page_id=106"},"modified":"2017-11-21T16:04:15","modified_gmt":"2017-11-21T16:04:15","slug":"call-for-papers","status":"publish","type":"page","link":"https:\/\/www.ull.es\/eventos\/apune2018\/call-for-papers\/","title":{"rendered":"Petici\u00f3n de comunicaciones"},"content":{"rendered":"<p>[vc_row full_width=\u00bbstretch_row_content_no_spaces\u00bb css=\u00bb.vc_custom_1510837521401{background-image: url(http:\/\/www.ull.es\/eventos\/apune2018\/wp-content\/uploads\/sites\/3\/2017\/10\/EventoULL_CabeceraCallForPappers.jpg?id=210) !important;background-position: center !important;background-repeat: no-repeat !important;background-size: cover !important;}\u00bb][vc_column][vc_empty_space height=\u00bb300px\u00bb][\/vc_column][\/vc_row][vc_row css=\u00bb.vc_custom_1501150963036{margin-top: 35px !important;}\u00bb][vc_column][vc_column_text]<\/p>\n<h2 style=\"text-align: center\">PETICI\u00d3N DE COMUNICACIONES<\/h2>\n<p>[\/vc_column_text][vc_separator color=\u00bbsky\u00bb border_width=\u00bb2&#8243; el_width=\u00bb20&#8243;][vc_empty_space height=\u00bb60px\u00bb][vc_row_inner][vc_column_inner][vc_column_text]<\/p>\n<h5>50 a\u00f1os de Estudios Hisp\u00e1nicos y APUNE: Reflexiones y cambio de paradigma<\/h5>\n<p>[\/vc_column_text][\/vc_column_inner][\/vc_row_inner][vc_column_text css=\u00bb.vc_custom_1511280227673{padding-top: 25px !important;}\u00bb]Los estudios hisp\u00e1nicos son un campo de investigaci\u00f3n e inter\u00e9s acad\u00e9mico en constante transformaci\u00f3n. Desde los a\u00f1os 50, con la creaci\u00f3n de los primeros programas basados principalmente en el estudio de la lengua y la cultura espa\u00f1ola, hasta la actualidad, este campo se ha ido transformando, sobre todo durante la \u00faltima d\u00e9cada, abri\u00e9ndose a otras \u00e1reas del conocimiento.<\/p>\n<p>APUNE, que naci\u00f3 con el objetivo de fomentar las relaciones entre Espa\u00f1a y los Estados Unidos, y el incremento del conocimiento de ambas culturas, celebra 50 a\u00f1os desde su fundaci\u00f3n teniendo que revisar sus objetivos de la misma manera que lo han tenido que hacer los programas de estudio en el extranjero que la componen.<\/p>\n<p>En este VII Encuentro entre Universidades Espa\u00f1olas y norteamericanas nos gustar\u00eda reflexionar sobre los cambios en este \u00e1mbito educativo y sus nuevos objetivos, la transformaci\u00f3n del perfil de los estudiantes estadounidenses que realizan estancias acad\u00e9micas en Espa\u00f1a y, en definitiva, las relaciones bilaterales.<\/p>\n<p>Las propuestas aceptadas formar\u00e1n parte de dos mesas redondas, que tendr\u00e1n el siguiente formato:<\/p>\n<ul>\n<li>Modera: un miembro de La Laguna (mesa 1) y un miembro de una instituci\u00f3n miembro de pleno derecho de APUNE (mesa 2)<\/li>\n<li>Ponente 1: Universidad espa\u00f1ola<\/li>\n<li>Ponente 2: Programa de APUNE<\/li>\n<li>Ponente 3: Universidad espa\u00f1ola<\/li>\n<li>Ponente 4: Programa de APUNE<\/li>\n<\/ul>\n<p>Las mesas contar\u00e1n con un total de cinco participantes: dos ponentes de programas de APUNE, dos representantes de universidades espa\u00f1olas y un moderador de la Universidad de La Laguna, para la primera mesa, y un miembro de una instituci\u00f3n miembro de pleno derecho de APUNE, para la segunda mesa. Las intervenciones de los ponentes ser\u00e1n de 1 hora (15 minutos por ponente), seguida de 30 minutos de preguntas y debate con los asistentes al encuentro.<\/p>\n<p><em>TEMA I:<\/em> Nuevos modelos de estudios en el extranjero: \u00bfC\u00f3mo han cambiado los programas en las \u00faltimas d\u00e9cadas? \u00bfCu\u00e1les son las ofertas con m\u00e1s o menos demanda?<\/p>\n<p><em>TEMA II<\/em>: Nuevos perfiles de los estudiantes: necesidades e intereses acad\u00e9micos y extra-acad\u00e9micos.[\/vc_column_text][\/vc_column][\/vc_row][vc_row full_width=\u00bbstretch_row\u00bb css=\u00bb.vc_custom_1508497932015{margin-top: 35px !important;background-color: #ededed !important;}\u00bb][vc_column][vc_empty_space height=\u00bb35px\u00bb][vc_column_text]<\/p>\n<h2 style=\"text-align: center\">ENV\u00cdO DE PROPUESTAS<\/h2>\n<p>[\/vc_column_text][vc_separator color=\u00bbsky\u00bb border_width=\u00bb2&#8243; el_width=\u00bb20&#8243;][vc_empty_space height=\u00bb25px\u00bb][vc_row_inner css=\u00bb.vc_custom_1508498838524{margin-bottom: 0px !important;}\u00bb][vc_column_inner width=\u00bb1\/2&#8243; css=\u00bb.vc_custom_1508498742930{margin-bottom: 0px !important;}\u00bb][vc_column_text]<\/p>\n<ul>\n<li>Fecha l\u00edmite: 4 de diciembre<\/li>\n<li>Direcci\u00f3n: <a href=\"mailto:apune@apune.org\" target=\"_blank\" rel=\"noopener\">apune@apune.org<\/a><\/li>\n<\/ul>\n<p>[\/vc_column_text][vc_empty_space height=\u00bb25px\u00bb][\/vc_column_inner][vc_column_inner width=\u00bb1\/2&#8243;][vc_column_text]<\/p>\n<ul>\n<li>\u00a0\u00a0Documento en formato de Word que incluya:\n<ol>\n<li>Nombre, cargo y afiliaci\u00f3n del\/de la ponente.<\/li>\n<li>T\u00edtulo de la comunicaci\u00f3n.<\/li>\n<li>Abstract de un m\u00e1ximo de 100 palabras.<\/li>\n<\/ol>\n<\/li>\n<\/ul>\n<p>[\/vc_column_text][\/vc_column_inner][\/vc_row_inner][vc_empty_space height=\u00bb62px\u00bb][\/vc_column][\/vc_row]<\/p>\n","protected":false},"excerpt":{"rendered":"<p>[vc_row full_width=\u00bbstretch_row_content_no_spaces\u00bb css=\u00bb.vc_custom_1510837521401{background-image: url(http:\/\/www.ull.es\/eventos\/apune2018\/wp-content\/uploads\/sites\/3\/2017\/10\/EventoULL_CabeceraCallForPappers.jpg?id=210) !important;background-position: center !important;background-repeat: no-repeat !important;background-size: cover !important;}\u00bb][vc_column][vc_empty_space height=\u00bb300px\u00bb][\/vc_column][\/vc_row][vc_row css=\u00bb.vc_custom_1501150963036{margin-top: 35px !important;}\u00bb][vc_column][vc_column_text] PETICI\u00d3N DE COMUNICACIONES [\/vc_column_text][vc_separator color=\u00bbsky\u00bb border_width=\u00bb2&#8243; el_width=\u00bb20&#8243;][vc_empty_space height=\u00bb60px\u00bb][vc_row_inner][vc_column_inner][vc_column_text] 50 a\u00f1os de Estudios Hisp\u00e1nicos y APUNE: Reflexiones y cambio de paradigma [\/vc_column_text][\/vc_column_inner][\/vc_row_inner][vc_column_text css=\u00bb.vc_custom_1511280227673{padding-top: 25px !important;}\u00bb]Los estudios hisp\u00e1nicos son un campo de investigaci\u00f3n e inter\u00e9s acad\u00e9mico en constante transformaci\u00f3n. Desde los a\u00f1os&#8230;<\/p>\n","protected":false},"author":1,"featured_media":0,"parent":0,"menu_order":0,"comment_status":"closed","ping_status":"closed","template":"templates\/template-frontpage.php","meta":{"footnotes":""},"class_list":["post-106","page","type-page","status-publish","hentry"],"_links":{"self":[{"href":"https:\/\/www.ull.es\/eventos\/apune2018\/wp-json\/wp\/v2\/pages\/106"}],"collection":[{"href":"https:\/\/www.ull.es\/eventos\/apune2018\/wp-json\/wp\/v2\/pages"}],"about":[{"href":"https:\/\/www.ull.es\/eventos\/apune2018\/wp-json\/wp\/v2\/types\/page"}],"author":[{"embeddable":true,"href":"https:\/\/www.ull.es\/eventos\/apune2018\/wp-json\/wp\/v2\/users\/1"}],"replies":[{"embeddable":true,"href":"https:\/\/www.ull.es\/eventos\/apune2018\/wp-json\/wp\/v2\/comments?post=106"}],"version-history":[{"count":3,"href":"https:\/\/www.ull.es\/eventos\/apune2018\/wp-json\/wp\/v2\/pages\/106\/revisions"}],"predecessor-version":[{"id":339,"href":"https:\/\/www.ull.es\/eventos\/apune2018\/wp-json\/wp\/v2\/pages\/106\/revisions\/339"}],"wp:attachment":[{"href":"https:\/\/www.ull.es\/eventos\/apune2018\/wp-json\/wp\/v2\/media?parent=106"}],"curies":[{"name":"wp","href":"https:\/\/api.w.org\/{rel}","templated":true}]}}