{"id":15,"date":"2017-07-26T19:45:34","date_gmt":"2017-07-26T19:45:34","guid":{"rendered":"http:\/\/eventoull.bigmountain.studio\/?page_id=15"},"modified":"2018-02-20T18:00:23","modified_gmt":"2018-02-20T18:00:23","slug":"inicio","status":"publish","type":"page","link":"https:\/\/www.ull.es\/eventos\/apune2018\/","title":{"rendered":"Inicio"},"content":{"rendered":"<p>[vc_row full_width=\u00bbstretch_row_content_no_spaces\u00bb content_placement=\u00bbmiddle\u00bb css=\u00bb.vc_custom_1510837405830{background-image: url(http:\/\/www.ull.es\/eventos\/apune2018\/wp-content\/uploads\/sites\/3\/2017\/07\/EventoULL_CabeceraHome.jpg?id=99) !important;background-position: center !important;background-repeat: no-repeat !important;background-size: cover !important;}\u00bb][vc_column][vc_column_text css=\u00bb.vc_custom_1518127151136{margin-top: 0px !important;margin-bottom: 0px !important;padding-top: 80px !important;padding-right: 30px !important;padding-bottom: 80px !important;padding-left: 30px !important;}\u00bb]<\/p>\n<h1 style=\"text-align: center;color: #fff\"><span style=\"color: #ffffff\">VII ENCUENTRO ENTRE UNIVERSIDADES<\/span><br \/>\n<span style=\"color: #ffffff\">ESPA\u00d1OLAS Y NORTEAMERICANAS<\/span><\/h1>\n<h3 style=\"text-align: center;color: #fff;font-weight: 500!important;margin-top: 5px!important\"><span style=\"color: #ffffff\">Programas Univeritarios Norteamericanos en Espa\u00f1a<\/span><\/h3>\n<h4 style=\"text-align: center;color: #fff;font-weight: 500!important;margin-top: 5px!important\"><span style=\"color: #ffffff\">22 &#8211; 24 de febrero de 2018<\/span><br \/>\n<span style=\"color: #ffffff\">Universidad de La Laguna<\/span><\/h4>\n<p>[\/vc_column_text][\/vc_column][\/vc_row][vc_row][vc_column][vc_column_text]<\/p>\n<h2 style=\"text-align: center\">BIENVENIDA<\/h2>\n<p>[\/vc_column_text][vc_separator color=\u00bbsky\u00bb border_width=\u00bb2&#8243; el_width=\u00bb30&#8243; css=\u00bb.vc_custom_1501144955426{margin-bottom: 25px !important;}\u00bb][vc_column_text]<\/p>\n<p style=\"text-align: center\">Este encuentro ofrece un espacio para reflexionar sobre c\u00f3mo han evolucionado los programas universitarios para estudiantes norteamericanos en Espa\u00f1a, sus nuevos objetivos, la transformaci\u00f3n del perfil de estos estudiantes y, en definitiva, las relaciones bilaterales entre ambos pa\u00edses.<\/p>\n<p>[\/vc_column_text][\/vc_column][\/vc_row][vc_row full_width=\u00bbstretch_row\u00bb css=\u00bb.vc_custom_1508504339174{margin-top: 35px !important;background-color: #ededed !important;}\u00bb][vc_column][vc_empty_space height=\u00bb25px\u00bb][vc_column_text]<\/p>\n<h2 style=\"text-align: center\">PROGRAMA<\/h2>\n<p>[\/vc_column_text][vc_separator color=\u00bbsky\u00bb border_width=\u00bb2&#8243; el_width=\u00bb30&#8243;][vc_empty_space height=\u00bb25px\u00bb][vc_row_inner][vc_column_inner el_class=\u00bbaligncenter\u00bb width=\u00bb1\/2&#8243; css=\u00bb.vc_custom_1508508643560{padding-right: 30px !important;padding-left: 30px !important;}\u00bb][vc_column_text]<\/p>\n<h3 style=\"text-align: center\">D\u00cdA 1<\/h3>\n<p>[\/vc_column_text][vc_column_text]<\/p>\n<h5 style=\"text-align: center\"><span style=\"font-weight: 400;color: #808080\">Jueves 22 de febrero de 2018<\/span><\/h5>\n<p>[\/vc_column_text][vc_separator color=\u00bbwhite\u00bb border_width=\u00bb2&#8243; el_width=\u00bb50&#8243;][vc_column_text]<\/p>\n<p style=\"text-align: center\"><strong>ASAMBLEA GENERAL DE APUNE<\/strong><\/p>\n<p style=\"text-align: center\"><strong>Sala de Juntas,\u00a0<\/strong><strong>Facultad de Econom\u00eda, Empresa y Turismo (planta 2)\u00a0<\/strong><\/p>\n<p style=\"text-align: center\">Parada del tranv\u00eda: Gracia (<a href=\"http:\/\/metrotenerife.com\/recorridos-y-horarios-3\/\" target=\"_blank\" rel=\"noopener\">ver recorrido y horarios<\/a>)<\/p>\n<p style=\"text-align: center\">Ubicaci\u00f3n: ver <a href=\"https:\/\/www.google.es\/maps\/place\/ULL:+Facultad+de+Economia,+Empresa+y+Turismo\/@28.4713002,-16.305447,17.78z\/data=!4m8!1m2!2m1!1sfacultad+de+econ%C3%B3micas+y+empresariales+universidad+de+la+laguna!3m4!1s0x0:0xfd5e75c3d0186f3d!8m2!3d28.4715201!4d-16.3055087?dcr=0\" target=\"_blank\" rel=\"noopener\">link<\/a><\/p>\n<p>[\/vc_column_text][vc_empty_space height=\u00bb20px\u00bb][vc_column_text]<\/p>\n<h5><strong>Asamblea I<\/strong><\/h5>\n<h5><strong>(solo <a href=\"https:\/\/www.ull.es\/eventos\/apune2018\/programas-miembros\/\" target=\"_blank\" rel=\"noopener\">miembros de pleno derecho<\/a>)<\/strong><\/h5>\n<p><span style=\"font-size: 22px;font-weight: 500;padding-right: 20px\">15.00-15.30h (frente al Aula Magna, Planta 1)<\/span><br \/>\nEntrega de acreditaciones y documentaci\u00f3n[\/vc_column_text][vc_empty_space height=\u00bb20px\u00bb][vc_column_text]<span style=\"font-size: 22px;font-weight: 500;padding-right: 20px\">15.30h<\/span><br \/>\nBienvenida y presentaci\u00f3n de asistentes[\/vc_column_text][vc_empty_space height=\u00bb20px\u00bb][vc_column_text]<span style=\"font-size: 22px;font-weight: 500;padding-right: 20px\">15.45h<\/span><br \/>\nPresentaci\u00f3n de novedades por parte del Comit\u00e9 Ejecutivo[\/vc_column_text][vc_empty_space height=\u00bb20px\u00bb][vc_column_text]<span style=\"font-size: 22px;font-weight: 500;padding-right: 20px\">16.00h<\/span><br \/>\nAprobaci\u00f3n, si procede, de:<br \/>\n\u2022 Acta de la Asamblea de Oto\u00f1o 2017<br \/>\n\u2022 Presupuestos: contabilidad oficial<br \/>\n\u2022 Temas para futuras asambleas<br \/>\n\u2022 Revisi\u00f3n de solicitud de nuevos miembros<\/p>\n<p>[\/vc_column_text][vc_column_text]<\/p>\n<h5 style=\"text-align: left\"><strong>Asamblea II<\/strong><\/h5>\n<h5 style=\"text-align: left\"><strong>(abierta a Instituciones Asociadas)<\/strong><\/h5>\n<p>[\/vc_column_text][vc_empty_space height=\u00bb20px\u00bb][vc_column_text]<span style=\"font-size: 22px;font-weight: 500;padding-right: 20px\">16.30h<\/span><br \/>\n<strong>Revisi\u00f3n hist\u00f3rica de APUNE.<\/strong><\/p>\n<p>Modera: Ignacio Messana, Director Residente de Florida State University en Valencia<\/p>\n<p>Divisi\u00f3n en grupos para revisar dos puntos (din\u00e1mica DAFO).<\/p>\n<p>\u2022 Grupo 1: \u00bfQu\u00e9 puede hacer APUNE por mi programa?<br \/>\n\u2022 Grupo 2: \u00bfQu\u00e9 carencias veo en la oferta de APUNE?[\/vc_column_text][vc_empty_space height=\u00bb20px\u00bb][vc_column_text]<span style=\"font-size: 22px;font-weight: 500;padding-right: 20px\">17.30h<\/span><br \/>\n<strong>Conclusiones de los grupos de trabajo<\/strong>[\/vc_column_text][vc_empty_space height=\u00bb20px\u00bb][vc_column_text]<span style=\"font-size: 22px;font-weight: 500;padding-right: 20px\">18.00h<\/span><br \/>\n<strong>Ruegos y preguntas<\/strong>[\/vc_column_text][vc_column_text]<span style=\"font-size: 22px;font-weight: 500;padding-right: 20px\">18.30h<\/span><br \/>\n<strong>Salida hacia el centro hist\u00f3rico de La Laguna en autob\u00fas.<\/strong><\/p>\n<p>Visita guiada de La Laguna cuyo casco hist\u00f3rico es Bien Cultural Patrimonio de la Humanidad de la UNESCO por el valor universal y excepcional que tuvo la concepci\u00f3n de su plano urbano, el cual se erigi\u00f3 como el modelo de ciudad implantada por los espa\u00f1oles en las colonias americanas y primer modelo de ciudad colonial no fortificada.[\/vc_column_text][vc_empty_space height=\u00bb20px\u00bb][vc_column_text]<span style=\"font-size: 22px;font-weight: 500;padding-right: 20px\">20.30h<\/span><br \/>\n<strong>Cena conmemorativa del 50 Aniversario de APUNE<\/strong><\/p>\n<p>Gran Hotel Laguna, San Crist\u00f3bal de La Laguna. Ubicaci\u00f3n: ver <a href=\"https:\/\/www.google.es\/maps\/place\/La+Laguna+Gran+Hotel\/@28.4890857,-16.313677,18.53z\/data=!4m5!3m4!1s0xc41cdb87a137681:0xc36aac638290814!8m2!3d28.489129!4d-16.313334?dcr=0\" target=\"_blank\" rel=\"noopener\">link<\/a>[\/vc_column_text][vc_empty_space height=\u00bb20px\u00bb][\/vc_column_inner][vc_column_inner width=\u00bb1\/2&#8243; css=\u00bb.vc_custom_1508508633788{border-left-width: 2px !important;padding-top: 0px !important;padding-right: 30px !important;padding-left: 30px !important;border-left-color: #ffffff !important;border-left-style: solid !important;}\u00bb][vc_column_text]<\/p>\n<h3 style=\"text-align: center\">D\u00cdA 2<\/h3>\n<p>[\/vc_column_text][vc_column_text]<\/p>\n<h5 style=\"text-align: center\"><span style=\"font-weight: 400;color: #808080\">Viernes 23 de febrero de 2018<\/span><\/h5>\n<p>[\/vc_column_text][vc_separator color=\u00bbwhite\u00bb border_width=\u00bb2&#8243; el_width=\u00bb50&#8243;][vc_column_text]<\/p>\n<p style=\"text-align: center\"><b>VII ENCUENTRO DE UNIVERSIDADES ESPA\u00d1OLAS Y NORTEAMERICANAS<\/b><\/p>\n<p style=\"text-align: center\"><strong>Sal\u00f3n de Actos de la Secci\u00f3n de Periodismo (pir\u00e1mide, \u00faltima planta)<\/strong><\/p>\n<p style=\"text-align: center\"><strong>Facultad de Ciencias Pol\u00edticas, Sociales y de la Comunicaci\u00f3n<\/strong><\/p>\n<p style=\"text-align: center\">Parada del tranv\u00eda: Campus de Guajara (<a href=\"http:\/\/metrotenerife.com\/recorridos-y-horarios-3\/\" target=\"_blank\" rel=\"noopener\">ver recorrido y horarios<\/a>)<\/p>\n<p style=\"text-align: center\">Ubicaci\u00f3n: ver <a href=\"https:\/\/www.google.es\/maps\/place\/Edificio+%22La+Pir%C3%A1mide%22.+Facultad+de+Ciencias+Pol%C3%ADticas,+Sociales+y+de+la+Comunicaci%C3%B3n.+Universidad+de+La+Laguna\/@28.4694251,-16.3020878,19.39z\/data=!4m8!1m2!2m1!1sfacultad+de+periodismo+ull!3m4!1s0xc41cdaa8b75dc95:0x77076887cfee5e6b!8m2!3d28.4695006!4d-16.3019373?dcr=0\" target=\"_blank\" rel=\"noopener\">link<\/a><\/p>\n<p>[\/vc_column_text][vc_empty_space height=\u00bb60px\u00bb][vc_column_text]<span style=\"font-size: 22px;font-weight: 500;padding-right: 20px\">9.00-9.30h (Sal\u00f3n de Actos, \u00faltima planta &#8211; nivel 5)<\/span><br \/>\nEntrega de acreditaciones y documentaci\u00f3n[\/vc_column_text][vc_empty_space height=\u00bb60px\u00bb][vc_column_text]<span style=\"font-size: 22px;font-weight: 500;padding-right: 20px\">9.30h<\/span><br \/>\n<strong>Bienvenida e inauguraci\u00f3n por parte del Sr. D. Antonio Martin\u00f3n Cejas, Rector de La Universidad de La Laguna, y la Sra. D\u00f1a. \u00c1gueda Quiroga, Presidenta de APUNE<\/strong>[\/vc_column_text][vc_empty_space height=\u00bb20px\u00bb][vc_column_text]<span style=\"font-size: 22px;font-weight: 500;padding-right: 20px\">9.45h<\/span><br \/>\n<strong>Presentaci\u00f3n del proyecto internacional de la ULL para Tenerife<\/strong><\/p>\n<p>D\u00f1a. Mar\u00eda del Carmen Rubio Armend\u00e1riz<\/p>\n<p>Vicerrectora de Internacionalizaci\u00f3n de la Universidad de La Laguna<\/p>\n<p>Jos\u00e9 Luis Rivero Plasencia<\/p>\n<p>Director Insular de Cultura, Educaci\u00f3n y Unidades Art\u00edsticas del Cabildo de Tenerife<\/p>\n<p>[\/vc_column_text][vc_empty_space height=\u00bb20px\u00bb][vc_column_text]<span style=\"font-size: 22px;font-weight: 500;padding-right: 20px\">10.05h<\/span><br \/>\n<strong>Ponencia inaugural:\u00a0<em>Medio siglo de APUNE<\/em><\/strong><\/p>\n<p>Ray Green, Director de Boston University en Madrid (1985-2014) y expresidente de APUNE[\/vc_column_text][vc_empty_space height=\u00bb20px\u00bb][vc_column_text]<span style=\"font-size: 22px;font-weight: 500;padding-right: 20px\">10.30h<\/span><br \/>\n<strong>Mesa redonda I<\/strong>: <strong>Nuevos modelos de estudios y programas en el extranjero para el estudiante norteamericano<\/strong><br \/>\nModera: Antonio Cano Gin\u00e9s, Director de Secretariado de Cooperaci\u00f3n Internacional de la Universidad de La Laguna<\/p>\n<p><strong>\u00abCentral College of Iowa-Centro de Lenguas Modernas de la UGR: una relaci\u00f3n abocada al \u00e9xito\u00bb<\/strong><\/p>\n<p><em>Ver\u00f3nica Garc\u00eda-Montero<\/em><\/p>\n<p>Directora del Central College of Iowa en Granada<\/p>\n<p><strong>\u2022\u00a0\u201cHaciendo de la necesidad virtud o c\u00f3mo atraer estudiantes a una ciudad de provincias. El caso de la Universidad de Valladolid\u201d<\/strong><\/p>\n<p><em>Jos\u00e9 Ram\u00f3n Gonz\u00e1lez<\/em><\/p>\n<p>Vicerrector de Internacionalizaci\u00f3n y Pol\u00edtica Ling\u00fc\u00edstica de la Universidad de Valladolid<\/p>\n<p><strong>\u2022 \u201cExperiencias y expectativas, cambios y continuidad:\u00a0 25 a\u00f1os de Dickinson en M\u00e1laga<em>\u201d<\/em><\/strong><\/p>\n<p><em>Mark Aldrick<\/em><\/p>\n<p>Director del Programa de Dickinson College en M\u00e1laga<\/p>\n<p><strong>\u2022 \u201cCreatividad e innovaci\u00f3n en contextos de inmersi\u00f3n: los relatos digitales en la clase de espa\u00f1ol como lengua extranjera\u201d<\/strong><\/p>\n<p><em>Eduardo Negueruela Azarola<\/em><\/p>\n<p>Director Acad\u00e9mico y de Investigaci\u00f3n del Instituto de Lengua y Cultura Espa\u00f1olas (ILCE), Universidad de Navarra[\/vc_column_text][vc_empty_space height=\u00bb20px\u00bb][vc_column_text]<span style=\"font-size: 22px;font-weight: 500;padding-right: 20px\">12.00h<\/span><br \/>\n<em>Pausa para el caf\u00e9<\/em>[\/vc_column_text][vc_empty_space height=\u00bb20px\u00bb][vc_column_text]<span style=\"font-size: 22px;font-weight: 500;padding-right: 20px\">13.00h<\/span><br \/>\n<strong>Mesa redonda II. <\/strong><\/p>\n<p><strong>Cambios en el perfil de los estudiantes: objetivos y necesidades.<\/strong><br \/>\nModera: Patricia Onieva, Directora de Programas para Europa, Asia y Am\u00e9rica del Norte, SEPIE<\/p>\n<p><strong>\u2022 \u201cCambio de expectativas y de objetivos de los estudiantes norteamericanos en Espa\u00f1a\u201d<\/strong><\/p>\n<p><em>Victoria Ruiz<\/em><\/p>\n<p>Jefa de Programa, Comisi\u00f3n Fulbright.<\/p>\n<p><strong>\u2022 \u00abNuevos retos en la prevenci\u00f3n y actuaci\u00f3n en situaciones de crisis para programas anfitriones de estudiantes estadounidenses en Espa\u00f1a\u00bb<\/strong><\/p>\n<p><em>Jane Strei<\/em><\/p>\n<p>Servicios para ciudadanos norteamericanos, Embajada de EE.UU.<\/p>\n<p><strong>\u2022 \u00abLa tecnolog\u00eda al servicio de la ense\u00f1anza: la metodolog\u00eda SIELE aplicada al aula\u00bb<\/strong><\/p>\n<p><em>Alberto Matesanz<\/em><\/p>\n<p>Gerente Comercial y de Marketing de Telef\u00f3nica Educaci\u00f3n Digital<\/p>\n<p><strong>\u2022\u00bbT\u00fa puedes: los j\u00f3venes y los nuevos mandamientos\u00bb<\/strong><\/p>\n<p><em>Carlos Vela<\/em><\/p>\n<p>Director del Programa SUNY Albany en Madrid[\/vc_column_text][vc_empty_space height=\u00bb20px\u00bb][vc_column_text]<span style=\"font-size: 22px;font-weight: 500;padding-right: 20px\">14.30h<\/span><br \/>\n<em>Comida tipo c\u00f3ctel<\/em>[\/vc_column_text][vc_empty_space height=\u00bb20px\u00bb][vc_column_text]<span style=\"font-size: 22px;font-weight: 500;padding-right: 20px\">15.45h<\/span><br \/>\n<strong>Grupos\u00a0de trabajo (aulas en nivel 4)<\/strong><\/p>\n<p>Grupo 1 (aula 9): <strong>Dise\u00f1o y gesti\u00f3n compartida entre programas de EE.UU. y universidades espa\u00f1olas.<\/strong>\u00a0Coordina: Mar\u00eda del Carmen Rubio Armend\u00e1riz, Vicerrectora de Internacionalizaci\u00f3n de la ULL.<\/p>\n<p>Grupo 2 (aula 10): <strong>Retos para la supervivencia de los programas en espa\u00f1ol<\/strong>.\u00a0Coordina: Alberto del R\u00edo Malo, subdirector de CIEE en Barcelona.<\/p>\n<p>Grupo 3 (aula 12): <strong>C\u00f3mo cautivar a los estudiantes durante las visitas culturales.\u00a0<\/strong>Coordina: Ana Pl\u00e1ez, Directora de Boston College en Madrid.<\/p>\n<p>Grupo 4 (aula 13): <strong>M\u00e9todos docentes en el aula internacional.<\/strong> Coordina: Carlos Valencia, University of North Carolina, Chapel Hill, en Sevilla[\/vc_column_text][vc_empty_space height=\u00bb20px\u00bb][vc_column_text]<span style=\"font-size: 22px;font-weight: 500;padding-right: 20px\">17.00h<\/span><br \/>\n<strong>Presentaci\u00f3n de las conclusiones de los grupos de trabajo<\/strong>[\/vc_column_text][vc_empty_space height=\u00bb20px\u00bb][vc_column_text]<span style=\"font-size: 22px;font-weight: 500;padding-right: 20px\">17.45h<\/span><\/p>\n<p><strong>Clausura\u00a0<\/strong><\/p>\n<p>[\/vc_column_text][vc_empty_space height=\u00bb20px\u00bb][vc_column_text]<span style=\"font-size: 22px;font-weight: 500;padding-right: 20px\">18.00h<\/span><\/p>\n<p><strong>Actuaci\u00f3n musical\u00a0<\/strong><\/p>\n<p>Ofrecida por el Excmo. Ayuntamiento de San Crist\u00f3bal de La Laguna[\/vc_column_text][vc_empty_space height=\u00bb20px\u00bb][vc_column_text]<span style=\"font-size: 22px;font-weight: 500;padding-right: 20px\">20.30h<\/span><br \/>\n<strong>C\u00f3ctel en el Real Casino de Tenerife\u00a0<\/strong><\/p>\n<p>Ubicaci\u00f3n: ver <a href=\"https:\/\/www.google.es\/maps\/place\/Casino+de+Tenerife\/@28.4663736,-16.249968,17.3z\/data=!4m12!1m6!3m5!1s0x0:0x3e1a5358c50752fa!2sCasino+de+Tenerife!8m2!3d28.467035!4d-16.2481554!3m4!1s0x0:0x3e1a5358c50752fa!8m2!3d28.467035!4d-16.2481554\" target=\"_blank\" rel=\"noopener\">link<\/a>[\/vc_column_text][vc_empty_space height=\u00bb20px\u00bb][\/vc_column_inner][\/vc_row_inner][vc_empty_space height=\u00bb25px\u00bb][vc_column_text]<\/p>\n<h5 style=\"text-align: center\"><span style=\"font-weight: 400;color: #808080\">S\u00e1bado 24 de febrero de 2018 (Opcional)<\/span><\/h5>\n<p>[\/vc_column_text][vc_separator color=\u00bbwhite\u00bb border_width=\u00bb2&#8243; el_width=\u00bb50&#8243;][vc_column_text]<\/p>\n<p style=\"text-align: center\"><span style=\"font-size: 22px;font-weight: 500;padding-right: 20px\">8.45 &#8211; 14.00h<\/span><br \/>\n<strong>Excursi\u00f3n al Parque Nacional de las Ca\u00f1adas del Teide<\/strong><\/p>\n<p style=\"text-align: center\">Recogida de los asistentes en dos puntos de encuentro:<\/p>\n<p style=\"text-align: center\">8.45 h Santa Cruz (Parque Garc\u00eda Sanabria-parte\u00a0superior del parque, frente a restaurante Strasse)<\/p>\n<p style=\"text-align: center\">9.00 h San Crist\u00f3bal de La Laguna (Plaza del Adelantado frente al convento de Santa Catalina).<\/p>\n<p>[\/vc_column_text][vc_empty_space height=\u00bb20px\u00bb][vc_column_text]<\/p>\n<p style=\"text-align: center\"><span style=\"font-size: 22px;font-weight: 500;padding-right: 20px\">13.30 &#8211; 17.00h<\/span><br \/>\nAlmuerzo y regreso a ambos puntos de recogida.<\/p>\n<p>[\/vc_column_text][vc_empty_space height=\u00bb20px\u00bb][\/vc_column][\/vc_row][vc_row][vc_column width=\u00bb1\/2&#8243;][vc_empty_space height=\u00bb25px\u00bb][vc_column_text]<\/p>\n<h2 style=\"text-align: center\">ORGANIZAN<\/h2>\n<p>[\/vc_column_text][vc_separator color=\u00bbsky\u00bb border_width=\u00bb2&#8243; el_width=\u00bb30&#8243;][vc_row_inner equal_height=\u00bbyes\u00bb content_placement=\u00bbmiddle\u00bb css=\u00bb.vc_custom_1508930728483{padding-top: 25px !important;}\u00bb][vc_column_inner width=\u00bb1\/2&#8243;][vc_single_image image=\u00bb156&#8243; img_size=\u00bbfull\u00bb alignment=\u00bbcenter\u00bb][\/vc_column_inner][vc_column_inner el_class=\u00bbaligncenter\u00bb width=\u00bb1\/2&#8243;][vc_single_image image=\u00bb155&#8243; img_size=\u00bbfull\u00bb alignment=\u00bbcenter\u00bb][\/vc_column_inner][\/vc_row_inner][\/vc_column][vc_column width=\u00bb1\/2&#8243;][vc_empty_space height=\u00bb25px\u00bb][vc_column_text]<\/p>\n<h2 style=\"text-align: center\">COLABORAN<\/h2>\n<p>[\/vc_column_text][vc_separator color=\u00bbsky\u00bb border_width=\u00bb2&#8243; el_width=\u00bb30&#8243;][vc_row_inner equal_height=\u00bbyes\u00bb content_placement=\u00bbmiddle\u00bb css=\u00bb.vc_custom_1508930728483{padding-top: 25px !important;}\u00bb][vc_column_inner][vc_single_image image=\u00bb279&#8243; img_size=\u00bbfull\u00bb alignment=\u00bbright\u00bb][vc_single_image image=\u00bb449&#8243; img_size=\u00bbmedium\u00bb alignment=\u00bbright\u00bb][vc_single_image image=\u00bb474&#8243; img_size=\u00bbmedium\u00bb alignment=\u00bbcenter\u00bb][vc_single_image image=\u00bb501&#8243; img_size=\u00bbmedium\u00bb][vc_single_image image=\u00bb447&#8243; img_size=\u00bb200X100&#8243; alignment=\u00bbright\u00bb][vc_single_image image=\u00bb406&#8243; img_size=\u00bbmedium\u00bb alignment=\u00bbright\u00bb][\/vc_column_inner][\/vc_row_inner][\/vc_column][\/vc_row]<\/p>\n","protected":false},"excerpt":{"rendered":"<p>[vc_row full_width=\u00bbstretch_row_content_no_spaces\u00bb content_placement=\u00bbmiddle\u00bb css=\u00bb.vc_custom_1510837405830{background-image: url(http:\/\/www.ull.es\/eventos\/apune2018\/wp-content\/uploads\/sites\/3\/2017\/07\/EventoULL_CabeceraHome.jpg?id=99) !important;background-position: center !important;background-repeat: no-repeat !important;background-size: cover !important;}\u00bb][vc_column][vc_column_text css=\u00bb.vc_custom_1518127151136{margin-top: 0px !important;margin-bottom: 0px !important;padding-top: 80px !important;padding-right: 30px !important;padding-bottom: 80px !important;padding-left: 30px !important;}\u00bb] VII ENCUENTRO ENTRE UNIVERSIDADES ESPA\u00d1OLAS Y NORTEAMERICANAS Programas Univeritarios Norteamericanos en Espa\u00f1a 22 &#8211; 24 de febrero de 2018 Universidad de La Laguna [\/vc_column_text][\/vc_column][\/vc_row][vc_row][vc_column][vc_column_text] BIENVENIDA [\/vc_column_text][vc_separator color=\u00bbsky\u00bb border_width=\u00bb2&#8243; el_width=\u00bb30&#8243; css=\u00bb.vc_custom_1501144955426{margin-bottom:&#8230;<\/p>\n","protected":false},"author":1,"featured_media":0,"parent":0,"menu_order":0,"comment_status":"closed","ping_status":"closed","template":"templates\/template-frontpage.php","meta":{"footnotes":""},"class_list":["post-15","page","type-page","status-publish","hentry"],"_links":{"self":[{"href":"https:\/\/www.ull.es\/eventos\/apune2018\/wp-json\/wp\/v2\/pages\/15"}],"collection":[{"href":"https:\/\/www.ull.es\/eventos\/apune2018\/wp-json\/wp\/v2\/pages"}],"about":[{"href":"https:\/\/www.ull.es\/eventos\/apune2018\/wp-json\/wp\/v2\/types\/page"}],"author":[{"embeddable":true,"href":"https:\/\/www.ull.es\/eventos\/apune2018\/wp-json\/wp\/v2\/users\/1"}],"replies":[{"embeddable":true,"href":"https:\/\/www.ull.es\/eventos\/apune2018\/wp-json\/wp\/v2\/comments?post=15"}],"version-history":[{"count":79,"href":"https:\/\/www.ull.es\/eventos\/apune2018\/wp-json\/wp\/v2\/pages\/15\/revisions"}],"predecessor-version":[{"id":514,"href":"https:\/\/www.ull.es\/eventos\/apune2018\/wp-json\/wp\/v2\/pages\/15\/revisions\/514"}],"wp:attachment":[{"href":"https:\/\/www.ull.es\/eventos\/apune2018\/wp-json\/wp\/v2\/media?parent=15"}],"curies":[{"name":"wp","href":"https:\/\/api.w.org\/{rel}","templated":true}]}}