{"id":183,"date":"2017-10-27T11:22:14","date_gmt":"2017-10-27T11:22:14","guid":{"rendered":"http:\/\/eventoull.bigmountain.studio\/?page_id=183"},"modified":"2018-01-11T12:34:58","modified_gmt":"2018-01-11T12:34:58","slug":"como-llegar","status":"publish","type":"page","link":"https:\/\/www.ull.es\/eventos\/apune2018\/como-llegar\/","title":{"rendered":"Sede"},"content":{"rendered":"<p>[vc_row full_width=\u00bbstretch_row_content_no_spaces\u00bb css=\u00bb.vc_custom_1510837577827{background-image: url(http:\/\/www.ull.es\/eventos\/apune2018\/wp-content\/uploads\/sites\/3\/2017\/07\/EventoULL_CabeceraPrograma.jpg?id=103) !important;background-position: center !important;background-repeat: no-repeat !important;background-size: cover !important;}\u00bb][vc_column][vc_empty_space height=\u00bb300px\u00bb][\/vc_column][\/vc_row][vc_row css=\u00bb.vc_custom_1501150963036{margin-top: 35px !important;}\u00bb][vc_column][vc_column_text]<\/p>\n<h2 style=\"text-align: center\">SEDE<\/h2>\n<p>[\/vc_column_text][vc_separator color=\u00bbsky\u00bb border_width=\u00bb2&#8243; el_width=\u00bb20&#8243;][vc_empty_space height=\u00bb60px\u00bb][vc_row_inner][vc_column_inner][vc_column_text]La Asamblea General tendr\u00e1 lugar en la Sala de Juntas de la Facultad de Econom\u00eda, Empresa y Turismo (Campus de Guajara de la Universidad de La Laguna).<\/p>\n<p>El encuentro se desarrollar\u00e1 en el Sal\u00f3n de Actos de la Secci\u00f3n de Ciencias de las Comunicaci\u00f3n de la Facultad de Ciencias Pol\u00edticas, Sociales y de la Comunicaci\u00f3n (Campus de Guajara de la Universidad de La Laguna). Ver mapa.[\/vc_column_text][\/vc_column_inner][\/vc_row_inner][vc_empty_space height=\u00bb20px\u00bb][vc_gmaps link=\u00bb#E-8_JTNDaWZyYW1lJTIwc3JjJTNEJTIyaHR0cHMlM0ElMkYlMkZ3d3cuZ29vZ2xlLmNvbSUyRm1hcHMlMkZlbWJlZCUzRnBiJTNEJTIxMW0xOCUyMTFtMTIlMjExbTMlMjExZDM1MDcuMzMzNTI4OTIxNzAxNiUyMTJkLTE2LjMwNDEyNjE4NDkyMTA2JTIxM2QyOC40Njk1MDA1ODI0ODI0MzIlMjEybTMlMjExZjAlMjEyZjAlMjEzZjAlMjEzbTIlMjExaTEwMjQlMjEyaTc2OCUyMTRmMTMuMSUyMTNtMyUyMTFtMiUyMTFzMHhjNDFjZGFhOGI3NWRjOTUlMjUzQTB4NzcwNzY4ODdjZmVlNWU2YiUyMTJzRWRpZmljaW8lMkIlMjUyMkxhJTJCUGlyJTI1QzMlMjVBMW1pZGUlMjUyMi4lMkJGYWN1bHRhZCUyQmRlJTJCQ2llbmNpYXMlMkJQb2wlMjVDMyUyNUFEdGljYXMlMjUyQyUyQlNvY2lhbGVzJTJCeSUyQmRlJTJCbGElMkJDb211bmljYWNpJTI1QzMlMjVCM24uJTJCVW5pdmVyc2lkYWQlMkJkZSUyQkxhJTJCTGFndW5hJTIxNWUwJTIxM20yJTIxMXNlcyUyMTJzZXMlMjE0djE1MDkxMDc1MDM4NTYlMjIlMjB3aWR0aCUzRCUyMjYwMCUyMiUyMGhlaWdodCUzRCUyMjQ1MCUyMiUyMGZyYW1lYm9yZGVyJTNEJTIyMCUyMiUyMHN0eWxlJTNEJTIyYm9yZGVyJTNBMCUyMiUyMGFsbG93ZnVsbHNjcmVlbiUzRSUzQyUyRmlmcmFtZSUzRQ==\u00bb][vc_empty_space height=\u00bb50px\u00bb][\/vc_column][\/vc_row][vc_row][vc_column][vc_column_text][\/vc_column_text][\/vc_column][\/vc_row]<\/p>\n","protected":false},"excerpt":{"rendered":"<p>[vc_row full_width=\u00bbstretch_row_content_no_spaces\u00bb css=\u00bb.vc_custom_1510837577827{background-image: url(http:\/\/www.ull.es\/eventos\/apune2018\/wp-content\/uploads\/sites\/3\/2017\/07\/EventoULL_CabeceraPrograma.jpg?id=103) !important;background-position: center !important;background-repeat: no-repeat !important;background-size: cover !important;}\u00bb][vc_column][vc_empty_space height=\u00bb300px\u00bb][\/vc_column][\/vc_row][vc_row css=\u00bb.vc_custom_1501150963036{margin-top: 35px !important;}\u00bb][vc_column][vc_column_text] SEDE [\/vc_column_text][vc_separator color=\u00bbsky\u00bb border_width=\u00bb2&#8243; el_width=\u00bb20&#8243;][vc_empty_space height=\u00bb60px\u00bb][vc_row_inner][vc_column_inner][vc_column_text]La Asamblea General tendr\u00e1 lugar en la Sala de Juntas de la Facultad de Econom\u00eda, Empresa y Turismo (Campus de Guajara de la Universidad de La Laguna). El encuentro se desarrollar\u00e1 en el Sal\u00f3n de&#8230;<\/p>\n","protected":false},"author":1,"featured_media":0,"parent":0,"menu_order":0,"comment_status":"closed","ping_status":"closed","template":"templates\/template-frontpage.php","meta":{"footnotes":""},"class_list":["post-183","page","type-page","status-publish","hentry"],"_links":{"self":[{"href":"https:\/\/www.ull.es\/eventos\/apune2018\/wp-json\/wp\/v2\/pages\/183"}],"collection":[{"href":"https:\/\/www.ull.es\/eventos\/apune2018\/wp-json\/wp\/v2\/pages"}],"about":[{"href":"https:\/\/www.ull.es\/eventos\/apune2018\/wp-json\/wp\/v2\/types\/page"}],"author":[{"embeddable":true,"href":"https:\/\/www.ull.es\/eventos\/apune2018\/wp-json\/wp\/v2\/users\/1"}],"replies":[{"embeddable":true,"href":"https:\/\/www.ull.es\/eventos\/apune2018\/wp-json\/wp\/v2\/comments?post=183"}],"version-history":[{"count":6,"href":"https:\/\/www.ull.es\/eventos\/apune2018\/wp-json\/wp\/v2\/pages\/183\/revisions"}],"predecessor-version":[{"id":423,"href":"https:\/\/www.ull.es\/eventos\/apune2018\/wp-json\/wp\/v2\/pages\/183\/revisions\/423"}],"wp:attachment":[{"href":"https:\/\/www.ull.es\/eventos\/apune2018\/wp-json\/wp\/v2\/media?parent=183"}],"curies":[{"name":"wp","href":"https:\/\/api.w.org\/{rel}","templated":true}]}}