{"id":23,"date":"2017-07-27T08:50:10","date_gmt":"2017-07-27T08:50:10","guid":{"rendered":"http:\/\/eventoull.bigmountain.studio\/?page_id=23"},"modified":"2018-01-23T15:43:37","modified_gmt":"2018-01-23T15:43:37","slug":"inscripcion","status":"publish","type":"page","link":"https:\/\/www.ull.es\/eventos\/apune2018\/inscripcion\/","title":{"rendered":"Inscripci\u00f3n"},"content":{"rendered":"<p>[vc_row full_width=\u00bbstretch_row_content_no_spaces\u00bb css=\u00bb.vc_custom_1510837440794{background-image: url(http:\/\/www.ull.es\/eventos\/apune2018\/wp-content\/uploads\/sites\/3\/2017\/07\/EventoULL_CabeceraInscripcion-new.jpg?id=194) !important;background-position: center !important;background-repeat: no-repeat !important;background-size: cover !important;}\u00bb][vc_column][vc_empty_space height=\u00bb300px\u00bb][\/vc_column][\/vc_row][vc_row css=\u00bb.vc_custom_1501150963036{margin-top: 35px !important;}\u00bb][vc_column][vc_column_text]<\/p>\n<h2 style=\"text-align: center\">INSCRIPCI\u00d3N (FECHA TOPE AMPLIADA HASTA EL 30 DE ENERO)<\/h2>\n<p>[\/vc_column_text][vc_separator color=\u00bbsky\u00bb border_width=\u00bb2&#8243; el_width=\u00bb20&#8243;][vc_empty_space height=\u00bb60px\u00bb][vc_row_inner content_placement=\u00bbmiddle\u00bb css=\u00bb.vc_custom_1501151000063{background-color: #f2f2f2 !important;}\u00bb][vc_column_inner width=\u00bb1\/4&#8243;][\/vc_column_inner][vc_column_inner width=\u00bb1\/2&#8243;][vc_empty_space][vc_column_text]\n<div class=\"wpcf7 no-js\" id=\"wpcf7-f313-o1\" lang=\"es-ES\" dir=\"ltr\">\n<div class=\"screen-reader-response\"><p role=\"status\" aria-live=\"polite\" aria-atomic=\"true\"><\/p> <ul><\/ul><\/div>\n<form action=\"\/eventos\/apune2018\/wp-json\/wp\/v2\/pages\/23#wpcf7-f313-o1\" method=\"post\" class=\"wpcf7-form init\" aria-label=\"Formulario de contacto\" novalidate=\"novalidate\" data-status=\"init\">\n<div style=\"display: none;\">\n<input type=\"hidden\" name=\"_wpcf7\" value=\"313\" \/>\n<input type=\"hidden\" name=\"_wpcf7_version\" value=\"5.9.8\" \/>\n<input type=\"hidden\" name=\"_wpcf7_locale\" value=\"es_ES\" \/>\n<input type=\"hidden\" name=\"_wpcf7_unit_tag\" value=\"wpcf7-f313-o1\" \/>\n<input type=\"hidden\" name=\"_wpcf7_container_post\" value=\"0\" \/>\n<input type=\"hidden\" name=\"_wpcf7_posted_data_hash\" value=\"\" \/>\n<\/div>\n<p><label> Nombre (obligatorio)<br \/>\n<span class=\"wpcf7-form-control-wrap\" data-name=\"your-name\"><input size=\"80\" maxlength=\"400\" class=\"wpcf7-form-control wpcf7-text wpcf7-validates-as-required\" aria-required=\"true\" aria-invalid=\"false\" value=\"\" type=\"text\" name=\"your-name\" \/><\/span> <\/label>\n<\/p>\n<p><label> Apellidos (obligatorio)<br \/>\n<span class=\"wpcf7-form-control-wrap\" data-name=\"apellidos\"><input size=\"80\" maxlength=\"400\" class=\"wpcf7-form-control wpcf7-text wpcf7-validates-as-required\" aria-required=\"true\" aria-invalid=\"false\" value=\"\" type=\"text\" name=\"apellidos\" \/><\/span> <\/label>\n<\/p>\n<p><label> Documento identificativo (DNI, NIF, NIE, Pasaporte, etc.) (obligatorio)<br \/>\n<span class=\"wpcf7-form-control-wrap\" data-name=\"dni\"><input size=\"80\" maxlength=\"400\" class=\"wpcf7-form-control wpcf7-text wpcf7-validates-as-required\" aria-required=\"true\" aria-invalid=\"false\" value=\"\" type=\"text\" name=\"dni\" \/><\/span> <\/label>\n<\/p>\n<p><label> Instituci\u00f3n (obligatorio)<br \/>\n<span class=\"wpcf7-form-control-wrap\" data-name=\"institucion\"><input size=\"80\" maxlength=\"400\" class=\"wpcf7-form-control wpcf7-text wpcf7-validates-as-required\" aria-required=\"true\" aria-invalid=\"false\" value=\"\" type=\"text\" name=\"institucion\" \/><\/span> <\/label>\n<\/p>\n<p><label> Direcci\u00f3n (obligatorio)<br \/>\n<span class=\"wpcf7-form-control-wrap\" data-name=\"direccion\"><input size=\"80\" maxlength=\"400\" class=\"wpcf7-form-control wpcf7-text wpcf7-validates-as-required\" aria-required=\"true\" aria-invalid=\"false\" value=\"\" type=\"text\" name=\"direccion\" \/><\/span> <\/label>\n<\/p>\n<p><label> C\u00f3digo postal (obligatorio)<br \/>\n<span class=\"wpcf7-form-control-wrap\" data-name=\"codigo-postal\"><input class=\"wpcf7-form-control wpcf7-number wpcf7-validates-as-number\" aria-invalid=\"false\" value=\"\" type=\"number\" name=\"codigo-postal\" \/><\/span><\/label>\n<\/p>\n<p><label> Ciudad (obligatorio)<br \/>\n<span class=\"wpcf7-form-control-wrap\" data-name=\"ciudad\"><input size=\"80\" maxlength=\"400\" class=\"wpcf7-form-control wpcf7-text wpcf7-validates-as-required\" aria-required=\"true\" aria-invalid=\"false\" value=\"\" type=\"text\" name=\"ciudad\" \/><\/span> <\/label>\n<\/p>\n<p><label> Pa\u00eds (obligatorio)<br \/>\n<span class=\"wpcf7-form-control-wrap\" data-name=\"pais\"><input size=\"80\" maxlength=\"400\" class=\"wpcf7-form-control wpcf7-text wpcf7-validates-as-required\" aria-required=\"true\" aria-invalid=\"false\" value=\"\" type=\"text\" name=\"pais\" \/><\/span> <\/label>\n<\/p>\n<p><label> Tel\u00e9fono<br \/>\n<span class=\"wpcf7-form-control-wrap\" data-name=\"telefono\"><input size=\"80\" maxlength=\"400\" class=\"wpcf7-form-control wpcf7-tel wpcf7-text wpcf7-validates-as-tel\" aria-invalid=\"false\" value=\"\" type=\"tel\" name=\"telefono\" \/><\/span> <\/label>\n<\/p>\n<p><label> Correo electr\u00f3nico<br \/>\n<span class=\"wpcf7-form-control-wrap\" data-name=\"email\"><input size=\"80\" maxlength=\"400\" class=\"wpcf7-form-control wpcf7-email wpcf7-validates-as-required wpcf7-text wpcf7-validates-as-email\" aria-required=\"true\" aria-invalid=\"false\" value=\"\" type=\"email\" name=\"email\" \/><\/span> <\/label>\n<\/p>\n<p><label> \u00bfAsistir\u00e1 a la cena del 23 de febrero?<br \/>\n<span class=\"wpcf7-form-control-wrap\" data-name=\"menu-946\"><select class=\"wpcf7-form-control wpcf7-select wpcf7-validates-as-required\" aria-required=\"true\" aria-invalid=\"false\" name=\"menu-946\"><option value=\"S\u00cd\">S\u00cd<\/option><option value=\"NO\">NO<\/option><\/select><\/span> <\/label>\n<\/p>\n<p><label> \u00bfTiene alguna intolerancia alimentaria?<br \/>\n<span class=\"wpcf7-form-control-wrap\" data-name=\"your-message\"><textarea cols=\"80\" rows=\"10\" maxlength=\"2000\" class=\"wpcf7-form-control wpcf7-textarea\" aria-invalid=\"false\" name=\"your-message\"><\/textarea><\/span> <\/label>\n<\/p>\n<p><label>\u00bfAsistir\u00e1 a la excursi\u00f3n al Parque Nacional de las Ca\u00f1adas del Teide?<br \/>\n<span class=\"wpcf7-form-control-wrap\" data-name=\"menu-947\"><select class=\"wpcf7-form-control wpcf7-select wpcf7-validates-as-required\" aria-required=\"true\" aria-invalid=\"false\" name=\"menu-947\"><option value=\"S\u00cd\">S\u00cd<\/option><option value=\"NO\">NO<\/option><\/select><\/span> <\/label>\n<\/p>\n<p><input class=\"wpcf7-form-control wpcf7-submit has-spinner\" type=\"submit\" value=\"Enviar\" \/>\n<\/p><div class=\"wpcf7-response-output\" aria-hidden=\"true\"><\/div>\n<\/form>\n<\/div>\n[\/vc_column_text][vc_empty_space][\/vc_column_inner][vc_column_inner width=\u00bb1\/4&#8243;][\/vc_column_inner][\/vc_row_inner][vc_empty_space height=\u00bb50px\u00bb][\/vc_column][\/vc_row]<\/p>\n","protected":false},"excerpt":{"rendered":"<p>[vc_row full_width=\u00bbstretch_row_content_no_spaces\u00bb css=\u00bb.vc_custom_1510837440794{background-image: url(http:\/\/www.ull.es\/eventos\/apune2018\/wp-content\/uploads\/sites\/3\/2017\/07\/EventoULL_CabeceraInscripcion-new.jpg?id=194) !important;background-position: center !important;background-repeat: no-repeat !important;background-size: cover !important;}\u00bb][vc_column][vc_empty_space height=\u00bb300px\u00bb][\/vc_column][\/vc_row][vc_row css=\u00bb.vc_custom_1501150963036{margin-top: 35px !important;}\u00bb][vc_column][vc_column_text] INSCRIPCI\u00d3N (FECHA TOPE AMPLIADA HASTA EL 30 DE ENERO) [\/vc_column_text][vc_separator color=\u00bbsky\u00bb border_width=\u00bb2&#8243; el_width=\u00bb20&#8243;][vc_empty_space height=\u00bb60px\u00bb][vc_row_inner content_placement=\u00bbmiddle\u00bb css=\u00bb.vc_custom_1501151000063{background-color: #f2f2f2 !important;}\u00bb][vc_column_inner width=\u00bb1\/4&#8243;][\/vc_column_inner][vc_column_inner width=\u00bb1\/2&#8243;][vc_empty_space][vc_column_text][\/vc_column_text][vc_empty_space][\/vc_column_inner][vc_column_inner width=\u00bb1\/4&#8243;][\/vc_column_inner][\/vc_row_inner][vc_empty_space height=\u00bb50px\u00bb][\/vc_column][\/vc_row]<\/p>\n","protected":false},"author":1,"featured_media":0,"parent":0,"menu_order":0,"comment_status":"closed","ping_status":"closed","template":"templates\/template-frontpage.php","meta":{"footnotes":""},"class_list":["post-23","page","type-page","status-publish","hentry"],"_links":{"self":[{"href":"https:\/\/www.ull.es\/eventos\/apune2018\/wp-json\/wp\/v2\/pages\/23"}],"collection":[{"href":"https:\/\/www.ull.es\/eventos\/apune2018\/wp-json\/wp\/v2\/pages"}],"about":[{"href":"https:\/\/www.ull.es\/eventos\/apune2018\/wp-json\/wp\/v2\/types\/page"}],"author":[{"embeddable":true,"href":"https:\/\/www.ull.es\/eventos\/apune2018\/wp-json\/wp\/v2\/users\/1"}],"replies":[{"embeddable":true,"href":"https:\/\/www.ull.es\/eventos\/apune2018\/wp-json\/wp\/v2\/comments?post=23"}],"version-history":[{"count":5,"href":"https:\/\/www.ull.es\/eventos\/apune2018\/wp-json\/wp\/v2\/pages\/23\/revisions"}],"predecessor-version":[{"id":466,"href":"https:\/\/www.ull.es\/eventos\/apune2018\/wp-json\/wp\/v2\/pages\/23\/revisions\/466"}],"wp:attachment":[{"href":"https:\/\/www.ull.es\/eventos\/apune2018\/wp-json\/wp\/v2\/media?parent=23"}],"curies":[{"name":"wp","href":"https:\/\/api.w.org\/{rel}","templated":true}]}}