{"id":252,"date":"2017-11-03T09:31:22","date_gmt":"2017-11-03T09:31:22","guid":{"rendered":"http:\/\/eventoull.bigmountain.studio\/?page_id=252"},"modified":"2017-11-16T13:04:48","modified_gmt":"2017-11-16T13:04:48","slug":"instituciones-asociadas","status":"publish","type":"page","link":"https:\/\/www.ull.es\/eventos\/apune2018\/instituciones-asociadas\/","title":{"rendered":"Instituciones asociadas"},"content":{"rendered":"<p>[vc_row full_width=\u00bbstretch_row_content_no_spaces\u00bb css=\u00bb.vc_custom_1510837482738{background-image: url(http:\/\/www.ull.es\/eventos\/apune2018\/wp-content\/uploads\/sites\/3\/2017\/07\/EventoULL_CabeceraPrograma.jpg?id=103) !important;background-position: center !important;background-repeat: no-repeat !important;background-size: cover !important;}\u00bb][vc_column][vc_empty_space height=\u00bb300px\u00bb][\/vc_column][\/vc_row][vc_row css=\u00bb.vc_custom_1501150963036{margin-top: 35px !important;}\u00bb][vc_column][vc_column_text]<\/p>\n<h2 style=\"text-align: center\">INSTITUCIONES ASOCIADAS<\/h2>\n<p>[\/vc_column_text][vc_separator color=\u00bbsky\u00bb border_width=\u00bb2&#8243; el_width=\u00bb20&#8243;][vc_empty_space height=\u00bb60px\u00bb][\/vc_column][\/vc_row][vc_row css=\u00bb.vc_custom_1509444408329{margin-top: 10px !important;padding-bottom: 40px !important;}\u00bb][vc_column][vc_row_inner][vc_column_inner width=\u00bb1\/2&#8243;][vc_column_text]<\/p>\n<ul>\n<li>Centro Internacional Antonio Machado\/ CIAM<\/li>\n<li>Centro de Lenguas Modernas, Universidad de Granada<\/li>\n<li>EUSA Centro Universitario<\/li>\n<li>Fundaci\u00f3n Ortega y Gasset- Gregorio Mara\u00f1\u00f3n<\/li>\n<li>Instituto Franklin-Universidad de Alcal\u00e1<\/li>\n<li>Instituto Agron\u00f3mico Mediterr\u00e1neo de Zaragoza &#8211; CIHEAM<\/li>\n<li>Instituto Superior de Derecho y Econom\u00eda (Madrid)<\/li>\n<li>Meddeas (Multilingual Education Development &amp; Support)<\/li>\n<li>Morocco Exchange\/Crossing Borders Education<\/li>\n<li>Schiller International University<\/li>\n<li>School Year Abroad (Zaragoza)<\/li>\n<li>Saint Louis University, Madrid Campus<\/li>\n<li>Spanish Institute for Global Education<\/li>\n<li>Suffolk University<\/li>\n<li>The College for International Studies<\/li>\n<li>UDIMA<\/li>\n<li>Universidad Complutense de Madrid<\/li>\n<li>Universidad de Nebrija<\/li>\n<li>Universidad Aut\u00f3noma de Madrid<\/li>\n<li>Universidad de Cantabria<\/li>\n<li>Universidad Carlos III de Madrid<\/li>\n<li>Universidad de Castilla-La Mancha<\/li>\n<li>Universidad Cat\u00f3lica de Murcia<\/li>\n<\/ul>\n<p>[\/vc_column_text][\/vc_column_inner][vc_column_inner width=\u00bb1\/2&#8243;][vc_column_text]<\/p>\n<ul>\n<li>Universidad Cat\u00f3lica de Valencia<\/li>\n<li>Universidad de C\u00f3rdoba<\/li>\n<li>Universidad de Deusto<\/li>\n<li>Universidad Europea del Atl\u00e1ntico<\/li>\n<li>Universidad Francisco de Vitoria<\/li>\n<li>Universidad de Ja\u00e9n<\/li>\n<li>Universidad de la Laguna<\/li>\n<li>Universidad de Las Palmas de Gran Canarias<\/li>\n<li>Universidad de Le\u00f3n<\/li>\n<li>Universidad de Loyola Andaluc\u00eda<\/li>\n<li>Universidad de Miguel Hern\u00e1ndez de Elche<\/li>\n<li>Universidad Pablo de Olavide<\/li>\n<li>Universidad del Pa\u00eds Vasco<\/li>\n<li>Universidad de Salamanca<\/li>\n<li>Universidad de Valladolid<\/li>\n<li>Universidad de Zaragoza<\/li>\n<li>Universidad de Santiago de Compostela<\/li>\n<li>Universitat Aut\u00f2noma de Barcelona<\/li>\n<li>Universitat de Barcelona<\/li>\n<li>Universitat de Girona<\/li>\n<li>Universitat Polit\u00e8cnica de Val\u00e8ncia<\/li>\n<li>Universitat Pompeu Fabra<\/li>\n<li>Universitat de Val\u00e8ncia<\/li>\n<\/ul>\n<p>[\/vc_column_text][\/vc_column_inner][\/vc_row_inner][\/vc_column][\/vc_row]<\/p>\n","protected":false},"excerpt":{"rendered":"<p>[vc_row full_width=\u00bbstretch_row_content_no_spaces\u00bb css=\u00bb.vc_custom_1510837482738{background-image: url(http:\/\/www.ull.es\/eventos\/apune2018\/wp-content\/uploads\/sites\/3\/2017\/07\/EventoULL_CabeceraPrograma.jpg?id=103) !important;background-position: center !important;background-repeat: no-repeat !important;background-size: cover !important;}\u00bb][vc_column][vc_empty_space height=\u00bb300px\u00bb][\/vc_column][\/vc_row][vc_row css=\u00bb.vc_custom_1501150963036{margin-top: 35px !important;}\u00bb][vc_column][vc_column_text] INSTITUCIONES ASOCIADAS [\/vc_column_text][vc_separator color=\u00bbsky\u00bb border_width=\u00bb2&#8243; el_width=\u00bb20&#8243;][vc_empty_space height=\u00bb60px\u00bb][\/vc_column][\/vc_row][vc_row css=\u00bb.vc_custom_1509444408329{margin-top: 10px !important;padding-bottom: 40px !important;}\u00bb][vc_column][vc_row_inner][vc_column_inner width=\u00bb1\/2&#8243;][vc_column_text] Centro Internacional Antonio Machado\/ CIAM Centro de Lenguas Modernas, Universidad de Granada EUSA Centro Universitario Fundaci\u00f3n Ortega y Gasset- Gregorio Mara\u00f1\u00f3n Instituto Franklin-Universidad de Alcal\u00e1 Instituto Agron\u00f3mico&#8230;<\/p>\n","protected":false},"author":1,"featured_media":0,"parent":0,"menu_order":0,"comment_status":"closed","ping_status":"closed","template":"templates\/template-frontpage.php","meta":{"footnotes":""},"class_list":["post-252","page","type-page","status-publish","hentry"],"_links":{"self":[{"href":"https:\/\/www.ull.es\/eventos\/apune2018\/wp-json\/wp\/v2\/pages\/252"}],"collection":[{"href":"https:\/\/www.ull.es\/eventos\/apune2018\/wp-json\/wp\/v2\/pages"}],"about":[{"href":"https:\/\/www.ull.es\/eventos\/apune2018\/wp-json\/wp\/v2\/types\/page"}],"author":[{"embeddable":true,"href":"https:\/\/www.ull.es\/eventos\/apune2018\/wp-json\/wp\/v2\/users\/1"}],"replies":[{"embeddable":true,"href":"https:\/\/www.ull.es\/eventos\/apune2018\/wp-json\/wp\/v2\/comments?post=252"}],"version-history":[{"count":1,"href":"https:\/\/www.ull.es\/eventos\/apune2018\/wp-json\/wp\/v2\/pages\/252\/revisions"}],"predecessor-version":[{"id":324,"href":"https:\/\/www.ull.es\/eventos\/apune2018\/wp-json\/wp\/v2\/pages\/252\/revisions\/324"}],"wp:attachment":[{"href":"https:\/\/www.ull.es\/eventos\/apune2018\/wp-json\/wp\/v2\/media?parent=252"}],"curies":[{"name":"wp","href":"https:\/\/api.w.org\/{rel}","templated":true}]}}