{"id":30,"date":"2017-07-27T08:52:54","date_gmt":"2017-07-27T08:52:54","guid":{"rendered":"http:\/\/eventoull.bigmountain.studio\/?page_id=30"},"modified":"2018-01-11T12:44:53","modified_gmt":"2018-01-11T12:44:53","slug":"alojamiento","status":"publish","type":"page","link":"https:\/\/www.ull.es\/eventos\/apune2018\/alojamiento\/","title":{"rendered":"Alojamiento"},"content":{"rendered":"<p>[vc_row full_width=\u00bbstretch_row_content_no_spaces\u00bb css=\u00bb.vc_custom_1510837310651{background-image: url(http:\/\/www.ull.es\/eventos\/apune2018\/wp-content\/uploads\/sites\/3\/2017\/07\/EventoULL_Cabecera_ALojamiento.jpg?id=204) !important;background-position: center !important;background-repeat: no-repeat !important;background-size: cover !important;}\u00bb][vc_column][vc_empty_space height=\u00bb300px\u00bb][\/vc_column][\/vc_row][vc_row css=\u00bb.vc_custom_1509353222075{margin-top: 50px !important;padding-bottom: 40px !important;}\u00bb][vc_column width=\u00bb1\/2&#8243;][vc_single_image image=\u00bb247&#8243; img_size=\u00bbfull\u00bb alignment=\u00bbcenter\u00bb][\/vc_column][vc_column width=\u00bb1\/2&#8243;][vc_column_text]<\/p>\n<h2>ALOJAMIENTO<\/h2>\n<p>[\/vc_column_text][vc_separator color=\u00bbcustom\u00bb align=\u00bbalign_left\u00bb border_width=\u00bb2&#8243; el_width=\u00bb40&#8243; css=\u00bb.vc_custom_1501147876001{margin-bottom: 25px !important;}\u00bb accent_color=\u00bb#5aa1e3&#8243;][vc_column_text]<span style=\"font-weight: 400\">La reserva de alojamiento para el VII encuentro se puede realizar directamente a trav\u00e9s de la agencia:<\/span><\/p>\n<p><strong> VIAJES EL CORTE INGL\u00c9S <\/strong><\/p>\n<p><i class=\"fa fa-envelope\" style=\"padding-right: 10px;font-size: 20px\"><\/i><span style=\"font-weight: 400\">Email:<\/span><a href=\"mailto:ull@elcorteingles.es\" target=\"_blank\" rel=\"noopener\"><span style=\"font-weight: 400\"> ull@viajeseci.es<\/span><\/a><br \/>\n<i class=\"fa fa-phone\" style=\"padding-right: 10px;font-size: 20px\"><\/i><span style=\"font-weight: 400\">Tel\u00e9fono: +34 922 262 464<\/span>[\/vc_column_text][vc_column_text css=\u00bb.vc_custom_1509616803406{margin-top: 25px !important;}\u00bb]Es recomendable hacerlo de forma anticipada para evitar posibles coincidencias con otros eventos.[\/vc_column_text][vc_column_text]La Universidad de La Laguna tiene convenio con los siguientes hoteles que ofrecen precios especiales a los asistentes del evento. La reserva est\u00e1 sujeta a disponibilidad.[\/vc_column_text][\/vc_column][\/vc_row][vc_row full_width=\u00bbstretch_row\u00bb css=\u00bb.vc_custom_1509353387161{padding-top: 40px !important;padding-bottom: 40px !important;background-color: #f2f2f2 !important;}\u00bb][vc_column][vc_row_inner content_placement=\u00bbmiddle\u00bb][vc_column_inner width=\u00bb1\/2&#8243;][vc_column_text]<\/p>\n<h2>HOTEL AGUERE (PLAZAS AGOTADAS)<\/h2>\n<p>[\/vc_column_text][vc_separator color=\u00bbcustom\u00bb align=\u00bbalign_left\u00bb border_width=\u00bb2&#8243; el_width=\u00bb40&#8243; css=\u00bb.vc_custom_1501147876001{margin-bottom: 25px !important;}\u00bb accent_color=\u00bb#5aa1e3&#8243;][vc_column_text]<\/p>\n<div>Un hotel remodelado situado en la antigua casa de los Marqueses de Torrehermosa, cuyo edificio est\u00e1 declarado Patrimonio Hist\u00f3rico-Art\u00edstico y que est\u00e1 ubicado en pleno casco antiguo de San Crist\u00f3bal de La Laguna, Tenerife.<\/div>\n<div>&#8211; Habitaci\u00f3n individual con desayuno: 64 \u20ac.<\/div>\n<div>&#8211; Habitaci\u00f3n doble con desayuno: 83 \u20ac.<\/div>\n<div style=\"padding-top: 10px\"><i class=\"fa fa-globe\" style=\"font-size: 24px;padding-right: 10px\"><\/i><a class=\"textEditor-link\" href=\"http:\/\/www.hotelaguere.es\/\" target=\"_blank\" rel=\"noreferrer nofollow noopener\" target=\"_blank\" rel=\"noopener\">http:\/\/www.hotelaguere.es\/<\/a><\/div>\n<p>[\/vc_column_text][\/vc_column_inner][vc_column_inner width=\u00bb1\/2&#8243;][vc_single_image image=\u00bb199&#8243; img_size=\u00bbfull\u00bb alignment=\u00bbcenter\u00bb css=\u00bb.vc_custom_1509353340898{padding-top: 10px !important;}\u00bb][\/vc_column_inner][\/vc_row_inner][\/vc_column][\/vc_row][vc_row full_width=\u00bbstretch_row\u00bb css=\u00bb.vc_custom_1509353431637{padding-top: 40px !important;padding-bottom: 40px !important;background-color: #ffffff !important;}\u00bb][vc_column][vc_row_inner content_placement=\u00bbmiddle\u00bb][vc_column_inner width=\u00bb1\/2&#8243;][vc_single_image image=\u00bb200&#8243; img_size=\u00bbfull\u00bb alignment=\u00bbcenter\u00bb css=\u00bb.vc_custom_1509353599583{padding-top: 10px !important;}\u00bb][\/vc_column_inner][vc_column_inner width=\u00bb1\/2&#8243;][vc_column_text]<\/p>\n<h2>HOTEL ESCUELA SANTA CRUZ<\/h2>\n<h2>(PLAZAS AGOTADAS)<\/h2>\n<p>[\/vc_column_text][vc_separator color=\u00bbcustom\u00bb align=\u00bbalign_left\u00bb border_width=\u00bb2&#8243; el_width=\u00bb40&#8243; css=\u00bb.vc_custom_1501147876001{margin-bottom: 25px !important;}\u00bb accent_color=\u00bb#5aa1e3&#8243;][vc_column_text]<\/p>\n<div>\n<div>El Hotel Escuela Santa Cruz, de 4 estrellas, es un hotel c\u00e9ntrico y cosmopolita situado en el centro de Santa Cruz de Tenerife, concebido para estancias de ocio y negocios en la ciudad.<\/div>\n<div>&#8211; Habitaci\u00f3n individual con desayuno 65 \u20ac.<\/div>\n<div>&#8211; Habitaci\u00f3n doble con desayuno 76 \u20ac.<\/div>\n<\/div>\n<div style=\"padding-top: 10px\"><i class=\"fa fa-globe\" style=\"font-size: 24px;padding-right: 10px\"><\/i><a class=\"textEditor-link\" href=\"http:\/\/www.hotelescuelasantacruz.com\/\" target=\"_blank\" rel=\"noreferrer nofollow noopener\" target=\"_blank\" rel=\"noopener\">http:\/\/www.hotelescuelasantacruz.com\/<\/a><\/div>\n<p>[\/vc_column_text][\/vc_column_inner][\/vc_row_inner][\/vc_column][\/vc_row][vc_row full_width=\u00bbstretch_row\u00bb css=\u00bb.vc_custom_1509353387161{padding-top: 40px !important;padding-bottom: 40px !important;background-color: #f2f2f2 !important;}\u00bb][vc_column][vc_row_inner content_placement=\u00bbmiddle\u00bb][vc_column_inner width=\u00bb1\/2&#8243;][vc_column_text]<\/p>\n<h2>HOTEL CONTEMPOR\u00c1NEO<\/h2>\n<h2>(PLAZAS AGOTADAS)<\/h2>\n<p>[\/vc_column_text][vc_separator color=\u00bbcustom\u00bb align=\u00bbalign_left\u00bb border_width=\u00bb2&#8243; el_width=\u00bb40&#8243; css=\u00bb.vc_custom_1501147876001{margin-bottom: 25px !important;}\u00bb accent_color=\u00bb#5aa1e3&#8243;][vc_column_text]<\/p>\n<div>\n<div>El hotel\u00a0<b>Occidental Santa Cruz Contempor\u00e1neo***<\/b>\u00a0(hotel miembro de Barcel\u00f3 Hotel Group y anteriormente Barcel\u00f3 Santa Cruz Contempor\u00e1neo) se encuentra ubicado en la zona m\u00e1s exclusiva de la Rambla de Santa Cruz, a aproximadamente 450 m del centro de la ciudad. Una estupenda zona con una gran variedad de comercios, lugares de ocio y entretenimiento<\/div>\n<div>&#8211; Habitaci\u00f3n individual con desayuno 65,97 \u20ac.<\/div>\n<div>&#8211; Habitaci\u00f3n doble con desayuno 76 \u20ac.<\/div>\n<\/div>\n<div style=\"padding-top: 10px\"><i class=\"fa fa-globe\" style=\"font-size: 24px;padding-right: 10px\"><\/i><a class=\"textEditor-link\" href=\"https:\/\/www.barcelo.com\/es\/hoteles\/espana\/islas-canarias\/tenerife\/occidental-santa-cruz-contemporaneo\/\" target=\"_blank\" rel=\"noreferrer nofollow noopener\" target=\"_blank\" rel=\"noopener\">https:\/\/www.barcelo.com\/<\/a><\/div>\n<p>[\/vc_column_text][\/vc_column_inner][vc_column_inner width=\u00bb1\/2&#8243;][vc_single_image image=\u00bb201&#8243; img_size=\u00bbfull\u00bb alignment=\u00bbcenter\u00bb css=\u00bb.vc_custom_1509353848071{padding-top: 10px !important;}\u00bb][\/vc_column_inner][\/vc_row_inner][vc_row_inner content_placement=\u00bbmiddle\u00bb][vc_column_inner width=\u00bb1\/2&#8243;][vc_single_image image=\u00bb415&#8243; img_size=\u00bbfull\u00bb alignment=\u00bbcenter\u00bb css=\u00bb.vc_custom_1515672662523{padding-top: 10px !important;}\u00bb][\/vc_column_inner][vc_column_inner width=\u00bb1\/2&#8243;][vc_column_text]<\/p>\n<h2>LA LAGUNA GRAN HOTEL<\/h2>\n<p>[\/vc_column_text][vc_separator color=\u00bbcustom\u00bb align=\u00bbalign_left\u00bb border_width=\u00bb2&#8243; el_width=\u00bb40&#8243; css=\u00bb.vc_custom_1501147876001{margin-bottom: 25px !important;}\u00bb accent_color=\u00bb#5aa1e3&#8243;][vc_column_text]<\/p>\n<div>\n<div><strong>La Laguna Gran Hotel****\u00a0<\/strong> est\u00e1 situado en el mismo centro hist\u00f3rico de San Crist\u00f3bal de La Laguna. El hotel se ubica en un edificio emblem\u00e1tico construido en 1776, en el que se ofrece una maravillosa mezcla entre lujo e historia.<\/div>\n<div>&#8211; Habitaci\u00f3n doble uso individual sin desayuno 84,00 \u20ac.<\/div>\n<div>&#8211; Habitaci\u00f3n doble uso individual con desayuno 96,60 \u20ac.<\/div>\n<\/div>\n<div style=\"padding-top: 10px\"><i class=\"fa fa-globe\" style=\"font-size: 24px;padding-right: 10px\"><\/i><a class=\"textEditor-link\" href=\"https:\/\/lalagunagranhotel.com\/\" target=\"_blank\" rel=\"noreferrer nofollow noopener\" target=\"_blank\" rel=\"noopener\">https:\/\/www.lalagunagranhotel.com\/<\/a><\/div>\n<p>[\/vc_column_text][\/vc_column_inner][\/vc_row_inner][vc_empty_space height=\u00bb40&#8243;][\/vc_column][\/vc_row][vc_row full_width=\u00bbstretch_row\u00bb css=\u00bb.vc_custom_1509353387161{padding-top: 40px !important;padding-bottom: 40px !important;background-color: #f2f2f2 !important;}\u00bb][vc_column][vc_row_inner content_placement=\u00bbmiddle\u00bb][vc_column_inner width=\u00bb1\/2&#8243;][vc_column_text]<\/p>\n<h2>HOTEL LAGUNA NIVARIA<\/h2>\n<p>[\/vc_column_text][vc_separator color=\u00bbcustom\u00bb align=\u00bbalign_left\u00bb border_width=\u00bb2&#8243; el_width=\u00bb40&#8243; css=\u00bb.vc_custom_1501147876001{margin-bottom: 25px !important;}\u00bb accent_color=\u00bb#5aa1e3&#8243;][vc_column_text]<\/p>\n<div>\n<div>El hotel <strong>Laguna Nivaria****<\/strong>\u00a0\u00e9st\u00e1 ubicado en una mansi\u00f3n del siglo XVI llena de encanto. El complejo cuenta con suites y habitaciones elegantes y un restaurante a la carta que le sorprender\u00e1.<\/div>\n<div>-Est\u00e1ndar doble uso individual: 77,00\u20ac\/noche, HD<br \/>\n-Est\u00e1ndar doble: 99,00\u20ac\/noche, HD<\/div>\n<div><\/div>\n<div>-Superior doble uso individual: 97,00\u20ac\/noche, HD<br \/>\n-Superior doble: 119,00\u20ac\/noche, HD<\/div>\n<\/div>\n<div style=\"padding-top: 10px\"><i class=\"fa fa-globe\" style=\"font-size: 24px;padding-right: 10px\"><\/i><a class=\"textEditor-link\" href=\"https:\/\/www.lagunanivaria.com\" target=\"_blank\" rel=\"noreferrer nofollow noopener\" target=\"_blank\" rel=\"noopener\">https:\/\/www.lagunanivaria.com\/<\/a><\/div>\n<p>[\/vc_column_text][\/vc_column_inner][vc_column_inner width=\u00bb1\/2&#8243;][vc_single_image image=\u00bb418&#8243; img_size=\u00bbfull\u00bb][\/vc_column_inner][\/vc_row_inner][vc_empty_space height=\u00bb40&#8243;][\/vc_column][\/vc_row]<\/p>\n","protected":false},"excerpt":{"rendered":"<p>[vc_row full_width=\u00bbstretch_row_content_no_spaces\u00bb css=\u00bb.vc_custom_1510837310651{background-image: url(http:\/\/www.ull.es\/eventos\/apune2018\/wp-content\/uploads\/sites\/3\/2017\/07\/EventoULL_Cabecera_ALojamiento.jpg?id=204) !important;background-position: center !important;background-repeat: no-repeat !important;background-size: cover !important;}\u00bb][vc_column][vc_empty_space height=\u00bb300px\u00bb][\/vc_column][\/vc_row][vc_row css=\u00bb.vc_custom_1509353222075{margin-top: 50px !important;padding-bottom: 40px !important;}\u00bb][vc_column width=\u00bb1\/2&#8243;][vc_single_image image=\u00bb247&#8243; img_size=\u00bbfull\u00bb alignment=\u00bbcenter\u00bb][\/vc_column][vc_column width=\u00bb1\/2&#8243;][vc_column_text] ALOJAMIENTO [\/vc_column_text][vc_separator color=\u00bbcustom\u00bb align=\u00bbalign_left\u00bb border_width=\u00bb2&#8243; el_width=\u00bb40&#8243; css=\u00bb.vc_custom_1501147876001{margin-bottom: 25px !important;}\u00bb accent_color=\u00bb#5aa1e3&#8243;][vc_column_text]La reserva de alojamiento para el VII encuentro se puede realizar directamente a trav\u00e9s de la agencia: VIAJES EL CORTE INGL\u00c9S Email: ull@viajeseci.es Tel\u00e9fono:&#8230;<\/p>\n","protected":false},"author":1,"featured_media":0,"parent":0,"menu_order":0,"comment_status":"closed","ping_status":"closed","template":"templates\/template-frontpage.php","meta":{"footnotes":""},"class_list":["post-30","page","type-page","status-publish","hentry"],"_links":{"self":[{"href":"https:\/\/www.ull.es\/eventos\/apune2018\/wp-json\/wp\/v2\/pages\/30"}],"collection":[{"href":"https:\/\/www.ull.es\/eventos\/apune2018\/wp-json\/wp\/v2\/pages"}],"about":[{"href":"https:\/\/www.ull.es\/eventos\/apune2018\/wp-json\/wp\/v2\/types\/page"}],"author":[{"embeddable":true,"href":"https:\/\/www.ull.es\/eventos\/apune2018\/wp-json\/wp\/v2\/users\/1"}],"replies":[{"embeddable":true,"href":"https:\/\/www.ull.es\/eventos\/apune2018\/wp-json\/wp\/v2\/comments?post=30"}],"version-history":[{"count":14,"href":"https:\/\/www.ull.es\/eventos\/apune2018\/wp-json\/wp\/v2\/pages\/30\/revisions"}],"predecessor-version":[{"id":431,"href":"https:\/\/www.ull.es\/eventos\/apune2018\/wp-json\/wp\/v2\/pages\/30\/revisions\/431"}],"wp:attachment":[{"href":"https:\/\/www.ull.es\/eventos\/apune2018\/wp-json\/wp\/v2\/media?parent=30"}],"curies":[{"name":"wp","href":"https:\/\/api.w.org\/{rel}","templated":true}]}}