{"id":357,"date":"2017-12-20T18:35:49","date_gmt":"2017-12-20T18:35:49","guid":{"rendered":"http:\/\/www.ull.es\/eventos\/apune2018\/?page_id=357"},"modified":"2018-01-09T13:14:42","modified_gmt":"2018-01-09T13:14:42","slug":"cuota-de-inscripcion","status":"publish","type":"page","link":"https:\/\/www.ull.es\/eventos\/apune2018\/cuota-de-inscripcion\/","title":{"rendered":"Cuota de inscripci\u00f3n"},"content":{"rendered":"<p>[vc_row full_width=\u00bbstretch_row_content_no_spaces\u00bb css=\u00bb.vc_custom_1514291551318{background-image: url(http:\/\/www.ull.es\/eventos\/apune2018\/wp-content\/uploads\/sites\/3\/2017\/07\/EventoULL_CabeceraInscripcion-new.jpg?id=194) !important;}\u00bb][vc_column][vc_empty_space height=\u00bb300px\u00bb][\/vc_column][\/vc_row][vc_row][vc_column][\/vc_column][\/vc_row][vc_row][vc_column][vc_column_text]<strong>Cuota de inscripci\u00f3n<\/strong><\/p>\n<p><em>-Miembros de APUNE.<\/em><\/p>\n<p>Deben abonar 55 \u20ac (incluye cena del 22 de febrero, caf\u00e9, almuerzo y c\u00f3ctel del 23 de febrero y excursi\u00f3n y almuerzo en el Teide)<\/p>\n<p><em>-Miembros de Instituciones Asociadas<\/em><\/p>\n<p>Deben abonar 55 \u20ac (incluye cena del 22 de febrero, caf\u00e9, almuerzo y c\u00f3ctel del 23 de febrero y excursi\u00f3n y almuerzo en el Teide)<\/p>\n<p><em>-No miembros<\/em><\/p>\n<p>Deben abonar 150 \u20ac\u00a0(incluye caf\u00e9, almuerzo y c\u00f3ctel del 23 de febrero y excursi\u00f3n y almuerzo en el Teide)<\/p>\n<p><em>-Acompa\u00f1antes<\/em><\/p>\n<p>Deben abonar 70 \u20ac (incluye cena del 23 de febrero y excursi\u00f3n y almuerzo en el Teide)<\/p>\n<p>&nbsp;<\/p>\n<p>El pago debe realizarse mediante transferencia bancaria a la cuenta ES14 3076 0620 1922 8130 4523 (titular de la cuenta: Universidad de La Laguna Q3818001D) una vez efectuada la inscripci\u00f3n (concepto: APUNE2018 nombre y apellidos). La copia de la transferencia se debe enviar por correo electr\u00f3nico a diseproy@ull.edu.es.[\/vc_column_text][\/vc_column][\/vc_row]<\/p>\n","protected":false},"excerpt":{"rendered":"<p>[vc_row full_width=\u00bbstretch_row_content_no_spaces\u00bb css=\u00bb.vc_custom_1514291551318{background-image: url(http:\/\/www.ull.es\/eventos\/apune2018\/wp-content\/uploads\/sites\/3\/2017\/07\/EventoULL_CabeceraInscripcion-new.jpg?id=194) !important;}\u00bb][vc_column][vc_empty_space height=\u00bb300px\u00bb][\/vc_column][\/vc_row][vc_row][vc_column][\/vc_column][\/vc_row][vc_row][vc_column][vc_column_text]Cuota de inscripci\u00f3n -Miembros de APUNE. Deben abonar 55 \u20ac (incluye cena del 22 de febrero, caf\u00e9, almuerzo y c\u00f3ctel del 23 de febrero y excursi\u00f3n y almuerzo en el Teide) -Miembros de Instituciones Asociadas Deben abonar 55 \u20ac (incluye cena del 22 de febrero, caf\u00e9, almuerzo y c\u00f3ctel del&#8230;<\/p>\n","protected":false},"author":2,"featured_media":177,"parent":0,"menu_order":0,"comment_status":"closed","ping_status":"closed","template":"templates\/template-frontpage.php","meta":{"footnotes":""},"class_list":["post-357","page","type-page","status-publish","has-post-thumbnail","hentry"],"_links":{"self":[{"href":"https:\/\/www.ull.es\/eventos\/apune2018\/wp-json\/wp\/v2\/pages\/357"}],"collection":[{"href":"https:\/\/www.ull.es\/eventos\/apune2018\/wp-json\/wp\/v2\/pages"}],"about":[{"href":"https:\/\/www.ull.es\/eventos\/apune2018\/wp-json\/wp\/v2\/types\/page"}],"author":[{"embeddable":true,"href":"https:\/\/www.ull.es\/eventos\/apune2018\/wp-json\/wp\/v2\/users\/2"}],"replies":[{"embeddable":true,"href":"https:\/\/www.ull.es\/eventos\/apune2018\/wp-json\/wp\/v2\/comments?post=357"}],"version-history":[{"count":14,"href":"https:\/\/www.ull.es\/eventos\/apune2018\/wp-json\/wp\/v2\/pages\/357\/revisions"}],"predecessor-version":[{"id":394,"href":"https:\/\/www.ull.es\/eventos\/apune2018\/wp-json\/wp\/v2\/pages\/357\/revisions\/394"}],"wp:featuredmedia":[{"embeddable":true,"href":"https:\/\/www.ull.es\/eventos\/apune2018\/wp-json\/wp\/v2\/media\/177"}],"wp:attachment":[{"href":"https:\/\/www.ull.es\/eventos\/apune2018\/wp-json\/wp\/v2\/media?parent=357"}],"curies":[{"name":"wp","href":"https:\/\/api.w.org\/{rel}","templated":true}]}}