{"id":378,"date":"2017-12-26T12:43:59","date_gmt":"2017-12-26T12:43:59","guid":{"rendered":"http:\/\/www.ull.es\/eventos\/apune2018\/?page_id=378"},"modified":"2017-12-26T12:59:04","modified_gmt":"2017-12-26T12:59:04","slug":"comite-organizador","status":"publish","type":"page","link":"https:\/\/www.ull.es\/eventos\/apune2018\/comite-organizador\/","title":{"rendered":"Comit\u00e9 organizador"},"content":{"rendered":"<p>[vc_row full_width=\u00bbstretch_row_content_no_spaces\u00bb css=\u00bb.vc_custom_1514292741103{background-image: url(http:\/\/www.ull.es\/eventos\/apune2018\/wp-content\/uploads\/sites\/3\/2017\/07\/EventoULL_CabeceraPrograma2b.jpg?id=190) !important;}\u00bb][vc_column][vc_empty_space height=\u00bb300px\u00bb][\/vc_column][\/vc_row][vc_row][vc_column][vc_column_text]<strong>Comit\u00e9 organizador<\/strong><\/p>\n<p>Mar\u00eda del Carmen Rubio Armend\u00e1riz (Vicerrectora de Internacionalizaci\u00f3n, ULL)<\/p>\n<p>\u00c1gueda Quiroga (Presidenta de APUNE, Trinity College)<\/p>\n<p>Carlos Vela (Vicepresidente de APUNE, SUNY Albany Madrid)<\/p>\n<p>Javier Hern\u00e1ndez Borges (Director de Secretariado de Proyecci\u00f3n Internacional, ULL)<\/p>\n<p>M\u00f3nica P\u00e9rez-Bedmar (Coordinadora de APUNE)<b><\/b><i><\/i><u><\/u><\/p>\n<p>Ignacio Messana (Tesorero de APUNE, Florida State University)<\/p>\n<p>Antonio Cano Gin\u00e9s (Director de Secretariado de Cooperaci\u00f3n Internacional, ULL)<\/p>\n<p>Jos\u00e9 Francisco Sigut Saavedra (Director de Secretariado de Movilidad Internacional, ULL)<\/p>\n<p>Carlos Trujillo Cabrera (Director de Secretariado de Convenios y Convocatorias, ULL)<\/p>\n<p>Alberto del R\u00edo Malo (Vocal del Comit\u00e9 Ejecutivo de APUNE, CIEE Barcelona)<\/p>\n<p>Carlos Burgos (Vocal del Comit\u00e9 Ejecutivo de APUNE, University of San Diego)<\/p>\n<p>Patricia Rodr\u00edguez (Vocal del Comit\u00e9 Ejecutivo de APUNE, Middlebury College)<\/p>\n<p>Ana Pel\u00e1ez (Vocal del Comit\u00e9 Ejecutivo de APUNE, Boston College)[\/vc_column_text][\/vc_column][\/vc_row]<\/p>\n","protected":false},"excerpt":{"rendered":"<p>[vc_row full_width=\u00bbstretch_row_content_no_spaces\u00bb css=\u00bb.vc_custom_1514292741103{background-image: url(http:\/\/www.ull.es\/eventos\/apune2018\/wp-content\/uploads\/sites\/3\/2017\/07\/EventoULL_CabeceraPrograma2b.jpg?id=190) !important;}\u00bb][vc_column][vc_empty_space height=\u00bb300px\u00bb][\/vc_column][\/vc_row][vc_row][vc_column][vc_column_text]Comit\u00e9 organizador Mar\u00eda del Carmen Rubio Armend\u00e1riz (Vicerrectora de Internacionalizaci\u00f3n, ULL) \u00c1gueda Quiroga (Presidenta de APUNE, Trinity College) Carlos Vela (Vicepresidente de APUNE, SUNY Albany Madrid) Javier Hern\u00e1ndez Borges (Director de Secretariado de Proyecci\u00f3n Internacional, ULL) M\u00f3nica P\u00e9rez-Bedmar (Coordinadora de APUNE) Ignacio Messana (Tesorero de APUNE, Florida State University) Antonio&#8230;<\/p>\n","protected":false},"author":2,"featured_media":0,"parent":0,"menu_order":0,"comment_status":"closed","ping_status":"closed","template":"templates\/template-frontpage.php","meta":{"footnotes":""},"class_list":["post-378","page","type-page","status-publish","hentry"],"_links":{"self":[{"href":"https:\/\/www.ull.es\/eventos\/apune2018\/wp-json\/wp\/v2\/pages\/378"}],"collection":[{"href":"https:\/\/www.ull.es\/eventos\/apune2018\/wp-json\/wp\/v2\/pages"}],"about":[{"href":"https:\/\/www.ull.es\/eventos\/apune2018\/wp-json\/wp\/v2\/types\/page"}],"author":[{"embeddable":true,"href":"https:\/\/www.ull.es\/eventos\/apune2018\/wp-json\/wp\/v2\/users\/2"}],"replies":[{"embeddable":true,"href":"https:\/\/www.ull.es\/eventos\/apune2018\/wp-json\/wp\/v2\/comments?post=378"}],"version-history":[{"count":8,"href":"https:\/\/www.ull.es\/eventos\/apune2018\/wp-json\/wp\/v2\/pages\/378\/revisions"}],"predecessor-version":[{"id":386,"href":"https:\/\/www.ull.es\/eventos\/apune2018\/wp-json\/wp\/v2\/pages\/378\/revisions\/386"}],"wp:attachment":[{"href":"https:\/\/www.ull.es\/eventos\/apune2018\/wp-json\/wp\/v2\/media?parent=378"}],"curies":[{"name":"wp","href":"https:\/\/api.w.org\/{rel}","templated":true}]}}