{"id":50,"date":"2017-07-27T09:45:48","date_gmt":"2017-07-27T09:45:48","guid":{"rendered":"http:\/\/eventoull.bigmountain.studio\/?page_id=50"},"modified":"2018-01-19T12:48:14","modified_gmt":"2018-01-19T12:48:14","slug":"programa","status":"publish","type":"page","link":"https:\/\/www.ull.es\/eventos\/apune2018\/programa\/","title":{"rendered":"Programa"},"content":{"rendered":"<p>[vc_row full_width=\u00bbstretch_row_content_no_spaces\u00bb css=\u00bb.vc_custom_1510837553896{background-image: url(http:\/\/www.ull.es\/eventos\/apune2018\/wp-content\/uploads\/sites\/3\/2017\/07\/EventoULL_CabeceraPrograma2.jpg?id=177) !important;background-position: center !important;background-repeat: no-repeat !important;background-size: cover !important;}\u00bb][vc_column][vc_empty_space height=\u00bb300px\u00bb][\/vc_column][\/vc_row][vc_row full_width=\u00bbstretch_row\u00bb css=\u00bb.vc_custom_1508508770597{margin-top: 35px !important;}\u00bb][vc_column][vc_column_text]<\/p>\n<h2 style=\"text-align: center\">PROGRAMA<\/h2>\n<p>[\/vc_column_text][vc_separator color=\u00bbsky\u00bb border_width=\u00bb2&#8243; el_width=\u00bb20&#8243;][vc_empty_space height=\u00bb25px\u00bb][vc_row_inner][vc_column_inner el_class=\u00bbaligncenter\u00bb width=\u00bb1\/2&#8243; css=\u00bb.vc_custom_1508508643560{padding-right: 30px !important;padding-left: 30px !important;}\u00bb][vc_column_text]<\/p>\n<h3 style=\"text-align: center\">PRIMER D\u00cdA<\/h3>\n<p>[\/vc_column_text][vc_column_text]<\/p>\n<h5 style=\"text-align: center\"><span style=\"font-weight: 400;color: #808080\">Jueves 22 de febrero de 2018<\/span><\/h5>\n<p>[\/vc_column_text][vc_separator color=\u00bbcustom\u00bb border_width=\u00bb2&#8243; el_width=\u00bb50&#8243; accent_color=\u00bb#ededed\u00bb][vc_column_text]<\/p>\n<p style=\"text-align: center\"><strong>Asamblea (solo miembros de pleno derecho)<\/strong><\/p>\n<p style=\"text-align: center\"><strong>Sala de Juntas<\/strong><\/p>\n<p style=\"text-align: center\"><strong>Facultad de Econom\u00eda, Empresa y Turismo\u00a0<\/strong><\/p>\n<p>[\/vc_column_text][vc_empty_space height=\u00bb20px\u00bb][vc_column_text]<span style=\"font-size: 22px;font-weight: 500;padding-right: 20px\">15.30h<\/span><br \/>\nBienvenida y presentaci\u00f3n de asistentes[\/vc_column_text][vc_empty_space height=\u00bb20px\u00bb][vc_column_text]<span style=\"font-size: 22px;font-weight: 500;padding-right: 20px\">15.45h<\/span><br \/>\nPresentaci\u00f3n de novedades por parte del Comit\u00e9 Ejecutivo[\/vc_column_text][vc_empty_space height=\u00bb20px\u00bb][vc_column_text]<span style=\"font-size: 22px;font-weight: 500;padding-right: 20px\">16.00h<\/span><br \/>\nAprobaci\u00f3n, si procede, de:<br \/>\n\u2022 Acta de la Asamblea de Oto\u00f1o 2017<br \/>\n\u2022 Presupuestos: contabilidad oficial<br \/>\n\u2022 Temas para futuras asambleas<br \/>\n\u2022 Revisi\u00f3n de solicitud de nuevos miembros[\/vc_column_text][vc_empty_space height=\u00bb20px\u00bb][vc_column_text]<\/p>\n<p style=\"text-align: center\"><strong>Programa abierto a Instituciones Asociadas<\/strong><\/p>\n<p>[\/vc_column_text][vc_column_text]<span style=\"font-size: 22px;font-weight: 500;padding-right: 20px\">16.30h<\/span><br \/>\nRevisi\u00f3n hist\u00f3rica de APUNE. Divisi\u00f3n en grupos para revisar dos puntos (din\u00e1mica DAFO). Modera:<br \/>\n\u2022 \u00bfQu\u00e9 puede hacer APUNE por mi programa?<br \/>\n\u2022 \u00bfQu\u00e9 carencias veo en la oferta de APUNE?[\/vc_column_text][vc_empty_space height=\u00bb20px\u00bb][vc_column_text]<span style=\"font-size: 22px;font-weight: 500;padding-right: 20px\">17.30h<\/span><br \/>\nConclusiones de los grupos de trabajo[\/vc_column_text][vc_empty_space height=\u00bb20px\u00bb][vc_column_text]<span style=\"font-size: 22px;font-weight: 500;padding-right: 20px\">18.00h<\/span><br \/>\nRuegos y preguntas[\/vc_column_text][vc_column_text]<span style=\"font-size: 22px;font-weight: 500;padding-right: 20px\">18.30h<\/span><br \/>\nSalida hacia el centro hist\u00f3rico de La Laguna en autob\u00fas. Visita guiada.[\/vc_column_text][vc_empty_space height=\u00bb20px\u00bb][vc_column_text]<span style=\"font-size: 22px;font-weight: 500;padding-right: 20px\">20.30h<\/span><br \/>\nCena conmemorativa del 50 Aniversario de APUNE<\/p>\n<p>Gran Hotel Laguna, San Crist\u00f3bal de La Laguna[\/vc_column_text][vc_empty_space height=\u00bb20px\u00bb][\/vc_column_inner][vc_column_inner width=\u00bb1\/2&#8243; css=\u00bb.vc_custom_1508509174625{border-left-width: 2px !important;padding-top: 0px !important;padding-right: 30px !important;padding-left: 30px !important;border-left-color: #ededed !important;border-left-style: solid !important;}\u00bb][vc_column_text]<\/p>\n<h3 style=\"text-align: center\">SEGUNDO D\u00cdA<\/h3>\n<p>[\/vc_column_text][vc_column_text]<\/p>\n<h5 style=\"text-align: center\"><span style=\"font-weight: 400;color: #808080\">Viernes 23 de febrero de 2018<\/span><\/h5>\n<p>[\/vc_column_text][vc_separator color=\u00bbcustom\u00bb border_width=\u00bb2&#8243; el_width=\u00bb50&#8243; accent_color=\u00bb#ededed\u00bb][vc_column_text]<\/p>\n<p style=\"text-align: center\"><strong>Encuentro<\/strong><\/p>\n<p style=\"text-align: center\"><strong>Secci\u00f3n de Periodismo (pir\u00e1mide)<\/strong><\/p>\n<p style=\"text-align: center\"><strong>Facultad de Ciencias Pol\u00edticas, Sociales y de la Comunicaci\u00f3n<\/strong><\/p>\n<p>[\/vc_column_text][vc_empty_space height=\u00bb60px\u00bb][vc_column_text]<span style=\"font-size: 22px;font-weight: 500;padding-right: 20px\">10.00h<\/span><br \/>\nBienvenida e inauguraci\u00f3n por parte del Sr. D. Antonio Martin\u00f3n Cejas, Rector de la Universidad de La Laguna, y la Sra. D\u00f1a. \u00c1gueda Quiroga, Presidenta de APUNE[\/vc_column_text][vc_empty_space height=\u00bb20px\u00bb][vc_column_text]<span style=\"font-size: 22px;font-weight: 500;padding-right: 20px\">10.15h<\/span><br \/>\nPresentaci\u00f3n de la Universidad de la Laguna y su proyecto internacional a cargo de D\u00f1a. Carmen Rubio Armend\u00e1riz, Vicerrectora de Internacionalizaci\u00f3n de la Universidad de La Laguna[\/vc_column_text][vc_empty_space height=\u00bb20px\u00bb][vc_column_text]<span style=\"font-size: 22px;font-weight: 500;padding-right: 20px\">10.30h<\/span><br \/>\nPonencia inaugural a cargo de Ray Green, Director de Boston University: \u00abMedio siglo de APUNE\u00bb[\/vc_column_text][vc_empty_space height=\u00bb20px\u00bb][vc_column_text]<span style=\"font-size: 22px;font-weight: 500;padding-right: 20px\">11.00h<\/span><\/p>\n<p><strong>Mesa redonda I<\/strong>: <strong>Nuevos modelos de estudios en el extranjero: \u00bfC\u00f3mo han cambiado los programas en las \u00faltimas d\u00e9cadas? \u00bfCu\u00e1les son las ofertas con m\u00e1s o menos demanda?<\/strong><br \/>\nModera: Antonio Cano Gin\u00e9s, Director de Secretariado de Cooperaci\u00f3n Internacional de la Universidad de La Laguna<\/p>\n<p>\u2022 Ponente 1: pendiente<\/p>\n<p><strong>\u00abCentral Collegue of Iowa-Centro de Lenguas Modernas de la UGR: una relaci\u00f3n abocada al \u00e9xito\u00bb<\/strong><\/p>\n<p><em>Ver\u00f3nica Garc\u00eda-Montero<\/em><\/p>\n<p>Directora del Central College of Iowa en Granada<\/p>\n<p><strong>\u2022 \u00ab\u00bfHacia un nuevo paradigma del \u00abstudy abroad\u00bb en Espa\u00f1a?<\/strong><\/p>\n<p><em>Guillermo Garc\u00eda D\u00edaz-Ambrona<\/em><\/p>\n<p>Director de Programas Internacionales de la FOGM<\/p>\n<p><strong>\u2022 \u00abViajes de estudios como modelo de aprendizaje\u00bb<\/strong><\/p>\n<p><em>M\u00f3nica P\u00e9rez-Bedmar<\/em><\/p>\n<p>Directora de Seminario, Syracuse University en Madrid[\/vc_column_text][vc_empty_space height=\u00bb20px\u00bb][vc_column_text]<span style=\"font-size: 22px;font-weight: 500;padding-right: 20px\">12.30h<\/span><br \/>\n<em>Pausa para el caf\u00e9<\/em>[\/vc_column_text][vc_empty_space height=\u00bb20px\u00bb][vc_column_text]<span style=\"font-size: 22px;font-weight: 500;padding-right: 20px\">13.00h<\/span><\/p>\n<p><strong>Mesa redonda II. Cambios en el perfil de los estudiantes: objetivos y necesidades.<\/strong><br \/>\nModera: Carlos Valencia, University of North Carolina, Chapel Hill, en Sevilla<\/p>\n<p><strong>\u2022 \u00abLa tecnolog\u00eda al servicio de la ense\u00f1anza: la metodolog\u00eda SIELE aplicada al aula\u00bb<\/strong><\/p>\n<p><em>Alberto Matesanz<\/em><\/p>\n<p>Gerente Comercial y de Marketing de Telef\u00f3nica Educaci\u00f3n Digital<\/p>\n<p><strong>\u2022 \u00abNuevos retos en la prevenci\u00f3n y actuaci\u00f3n en situaciones de crisis para programas anfitriones de estudiantes estadounidenses en Espa\u00f1a\u00bb<\/strong><\/p>\n<p><strong>Jane Strei<\/strong><\/p>\n<p>Servicios para ciudadanos norteamericanos, Embajada de EE.UU.<\/p>\n<p><strong>\u2022\u00a0\u201cHaciendo de la necesidad virtud o c\u00f3mo atraer estudiantes a una ciudad de provincias. El caso de la Universidad de Valladolid\u201d<\/strong><\/p>\n<p><em>Jos\u00e9 Ram\u00f3n Gonz\u00e1lez<\/em><\/p>\n<p>Vicerrector de Internacionalizaci\u00f3n y Pol\u00edtica Ling\u00fc\u00edstica de la Universidad de Valladolid<\/p>\n<p><strong>\u2022\u00bbT\u00fa puedes: los j\u00f3venes y los nuevos mandamientos\u00bb<\/strong><\/p>\n<p><em>Carlos Vela<\/em><\/p>\n<p>Director del Programa SUNY Albany en Madrid[\/vc_column_text][vc_empty_space height=\u00bb20px\u00bb][vc_column_text]<span style=\"font-size: 22px;font-weight: 500;padding-right: 20px\">14.30h<\/span><br \/>\n<em>Comida tipo c\u00f3ctel<\/em>[\/vc_column_text][vc_empty_space height=\u00bb20px\u00bb][vc_column_text]<span style=\"font-size: 22px;font-weight: 500;padding-right: 20px\">15.45h<\/span><br \/>\nGrupos\u00a0de trabajo<\/p>\n<p>-C\u00f3mo cautivar a los estudiantes durante las visitas culturales (aula 9).<\/p>\n<p>-M\u00e9todos docentes en el aula internacional (aula 10).<\/p>\n<p>-Retos para la supervivencia de los programas en espa\u00f1ol (aula 12).<\/p>\n<p>-Dise\u00f1o y gesti\u00f3n compartida entre programas de EE.UU. y universidades espa\u00f1olas (aula 13).[\/vc_column_text][vc_empty_space height=\u00bb20px\u00bb][vc_column_text]<span style=\"font-size: 22px;font-weight: 500;padding-right: 20px\">17.00h<\/span><br \/>\nPresentaci\u00f3n de las conclusiones de los grupos de trabajo[\/vc_column_text][vc_empty_space height=\u00bb20px\u00bb][vc_column_text]<span style=\"font-size: 22px;font-weight: 500;padding-right: 20px\">17.45h<\/span><br \/>\nSugerencias y comentarios. Clausura. Actuaci\u00f3n musical.[\/vc_column_text][vc_empty_space height=\u00bb20px\u00bb][vc_column_text]<span style=\"font-size: 22px;font-weight: 500;padding-right: 20px\">20.30h<\/span><br \/>\nC\u00f3ctel en el Real Casino de Tenerife (Santa Cruz de Tenerife)[\/vc_column_text][vc_empty_space height=\u00bb20px\u00bb][\/vc_column_inner][\/vc_row_inner][vc_empty_space height=\u00bb25px\u00bb][vc_column_text]<\/p>\n<h5 style=\"text-align: center\"><span style=\"font-weight: 400;color: #808080\">S\u00e1bado 24 de febrero de 2018<\/span><\/h5>\n<p>[\/vc_column_text][vc_separator color=\u00bbwhite\u00bb border_width=\u00bb2&#8243; el_width=\u00bb50&#8243;][vc_column_text]<\/p>\n<p style=\"text-align: center\"><span style=\"font-size: 22px;font-weight: 500;padding-right: 20px\">9.00 &#8211; 14.00h<\/span><br \/>\nExcursi\u00f3n al Parque Nacional de las Ca\u00f1adas del Teide.<\/p>\n<p style=\"text-align: center\">El autob\u00fas recoger\u00e1 a los asistentes en dos puntos de encuentro: uno en Santa Cruz de Tenerife (Parque Garc\u00eda Sanabria-zona de la rambla) y otro en San Crist\u00f3bal de La Laguna (Plaza del Adelantado).<\/p>\n<p>[\/vc_column_text][vc_empty_space height=\u00bb20px\u00bb][vc_column_text]<\/p>\n<p style=\"text-align: center\"><span style=\"font-size: 22px;font-weight: 500;padding-right: 20px\">14.00 &#8211; 17.00h<\/span><br \/>\nAlmuerzo y regreso al punto de encuentro.<\/p>\n<p>[\/vc_column_text][vc_empty_space height=\u00bb20px\u00bb][\/vc_column][\/vc_row]<\/p>\n","protected":false},"excerpt":{"rendered":"<p>[vc_row full_width=\u00bbstretch_row_content_no_spaces\u00bb css=\u00bb.vc_custom_1510837553896{background-image: url(http:\/\/www.ull.es\/eventos\/apune2018\/wp-content\/uploads\/sites\/3\/2017\/07\/EventoULL_CabeceraPrograma2.jpg?id=177) !important;background-position: center !important;background-repeat: no-repeat !important;background-size: cover !important;}\u00bb][vc_column][vc_empty_space height=\u00bb300px\u00bb][\/vc_column][\/vc_row][vc_row full_width=\u00bbstretch_row\u00bb css=\u00bb.vc_custom_1508508770597{margin-top: 35px !important;}\u00bb][vc_column][vc_column_text] PROGRAMA [\/vc_column_text][vc_separator color=\u00bbsky\u00bb border_width=\u00bb2&#8243; el_width=\u00bb20&#8243;][vc_empty_space height=\u00bb25px\u00bb][vc_row_inner][vc_column_inner el_class=\u00bbaligncenter\u00bb width=\u00bb1\/2&#8243; css=\u00bb.vc_custom_1508508643560{padding-right: 30px !important;padding-left: 30px !important;}\u00bb][vc_column_text] PRIMER D\u00cdA [\/vc_column_text][vc_column_text] Jueves 22 de febrero de 2018 [\/vc_column_text][vc_separator color=\u00bbcustom\u00bb border_width=\u00bb2&#8243; el_width=\u00bb50&#8243; accent_color=\u00bb#ededed\u00bb][vc_column_text] Asamblea (solo miembros de pleno derecho) Sala de Juntas Facultad de Econom\u00eda,&#8230;<\/p>\n","protected":false},"author":1,"featured_media":0,"parent":0,"menu_order":0,"comment_status":"closed","ping_status":"closed","template":"templates\/template-frontpage.php","meta":{"footnotes":""},"class_list":["post-50","page","type-page","status-publish","hentry"],"_links":{"self":[{"href":"https:\/\/www.ull.es\/eventos\/apune2018\/wp-json\/wp\/v2\/pages\/50"}],"collection":[{"href":"https:\/\/www.ull.es\/eventos\/apune2018\/wp-json\/wp\/v2\/pages"}],"about":[{"href":"https:\/\/www.ull.es\/eventos\/apune2018\/wp-json\/wp\/v2\/types\/page"}],"author":[{"embeddable":true,"href":"https:\/\/www.ull.es\/eventos\/apune2018\/wp-json\/wp\/v2\/users\/1"}],"replies":[{"embeddable":true,"href":"https:\/\/www.ull.es\/eventos\/apune2018\/wp-json\/wp\/v2\/comments?post=50"}],"version-history":[{"count":18,"href":"https:\/\/www.ull.es\/eventos\/apune2018\/wp-json\/wp\/v2\/pages\/50\/revisions"}],"predecessor-version":[{"id":443,"href":"https:\/\/www.ull.es\/eventos\/apune2018\/wp-json\/wp\/v2\/pages\/50\/revisions\/443"}],"wp:attachment":[{"href":"https:\/\/www.ull.es\/eventos\/apune2018\/wp-json\/wp\/v2\/media?parent=50"}],"curies":[{"name":"wp","href":"https:\/\/api.w.org\/{rel}","templated":true}]}}