{"id":38,"date":"2016-09-29T11:24:12","date_gmt":"2016-09-29T11:24:12","guid":{"rendered":"http:\/\/bbtk.exposicion.ull.es\/aristoteles\/?page_id=38"},"modified":"2021-05-11T14:34:04","modified_gmt":"2021-05-11T12:34:04","slug":"inicio","status":"publish","type":"page","link":"https:\/\/www.ull.es\/eventos\/aristoteles\/inicio\/","title":{"rendered":"Inicio"},"content":{"rendered":"<p>[vc_row][vc_column width=\u00bb1\/6&#8243;][\/vc_column][vc_column width=\u00bb2\/3&#8243;][vc_column_text]<\/p>\n<h2>Presentaci\u00f3n<\/h2>\n<p>[\/vc_column_text][vc_column_text]<span style=\"color: #3d3d3d\">En el a\u00f1o 2016 se conmemora el 2400 aniversario del nacimiento de Arist\u00f3teles. Para celebrar esta efem\u00e9ride, la\u00a0<\/span><a href=\"https:\/\/www.ull.es\/centros\/facultad-humanidades\/informacion-general\/\" target=\"_blank\" rel=\"noopener\"><span style=\"color: #006699\">Secci\u00f3n de Filosof\u00eda<\/span><\/a><span style=\"color: #3d3d3d\">, con motivo del<\/span><a href=\"http:\/\/www.un.org\/es\/events\/philosophyday\/\" target=\"_blank\" rel=\"noopener\"><span style=\"color: #006699\">\u00a0D\u00eda Mundial de la Filosof\u00eda<\/span><\/a><span style=\"color: #3d3d3d\">, \u00a0ha organizado un<\/span><a href=\"https:\/\/www.ull.es\/eventos\/aristoteles\/programa\/\" target=\"_blank\" rel=\"noopener\"><span style=\"color: #006699\">\u00a0programa<\/span><\/a><span style=\"color: #3d3d3d\">\u00a0de actos dedicados a destacar el legado y la significaci\u00f3n de una de las figuras m\u00e1s relevantes de la cultura y el pensamiento universales.<\/span><\/p>\n<p>Durante la celebraci\u00f3n de estas Jornadas y hasta el 30 de noviembre, estar\u00e1 abierta en la <a href=\"http:\/\/www.bbtk.ull.es\/view\/institucional\/bbtk\/Inicio\/es\" target=\"_blank\" rel=\"noopener noreferrer\" target=\"_blank\" rel=\"noopener\">Biblioteca General y de Humanidades<\/a>\u00a0la exposici\u00f3n bibliogr\u00e1fica \u201cEl Arist\u00f3teles del Renacimiento en el\u00a0Fondo Antiguo de la Universidad de La Laguna\u201d, que tiene como objetivo dar a conocer el importante patrimonio bibliogr\u00e1fico que conserva la Biblioteca de ediciones y comentarios de la obra aristot\u00e9lica e ilustrar en una serie de paneles la vida y la obra del Estagirita.\u00a0La selecci\u00f3n est\u00e1 integrada por un manuscrito en pergamino del siglo XV, dos incunables, \u00a0m\u00e1s de veinte obras impresas en el siglo XVI y una <em>Opera omnia<\/em> de principios del XVII.<\/p>\n<p>La exposici\u00f3n se complementa con este espacio web\u00a0que, entre otros apartados, da acceso a los <a href=\"http:\/\/bbtk.exposicion.ull.es\/aristoteles\/panel-1\/\" data-saferedirecturl=\"https:\/\/www.google.com\/url?hl=es&amp;q=http:\/\/bbtk.exposicion.ull.es\/aristoteles\/panel-1\/&amp;source=gmail&amp;ust=1479560619921000&amp;usg=AFQjCNFGveUyJ9D6XnH7OBR4arA7Cdd2pA\" target=\"_blank\" rel=\"noopener\">textos<\/a> de los paneles y a gran parte de las <a href=\"http:\/\/bbtk.exposicion.ull.es\/aristoteles\/seleccion-de-la-muestra\/\" data-saferedirecturl=\"https:\/\/www.google.com\/url?hl=es&amp;q=http:\/\/bbtk.exposicion.ull.es\/aristoteles\/seleccion-de-la-muestra\/&amp;source=gmail&amp;ust=1479560619921000&amp;usg=AFQjCNFpwHTDX7lTYaVZz9r0YY4HKDaJHg\" target=\"_blank\" rel=\"noopener\">\u00a0versiones digitales<\/a>\u00a0que\u00a0figuran en la Exposici\u00f3n, as\u00ed como los recursos disponibles en el \u00a0<a href=\"http:\/\/bbtk.exposicion.ull.es\/aristoteles\/acceso-al-catalogo\/\" target=\"_blank\" rel=\"noopener noreferrer\" target=\"_blank\" rel=\"noopener\">cat\u00e1logo<\/a> de la Biblioteca de la Universidad de La Laguna.[\/vc_column_text][vc_separator][vc_empty_space height=\u00bb72px\u00bb][vc_column_text]<a href=\"http:\/\/creativecommons.org\/licenses\/by-nc-sa\/3.0\/es\/deed.es_CO\" target=\"_blank\" rel=\"license noopener noreferrer\" target=\"_blank\" rel=\"noopener\"><img decoding=\"async\" src=\"http:\/\/i.creativecommons.org\/l\/by-nc-sa\/3.0\/es\/88x31.png\" alt=\"Licencia Creative Commons\" \/><\/a><br \/>\nEste sitio est\u00e1 bajo <a href=\"http:\/\/creativecommons.org\/licenses\/by-nc-sa\/3.0\/es\/deed.es_CO\" target=\"_blank\" rel=\"license noopener noreferrer\" target=\"_blank\" rel=\"noopener\">Licencia Creative Commons<\/a>.[\/vc_column_text][\/vc_column][vc_column width=\u00bb1\/6&#8243;][\/vc_column][\/vc_row]<\/p>\n","protected":false},"excerpt":{"rendered":"<p>[vc_row][vc_column width=\u00bb1\/6&#8243;][\/vc_column][vc_column width=\u00bb2\/3&#8243;][vc_column_text] Presentaci\u00f3n [\/vc_column_text][vc_column_text]En el a\u00f1o 2016 se conmemora el 2400 aniversario del nacimiento de Arist\u00f3teles. Para celebrar esta efem\u00e9ride, la\u00a0Secci\u00f3n de Filosof\u00eda, con motivo del\u00a0D\u00eda Mundial de la Filosof\u00eda, \u00a0ha organizado un\u00a0programa\u00a0de actos dedicados a destacar el legado y la significaci\u00f3n de una de las figuras m\u00e1s relevantes de la cultura y el&#8230;<\/p>\n","protected":false},"author":14,"featured_media":0,"parent":0,"menu_order":0,"comment_status":"closed","ping_status":"closed","template":"","meta":{"footnotes":""},"class_list":["post-38","page","type-page","status-publish","hentry"],"_links":{"self":[{"href":"https:\/\/www.ull.es\/eventos\/aristoteles\/wp-json\/wp\/v2\/pages\/38"}],"collection":[{"href":"https:\/\/www.ull.es\/eventos\/aristoteles\/wp-json\/wp\/v2\/pages"}],"about":[{"href":"https:\/\/www.ull.es\/eventos\/aristoteles\/wp-json\/wp\/v2\/types\/page"}],"author":[{"embeddable":true,"href":"https:\/\/www.ull.es\/eventos\/aristoteles\/wp-json\/wp\/v2\/users\/14"}],"replies":[{"embeddable":true,"href":"https:\/\/www.ull.es\/eventos\/aristoteles\/wp-json\/wp\/v2\/comments?post=38"}],"version-history":[{"count":7,"href":"https:\/\/www.ull.es\/eventos\/aristoteles\/wp-json\/wp\/v2\/pages\/38\/revisions"}],"predecessor-version":[{"id":1050,"href":"https:\/\/www.ull.es\/eventos\/aristoteles\/wp-json\/wp\/v2\/pages\/38\/revisions\/1050"}],"wp:attachment":[{"href":"https:\/\/www.ull.es\/eventos\/aristoteles\/wp-json\/wp\/v2\/media?parent=38"}],"curies":[{"name":"wp","href":"https:\/\/api.w.org\/{rel}","templated":true}]}}