{"id":42,"date":"2016-09-29T11:24:53","date_gmt":"2016-09-29T11:24:53","guid":{"rendered":"http:\/\/bbtk.exposicion.ull.es\/aristoteles\/?page_id=42"},"modified":"2020-01-13T15:01:44","modified_gmt":"2020-01-13T14:01:44","slug":"panel-1","status":"publish","type":"page","link":"https:\/\/www.ull.es\/eventos\/aristoteles\/panel-1\/","title":{"rendered":"Vida"},"content":{"rendered":"<p>[vc_row full_width=\u00bbstretch_row_content\u00bb][vc_column width=\u00bb1\/6&#8243;][\/vc_column][vc_column width=\u00bb2\/3&#8243;][vc_column_text]<\/p>\n<h2>Vida<\/h2>\n<p>[\/vc_column_text][vc_column_text]<\/p>\n<h3><b>Arist\u00f3teles: un viaje al coraz\u00f3n de la filosof\u00eda<\/b><\/h3>\n<h4><strong><span style=\"font-family: verdana, sans-serif;font-size: small\">A lo largo de una vida dedicada al conocimiento, Arist\u00f3teles llev\u00f3 a\u00a0cabo la tarea tit\u00e1nica de definir todas las \u00e1reas del saber humano.<\/span><\/strong><\/h4>\n<p><img loading=\"lazy\" decoding=\"async\" class=\"wp-image-607 alignleft\" src=\"http:\/\/bbtk.exposicion.ull.es\/aristoteles\/wp-content\/uploads\/2016\/09\/mapa-300x267.jpg\" alt=\"mapa\" width=\"418\" height=\"372\" \/><\/p>\n<p>1.- Nacimiento de Arist\u00f3teles en <strong>Estagira<\/strong> en el <strong>384 a.C<\/strong>. Su padre\u00a0Nic\u00f3maco, es m\u00e9dico y amigo del rey Amintas III de Macedonia, su madre\u00a0Festias, originaria de Calcis, en la isla Eubea, es comadrona. Hu\u00e9rfano de\u00a0padre a los 11 a\u00f1os, es educado por un hermano de su madre, Proxeno de\u00a0Atarneo, en Misia.<\/p>\n<p>2.- Llegada a <strong>Atenas<\/strong> con 17 a\u00f1os y estancia de veinte a\u00f1os en la Academia\u00a0de Plat\u00f3n, hasta la muerte del maestro en el <strong>347 a.C.<\/strong><\/p>\n<p>3.- Arist\u00f3teles abandona Atenas y se dirige al puerto de <strong>Assos<\/strong> donde\u00a0durante tres a\u00f1os del <strong>346 al 343 a.C.<\/strong>\u00a0se dedica a sus investigaciones\u00a0biol\u00f3gicas y abre una escuela de filosof\u00eda inspirada en la Academia de\u00a0Atenas.<\/p>\n<p>4.- En el <strong>343 a.C<\/strong>., Arist\u00f3teles viaja a la ciudad de <strong>Mitilene<\/strong>, en la cercana\u00a0isla de Lesbos, donde abre una nueva escuela de filosof\u00eda.<\/p>\n<p>5.- Al poco tiempo, en ese mismo a\u00f1o del<strong> 343 a.C<\/strong>., es llamado por el rey\u00a0Filipo II de Macedonia a la corte de <strong>Pella<\/strong>, donde se encargar\u00e1 de la\u00a0educaci\u00f3n del pr\u00edncipe heredero de 13 a\u00f1os, el futuro Alejandro Magno.\u00a0Cuando Alejandro con 15 a\u00f1os accede a la regencia, Arist\u00f3teles deja de ser\u00a0su preceptor, continuando no obstante su estancia en la corte Macedonia de\u00a0Pella durante cinco a\u00f1os m\u00e1s, dedicado al estudio y a la investigaci\u00f3n\u00a0zool\u00f3gica a partir de los ejemplares que Alejandro Magno le enviaba de sus\u00a0expediciones.<\/p>\n<p>6.- En el <strong>335 a.C<\/strong>., Arist\u00f3teles regresa a <strong>Atenas<\/strong> donde funda su tercera y\u00a0m\u00e1s conocida escuela filos\u00f3fica, el Liceo. Esta escuela est\u00e1 situada en un\u00a0terreno alquilado, pues Arist\u00f3teles en su condici\u00f3n de meteco, no tiene\u00a0derecho a la propiedad. Tras la muerte de Alejandro Magno en el 323 a.C.,\u00a0Arist\u00f3teles, amenazado por el partido anti-macedonio que lidera\u00a0Dem\u00f3stenes, considera prudente abandonar Atenas, m\u00e1xime cuando\u00a0Eurimed\u00f3n, hierofante de Eleusis, le acusa de impiedad. En este contexto\u00a0de agitaci\u00f3n pol\u00edtico religiosa, Arist\u00f3teles decide dejar Atenas en el<strong> 322\u00a0a.C<\/strong>., impidiendo as\u00ed que los atenienses puedan cometer un \u201cnuevo crimen\u00a0contra la filosof\u00eda\u201d (el primero fue el de S\u00f3crates en el 399 a.C.).<\/p>\n<p>7.- En el <strong>322 a.C<\/strong>., Arist\u00f3teles se instala con su familia en<strong> Calcis<\/strong>, la ciudad\u00a0de su madre en la isla Eubea, donde morir\u00eda a la edad de 62 a\u00f1os.<\/p>\n<p>&nbsp;<\/p>\n<p style=\"text-align: center\">\u03a0\u03ac\u03bd\u03c4\u03b5\u03c2 \u1f04\u03bd\u03b8\u03c1\u03c9\u03c0\u03bf\u03b9 \u03c4\u03bf\u1fe6 \u03b5\u1f30\u03b4\u03ad\u03bd\u03b1\u03b9\u00a0\u1f40\u03c1\u03ad\u03b3\u03bf\u03bd\u03c4\u03b1\u03b9 \u03c6\u03cd\u03c3\u03b5\u03b9<\/p>\n<p style=\"text-align: center\"><strong><em>Todos los hombres por naturaleza desean saber<\/em><\/strong><\/p>\n<p style=\"text-align: center\">Arist\u00f3teles.\u00a0<em>Metaf\u00edsica<\/em>, I 1, 980a 21<\/p>\n<p>&nbsp;<\/p>\n<p><a href=\"http:\/\/creativecommons.org\/licenses\/by-nc-sa\/3.0\/es\/deed.es_CO\" target=\"_blank\" rel=\"license noopener noreferrer\" target=\"_blank\" rel=\"noopener\"><img decoding=\"async\" src=\"http:\/\/i.creativecommons.org\/l\/by-nc-sa\/3.0\/es\/88x31.png\" alt=\"Licencia Creative Commons\" \/><\/a><br \/>\nEste sitio est\u00e1 bajo <a href=\"http:\/\/creativecommons.org\/licenses\/by-nc-sa\/3.0\/es\/deed.es_CO\" target=\"_blank\" rel=\"license noopener noreferrer\" target=\"_blank\" rel=\"noopener\">Licencia Creative Commons<\/a>.[\/vc_column_text][\/vc_column][vc_column width=\u00bb1\/6&#8243;][\/vc_column][\/vc_row]<\/p>\n","protected":false},"excerpt":{"rendered":"<p>[vc_row full_width=\u00bbstretch_row_content\u00bb][vc_column width=\u00bb1\/6&#8243;][\/vc_column][vc_column width=\u00bb2\/3&#8243;][vc_column_text] Vida [\/vc_column_text][vc_column_text] Arist\u00f3teles: un viaje al coraz\u00f3n de la filosof\u00eda A lo largo de una vida dedicada al conocimiento, Arist\u00f3teles llev\u00f3 a\u00a0cabo la tarea tit\u00e1nica de definir todas las \u00e1reas del saber humano. 1.- Nacimiento de Arist\u00f3teles en Estagira en el 384 a.C. Su padre\u00a0Nic\u00f3maco, es m\u00e9dico y amigo del rey&#8230;<\/p>\n","protected":false},"author":14,"featured_media":0,"parent":0,"menu_order":0,"comment_status":"closed","ping_status":"closed","template":"","meta":{"footnotes":""},"class_list":["post-42","page","type-page","status-publish","hentry"],"_links":{"self":[{"href":"https:\/\/www.ull.es\/eventos\/aristoteles\/wp-json\/wp\/v2\/pages\/42"}],"collection":[{"href":"https:\/\/www.ull.es\/eventos\/aristoteles\/wp-json\/wp\/v2\/pages"}],"about":[{"href":"https:\/\/www.ull.es\/eventos\/aristoteles\/wp-json\/wp\/v2\/types\/page"}],"author":[{"embeddable":true,"href":"https:\/\/www.ull.es\/eventos\/aristoteles\/wp-json\/wp\/v2\/users\/14"}],"replies":[{"embeddable":true,"href":"https:\/\/www.ull.es\/eventos\/aristoteles\/wp-json\/wp\/v2\/comments?post=42"}],"version-history":[{"count":2,"href":"https:\/\/www.ull.es\/eventos\/aristoteles\/wp-json\/wp\/v2\/pages\/42\/revisions"}],"predecessor-version":[{"id":1036,"href":"https:\/\/www.ull.es\/eventos\/aristoteles\/wp-json\/wp\/v2\/pages\/42\/revisions\/1036"}],"wp:attachment":[{"href":"https:\/\/www.ull.es\/eventos\/aristoteles\/wp-json\/wp\/v2\/media?parent=42"}],"curies":[{"name":"wp","href":"https:\/\/api.w.org\/{rel}","templated":true}]}}