{"id":70,"date":"2016-09-29T11:28:55","date_gmt":"2016-09-29T11:28:55","guid":{"rendered":"http:\/\/bbtk.exposicion.ull.es\/aristoteles\/?page_id=70"},"modified":"2021-05-11T14:40:58","modified_gmt":"2021-05-11T12:40:58","slug":"creditos","status":"publish","type":"page","link":"https:\/\/www.ull.es\/eventos\/aristoteles\/creditos\/","title":{"rendered":"Cr\u00e9ditos"},"content":{"rendered":"<p>[vc_row full_width=\u00bbstretch_row_content\u00bb][vc_column width=\u00bb1\/6&#8243;][\/vc_column][vc_column width=\u00bb2\/3&#8243;][vc_column_text]<\/p>\n<h2>Cr\u00e9ditos<\/h2>\n<p>[\/vc_column_text][vc_column_text]<\/p>\n<h3>Coordinaci\u00f3n acad\u00e9mica<\/h3>\n<p>I\u00f1aki Marieta (ULL) \u00a0| Antonio P\u00e9rez \u00a0(ULL)<\/p>\n<p>Colaboran: Teresa O\u00f1ate (UNED) | Chaxiraxi Escuela (ULL)<\/p>\n<h3>Equipo de trabajo<\/h3>\n<p>Marlene B\u00e1ez | Paz Fern\u00e1ndez | Ismael Garc\u00eda | \u00c1frica Gonz\u00e1lez | Ana Guti\u00e9rrez | M\u00aa Luisa Morales | Francisco P\u00e9rez<\/p>\n<h3>Dise\u00f1o gr\u00e1fico<\/h3>\n<p>Ismael Garc\u00eda<\/p>\n<h3>Organiza<\/h3>\n<p><a href=\"https:\/\/www.ull.es\/centros\/facultad-humanidades\/informacion-general\/\" target=\"_blank\" rel=\"noopener\"><span style=\"color: #c19a24\"><span style=\"color: #000000\">Secci\u00f3n de Filosof\u00eda<\/span><\/span><span style=\"color: #666666\">\u00a0| Facultad de Humanidades<\/span><\/a><a href=\"http:\/\/www.ull.es\/view\/centros\/filosofia\/Inicio\/es\" target=\"_blank\" rel=\"noopener\"><span style=\"color: #333333\"><br \/>\n<\/span><\/a><a href=\"http:\/\/www.bbtk.ull.es\/view\/institucional\/bbtk\/Inicio\/es\" target=\"_blank\" rel=\"noopener\"><span style=\"color: #c19a24\"><span style=\"color: #000000\">Biblioteca General y de Humanidades<\/span><\/span><span style=\"color: #666666\">\u00a0| Servicio de Biblioteca<\/span><\/a><a href=\"http:\/\/www.ull.es\/view\/centros\/filosofia\/Inicio\/es\" target=\"_blank\" rel=\"noopener\"><span style=\"color: #333333\"><br \/>\n<\/span><span style=\"color: #666666\">Vicerrectorado de Tecnolog\u00edas de la Informaci\u00f3n y Servicios Universitarios\u00a0|\u00a0<\/span><\/a><a href=\"https:\/\/www.ull.es\/\" target=\"_blank\" rel=\"noopener\">Universidad de la La Laguna<\/a><\/p>\n<h3>Colabora<\/h3>\n<p><a href=\"http:\/\/clubdelecturaull.blogspot.com.es\/\" target=\"_blank\" rel=\"noopener\">Club de Lectura ULL<\/a> |\u00a0Servicio de Biblioteca<\/p>\n<p>&nbsp;<\/p>\n<p>&nbsp;<\/p>\n<p><a href=\"http:\/\/creativecommons.org\/licenses\/by-nc-sa\/3.0\/es\/deed.es_CO\" target=\"_blank\" rel=\"license noopener noreferrer\" target=\"_blank\" rel=\"noopener\"><img decoding=\"async\" src=\"http:\/\/i.creativecommons.org\/l\/by-nc-sa\/3.0\/es\/88x31.png\" alt=\"Licencia Creative Commons\" \/><\/a><br \/>\nEste sitio est\u00e1 bajo <a href=\"http:\/\/creativecommons.org\/licenses\/by-nc-sa\/3.0\/es\/deed.es_CO\" target=\"_blank\" rel=\"license noopener noreferrer\" target=\"_blank\" rel=\"noopener\">Licencia Creative Commons<\/a>.[\/vc_column_text][\/vc_column][vc_column width=\u00bb1\/6&#8243;][\/vc_column][\/vc_row]<\/p>\n","protected":false},"excerpt":{"rendered":"<p>[vc_row full_width=\u00bbstretch_row_content\u00bb][vc_column width=\u00bb1\/6&#8243;][\/vc_column][vc_column width=\u00bb2\/3&#8243;][vc_column_text] Cr\u00e9ditos [\/vc_column_text][vc_column_text] Coordinaci\u00f3n acad\u00e9mica I\u00f1aki Marieta (ULL) \u00a0| Antonio P\u00e9rez \u00a0(ULL) Colaboran: Teresa O\u00f1ate (UNED) | Chaxiraxi Escuela (ULL) Equipo de trabajo Marlene B\u00e1ez | Paz Fern\u00e1ndez | Ismael Garc\u00eda | \u00c1frica Gonz\u00e1lez | Ana Guti\u00e9rrez | M\u00aa Luisa Morales | Francisco P\u00e9rez Dise\u00f1o gr\u00e1fico Ismael Garc\u00eda Organiza Secci\u00f3n de Filosof\u00eda\u00a0|&#8230;<\/p>\n","protected":false},"author":14,"featured_media":0,"parent":0,"menu_order":0,"comment_status":"closed","ping_status":"closed","template":"","meta":{"footnotes":""},"class_list":["post-70","page","type-page","status-publish","hentry"],"_links":{"self":[{"href":"https:\/\/www.ull.es\/eventos\/aristoteles\/wp-json\/wp\/v2\/pages\/70"}],"collection":[{"href":"https:\/\/www.ull.es\/eventos\/aristoteles\/wp-json\/wp\/v2\/pages"}],"about":[{"href":"https:\/\/www.ull.es\/eventos\/aristoteles\/wp-json\/wp\/v2\/types\/page"}],"author":[{"embeddable":true,"href":"https:\/\/www.ull.es\/eventos\/aristoteles\/wp-json\/wp\/v2\/users\/14"}],"replies":[{"embeddable":true,"href":"https:\/\/www.ull.es\/eventos\/aristoteles\/wp-json\/wp\/v2\/comments?post=70"}],"version-history":[{"count":5,"href":"https:\/\/www.ull.es\/eventos\/aristoteles\/wp-json\/wp\/v2\/pages\/70\/revisions"}],"predecessor-version":[{"id":1052,"href":"https:\/\/www.ull.es\/eventos\/aristoteles\/wp-json\/wp\/v2\/pages\/70\/revisions\/1052"}],"wp:attachment":[{"href":"https:\/\/www.ull.es\/eventos\/aristoteles\/wp-json\/wp\/v2\/media?parent=70"}],"curies":[{"name":"wp","href":"https:\/\/api.w.org\/{rel}","templated":true}]}}