{"id":975,"date":"2016-09-29T11:27:08","date_gmt":"2016-09-29T11:27:08","guid":{"rendered":"http:\/\/bbtk.exposicion.ull.es\/aristoteles\/?page_id=58"},"modified":"2020-01-13T14:59:19","modified_gmt":"2020-01-13T13:59:19","slug":"programa","status":"publish","type":"page","link":"https:\/\/www.ull.es\/eventos\/aristoteles\/programa\/","title":{"rendered":"Programa"},"content":{"rendered":"<p>[vc_row full_width=\u00bbstretch_row_content\u00bb][vc_column width=\u00bb1\/6&#8243;][\/vc_column][vc_column width=\u00bb2\/3&#8243;][vc_column_text]<\/p>\n<h2>Programa<\/h2>\n<p>[\/vc_column_text][vc_column_text]<\/p>\n<p class=\"entry-title main_title\" style=\"text-align: left\"><strong>Jueves 17 de noviembre<\/strong><\/p>\n<p style=\"padding-left: 30px\">9:30 \u00a0 \u00a0\u00a0<strong>Inauguraci\u00f3n de las Jornadas.\u00a0<\/strong>Presentaci\u00f3n de comunicaciones por parte del\u00a0alumnado.<\/p>\n<p style=\"padding-left: 30px\">11:00 \u00a0 \u00a0<strong>Inauguraci\u00f3n de la exposici\u00f3n bibliogr\u00e1fica:<\/strong> \u201cEl Arist\u00f3teles del Renacimiento en el\u00a0Fondo Antiguo de la Universidad de La Laguna\u201d,\u00a0en el hall de la Biblioteca General y de Humanidades. Presenta: \u00a0 \u00a0 \u00a0Antonio P\u00e9rez Quintana.<\/p>\n<p style=\"padding-left: 30px\">12:00 \u00a0<strong>Ponencia inaugural<\/strong>: I\u00f1aki Marieta, <em>Arist\u00f3teles. El deseo de saber.<\/em><\/p>\n<p style=\"padding-left: 30px\">13:30 \u00a0<strong>Brindis.<\/strong><\/p>\n<p style=\"padding-left: 30px\">16:30 \u00a0<strong>Ponencia<\/strong>: Ciro Mesa, <em>La chusma y el fin\u00a0de la pol\u00edtica en Hegel<\/em>.<\/p>\n<p style=\"padding-left: 30px\">17:15 \u00a0<strong>Ponencia<\/strong>: Inmaculada Perdomo, <em>Deformes e\u00a0inferiores. El discurso de lo femenino en Arist\u00f3teles<\/em>.<\/p>\n<p style=\"padding-left: 30px\">18:00 \u00a0<strong>Descanso.<\/strong><\/p>\n<p style=\"padding-left: 30px\">18:30 <strong>Mesa redonda<\/strong>: Rafael Moreno, <em>Heidegger\u00a0limita con Arist\u00f3teles. Notas sobre la noci\u00f3n de es-<\/em><br \/>\n<em>pacio<\/em>, Jezabel Rodr\u00edguez P\u00e9rez, <em>Arist\u00f3teles y la ontolog\u00eda post-metaf\u00edsica<\/em> y Yose Fern\u00e1ndez Exp\u00f3sito,\u00a0<em>Sartre ante la potencia y la libertad aristot\u00e9licas.<\/em><\/p>\n<p>&nbsp;<\/p>\n<p><strong>Viernes 18 de noviembre<\/strong><\/p>\n<p style=\"padding-left: 30px\">10:00 \u00a0\u00a0<strong>Conferencia Plenaria<\/strong>: <em>Teresa O\u00f1ate\u00a0Zub\u00eda, F\u00edsica y teolog\u00eda: comentario de VI 1-4 y\u00a0IX 8 de la Metaf\u00edsica de Arist\u00f3teles.<\/em><\/p>\n<p style=\"padding-left: 30px\">11:00 \u00a0\u00a0<strong>Ponencia<\/strong>: Gabriel Bello, <em>Arist\u00f3teles, la\u00a0palabra y el mal.<\/em><\/p>\n<p style=\"padding-left: 30px\">11:45 \u00a0\u00a0<strong>Descanso.<\/strong><\/p>\n<p style=\"padding-left: 30px\">12:15 \u00a0\u00a0<strong>Ponencia:<\/strong> Mar\u00eda Jos\u00e9 Guerra Palmero, <em>Nussbaum sobre Arist\u00f3teles: los bienes relacionales.<\/em><\/p>\n<p style=\"padding-left: 30px\">16:30 \u00a0\u00a0<strong>Ponencia<\/strong>: Luis Miguel Pino Campos,\u00a0<em>Galeno y los fundamentos aristot\u00e9licos de su obra.\u00a0Algunos ejemplos.<\/em><\/p>\n<p style=\"padding-left: 30px\">17:15 \u00a0\u00a0<strong>Mesa redonda:<\/strong> Alberto Relancio (<em>Incorp\u00f3reo e inmaterial en Arist\u00f3teles<\/em>) y Servando David\u00a0Trujillo \u00a0(<em>La potencia aristot\u00e9lica y la\u00a0constituci\u00f3n del s\u00ed mismo seg\u00fan P. Ricoeur)<\/em>.<\/p>\n<p style=\"padding-left: 30px\">18:15 \u00a0\u00a0<strong>Descanso.<\/strong><\/p>\n<p style=\"padding-left: 30px\">18:30 \u00a0\u00a0<strong>Mesa redonda<\/strong>: Leticia Delgado y Francisco Amoraga (<em>La infancia adormecida en Arist\u00f3teles\u00a0y la pregunta por la felicidad en la Filosof\u00eda con\u00a0Ni\u00f1as y Ni\u00f1os (FcNN)) y Lourdes Reyes (Utop\u00eda y\u00a0tiempo: algunas consideraciones aristot\u00e9licas<\/em>).<\/p>\n<p>&nbsp;<\/p>\n<p><strong>Viernes 25 de noviembre<\/strong><\/p>\n<p style=\"padding-left: 30px\">18:00 \u00a0\u00a0<strong>Sesi\u00f3n extraordinaria del Club de Lectura<\/strong>. Se comentar\u00e1 un fragmento de Arist\u00f3teles\u00a0sobre la amistad, en la Sala de Conferencias de la\u00a0Biblioteca General y de Humanidades. Presenta\u00a0y coordina: Teresa O\u00f1ate.<\/p>\n<p><a href=\"http:\/\/creativecommons.org\/licenses\/by-nc-sa\/3.0\/es\/deed.es_CO\" target=\"_blank\" rel=\"license noopener noreferrer\" target=\"_blank\" rel=\"noopener\"><img decoding=\"async\" src=\"http:\/\/i.creativecommons.org\/l\/by-nc-sa\/3.0\/es\/88x31.png\" alt=\"Licencia Creative Commons\" \/><\/a><br \/>\nEste sitio est\u00e1 bajo <a href=\"http:\/\/creativecommons.org\/licenses\/by-nc-sa\/3.0\/es\/deed.es_CO\" target=\"_blank\" rel=\"license noopener noreferrer\" target=\"_blank\" rel=\"noopener\">Licencia Creative Commons<\/a>.[\/vc_column_text][\/vc_column][vc_column width=\u00bb1\/6&#8243;][\/vc_column][\/vc_row]<\/p>\n","protected":false},"excerpt":{"rendered":"<p>[vc_row full_width=\u00bbstretch_row_content\u00bb][vc_column width=\u00bb1\/6&#8243;][\/vc_column][vc_column width=\u00bb2\/3&#8243;][vc_column_text] Programa [\/vc_column_text][vc_column_text] Jueves 17 de noviembre 9:30 \u00a0 \u00a0\u00a0Inauguraci\u00f3n de las Jornadas.\u00a0Presentaci\u00f3n de comunicaciones por parte del\u00a0alumnado. 11:00 \u00a0 \u00a0Inauguraci\u00f3n de la exposici\u00f3n bibliogr\u00e1fica: \u201cEl Arist\u00f3teles del Renacimiento en el\u00a0Fondo Antiguo de la Universidad de La Laguna\u201d,\u00a0en el hall de la Biblioteca General y de Humanidades. Presenta: \u00a0 \u00a0 \u00a0Antonio P\u00e9rez&#8230;<\/p>\n","protected":false},"author":14,"featured_media":0,"parent":0,"menu_order":0,"comment_status":"closed","ping_status":"closed","template":"","meta":{"footnotes":""},"class_list":["post-975","page","type-page","status-publish","hentry"],"_links":{"self":[{"href":"https:\/\/www.ull.es\/eventos\/aristoteles\/wp-json\/wp\/v2\/pages\/975"}],"collection":[{"href":"https:\/\/www.ull.es\/eventos\/aristoteles\/wp-json\/wp\/v2\/pages"}],"about":[{"href":"https:\/\/www.ull.es\/eventos\/aristoteles\/wp-json\/wp\/v2\/types\/page"}],"author":[{"embeddable":true,"href":"https:\/\/www.ull.es\/eventos\/aristoteles\/wp-json\/wp\/v2\/users\/14"}],"replies":[{"embeddable":true,"href":"https:\/\/www.ull.es\/eventos\/aristoteles\/wp-json\/wp\/v2\/comments?post=975"}],"version-history":[{"count":1,"href":"https:\/\/www.ull.es\/eventos\/aristoteles\/wp-json\/wp\/v2\/pages\/975\/revisions"}],"predecessor-version":[{"id":1033,"href":"https:\/\/www.ull.es\/eventos\/aristoteles\/wp-json\/wp\/v2\/pages\/975\/revisions\/1033"}],"wp:attachment":[{"href":"https:\/\/www.ull.es\/eventos\/aristoteles\/wp-json\/wp\/v2\/media?parent=975"}],"curies":[{"name":"wp","href":"https:\/\/api.w.org\/{rel}","templated":true}]}}