{"id":19,"date":"2018-05-25T11:25:37","date_gmt":"2018-05-25T11:25:37","guid":{"rendered":"http:\/\/www.ull.es\/eventos\/crue-gerencia\/?page_id=18"},"modified":"2022-02-16T09:51:56","modified_gmt":"2022-02-16T09:51:56","slug":"la-universidad","status":"publish","type":"page","link":"https:\/\/www.ull.es\/eventos\/augac\/la-universidad\/","title":{"rendered":"La universidad"},"content":{"rendered":"<p>[vc_row full_width=\u00bbstretch_row_content_no_spaces\u00bb css=\u00bb.vc_custom_1528807138592{padding-top: 253px !important;padding-bottom: 253px !important;background-image: url(http:\/\/www.ull.es\/eventos\/crue-gerencia\/wp-content\/uploads\/sites\/4\/2018\/06\/Imagen4.png?id=97) !important;background-position: center !important;background-repeat: no-repeat !important;background-size: cover !important;}\u00bb][vc_column][\/vc_column][\/vc_row][vc_row][vc_column][vc_empty_space height=\u00bb60px\u00bb][vc_custom_heading text=\u00bbLA UNIVERSIDAD\u00bb font_container=\u00bbtag:h1|font_size:50px|text_align:left|color:%23000000|line_height:75px\u00bb google_fonts=\u00bbfont_family:Roboto%20Condensed%3A300%2C300italic%2Cregular%2Citalic%2C700%2C700italic|font_style:700%20bold%20regular%3A700%3Anormal\u00bb][\/vc_column][\/vc_row][vc_row][vc_column][vc_column_text]Doscientos a\u00f1os despu\u00e9s de su fundaci\u00f3n, la Universidad de La Laguna sigue siendo un referente en la comunidad canaria que, con el Atl\u00e1ntico como puente, tiende la mano al mundo. Actualmente, esta instituci\u00f3n p\u00fablica est\u00e1 compuesta por m\u00e1s de 25.000 personas, entre alumnado, profesorado y personal de administraci\u00f3n y servicios.<\/p>\n<p>Su cat\u00e1logo de titulaciones abarca 45 grados, una treintena de m\u00e1steres oficiales, alrededor de cincuenta programas de Doctorado y 25 titulaciones propias. La instituci\u00f3n se erige en su entorno como referente social y\u00a0 ejerce un liderazgo regional en su labor cient\u00edfica y de transferencia hacia la sociedad.<\/p>\n<p>Conozca m\u00e1s sobre la Universidad de La Laguna en este <a href=\"http:\/\/www.ull.es\/\" target=\"_blank\" rel=\"noopener\">enlace<\/a>.[\/vc_column_text][\/vc_column][\/vc_row][vc_row][vc_column][vc_empty_space height=\u00bb100px\u00bb][\/vc_column][\/vc_row][vc_row][vc_column][vc_video link=\u00bbhttps:\/\/youtu.be\/pPa4H6p9LQ4&#8243; align=\u00bbcenter\u00bb css_animation=\u00bbappear\u00bb][\/vc_column][\/vc_row][vc_row][vc_column][vc_empty_space height=\u00bb150px\u00bb][\/vc_column][\/vc_row]<\/p>\n","protected":false},"excerpt":{"rendered":"<p>[vc_row full_width=\u00bbstretch_row_content_no_spaces\u00bb css=\u00bb.vc_custom_1528807138592{padding-top: 253px !important;padding-bottom: 253px !important;background-image: url(http:\/\/www.ull.es\/eventos\/crue-gerencia\/wp-content\/uploads\/sites\/4\/2018\/06\/Imagen4.png?id=97) !important;background-position: center !important;background-repeat: no-repeat !important;background-size: cover !important;}\u00bb][vc_column][\/vc_column][\/vc_row][vc_row][vc_column][vc_empty_space height=\u00bb60px\u00bb][vc_custom_heading text=\u00bbLA UNIVERSIDAD\u00bb font_container=\u00bbtag:h1|font_size:50px|text_align:left|color:%23000000|line_height:75px\u00bb google_fonts=\u00bbfont_family:Roboto%20Condensed%3A300%2C300italic%2Cregular%2Citalic%2C700%2C700italic|font_style:700%20bold%20regular%3A700%3Anormal\u00bb][\/vc_column][\/vc_row][vc_row][vc_column][vc_column_text]Doscientos a\u00f1os despu\u00e9s de su fundaci\u00f3n, la Universidad de La Laguna sigue siendo un referente en la comunidad canaria que, con el Atl\u00e1ntico como puente, tiende la mano al mundo. Actualmente, esta instituci\u00f3n p\u00fablica est\u00e1 compuesta&#8230;<\/p>\n","protected":false},"author":26,"featured_media":0,"parent":0,"menu_order":0,"comment_status":"closed","ping_status":"closed","template":"templates\/template-frontpage.php","meta":{"footnotes":""},"class_list":["post-19","page","type-page","status-publish","hentry"],"_links":{"self":[{"href":"https:\/\/www.ull.es\/eventos\/augac\/wp-json\/wp\/v2\/pages\/19"}],"collection":[{"href":"https:\/\/www.ull.es\/eventos\/augac\/wp-json\/wp\/v2\/pages"}],"about":[{"href":"https:\/\/www.ull.es\/eventos\/augac\/wp-json\/wp\/v2\/types\/page"}],"author":[{"embeddable":true,"href":"https:\/\/www.ull.es\/eventos\/augac\/wp-json\/wp\/v2\/users\/26"}],"replies":[{"embeddable":true,"href":"https:\/\/www.ull.es\/eventos\/augac\/wp-json\/wp\/v2\/comments?post=19"}],"version-history":[{"count":1,"href":"https:\/\/www.ull.es\/eventos\/augac\/wp-json\/wp\/v2\/pages\/19\/revisions"}],"predecessor-version":[{"id":1185,"href":"https:\/\/www.ull.es\/eventos\/augac\/wp-json\/wp\/v2\/pages\/19\/revisions\/1185"}],"wp:attachment":[{"href":"https:\/\/www.ull.es\/eventos\/augac\/wp-json\/wp\/v2\/media?parent=19"}],"curies":[{"name":"wp","href":"https:\/\/api.w.org\/{rel}","templated":true}]}}