{"id":28,"date":"2018-05-25T11:27:07","date_gmt":"2018-05-25T11:27:07","guid":{"rendered":"http:\/\/www.ull.es\/eventos\/crue-gerencia\/?page_id=28"},"modified":"2022-02-16T09:53:59","modified_gmt":"2022-02-16T09:53:59","slug":"ubicaciones-de-interes","status":"publish","type":"page","link":"https:\/\/www.ull.es\/eventos\/augac\/ubicaciones-de-interes\/","title":{"rendered":"Ubicaciones de inter\u00e9s"},"content":{"rendered":"<p>[vc_row][vc_column][vc_empty_space height=\u00bb60px\u00bb][vc_custom_heading text=\u00bbUbicaciones de inter\u00e9s\u00bb font_container=\u00bbtag:h1|font_size:50px|text_align:left|color:%23000000|line_height:75px\u00bb google_fonts=\u00bbfont_family:Roboto%20Condensed%3A300%2C300italic%2Cregular%2Citalic%2C700%2C700italic|font_style:700%20bold%20regular%3A700%3Anormal\u00bb][vc_empty_space][vc_empty_space][\/vc_column][\/vc_row][vc_row disable_element=\u00bbyes\u00bb][vc_column][vc_empty_space height=\u00bb60px\u00bb][\/vc_column][\/vc_row][vc_row][vc_column][vc_tta_accordion spacing=\u00bb10&#8243; gap=\u00bb10&#8243; active_section=\u00bb0&#8243; css_animation=\u00bbbounceInRight\u00bb collapsible_all=\u00bbtrue\u00bb][vc_tta_section title=\u00bbSedes del congreso\u00bb tab_id=\u00bbsedes-de-congreso\u00bb][vc_row_inner][vc_column_inner width=\u00bb2\/3&#8243;][vc_column_text]<\/p>\n<h3>Facultad de Econom\u00eda, Empresa y Turismo.<\/h3>\n<p>Campus de Guajara &#8211;\u00a0 Cam. La Hornera, s\/n<br \/>\n38071 San Crist\u00f3bal de La Laguna &#8211; Santa Cruz de Tenerife<\/p>\n<p>Entrada por escalinata principal, primera planta.<\/p>\n<p>Ubicaci\u00f3n: <a href=\"https:\/\/www.openstreetmap.org\/directions?from=28.47128%2C-16.30603&amp;to=#map=18\/28.47123\/-16.30555\" target=\"_blank\" rel=\"noopener\">Open Street map<\/a> | <a href=\"https:\/\/goo.gl\/maps\/nyaUhB9fbk5uppgC9\" target=\"_blank\" rel=\"noopener\">Google Maps<\/a><\/p>\n<p>[\/vc_column_text][\/vc_column_inner][vc_column_inner width=\u00bb1\/3&#8243;][vc_single_image image=\u00bb1169&#8243; img_size=\u00bbfull\u00bb][vc_column_text]<\/p>\n<p style=\"text-align: center\"><a href=\"https:\/\/www.openstreetmap.org\/directions?from=28.47128%2C-16.30603&amp;to=#map=18\/28.47123\/-16.30555\" target=\"_blank\" rel=\"noopener\">Open Street map<\/a> | <a href=\"https:\/\/goo.gl\/maps\/nyaUhB9fbk5uppgC9\" target=\"_blank\" rel=\"noopener\">Google Maps<\/a><\/p>\n<p>[\/vc_column_text][\/vc_column_inner][\/vc_row_inner][vc_empty_space][\/vc_tta_section][vc_tta_section title=\u00bbC\u00f3mo moverse\u00bb tab_id=\u00bbcomo-moverse\u00bb][vc_single_image image=\u00bb1174&#8243; img_size=\u00bbfull\u00bb][vc_column_text]El <a href=\"https:\/\/metrotenerife.com\/\" target=\"_blank\" rel=\"noopener\">tranv\u00eda de Tenerife<\/a>, con dos l\u00edneas en servicio, enlaza y comunica los principales lugares de inter\u00e9s del \u00e1rea metropolitana de la isla, entre los municipios de Santa Cruz y La Laguna.<\/p>\n<p>La\u00a0<strong>L\u00ednea 1<\/strong>\u00a0conecta con los principales centros administrativos, equipamientos culturales, educativos, hospitalarios, de servicio y zonas comerciales de las dos ciudades.<\/p>\n<p>Tambi\u00e9n se puede hacer los traslados en <a href=\"https:\/\/titsa.com\/\" target=\"_blank\" rel=\"noopener\">guagua de la compa\u00f1\u00eda Titsa<\/a>, siendo la 014 o 015 (directa) la que realiza el recorrido Santa Cruz\/La Laguna\/Santa Cruz.[\/vc_column_text][\/vc_tta_section][vc_tta_section title=\u00bbSan Crist\u00f3bal de la Laguna\u00bb tab_id=\u00bb1552901930720-9a0115c1-9f7a\u00bb][vc_column_text]San Crist\u00f3bal de La Laguna es una ciudad fundada a finales del siglo XV (1496) y que ser\u00eda la primera capital de la isla hasta 1833. Pasear por ella constituye un aut\u00e9ntico viaje en el tiempo por las calles de una urbe colorista que a\u00fana influencias europeas y americanas en su arquitectura.<\/p>\n<p>Fue la primera ciudad colonial sin murallas que conserva pr\u00e1cticamente intacto su trazado original del siglo XV, el cual sirvi\u00f3 de modelo para muchas ciudades en Am\u00e9rica que se construyeron desde cero una vez iniciada la colonizaci\u00f3n. Esta planimetr\u00eda ha permanecido intacta desde su creaci\u00f3n, raz\u00f3n por la cual la UNESCO inscribi\u00f3 en 1999 esta poblaci\u00f3n en la <a href=\"https:\/\/whc.unesco.org\/en\/list\/929\" target=\"_blank\" rel=\"noopener\">Lista de Patrimonio Mundial<\/a>.<\/p>\n<p>La Plaza del Adelantado constituye un buen punto de inicio para cualquier visita. En este espacio di\u00e1fano se puede visitar el Convento de Santa Catalina de Siena, uno de los edificios conventuales de la ciudad, del cual destaca su caracter\u00edstica balconada cerrada, o ajimez. A un lado se yergue el Palacio de Nava, actualmente cerrado al p\u00fablico, y al otro, las casas consistoriales, cuya fachada de 1822 supone el mejor ejemplo de estilo neocl\u00e1sico civil de Canarias.<\/p>\n<p>[\/vc_column_text][vc_empty_space][vc_single_image image=\u00bb1082&#8243; img_size=\u00bbfull\u00bb][vc_empty_space][vc_column_text]Otra visita imprescindible es el palacio de la familia genovesa Lercaro, en la calle San Agust\u00edn, que acoge actualmente el Museo de Historia y Antropolog\u00eda de Tenerife. Las edificaciones religiosas de inter\u00e9s son abundantes: destaca la iglesia de la Concepci\u00f3n, con su peculiar torre y su techumbre con artesonado de estilo mud\u00e9jar; el palacio del Obispado, una de las pocas edificaciones \u00edntegramente en canter\u00eda de la ciudad; y la propia Catedral de los Remedios, muy remodelada y tard\u00eda, pero con la curiosidad de ser de los primeros edificios realizados en hormig\u00f3n de Espa\u00f1a.<\/p>\n<p>Al margen de su importante patrimonio, la ciudad, cuyo casco hist\u00f3rico est\u00e1 peatonalizado casi en su integridad, posee una atractiva oferta de restaurantes, terrazas y tascas que invitan a pasar una velada y disfrutar de la gastronom\u00eda local. Eso s\u00ed, h\u00e1ganlo con abrigo, pues otra peculiaridad de la ciudad es su clima h\u00famedo y fresco a partir del oto\u00f1o.<\/p>\n<p>Pero La Laguna es algo m\u00e1s que su ciudad. El municipio ofrece tambi\u00e9n grandes atractivos para los amantes de la naturaleza, como es el Parque Rural de Anaga, declarado Reserva de la Biosfera y repleto de especies animales y vegetales end\u00e9micas; o los charcos de Bajamar y Punta del Hidalgo, por si quiere conocer su zona costera.[\/vc_column_text][vc_empty_space][vc_single_image image=\u00bb1083&#8243; img_size=\u00bbfull\u00bb][\/vc_tta_section][vc_tta_section title=\u00bbTenerife\u00bb tab_id=\u00bbTenerife\u00bb][vc_empty_space][vc_single_image image=\u00bb1084&#8243; img_size=\u00bbfull\u00bb][vc_empty_space][vc_column_text]<strong>Tenerife<\/strong><\/p>\n<p>Y fuera de sus l\u00edmites, la isla de Tenerife es, por m\u00e9ritos propios, un territorio lleno de lugares dignos de visitar. Obviamente, la parada en el Parque Nacional del Teide es obligatoria para poder pasear por un paisaje que parece sacado de otro planeta e, incluso, ascender hasta la cima del pico m\u00e1s alto en territorio espa\u00f1ol. La isla ofrece grades contrastes clim\u00e1ticos y paisaj\u00edsticos, desde las playas soleadas del sur hasta las de roca y arena negra del norte, pasando por los pinares y bosques de median\u00edas y las poblaciones hist\u00f3ricas como La Orotava, Garachico y Puerto de la Cruz, enclave donde comenz\u00f3 el turismo en la isla, sin olvidar la propia capital, Santa Cruz de Tenerife, llena de actividades comerciales y de ocio.[\/vc_column_text][vc_empty_space][vc_single_image image=\u00bb1085&#8243; img_size=\u00bbfull\u00bb][vc_empty_space][vc_column_text]Para m\u00e1s informaci\u00f3n acerca de La Laguna y Tenerife, le recomendamos visitar la <a href=\"https:\/\/www.webtenerife.com\/\" target=\"_blank\" rel=\"noopener\">web tur\u00edstica<\/a> de la isla.[\/vc_column_text][\/vc_tta_section][vc_tta_section title=\u00bbAeropuertos\u00bb tab_id=\u00bbaeropuertos\u00bb][vc_row_inner css=\u00bb.vc_custom_1552903633780{margin-top: 0px !important;margin-right: 0px !important;margin-bottom: 0px !important;margin-left: 0px !important;border-top-width: 0px !important;border-right-width: 0px !important;border-bottom-width: 27px !important;border-left-width: 0px !important;padding-top: 0px !important;padding-right: 0px !important;padding-bottom: 0px !important;padding-left: 0px !important;background-color: #c4c4c4 !important;}\u00bb][vc_column_inner width=\u00bb1\/3&#8243;][vc_column_text]<\/p>\n<h3 class=\"text1\">Aeropuertos<\/h3>\n<p>El aeropuerto Tenerife &#8211; Sur o Reina Sof\u00eda es el moderno aeropuerto internacional de la Isla y uno de los de mayor movimiento en toda Espa\u00f1a.<\/p>\n<p>Adem\u00e1s, en la zona norte, Tenerife cuenta con otro aeropuerto, el Tenerife &#8211; Norte, Los Rodeos, que concentra el tr\u00e1fico interinsular, y vuelos regulares nacionales e internacionales.[\/vc_column_text][vc_empty_space height=\u00bb15px\u00bb][\/vc_column_inner][vc_column_inner width=\u00bb2\/3&#8243; css=\u00bb.vc_custom_1552903620676{margin-top: 27px !important;border-top-width: 0px !important;padding-top: 0px !important;}\u00bb][vc_single_image image=\u00bb1090&#8243; img_size=\u00bb722&#215;318&#8243; alignment=\u00bbcenter\u00bb css_animation=\u00bbzoomIn\u00bb css=\u00bb.vc_custom_1644326488724{margin-top: 27px !important;}\u00bb][vc_empty_space height=\u00bb15px\u00bb][\/vc_column_inner][\/vc_row_inner][vc_row_inner][vc_column_inner][vc_empty_space height=\u00bb50px\u00bb][\/vc_column_inner][\/vc_row_inner][vc_row_inner][vc_column_inner width=\u00bb1\/2&#8243;][vc_single_image image=\u00bb1089&#8243; img_size=\u00bbfull\u00bb][vc_column_text]<\/p>\n<h3>Aeropuerto Tenerife Norte<\/h3>\n<h4>Aeropuerto situado en Santa Cruz &#8211; La Laguna<span style=\"color: #000000\"><strong> (Aeropuerto Recomendado)<\/strong><\/span><\/h4>\n<p>El aeropuerto Internacional de Los Rodeos &#8211; Tenerife Norte est\u00e1 situado al norte de la Isla, en el t\u00e9rmino municipal de La Laguna y a 10 kil\u00f3metros aproximadamente de la capital insular, Santa Cruz de Tenerife.<\/p>\n<p>Este aeropuerto, uno de los dos que tiene Tenerife, est\u00e1 destinado preferentemente a vuelos de car\u00e1cter interinsular y nacional, aunque tambi\u00e9n operan varios vuelos internacionales.<\/p>\n<p>Cada a\u00f1o, cerca de 4 millones de pasajeros utilizan este aeropuerto, al que se accede a trav\u00e9s de la autopista TF-5.[\/vc_column_text][\/vc_column_inner][vc_column_inner width=\u00bb1\/2&#8243;][vc_single_image image=\u00bb1088&#8243; img_size=\u00bbfull\u00bb][vc_column_text]<\/p>\n<h3 class=\"text1\">Aeropuerto Tenerife Sur<\/h3>\n<h4 class=\"text1\"><span class=\"text2\">Aeropuerto situado en Tenerife Sur<\/span><\/h4>\n<p>El aeropuerto Tenerife Sur &#8211; Reina Sof\u00eda est\u00e1 situado en el t\u00e9rmino municipal de Granadilla de Abona. Desde aqu\u00ed, m\u00e1s de 150 compa\u00f1\u00edas a\u00e9reas operan vuelos de car\u00e1cter interinsular, nacional e internacional y cerca de 9 millones de pasajeros hacen uso de sus instalaciones cada a\u00f1o, lo que lo convierte en uno de los m\u00e1s transitados de Espa\u00f1a. Situado a escasos kil\u00f3metros de los m\u00e1s importantes n\u00facleos del sur de la Isla, la v\u00eda de acceso al aeropuerto es la autopista TF &#8211; 1.[\/vc_column_text][\/vc_column_inner][\/vc_row_inner][vc_row_inner][vc_column_inner][\/vc_column_inner][\/vc_row_inner][\/vc_tta_section][\/vc_tta_accordion][\/vc_column][\/vc_row][vc_row][vc_column][vc_empty_space height=\u00bb100px\u00bb][\/vc_column][\/vc_row][vc_row][vc_column][vc_column_text]Si desea contactar con la secretar\u00eda t\u00e9cnica de las jornadas denv\u00ede su dudas a gestioneventos@fg.ull.es.[\/vc_column_text][vc_empty_space height=\u00bb132px\u00bb][\/vc_column][\/vc_row]<\/p>\n","protected":false},"excerpt":{"rendered":"<p>[vc_row][vc_column][vc_empty_space height=\u00bb60px\u00bb][vc_custom_heading text=\u00bbUbicaciones de inter\u00e9s\u00bb font_container=\u00bbtag:h1|font_size:50px|text_align:left|color:%23000000|line_height:75px\u00bb google_fonts=\u00bbfont_family:Roboto%20Condensed%3A300%2C300italic%2Cregular%2Citalic%2C700%2C700italic|font_style:700%20bold%20regular%3A700%3Anormal\u00bb][vc_empty_space][vc_empty_space][\/vc_column][\/vc_row][vc_row disable_element=\u00bbyes\u00bb][vc_column][vc_empty_space height=\u00bb60px\u00bb][\/vc_column][\/vc_row][vc_row][vc_column][vc_tta_accordion spacing=\u00bb10&#8243; gap=\u00bb10&#8243; active_section=\u00bb0&#8243; css_animation=\u00bbbounceInRight\u00bb collapsible_all=\u00bbtrue\u00bb][vc_tta_section title=\u00bbSedes del congreso\u00bb tab_id=\u00bbsedes-de-congreso\u00bb][vc_row_inner][vc_column_inner width=\u00bb2\/3&#8243;][vc_column_text] Facultad de Econom\u00eda, Empresa y Turismo. Campus de Guajara &#8211;\u00a0 Cam. La Hornera, s\/n 38071 San Crist\u00f3bal de La Laguna &#8211; Santa Cruz de Tenerife Entrada por escalinata principal, primera planta. Ubicaci\u00f3n: Open Street map |&#8230;<\/p>\n","protected":false},"author":26,"featured_media":1083,"parent":0,"menu_order":0,"comment_status":"closed","ping_status":"closed","template":"templates\/template-frontpage.php","meta":{"footnotes":""},"class_list":["post-28","page","type-page","status-publish","has-post-thumbnail","hentry"],"_links":{"self":[{"href":"https:\/\/www.ull.es\/eventos\/augac\/wp-json\/wp\/v2\/pages\/28"}],"collection":[{"href":"https:\/\/www.ull.es\/eventos\/augac\/wp-json\/wp\/v2\/pages"}],"about":[{"href":"https:\/\/www.ull.es\/eventos\/augac\/wp-json\/wp\/v2\/types\/page"}],"author":[{"embeddable":true,"href":"https:\/\/www.ull.es\/eventos\/augac\/wp-json\/wp\/v2\/users\/26"}],"replies":[{"embeddable":true,"href":"https:\/\/www.ull.es\/eventos\/augac\/wp-json\/wp\/v2\/comments?post=28"}],"version-history":[{"count":12,"href":"https:\/\/www.ull.es\/eventos\/augac\/wp-json\/wp\/v2\/pages\/28\/revisions"}],"predecessor-version":[{"id":1177,"href":"https:\/\/www.ull.es\/eventos\/augac\/wp-json\/wp\/v2\/pages\/28\/revisions\/1177"}],"wp:featuredmedia":[{"embeddable":true,"href":"https:\/\/www.ull.es\/eventos\/augac\/wp-json\/wp\/v2\/media\/1083"}],"wp:attachment":[{"href":"https:\/\/www.ull.es\/eventos\/augac\/wp-json\/wp\/v2\/media?parent=28"}],"curies":[{"name":"wp","href":"https:\/\/api.w.org\/{rel}","templated":true}]}}