{"id":1226,"date":"2022-06-01T10:44:51","date_gmt":"2022-06-01T10:44:51","guid":{"rendered":"https:\/\/www.ull.es\/eventos\/congreso-floramac\/?page_id=1226"},"modified":"2022-06-14T09:41:58","modified_gmt":"2022-06-14T09:41:58","slug":"organization","status":"publish","type":"page","link":"https:\/\/www.ull.es\/eventos\/congreso-floramac\/organization\/","title":{"rendered":"Organization"},"content":{"rendered":"<p>[vc_row full_width=\u00bbstretch_row_content_no_spaces\u00bb][vc_column]\n<div id=\"rev_slider_1_1_wrapper\" class=\"rev_slider_wrapper fullwidthbanner-container\" data-source=\"gallery\" style=\"margin:0px auto;background:transparent;padding:0px;margin-top:0px;margin-bottom:0px;\">\n<!-- START REVOLUTION SLIDER 5.4.7.3 auto mode -->\n\t<div id=\"rev_slider_1_1\" class=\"rev_slider fullwidthabanner\" style=\"display:none;\" data-version=\"5.4.7.3\">\n<ul>\t<!-- SLIDE  -->\n\t<li data-index=\"rs-5\" data-transition=\"fade\" data-slotamount=\"default\" data-hideafterloop=\"0\" data-hideslideonmobile=\"off\"  data-easein=\"default\" data-easeout=\"default\" data-masterspeed=\"300\"  data-thumb=\"https:\/\/www.ull.es\/eventos\/congreso-floramac\/wp-content\/uploads\/sites\/52\/2022\/06\/Slider_logo-100x50.jpg\"  data-rotate=\"0\"  data-saveperformance=\"off\"  data-title=\"Slide\" data-param1=\"\" data-param2=\"\" data-param3=\"\" data-param4=\"\" data-param5=\"\" data-param6=\"\" data-param7=\"\" data-param8=\"\" data-param9=\"\" data-param10=\"\" data-description=\"\">\n\t\t<!-- MAIN IMAGE -->\n\t\t<img loading=\"lazy\" decoding=\"async\" src=\"https:\/\/www.ull.es\/eventos\/congreso-floramac\/wp-content\/uploads\/sites\/52\/2022\/06\/Slider_logo.jpg\"  alt=\"\" title=\"Slider_logo\"  width=\"1920\" height=\"490\" data-bgposition=\"center center\" data-bgfit=\"cover\" data-bgrepeat=\"no-repeat\" class=\"rev-slidebg\" data-no-retina>\n\t\t<!-- LAYERS -->\n\t<\/li>\n\t<!-- SLIDE  -->\n\t<li data-index=\"rs-6\" data-transition=\"fade\" data-slotamount=\"default\" data-hideafterloop=\"0\" data-hideslideonmobile=\"off\"  data-easein=\"default\" data-easeout=\"default\" data-masterspeed=\"300\"  data-thumb=\"https:\/\/www.ull.es\/eventos\/congreso-floramac\/wp-content\/uploads\/sites\/52\/2022\/06\/Slider_fechas-100x50.jpg\"  data-rotate=\"0\"  data-saveperformance=\"off\"  data-title=\"Slide\" data-param1=\"\" data-param2=\"\" data-param3=\"\" data-param4=\"\" data-param5=\"\" data-param6=\"\" data-param7=\"\" data-param8=\"\" data-param9=\"\" data-param10=\"\" data-description=\"\">\n\t\t<!-- MAIN IMAGE -->\n\t\t<img loading=\"lazy\" decoding=\"async\" src=\"https:\/\/www.ull.es\/eventos\/congreso-floramac\/wp-content\/uploads\/sites\/52\/2022\/06\/Slider_fechas.jpg\"  alt=\"\" title=\"Slider_fechas\"  width=\"1920\" height=\"490\" data-bgposition=\"center center\" data-bgfit=\"cover\" data-bgrepeat=\"no-repeat\" class=\"rev-slidebg\" data-no-retina>\n\t\t<!-- LAYERS -->\n\t<\/li>\n\t<!-- SLIDE  -->\n\t<li data-index=\"rs-7\" data-transition=\"fade\" data-slotamount=\"default\" data-hideafterloop=\"0\" data-hideslideonmobile=\"off\"  data-easein=\"default\" data-easeout=\"default\" data-masterspeed=\"300\"  data-thumb=\"https:\/\/www.ull.es\/eventos\/congreso-floramac\/wp-content\/uploads\/sites\/52\/2022\/06\/Slider-2-100x50.jpg\"  data-rotate=\"0\"  data-saveperformance=\"off\"  data-title=\"Slide\" data-param1=\"\" data-param2=\"\" data-param3=\"\" data-param4=\"\" data-param5=\"\" data-param6=\"\" data-param7=\"\" data-param8=\"\" data-param9=\"\" data-param10=\"\" data-description=\"\">\n\t\t<!-- MAIN IMAGE -->\n\t\t<img loading=\"lazy\" decoding=\"async\" src=\"https:\/\/www.ull.es\/eventos\/congreso-floramac\/wp-content\/uploads\/sites\/52\/2022\/06\/Slider-2.jpg\"  alt=\"\" title=\"Slider (2)\"  width=\"1920\" height=\"490\" data-bgposition=\"center center\" data-bgfit=\"cover\" data-bgrepeat=\"no-repeat\" class=\"rev-slidebg\" data-no-retina>\n\t\t<!-- LAYERS -->\n\t<\/li>\n\t<!-- SLIDE  -->\n\t<li data-index=\"rs-8\" data-transition=\"fade\" data-slotamount=\"default\" data-hideafterloop=\"0\" data-hideslideonmobile=\"off\"  data-easein=\"default\" data-easeout=\"default\" data-masterspeed=\"300\"  data-thumb=\"https:\/\/www.ull.es\/eventos\/congreso-floramac\/wp-content\/uploads\/sites\/52\/2022\/06\/Slider-1-100x50.jpg\"  data-rotate=\"0\"  data-saveperformance=\"off\"  data-title=\"Slide\" data-param1=\"\" data-param2=\"\" data-param3=\"\" data-param4=\"\" data-param5=\"\" data-param6=\"\" data-param7=\"\" data-param8=\"\" data-param9=\"\" data-param10=\"\" data-description=\"\">\n\t\t<!-- MAIN IMAGE -->\n\t\t<img loading=\"lazy\" decoding=\"async\" src=\"https:\/\/www.ull.es\/eventos\/congreso-floramac\/wp-content\/uploads\/sites\/52\/2022\/06\/Slider-1.jpg\"  alt=\"\" title=\"Slider (1)\"  width=\"1920\" height=\"490\" data-bgposition=\"center center\" data-bgfit=\"cover\" data-bgrepeat=\"no-repeat\" class=\"rev-slidebg\" data-no-retina>\n\t\t<!-- LAYERS -->\n\t<\/li>\n<\/ul>\n<script>var htmlDiv = document.getElementById(\"rs-plugin-settings-inline-css\"); var htmlDivCss=\"\";\r\n\t\t\t\t\t\tif(htmlDiv) {\r\n\t\t\t\t\t\t\thtmlDiv.innerHTML = htmlDiv.innerHTML + htmlDivCss;\r\n\t\t\t\t\t\t}else{\r\n\t\t\t\t\t\t\tvar htmlDiv = document.createElement(\"div\");\r\n\t\t\t\t\t\t\thtmlDiv.innerHTML = \"<style>\" + htmlDivCss + \"<\/style>\";\r\n\t\t\t\t\t\t\tdocument.getElementsByTagName(\"head\")[0].appendChild(htmlDiv.childNodes[0]);\r\n\t\t\t\t\t\t}\r\n\t\t\t\t\t<\/script>\n<div class=\"tp-bannertimer tp-bottom\" style=\"visibility: hidden !important;\"><\/div>\t<\/div>\n<script>var htmlDiv = document.getElementById(\"rs-plugin-settings-inline-css\"); var htmlDivCss=\"\";\r\n\t\t\t\tif(htmlDiv) {\r\n\t\t\t\t\thtmlDiv.innerHTML = htmlDiv.innerHTML + htmlDivCss;\r\n\t\t\t\t}else{\r\n\t\t\t\t\tvar htmlDiv = document.createElement(\"div\");\r\n\t\t\t\t\thtmlDiv.innerHTML = \"<style>\" + htmlDivCss + \"<\/style>\";\r\n\t\t\t\t\tdocument.getElementsByTagName(\"head\")[0].appendChild(htmlDiv.childNodes[0]);\r\n\t\t\t\t}\r\n\t\t\t<\/script>\n\t\t<script type=\"text\/javascript\">\r\nif (setREVStartSize!==undefined) setREVStartSize(\r\n\t{c: '#rev_slider_1_1', gridwidth: [1920], gridheight: [490], sliderLayout: 'auto'});\r\n\t\t\t\r\nvar revapi1,\r\n\ttpj;\t\r\n(function() {\t\t\t\r\n\tif (!\/loaded|interactive|complete\/.test(document.readyState)) document.addEventListener(\"DOMContentLoaded\",onLoad); else onLoad();\t\r\n\tfunction onLoad() {\t\t\t\t\r\n\t\tif (tpj===undefined) { tpj = jQuery; if(\"off\" == \"on\") tpj.noConflict();}\r\n\tif(tpj(\"#rev_slider_1_1\").revolution == undefined){\n\t\trevslider_showDoubleJqueryError(\"#rev_slider_1_1\");\n\t}else{\n\t\trevapi1 = tpj(\"#rev_slider_1_1\").show().revolution({\n\t\t\tsliderType:\"standard\",\n\t\t\tjsFileLocation:\"\/\/www.ull.es\/eventos\/congreso-floramac\/wp-content\/plugins\/revslider\/public\/assets\/js\/\",\n\t\t\tsliderLayout:\"auto\",\n\t\t\tdottedOverlay:\"none\",\n\t\t\tdelay:9000,\n\t\t\tnavigation: {\n\t\t\t\tkeyboardNavigation:\"off\",\n\t\t\t\tkeyboard_direction: \"horizontal\",\n\t\t\t\tmouseScrollNavigation:\"off\",\n \t\t\t\t\t\t\tmouseScrollReverse:\"default\",\n\t\t\t\tonHoverStop:\"off\",\n\t\t\t\tarrows: {\n\t\t\t\t\tstyle:\"hesperiden\",\n\t\t\t\t\tenable:true,\n\t\t\t\t\thide_onmobile:false,\n\t\t\t\t\thide_onleave:true,\n\t\t\t\t\thide_delay:200,\n\t\t\t\t\thide_delay_mobile:1200,\n\t\t\t\t\ttmp:'',\n\t\t\t\t\tleft: {\n\t\t\t\t\t\th_align:\"left\",\n\t\t\t\t\t\tv_align:\"center\",\n\t\t\t\t\t\th_offset:20,\n\t\t\t\t\t\tv_offset:0\n\t\t\t\t\t},\n\t\t\t\t\tright: {\n\t\t\t\t\t\th_align:\"right\",\n\t\t\t\t\t\tv_align:\"center\",\n\t\t\t\t\t\th_offset:20,\n\t\t\t\t\t\tv_offset:0\n\t\t\t\t\t}\n\t\t\t\t}\n\t\t\t\t,\n\t\t\t\tbullets: {\n\t\t\t\t\tenable:true,\n\t\t\t\t\thide_onmobile:false,\n\t\t\t\t\tstyle:\"hephaistos\",\n\t\t\t\t\thide_onleave:false,\n\t\t\t\t\tdirection:\"horizontal\",\n\t\t\t\t\th_align:\"center\",\n\t\t\t\t\tv_align:\"bottom\",\n\t\t\t\t\th_offset:0,\n\t\t\t\t\tv_offset:20,\n\t\t\t\t\tspace:5,\n\t\t\t\t\ttmp:''\n\t\t\t\t}\n\t\t\t},\n\t\t\tvisibilityLevels:[1240,1024,778,480],\n\t\t\tgridwidth:1920,\n\t\t\tgridheight:490,\n\t\t\tlazyType:\"none\",\n\t\t\tshadow:0,\n\t\t\tspinner:\"spinner0\",\n\t\t\tstopLoop:\"off\",\n\t\t\tstopAfterLoops:-1,\n\t\t\tstopAtSlide:-1,\n\t\t\tshuffle:\"off\",\n\t\t\tautoHeight:\"off\",\n\t\t\tdisableProgressBar:\"on\",\n\t\t\thideThumbsOnMobile:\"off\",\n\t\t\thideSliderAtLimit:0,\n\t\t\thideCaptionAtLimit:0,\n\t\t\thideAllCaptionAtLilmit:0,\n\t\t\tdebugMode:false,\n\t\t\tfallbacks: {\n\t\t\t\tsimplifyAll:\"off\",\n\t\t\t\tnextSlideOnWindowFocus:\"off\",\n\t\t\t\tdisableFocusListener:false,\n\t\t\t}\n\t\t});\n\t}; \/* END OF revapi call *\/\n\t\n }; \/* END OF ON LOAD FUNCTION *\/\r\n}()); \/* END OF WRAPPING FUNCTION *\/\r\n<\/script>\r\n\t\t<script>\r\n\t\t\t\t\tvar htmlDivCss = unescape(\".hesperiden.tparrows%20%7B%0A%09cursor%3Apointer%3B%0A%09background%3Argba%280%2C0%2C0%2C0.5%29%3B%0A%09width%3A40px%3B%0A%09height%3A40px%3B%0A%09position%3Aabsolute%3B%0A%09display%3Ablock%3B%0A%09z-index%3A100%3B%0A%20%20%20%20border-radius%3A%2050%25%3B%0A%7D%0A.hesperiden.tparrows%3Ahover%20%7B%0A%09background%3Argba%280%2C%200%2C%200%2C%201%29%3B%0A%7D%0A.hesperiden.tparrows%3Abefore%20%7B%0A%09font-family%3A%20%22revicons%22%3B%0A%09font-size%3A20px%3B%0A%09color%3Argb%28255%2C%20255%2C%20255%29%3B%0A%09display%3Ablock%3B%0A%09line-height%3A%2040px%3B%0A%09text-align%3A%20center%3B%0A%7D%0A.hesperiden.tparrows.tp-leftarrow%3Abefore%20%7B%0A%09content%3A%20%22%5Ce82c%22%3B%0A%20%20%20%20margin-left%3A-3px%3B%0A%7D%0A.hesperiden.tparrows.tp-rightarrow%3Abefore%20%7B%0A%09content%3A%20%22%5Ce82d%22%3B%0A%20%20%20%20margin-right%3A-3px%3B%0A%7D%0A.hephaistos%20.tp-bullet%20%7B%0A%09width%3A12px%3B%0A%09height%3A12px%3B%0A%09position%3Aabsolute%3B%0A%09background%3Argba%28153%2C%20153%2C%20153%2C%201%29%3B%0A%09border%3A3px%20solid%20rgba%28255%2C255%2C255%2C0.9%29%3B%0A%09border-radius%3A50%25%3B%0A%09cursor%3A%20pointer%3B%0A%09box-sizing%3Acontent-box%3B%0A%20%20%20%20box-shadow%3A%200px%200px%202px%201px%20rgba%28130%2C130%2C130%2C%200.3%29%3B%0A%7D%0A.hephaistos%20.tp-bullet%3Ahover%2C%0A.hephaistos%20.tp-bullet.selected%20%7B%0A%09background%3Argba%28255%2C%20255%2C%20255%2C%201%29%3B%0A%20%20%20%20border-color%3Argba%280%2C%200%2C%200%2C%201%29%3B%0A%7D%0A\");\r\n\t\t\t\t\tvar htmlDiv = document.getElementById('rs-plugin-settings-inline-css');\r\n\t\t\t\t\tif(htmlDiv) {\r\n\t\t\t\t\t\thtmlDiv.innerHTML = htmlDiv.innerHTML + htmlDivCss;\r\n\t\t\t\t\t}\r\n\t\t\t\t\telse{\r\n\t\t\t\t\t\tvar htmlDiv = document.createElement('div');\r\n\t\t\t\t\t\thtmlDiv.innerHTML = '<style>' + htmlDivCss + '<\/style>';\r\n\t\t\t\t\t\tdocument.getElementsByTagName('head')[0].appendChild(htmlDiv.childNodes[0]);\r\n\t\t\t\t\t}\r\n\t\t\t\t  <\/script>\r\n\t\t\t\t<\/div><!-- END REVOLUTION SLIDER -->[\/vc_column][\/vc_row][vc_row][vc_column][vc_empty_space height=\u00bb60px\u00bb][vc_custom_heading text=\u00bbORGANIZATION\u00bb font_container=\u00bbtag:h1|font_size:50px|text_align:left|color:%23000000|line_height:75px\u00bb google_fonts=\u00bbfont_family:Roboto%20Condensed%3A300%2C300italic%2Cregular%2Citalic%2C700%2C700italic|font_style:700%20bold%20regular%3A700%3Anormal\u00bb][\/vc_column][\/vc_row][vc_row][vc_column][vc_custom_heading text=\u00bbComposition of the organization committee\u00bb font_container=\u00bbtag:h2|font_size:2em|text_align:left|color:%23000000|line_height:1em\u00bb google_fonts=\u00bbfont_family:Roboto%20Condensed%3A300%2C300italic%2Cregular%2Citalic%2C700%2C700italic|font_style:700%20bold%20regular%3A700%3Anormal\u00bb css=\u00bb.vc_custom_1654167055375{padding-top: 30px !important;padding-bottom: 30px !important;}\u00bb el_id=\u00bborganization-committee\u00bb][vc_column_text]<b>Jos\u00e9 Mar\u00eda Fern\u00e1ndez-Palacios<\/b><span style=\"font-weight: 400\"> (Departamento de Bot\u00e1nica, Ecolog\u00eda y Fisiolog\u00eda Vegetal, Universidad de La Laguna)<\/span><\/p>\n<p><b>Marta Sans\u00f3n<\/b><span style=\"font-weight: 400\"> (Departamento de Bot\u00e1nica, Ecolog\u00eda y Fisiolog\u00eda Vegetal, Universidad de La Laguna)<\/span><\/p>\n<p><b>Lea de Nascimento<\/b><span style=\"font-weight: 400\"> (Departamento de Bot\u00e1nica, Ecolog\u00eda y Fisiolog\u00eda Vegetal, Universidad de La Laguna)<\/span><\/p>\n<p><b>Carlos San Gil<\/b><span style=\"font-weight: 400\"> (Departamento de Bot\u00e1nica, Ecolog\u00eda y Fisiolog\u00eda Vegetal, Universidad de La Laguna)<\/span><\/p>\n<p><b>Jairo Pati\u00f1o<\/b><span style=\"font-weight: 400\"> (Instituto de Productos Naturales, Consejo Superior de Investigaciones Cient\u00edficas. IPNA-CSIC)<\/span><\/p>\n<p>[\/vc_column_text][vc_empty_space][vc_row_inner][vc_column_inner width=\u00bb1\/2&#8243;][vc_single_image image=\u00bb1312&#8243; img_size=\u00bbfull\u00bb alignment=\u00bbcenter\u00bb][\/vc_column_inner][vc_column_inner width=\u00bb1\/2&#8243;][vc_single_image image=\u00bb1315&#8243; img_size=\u00bbfull\u00bb alignment=\u00bbcenter\u00bb][\/vc_column_inner][\/vc_row_inner][vc_empty_space][vc_custom_heading text=\u00bbComposition of the scientific committee\u00bb font_container=\u00bbtag:h2|font_size:2em|text_align:left|color:%23000000|line_height:1em\u00bb google_fonts=\u00bbfont_family:Roboto%20Condensed%3A300%2C300italic%2Cregular%2Citalic%2C700%2C700italic|font_style:700%20bold%20regular%3A700%3Anormal\u00bb css=\u00bb.vc_custom_1655199714867{padding-top: 30px !important;padding-bottom: 30px !important;}\u00bb el_id=\u00bbscientific-committee\u00bb][vc_column_text]<\/p>\n<p><b>Juli Caujap\u00e9-Castells<\/b><span style=\"font-weight: 400\"> (Jard\u00edn Bot\u00e1nico Canario Viera y Clavijo, Unidad asociada al CSIC)<\/span><\/p>\n<p><b>Miguel Sequeira<\/b><span style=\"font-weight: 400\"> (Departamento de Biolog\u00eda, Universidad de Madeira)<\/span><\/p>\n<p><b>Mark Carine<\/b><span style=\"font-weight: 400\"> (Natural History Museum, London)<\/span><\/p>\n<p><b>Mar\u00eda Romeiras<\/b><span style=\"font-weight: 400\"> (Departamento de Bot\u00e1nica, Universidad de Lisboa)<\/span><\/p>\n<p><b>Hanno Schaefer<\/b><span style=\"font-weight: 400\"> (Technical University Munich)<\/span><\/p>\n<p><b>Isildo Gomes<\/b><span style=\"font-weight: 400\"> (INIDA, Gobierno de Cabo Verde)<\/span><\/p>\n<p><b>Monica Moura<\/b><span style=\"font-weight: 400\"> (Departamento de Biolog\u00eda, Universidad de Azores)<\/span><\/p>\n<p><b>Luis Silva<\/b><span style=\"font-weight: 400\"> (Departamento de Biolog\u00eda, Universidad de Azores)<\/span><\/p>\n<p><b>Jos\u00e9 Mar\u00eda Fern\u00e1ndez-Palacios<\/b><span style=\"font-weight: 400\"> (Departamento de Bot\u00e1nica, Ecolog\u00eda y Fisiolog\u00eda Vegetal, Universidad de La Laguna)<\/span><\/p>\n<p><b>Marta Sans\u00f3n<\/b><span style=\"font-weight: 400\"> (Departamento de Bot\u00e1nica, Ecolog\u00eda y Fisiolog\u00eda Vegetal, Universidad de La Laguna)<\/span><\/p>\n<p><b>Lea de Nascimento<\/b><span style=\"font-weight: 400\"> (Departamento de Bot\u00e1nica, Ecolog\u00eda y Fisiolog\u00eda Vegetal, Universidad de La Laguna)<\/span><\/p>\n<p><b>Carlos San Gil<\/b><span style=\"font-weight: 400\"> (Departamento de Bot\u00e1nica, Ecolog\u00eda y Fisiolog\u00eda Vegetal, Universidad de La Laguna)<\/span><\/p>\n<p><b>Jairo Pati\u00f1o<\/b><span style=\"font-weight: 400\"> (Instituto de Productos Naturales, Consejo Superior de Investigaciones Cient\u00edficas. IPNA-CSIC)<\/span>[\/vc_column_text][\/vc_column][\/vc_row][vc_row][vc_column][vc_empty_space][vc_column_text]<\/p>\n<p>If you wish to contact the technical secretariat of the conference, send your questions to floramac2022@gmail.com.<\/p>\n<p>[\/vc_column_text][vc_empty_space][\/vc_column][\/vc_row][vc_row][vc_column][vc_empty_space height=\u00bb200px\u00bb][\/vc_column][\/vc_row]<\/p>\n","protected":false},"excerpt":{"rendered":"<p>[vc_row full_width=\u00bbstretch_row_content_no_spaces\u00bb][vc_column][\/vc_column][\/vc_row][vc_row][vc_column][vc_empty_space height=\u00bb60px\u00bb][vc_custom_heading text=\u00bbORGANIZATION\u00bb font_container=\u00bbtag:h1|font_size:50px|text_align:left|color:%23000000|line_height:75px\u00bb google_fonts=\u00bbfont_family:Roboto%20Condensed%3A300%2C300italic%2Cregular%2Citalic%2C700%2C700italic|font_style:700%20bold%20regular%3A700%3Anormal\u00bb][\/vc_column][\/vc_row][vc_row][vc_column][vc_custom_heading text=\u00bbComposition of the organization committee\u00bb font_container=\u00bbtag:h2|font_size:2em|text_align:left|color:%23000000|line_height:1em\u00bb google_fonts=\u00bbfont_family:Roboto%20Condensed%3A300%2C300italic%2Cregular%2Citalic%2C700%2C700italic|font_style:700%20bold%20regular%3A700%3Anormal\u00bb css=\u00bb.vc_custom_1654167055375{padding-top: 30px !important;padding-bottom: 30px !important;}\u00bb el_id=\u00bborganization-committee\u00bb][vc_column_text]Jos\u00e9 Mar\u00eda Fern\u00e1ndez-Palacios (Departamento de Bot\u00e1nica, Ecolog\u00eda y Fisiolog\u00eda Vegetal, Universidad de La Laguna) Marta Sans\u00f3n (Departamento de Bot\u00e1nica, Ecolog\u00eda y Fisiolog\u00eda Vegetal, Universidad de La Laguna) Lea de Nascimento (Departamento de Bot\u00e1nica, Ecolog\u00eda y Fisiolog\u00eda Vegetal,&#8230;<\/p>\n","protected":false},"author":26,"featured_media":0,"parent":0,"menu_order":0,"comment_status":"closed","ping_status":"closed","template":"templates\/template-frontpage.php","meta":{"footnotes":""},"class_list":["post-1226","page","type-page","status-publish","hentry"],"_links":{"self":[{"href":"https:\/\/www.ull.es\/eventos\/congreso-floramac\/wp-json\/wp\/v2\/pages\/1226"}],"collection":[{"href":"https:\/\/www.ull.es\/eventos\/congreso-floramac\/wp-json\/wp\/v2\/pages"}],"about":[{"href":"https:\/\/www.ull.es\/eventos\/congreso-floramac\/wp-json\/wp\/v2\/types\/page"}],"author":[{"embeddable":true,"href":"https:\/\/www.ull.es\/eventos\/congreso-floramac\/wp-json\/wp\/v2\/users\/26"}],"replies":[{"embeddable":true,"href":"https:\/\/www.ull.es\/eventos\/congreso-floramac\/wp-json\/wp\/v2\/comments?post=1226"}],"version-history":[{"count":9,"href":"https:\/\/www.ull.es\/eventos\/congreso-floramac\/wp-json\/wp\/v2\/pages\/1226\/revisions"}],"predecessor-version":[{"id":1330,"href":"https:\/\/www.ull.es\/eventos\/congreso-floramac\/wp-json\/wp\/v2\/pages\/1226\/revisions\/1330"}],"wp:attachment":[{"href":"https:\/\/www.ull.es\/eventos\/congreso-floramac\/wp-json\/wp\/v2\/media?parent=1226"}],"curies":[{"name":"wp","href":"https:\/\/api.w.org\/{rel}","templated":true}]}}