{"id":710,"date":"2019-02-07T14:09:40","date_gmt":"2019-02-07T13:09:40","guid":{"rendered":"http:\/\/www.ull.es\/eventos\/crue-internacional\/?page_id=710"},"modified":"2022-06-01T10:24:42","modified_gmt":"2022-06-01T10:24:42","slug":"hotel-reservations","status":"publish","type":"page","link":"https:\/\/www.ull.es\/eventos\/congreso-floramac\/hotel-reservations\/","title":{"rendered":"HOTEL RESERVATIONS"},"content":{"rendered":"<p>[vc_row full_width=\u00bbstretch_row_content\u00bb][vc_column]\n<div id=\"rev_slider_1_1_wrapper\" class=\"rev_slider_wrapper fullwidthbanner-container\" data-source=\"gallery\" style=\"margin:0px auto;background:transparent;padding:0px;margin-top:0px;margin-bottom:0px;\">\n<!-- START REVOLUTION SLIDER 5.4.7.3 auto mode -->\n\t<div id=\"rev_slider_1_1\" class=\"rev_slider fullwidthabanner\" style=\"display:none;\" data-version=\"5.4.7.3\">\n<ul>\t<!-- SLIDE  -->\n\t<li data-index=\"rs-5\" data-transition=\"fade\" data-slotamount=\"default\" data-hideafterloop=\"0\" data-hideslideonmobile=\"off\"  data-easein=\"default\" data-easeout=\"default\" data-masterspeed=\"300\"  data-thumb=\"https:\/\/www.ull.es\/eventos\/congreso-floramac\/wp-content\/uploads\/sites\/52\/2022\/06\/Slider_logo-100x50.jpg\"  data-rotate=\"0\"  data-saveperformance=\"off\"  data-title=\"Slide\" data-param1=\"\" data-param2=\"\" data-param3=\"\" data-param4=\"\" data-param5=\"\" data-param6=\"\" data-param7=\"\" data-param8=\"\" data-param9=\"\" data-param10=\"\" data-description=\"\">\n\t\t<!-- MAIN IMAGE -->\n\t\t<img loading=\"lazy\" decoding=\"async\" src=\"https:\/\/www.ull.es\/eventos\/congreso-floramac\/wp-content\/uploads\/sites\/52\/2022\/06\/Slider_logo.jpg\"  alt=\"\" title=\"Slider_logo\"  width=\"1920\" height=\"490\" data-bgposition=\"center center\" data-bgfit=\"cover\" data-bgrepeat=\"no-repeat\" class=\"rev-slidebg\" data-no-retina>\n\t\t<!-- LAYERS -->\n\t<\/li>\n\t<!-- SLIDE  -->\n\t<li data-index=\"rs-6\" data-transition=\"fade\" data-slotamount=\"default\" data-hideafterloop=\"0\" data-hideslideonmobile=\"off\"  data-easein=\"default\" data-easeout=\"default\" data-masterspeed=\"300\"  data-thumb=\"https:\/\/www.ull.es\/eventos\/congreso-floramac\/wp-content\/uploads\/sites\/52\/2022\/06\/Slider_fechas-100x50.jpg\"  data-rotate=\"0\"  data-saveperformance=\"off\"  data-title=\"Slide\" data-param1=\"\" data-param2=\"\" data-param3=\"\" data-param4=\"\" data-param5=\"\" data-param6=\"\" data-param7=\"\" data-param8=\"\" data-param9=\"\" data-param10=\"\" data-description=\"\">\n\t\t<!-- MAIN IMAGE -->\n\t\t<img loading=\"lazy\" decoding=\"async\" src=\"https:\/\/www.ull.es\/eventos\/congreso-floramac\/wp-content\/uploads\/sites\/52\/2022\/06\/Slider_fechas.jpg\"  alt=\"\" title=\"Slider_fechas\"  width=\"1920\" height=\"490\" data-bgposition=\"center center\" data-bgfit=\"cover\" data-bgrepeat=\"no-repeat\" class=\"rev-slidebg\" data-no-retina>\n\t\t<!-- LAYERS -->\n\t<\/li>\n\t<!-- SLIDE  -->\n\t<li data-index=\"rs-7\" data-transition=\"fade\" data-slotamount=\"default\" data-hideafterloop=\"0\" data-hideslideonmobile=\"off\"  data-easein=\"default\" data-easeout=\"default\" data-masterspeed=\"300\"  data-thumb=\"https:\/\/www.ull.es\/eventos\/congreso-floramac\/wp-content\/uploads\/sites\/52\/2022\/06\/Slider-2-100x50.jpg\"  data-rotate=\"0\"  data-saveperformance=\"off\"  data-title=\"Slide\" data-param1=\"\" data-param2=\"\" data-param3=\"\" data-param4=\"\" data-param5=\"\" data-param6=\"\" data-param7=\"\" data-param8=\"\" data-param9=\"\" data-param10=\"\" data-description=\"\">\n\t\t<!-- MAIN IMAGE -->\n\t\t<img loading=\"lazy\" decoding=\"async\" src=\"https:\/\/www.ull.es\/eventos\/congreso-floramac\/wp-content\/uploads\/sites\/52\/2022\/06\/Slider-2.jpg\"  alt=\"\" title=\"Slider (2)\"  width=\"1920\" height=\"490\" data-bgposition=\"center center\" data-bgfit=\"cover\" data-bgrepeat=\"no-repeat\" class=\"rev-slidebg\" data-no-retina>\n\t\t<!-- LAYERS -->\n\t<\/li>\n\t<!-- SLIDE  -->\n\t<li data-index=\"rs-8\" data-transition=\"fade\" data-slotamount=\"default\" data-hideafterloop=\"0\" data-hideslideonmobile=\"off\"  data-easein=\"default\" data-easeout=\"default\" data-masterspeed=\"300\"  data-thumb=\"https:\/\/www.ull.es\/eventos\/congreso-floramac\/wp-content\/uploads\/sites\/52\/2022\/06\/Slider-1-100x50.jpg\"  data-rotate=\"0\"  data-saveperformance=\"off\"  data-title=\"Slide\" data-param1=\"\" data-param2=\"\" data-param3=\"\" data-param4=\"\" data-param5=\"\" data-param6=\"\" data-param7=\"\" data-param8=\"\" data-param9=\"\" data-param10=\"\" data-description=\"\">\n\t\t<!-- MAIN IMAGE -->\n\t\t<img loading=\"lazy\" decoding=\"async\" src=\"https:\/\/www.ull.es\/eventos\/congreso-floramac\/wp-content\/uploads\/sites\/52\/2022\/06\/Slider-1.jpg\"  alt=\"\" title=\"Slider (1)\"  width=\"1920\" height=\"490\" data-bgposition=\"center center\" data-bgfit=\"cover\" data-bgrepeat=\"no-repeat\" class=\"rev-slidebg\" data-no-retina>\n\t\t<!-- LAYERS -->\n\t<\/li>\n<\/ul>\n<script>var htmlDiv = document.getElementById(\"rs-plugin-settings-inline-css\"); var htmlDivCss=\"\";\r\n\t\t\t\t\t\tif(htmlDiv) {\r\n\t\t\t\t\t\t\thtmlDiv.innerHTML = htmlDiv.innerHTML + htmlDivCss;\r\n\t\t\t\t\t\t}else{\r\n\t\t\t\t\t\t\tvar htmlDiv = document.createElement(\"div\");\r\n\t\t\t\t\t\t\thtmlDiv.innerHTML = \"<style>\" + htmlDivCss + \"<\/style>\";\r\n\t\t\t\t\t\t\tdocument.getElementsByTagName(\"head\")[0].appendChild(htmlDiv.childNodes[0]);\r\n\t\t\t\t\t\t}\r\n\t\t\t\t\t<\/script>\n<div class=\"tp-bannertimer tp-bottom\" style=\"visibility: hidden !important;\"><\/div>\t<\/div>\n<script>var htmlDiv = document.getElementById(\"rs-plugin-settings-inline-css\"); var htmlDivCss=\"\";\r\n\t\t\t\tif(htmlDiv) {\r\n\t\t\t\t\thtmlDiv.innerHTML = htmlDiv.innerHTML + htmlDivCss;\r\n\t\t\t\t}else{\r\n\t\t\t\t\tvar htmlDiv = document.createElement(\"div\");\r\n\t\t\t\t\thtmlDiv.innerHTML = \"<style>\" + htmlDivCss + \"<\/style>\";\r\n\t\t\t\t\tdocument.getElementsByTagName(\"head\")[0].appendChild(htmlDiv.childNodes[0]);\r\n\t\t\t\t}\r\n\t\t\t<\/script>\n\t\t<script type=\"text\/javascript\">\r\nif (setREVStartSize!==undefined) setREVStartSize(\r\n\t{c: '#rev_slider_1_1', gridwidth: [1920], gridheight: [490], sliderLayout: 'auto'});\r\n\t\t\t\r\nvar revapi1,\r\n\ttpj;\t\r\n(function() {\t\t\t\r\n\tif (!\/loaded|interactive|complete\/.test(document.readyState)) document.addEventListener(\"DOMContentLoaded\",onLoad); else onLoad();\t\r\n\tfunction onLoad() {\t\t\t\t\r\n\t\tif (tpj===undefined) { tpj = jQuery; if(\"off\" == \"on\") tpj.noConflict();}\r\n\tif(tpj(\"#rev_slider_1_1\").revolution == undefined){\n\t\trevslider_showDoubleJqueryError(\"#rev_slider_1_1\");\n\t}else{\n\t\trevapi1 = tpj(\"#rev_slider_1_1\").show().revolution({\n\t\t\tsliderType:\"standard\",\n\t\t\tjsFileLocation:\"\/\/www.ull.es\/eventos\/congreso-floramac\/wp-content\/plugins\/revslider\/public\/assets\/js\/\",\n\t\t\tsliderLayout:\"auto\",\n\t\t\tdottedOverlay:\"none\",\n\t\t\tdelay:9000,\n\t\t\tnavigation: {\n\t\t\t\tkeyboardNavigation:\"off\",\n\t\t\t\tkeyboard_direction: \"horizontal\",\n\t\t\t\tmouseScrollNavigation:\"off\",\n \t\t\t\t\t\t\tmouseScrollReverse:\"default\",\n\t\t\t\tonHoverStop:\"off\",\n\t\t\t\tarrows: {\n\t\t\t\t\tstyle:\"hesperiden\",\n\t\t\t\t\tenable:true,\n\t\t\t\t\thide_onmobile:false,\n\t\t\t\t\thide_onleave:true,\n\t\t\t\t\thide_delay:200,\n\t\t\t\t\thide_delay_mobile:1200,\n\t\t\t\t\ttmp:'',\n\t\t\t\t\tleft: {\n\t\t\t\t\t\th_align:\"left\",\n\t\t\t\t\t\tv_align:\"center\",\n\t\t\t\t\t\th_offset:20,\n\t\t\t\t\t\tv_offset:0\n\t\t\t\t\t},\n\t\t\t\t\tright: {\n\t\t\t\t\t\th_align:\"right\",\n\t\t\t\t\t\tv_align:\"center\",\n\t\t\t\t\t\th_offset:20,\n\t\t\t\t\t\tv_offset:0\n\t\t\t\t\t}\n\t\t\t\t}\n\t\t\t\t,\n\t\t\t\tbullets: {\n\t\t\t\t\tenable:true,\n\t\t\t\t\thide_onmobile:false,\n\t\t\t\t\tstyle:\"hephaistos\",\n\t\t\t\t\thide_onleave:false,\n\t\t\t\t\tdirection:\"horizontal\",\n\t\t\t\t\th_align:\"center\",\n\t\t\t\t\tv_align:\"bottom\",\n\t\t\t\t\th_offset:0,\n\t\t\t\t\tv_offset:20,\n\t\t\t\t\tspace:5,\n\t\t\t\t\ttmp:''\n\t\t\t\t}\n\t\t\t},\n\t\t\tvisibilityLevels:[1240,1024,778,480],\n\t\t\tgridwidth:1920,\n\t\t\tgridheight:490,\n\t\t\tlazyType:\"none\",\n\t\t\tshadow:0,\n\t\t\tspinner:\"spinner0\",\n\t\t\tstopLoop:\"off\",\n\t\t\tstopAfterLoops:-1,\n\t\t\tstopAtSlide:-1,\n\t\t\tshuffle:\"off\",\n\t\t\tautoHeight:\"off\",\n\t\t\tdisableProgressBar:\"on\",\n\t\t\thideThumbsOnMobile:\"off\",\n\t\t\thideSliderAtLimit:0,\n\t\t\thideCaptionAtLimit:0,\n\t\t\thideAllCaptionAtLilmit:0,\n\t\t\tdebugMode:false,\n\t\t\tfallbacks: {\n\t\t\t\tsimplifyAll:\"off\",\n\t\t\t\tnextSlideOnWindowFocus:\"off\",\n\t\t\t\tdisableFocusListener:false,\n\t\t\t}\n\t\t});\n\t}; \/* END OF revapi call *\/\n\t\n }; \/* END OF ON LOAD FUNCTION *\/\r\n}()); \/* END OF WRAPPING FUNCTION *\/\r\n<\/script>\r\n\t\t<script>\r\n\t\t\t\t\tvar htmlDivCss = unescape(\".hesperiden.tparrows%20%7B%0A%09cursor%3Apointer%3B%0A%09background%3Argba%280%2C0%2C0%2C0.5%29%3B%0A%09width%3A40px%3B%0A%09height%3A40px%3B%0A%09position%3Aabsolute%3B%0A%09display%3Ablock%3B%0A%09z-index%3A100%3B%0A%20%20%20%20border-radius%3A%2050%25%3B%0A%7D%0A.hesperiden.tparrows%3Ahover%20%7B%0A%09background%3Argba%280%2C%200%2C%200%2C%201%29%3B%0A%7D%0A.hesperiden.tparrows%3Abefore%20%7B%0A%09font-family%3A%20%22revicons%22%3B%0A%09font-size%3A20px%3B%0A%09color%3Argb%28255%2C%20255%2C%20255%29%3B%0A%09display%3Ablock%3B%0A%09line-height%3A%2040px%3B%0A%09text-align%3A%20center%3B%0A%7D%0A.hesperiden.tparrows.tp-leftarrow%3Abefore%20%7B%0A%09content%3A%20%22%5Ce82c%22%3B%0A%20%20%20%20margin-left%3A-3px%3B%0A%7D%0A.hesperiden.tparrows.tp-rightarrow%3Abefore%20%7B%0A%09content%3A%20%22%5Ce82d%22%3B%0A%20%20%20%20margin-right%3A-3px%3B%0A%7D%0A.hephaistos%20.tp-bullet%20%7B%0A%09width%3A12px%3B%0A%09height%3A12px%3B%0A%09position%3Aabsolute%3B%0A%09background%3Argba%28153%2C%20153%2C%20153%2C%201%29%3B%0A%09border%3A3px%20solid%20rgba%28255%2C255%2C255%2C0.9%29%3B%0A%09border-radius%3A50%25%3B%0A%09cursor%3A%20pointer%3B%0A%09box-sizing%3Acontent-box%3B%0A%20%20%20%20box-shadow%3A%200px%200px%202px%201px%20rgba%28130%2C130%2C130%2C%200.3%29%3B%0A%7D%0A.hephaistos%20.tp-bullet%3Ahover%2C%0A.hephaistos%20.tp-bullet.selected%20%7B%0A%09background%3Argba%28255%2C%20255%2C%20255%2C%201%29%3B%0A%20%20%20%20border-color%3Argba%280%2C%200%2C%200%2C%201%29%3B%0A%7D%0A\");\r\n\t\t\t\t\tvar htmlDiv = document.getElementById('rs-plugin-settings-inline-css');\r\n\t\t\t\t\tif(htmlDiv) {\r\n\t\t\t\t\t\thtmlDiv.innerHTML = htmlDiv.innerHTML + htmlDivCss;\r\n\t\t\t\t\t}\r\n\t\t\t\t\telse{\r\n\t\t\t\t\t\tvar htmlDiv = document.createElement('div');\r\n\t\t\t\t\t\thtmlDiv.innerHTML = '<style>' + htmlDivCss + '<\/style>';\r\n\t\t\t\t\t\tdocument.getElementsByTagName('head')[0].appendChild(htmlDiv.childNodes[0]);\r\n\t\t\t\t\t}\r\n\t\t\t\t  <\/script>\r\n\t\t\t\t<\/div><!-- END REVOLUTION SLIDER -->[\/vc_column][\/vc_row][vc_row][vc_column][vc_empty_space height=\u00bb60px\u00bb][vc_custom_heading text=\u00bbHOTEL RESERVATIONS\u00bb font_container=\u00bbtag:h1|font_size:50px|text_align:left|color:%23000000|line_height:75px\u00bb google_fonts=\u00bbfont_family:Roboto%20Condensed%3A300%2C300italic%2Cregular%2Citalic%2C700%2C700italic|font_style:700%20bold%20regular%3A700%3Anormal\u00bb][\/vc_column][\/vc_row][vc_row][vc_column][vc_column_text]<span style=\"font-weight: 400\">The organizing committee has negotiated <\/span><b>preferential rates with hotels in San Sebastian de La Gomera<\/b><span style=\"font-weight: 400\">. We are in the process of negotiation with other types of accommodation, please regularly visit this webpage for additional options. Each participant will take care of the <\/span><b>booking and payment<\/b><span style=\"font-weight: 400\"> of the accommodation by liaising directly with the selected accommodation.<\/span><\/p>\n<p><span style=\"font-weight: 400\">Below you can find the booking links for each of the hotels. We recommend that you book your accommodation as soon as possible. In addition to the mentioned hotels, you can find other options in San Sebasti\u00e1n de La Gomera on vacation rental platforms.<\/span>[\/vc_column_text][\/vc_column][\/vc_row][vc_row][vc_column][vc_tta_accordion style=\u00bbmodern\u00bb shape=\u00bbsquare\u00bb spacing=\u00bb10&#8243; gap=\u00bb10&#8243; active_section=\u00bb0&#8243; collapsible_all=\u00bbtrue\u00bb][vc_tta_section title=\u00bbHotel Torre del Conde\u00bb tab_id=\u00bbtorre-del-conde\u00bb][vc_single_image image=\u00bb1204&#8243; img_size=\u00bbfull\u00bb][vc_row_inner][vc_column_inner width=\u00bb2\/3&#8243;][vc_empty_space][vc_column_text]<span style=\"font-weight: 400\">Approximate rate for a single room: \u20ac52.20\/day without breakfast and \u20ac54.90\/day with breakfast<\/span><\/p>\n<p><span style=\"font-weight: 400\">Approximate rate for double room: \u20ac68.40\/day without breakfast and \u20ac73.80\/day with breakfast<\/span>[\/vc_column_text][\/vc_column_inner][vc_column_inner width=\u00bb1\/3&#8243;][vc_column_text]<\/p>\n<h4>Contact<\/h4>\n<p><span style=\"font-weight: 400\">Calle Ruiz de Padr\u00f3n, 17, 38800, San Sebasti\u00e1n de La Gomera. Isla de La Gomera. Islas Canarias &#8211; Espa\u00f1a.<\/span><\/p>\n<p><span style=\"font-weight: 400\">+34922870000<\/span><\/p>\n<p><a href=\"mailto:reservas@hoteltorredelconde.com\" target=\"_blank\" rel=\"noopener\"><span style=\"font-weight: 400\">reservas@hoteltorredelconde.com<\/span><\/a><span style=\"font-weight: 400\">\u00a0<\/span><\/p>\n<p><a href=\"https:\/\/hoteltorredelconde.es\" target=\"_blank\" rel=\"noopener\">hoteltorredelconde.es<\/a>[\/vc_column_text][\/vc_column_inner][\/vc_row_inner][\/vc_tta_section][vc_tta_section title=\u00bbHotel Villa Gomera\u00bb tab_id=\u00bbvilla-gomera\u00bb][vc_single_image image=\u00bb1206&#8243; img_size=\u00bbfull\u00bb][vc_row_inner][vc_column_inner width=\u00bb2\/3&#8243;][vc_empty_space][vc_column_text]<span style=\"font-weight: 400\">Approximate rate for a single room: \u20ac45\/day without breakfast and \u20ac48\/day with breakfast<\/span><\/p>\n<p><span style=\"font-weight: 400\">Approximate rate for double room: \u20ac50\/day without breakfast and \u20ac55\/day with breakfast<\/span>[\/vc_column_text][\/vc_column_inner][vc_column_inner width=\u00bb1\/3&#8243;][vc_column_text]<\/p>\n<h4>Contact<\/h4>\n<p><span style=\"font-weight: 400\">Calle Ru\u00edz de Padr\u00f3n N\u00ba 68, 38800, San Sebasti\u00e1n de La Gomera. Isla de La Gomera. Islas Canarias &#8211; Espa\u00f1a.<\/span><\/p>\n<p><span style=\"font-weight: 400\">+34922870020\u00a0<\/span><\/p>\n<p><span style=\"font-weight: 400\">\u00a0<\/span><a href=\"mailto:reservas@hotelvillagomera.com\" target=\"_blank\" rel=\"noopener\"><span style=\"font-weight: 400\">reservas@hotelvillagomera.com<\/span><\/a><\/p>\n<p><a href=\"https:\/\/www.hotelvillagomera.com\/\" target=\"_blank\" rel=\"noopener\">hotelvillagomera.com<\/a>[\/vc_column_text][\/vc_column_inner][\/vc_row_inner][\/vc_tta_section][vc_tta_section title=\u00bbHotel La Colombina\u00bb tab_id=\u00bbla-colombina\u00bb][vc_row_inner][vc_column_inner][\/vc_column_inner][\/vc_row_inner][vc_row_inner][vc_column_inner width=\u00bb2\/3&#8243;][vc_empty_space][vc_column_text]<span style=\"font-weight: 400\">Approximate rate for single room: \u20ac70\/day with breakfast<\/span><\/p>\n<p><span style=\"font-weight: 400\">Approximate rate for double room: \u20ac60\/day with breakfast<\/span>[\/vc_column_text][\/vc_column_inner][vc_column_inner width=\u00bb1\/3&#8243;][vc_column_text]<\/p>\n<h4>Contact<\/h4>\n<p><span style=\"font-weight: 400\">Calle Ru\u00edz de Padr\u00f3n N\u00ba 83, 38800, San Sebasti\u00e1n de La Gomera. Isla de La Gomera. Islas Canarias &#8211; Espa\u00f1a.<\/span><\/p>\n<p><span style=\"font-weight: 400\">\u00a0+34922872226<\/span><\/p>\n<p><span style=\"font-weight: 400\">\u00a0<\/span><a href=\"mailto:reservas@hotellacolombina.com\" target=\"_blank\" rel=\"noopener\"><span style=\"font-weight: 400\">reservas@hotellacolombina.com<\/span><\/a><span style=\"font-weight: 400\">\u00a0<\/span><\/p>\n<p><a href=\"http:\/\/www.hotellacolombina.com\/\" target=\"_blank\" rel=\"noopener\">hotellacolombina.com<\/a>[\/vc_column_text][\/vc_column_inner][\/vc_row_inner][\/vc_tta_section][\/vc_tta_accordion][vc_row_inner][vc_column_inner][\/vc_column_inner][\/vc_row_inner][\/vc_column][\/vc_row][vc_row][vc_column width=\u00bb2\/3&#8243;][vc_empty_space height=\u00bb132px\u00bb][\/vc_column][vc_column width=\u00bb1\/3&#8243;][\/vc_column][\/vc_row]<\/p>\n","protected":false},"excerpt":{"rendered":"<p>[vc_row full_width=\u00bbstretch_row_content\u00bb][vc_column][\/vc_column][\/vc_row][vc_row][vc_column][vc_empty_space height=\u00bb60px\u00bb][vc_custom_heading text=\u00bbHOTEL RESERVATIONS\u00bb font_container=\u00bbtag:h1|font_size:50px|text_align:left|color:%23000000|line_height:75px\u00bb google_fonts=\u00bbfont_family:Roboto%20Condensed%3A300%2C300italic%2Cregular%2Citalic%2C700%2C700italic|font_style:700%20bold%20regular%3A700%3Anormal\u00bb][\/vc_column][\/vc_row][vc_row][vc_column][vc_column_text]The organizing committee has negotiated preferential rates with hotels in San Sebastian de La Gomera. We are in the process of negotiation with other types of accommodation, please regularly visit this webpage for additional options. Each participant will take care of the booking and payment of the accommodation by&#8230;<\/p>\n","protected":false},"author":6,"featured_media":0,"parent":0,"menu_order":0,"comment_status":"closed","ping_status":"closed","template":"templates\/template-frontpage.php","meta":{"footnotes":""},"class_list":["post-710","page","type-page","status-publish","hentry"],"_links":{"self":[{"href":"https:\/\/www.ull.es\/eventos\/congreso-floramac\/wp-json\/wp\/v2\/pages\/710"}],"collection":[{"href":"https:\/\/www.ull.es\/eventos\/congreso-floramac\/wp-json\/wp\/v2\/pages"}],"about":[{"href":"https:\/\/www.ull.es\/eventos\/congreso-floramac\/wp-json\/wp\/v2\/types\/page"}],"author":[{"embeddable":true,"href":"https:\/\/www.ull.es\/eventos\/congreso-floramac\/wp-json\/wp\/v2\/users\/6"}],"replies":[{"embeddable":true,"href":"https:\/\/www.ull.es\/eventos\/congreso-floramac\/wp-json\/wp\/v2\/comments?post=710"}],"version-history":[{"count":7,"href":"https:\/\/www.ull.es\/eventos\/congreso-floramac\/wp-json\/wp\/v2\/pages\/710\/revisions"}],"predecessor-version":[{"id":1210,"href":"https:\/\/www.ull.es\/eventos\/congreso-floramac\/wp-json\/wp\/v2\/pages\/710\/revisions\/1210"}],"wp:attachment":[{"href":"https:\/\/www.ull.es\/eventos\/congreso-floramac\/wp-json\/wp\/v2\/media?parent=710"}],"curies":[{"name":"wp","href":"https:\/\/api.w.org\/{rel}","templated":true}]}}