{"id":670,"date":"2024-10-10T11:47:36","date_gmt":"2024-10-10T09:47:36","guid":{"rendered":"https:\/\/www.ull.es\/eventos\/coordinadora-feminista-de-tenerife\/?page_id=670"},"modified":"2024-10-10T11:56:26","modified_gmt":"2024-10-10T09:56:26","slug":"historia","status":"publish","type":"page","link":"https:\/\/www.ull.es\/eventos\/coordinadora-feminista-de-tenerife\/historia\/","title":{"rendered":"Historia"},"content":{"rendered":"<p>[vc_row equal_height=\u00bbyes\u00bb content_placement=\u00bbbottom\u00bb css=\u00bb.vc_custom_1618822402747{background-position: center !important;background-repeat: no-repeat !important;background-size: cover !important;}\u00bb][vc_column width=\u00bb1\/4&#8243;][vc_empty_space][vc_custom_heading text=\u00bbCoordinadora Feminista de Tenerife\u00bb font_container=\u00bbtag:h1|font_size:2.2em|text_align:left|color:%23020202|line_height:100%25&#8243; google_fonts=\u00bbfont_family:Montserrat%3Aregular%2C700|font_style:700%20bold%20regular%3A700%3Anormal\u00bb link=\u00bburl:https%3A%2F%2Fwww.ull.es%2Feventos%2Fcoordinadora-feminista-de-tenerife%2F\u00bb][\/vc_column][vc_column width=\u00bb3\/4&#8243;][\/vc_column][\/vc_row][vc_row][vc_column width=\u00bb1\/4&#8243;][vc_separator color=\u00bbcustom\u00bb accent_color=\u00bb#8e8e8e\u00bb][vc_custom_heading source=\u00bbpost_title\u00bb font_container=\u00bbtag:h2|text_align:left|color:%23020202&#8243; google_fonts=\u00bbfont_family:PT%20Mono%3Aregular|font_style:400%20regular%3A400%3Anormal\u00bb][\/vc_column][vc_column width=\u00bb1\/2&#8243;][vc_separator color=\u00bbcustom\u00bb accent_color=\u00bb#8e8e8e\u00bb][vc_column_text]El movimiento feminista surge en un contexto de creciente malestar de las mujeres con la represi\u00f3n y las discriminaciones heredadas del franquismo, contribuyendo a impulsar cambios socioculturales que atravesaran las condiciones de vida de mujeres y hombres en Canarias. Durante la Transici\u00f3n, el feminismo estuvo presente de muy diversas maneras en la sociedad y en las reformas que se fueron desplegando institucionalmente.<\/p>\n<p>Desde inicios de los 70 se hab\u00edan ido generando espacios de encuentro de mujeres en torno al feminismo y a finales de 1975 surgen colectivos (Asociaci\u00f3n de Mujeres de Canarias, Organizaci\u00f3n Democr\u00e1tica de Mujeres, Frente de Liberaci\u00f3n de la Mujer de Canarias) que dar\u00edan inicio a la lucha feminista en Canarias.<\/p>\n<p>En 1980 se integran en la Coordinadora Feminista de Canarias, y posteriormente, a su vez, en la Coordinadora Estatal de Organizaciones Feministas. Se trataba de organizaciones de mujeres de car\u00e1cter asambleario, sin jerarqu\u00edas ni cargos, independientes de los partidos y de las instituciones, que fueron impulsadas por mujeres organizadas en partidos de izquierdas.<\/p>\n<p>El feminismo particip\u00f3 como movimiento de denuncia y reivindicaci\u00f3n de las demandas de las mujeres frente a las herencias del franquismo: participaci\u00f3n pol\u00edtica de las mujeres (Constituci\u00f3n, elecciones), reformas del C\u00f3digo Penal (despenalizaci\u00f3n del aborto, del adulterio y de los anticonceptivos), igualdad de derechos en el matrimonio, divorcio, aborto libre y gratuito, igualdad laboral, coeducaci\u00f3n, educaci\u00f3n sexual, libertades y derechos afectivos y sexuales (anticoncepci\u00f3n, planificaci\u00f3n familiar, lesbianismo) y denuncia de la violencia contra las mujeres.<\/p>\n<p>En los a\u00f1os 80, el movimiento feminista ampl\u00eda su presencia en todo el archipi\u00e9lago y se diversifica en una serie de organizaciones dedicadas a temas y sectores espec\u00edficos: Solidaridad Democr\u00e1tica, Isadora Duncan, Colectivo de educaci\u00f3n afectivo-sexual Harimaguada, que hab\u00eda iniciado su andadura como Colectivo Mujer y Educaci\u00f3n en 1978, Asociaci\u00f3n de Madres Solteras, Colectivo de Mujeres por la Paz y el Desarme, Marar\u00eda, colectivos de mujeres en La Palma, Lanzarote\u2026<\/p>\n<p>Estas organizaciones, que realizan encuentros para la formaci\u00f3n, la reflexi\u00f3n y la coordinaci\u00f3n, confluyen con otros movimientos sociales: pacifismo, ecolog\u00eda, solidaridad internacional, universidad, trabajo sindical, y con la creaci\u00f3n de las \u201cSecretar\u00edas de la Mujer\u201d en los principales sindicatos. A partir los a\u00f1os 90 se generan nuevas organizaciones (Asociaci\u00f3n Mercedes Machado, entre otras) y formas de organizaci\u00f3n y trabajo en red: Plataforma Feminista 8 de Marzo de Tenerife, Foro contra la Violencia de G\u00e9nero de Tenerife o la Red Feminista de Gran Canaria.<\/p>\n<p>En el a\u00f1o 1978 comienzan las movilizaciones en torno al \u201cD\u00eda del Orgullo Gay\u201d, demandando la amnist\u00eda de los presos homosexuales, la abolici\u00f3n de la Ley de Peligrosidad y Rehabilitaci\u00f3n Social y la despenalizaci\u00f3n de las disidencias sexuales (homosexuales y personas trans).<\/p>\n<p>Se crea en esos a\u00f1os el \u201cColectivo Canario de Hombres y Mujeres Homosexuales\u201d, cuya actividad, centrada en el activismo p\u00fablico, llegar\u00e1 hasta la d\u00e9cada de los 80, si bien el trabajo sobre el lesbianismo se articular\u00eda a trav\u00e9s del movimiento feminista.<\/p>\n<p>El activismo LGTBI sufrir\u00eda un declive en los 80, hasta la aparici\u00f3n del VIH-Sida, que dar\u00eda paso a un nuevo marco de movilizaciones y organizaciones de estos colectivos en Canarias en los 90 (Gam\u00e1, Algarab\u00eda\u2026).[\/vc_column_text][vc_empty_space][vc_gallery type=\u00bbimage_grid\u00bb images=\u00bb673,674,675&#8243; img_size=\u00bb\u00bb][vc_empty_space][vc_column_text]El fondo del ATDC, que acoge buena parte de la documentaci\u00f3n del movimiento feminista en estos procesos, fue donado por la Coordinadora Feminista de Tenerife en 2002. Consta de once archivadores con cerca de 800 documentos elaborados desde los a\u00f1os 70, que condensan los grandes lemas del movimiento:<\/p>\n<p><i>\u00a1Lo personal es pol\u00edtico!<\/i> Se impulsa en la agenda sociopol\u00edtica el cuestionamiento de una normatividad sociocultural patriarcal que exclu\u00eda a las mujeres del derecho a decidir sobre su sexualidad, su modelo de familia y sobre sus cuerpos. Se demandar\u00eda la planificaci\u00f3n familiar, la despenalizaci\u00f3n de los anticonceptivos y el <i>\u00a1Aborto Libre y Gratuito!<\/i><\/p>\n<p><i>Por una ense\u00f1anza no sexista.<\/i> Se denunciaba el sexismo en la ense\u00f1anza, la segregaci\u00f3n por sexo en ense\u00f1anzas profesionales y universitarias o la ausencia de educaci\u00f3n sexual. El Programa Harimaguada de educaci\u00f3n afectivo-sexual lleg\u00f3 a tener presencia en m\u00e1s de un centenar de centros educativos de Canarias.<\/p>\n<p><i>Contra los juguetes b\u00e9licos y sexistas.<\/i> Se hac\u00edan campa\u00f1as para cambiar los modelos de juego infantil y de ocio que reforzaban los roles patriarcales y la violencia.<\/p>\n<p><i>Ninguna agresi\u00f3n sin respuesta.<\/i> Las agresiones sexuales contra las mujeres tuvieron que ser denunciadas ante una sociedad, instituciones y medios de comunicaci\u00f3n que las ocultaban y legitimaban dejando a las mujeres en situaciones de desprotecci\u00f3n.<\/p>\n<p><i>Contra la discriminaci\u00f3n laboral. <\/i>Las luchas sindicales tuvieron que abrirse a las demandas feministas que denunciaban el mundo laboral como un espacio de discriminaci\u00f3n. Se ampl\u00eda la incorporaci\u00f3n de las mujeres al mercado laboral, pero las empresas las sobreexplotan. Se denuncia su \u201cdoble jornada\u201d porque el trabajo dom\u00e9stico sigue siendo \u201ccosa de ellas\u201d, y demandan servicios que \u201csocialicen\u201d el cuidado.<\/p>\n<p><i>\u00a1Ni guerra que nos destruya ni paz que nos oprima!<\/i> El feminismo denunci\u00f3 agresiones sexuales en instalaciones militares, la expulsi\u00f3n de la machista Legi\u00f3n de Fuerteventura, y rechaz\u00f3 la integraci\u00f3n de Espa\u00f1a (y Canarias) en la OTAN y la incorporaci\u00f3n de las mujeres al ej\u00e9rcito. Se impulsaron distintas movilizaciones y acciones: acampadas de mujeres por la paz, jornadas, con una participaci\u00f3n muy activa en la campa\u00f1a por el No a la OTAN.<\/p>\n<p><i>\u00a1Lesbiana es cosa de mujeres!<\/i> Desde el feminismo se dio impulso a la lucha por los derechos de los colectivos LGTBI, particularmente de las mujeres lesbianas. Se luch\u00f3 por dar visibilidad al lesbianismo frente a la negaci\u00f3n sistematizada de esta realidad, colaborando con los colectivos de homosexuales contra la penalizaci\u00f3n y patologizaci\u00f3n.<\/p>\n<p><i>\u00a1Viva el 8 de Marzo!<\/i> El D\u00eda Internacional de las Mujeres, oportunidad para movilizar a las mujeres en la calle expresando sus reivindicaciones, pero tambi\u00e9n para reflexionar, aprender y compartir en jornadas, encuentros, conferencias sobre la tem\u00e1tica espec\u00edfica que sustentaba las conmemoraciones y movilizaciones cada a\u00f1o: Semanas de la Mujer, jornadas diversas de encuentro entre las distintas organizaciones feministas y colectivos de mujeres.[\/vc_column_text][vc_empty_space][vc_separator color=\u00bbcustom\u00bb accent_color=\u00bb#8e8e8e\u00bb][\/vc_column][vc_column width=\u00bb1\/4&#8243;][\/vc_column][\/vc_row]<\/p>\n","protected":false},"excerpt":{"rendered":"<p>[vc_row equal_height=\u00bbyes\u00bb content_placement=\u00bbbottom\u00bb css=\u00bb.vc_custom_1618822402747{background-position: center !important;background-repeat: no-repeat !important;background-size: cover !important;}\u00bb][vc_column width=\u00bb1\/4&#8243;][vc_empty_space][vc_custom_heading text=\u00bbCoordinadora Feminista de Tenerife\u00bb font_container=\u00bbtag:h1|font_size:2.2em|text_align:left|color:%23020202|line_height:100%25&#8243; google_fonts=\u00bbfont_family:Montserrat%3Aregular%2C700|font_style:700%20bold%20regular%3A700%3Anormal\u00bb link=\u00bburl:https%3A%2F%2Fwww.ull.es%2Feventos%2Fcoordinadora-feminista-de-tenerife%2F\u00bb][\/vc_column][vc_column width=\u00bb3\/4&#8243;][\/vc_column][\/vc_row][vc_row][vc_column width=\u00bb1\/4&#8243;][vc_separator color=\u00bbcustom\u00bb accent_color=\u00bb#8e8e8e\u00bb][vc_custom_heading source=\u00bbpost_title\u00bb font_container=\u00bbtag:h2|text_align:left|color:%23020202&#8243; google_fonts=\u00bbfont_family:PT%20Mono%3Aregular|font_style:400%20regular%3A400%3Anormal\u00bb][\/vc_column][vc_column width=\u00bb1\/2&#8243;][vc_separator color=\u00bbcustom\u00bb accent_color=\u00bb#8e8e8e\u00bb][vc_column_text]El movimiento feminista surge en un contexto de creciente malestar de las mujeres con la represi\u00f3n y las discriminaciones heredadas del franquismo, contribuyendo a impulsar cambios socioculturales que&#8230;<\/p>\n","protected":false},"author":14,"featured_media":0,"parent":0,"menu_order":0,"comment_status":"closed","ping_status":"closed","template":"templates\/template-no-title.php","meta":{"footnotes":""},"class_list":["post-670","page","type-page","status-publish","hentry"],"_links":{"self":[{"href":"https:\/\/www.ull.es\/eventos\/coordinadora-feminista-de-tenerife\/wp-json\/wp\/v2\/pages\/670"}],"collection":[{"href":"https:\/\/www.ull.es\/eventos\/coordinadora-feminista-de-tenerife\/wp-json\/wp\/v2\/pages"}],"about":[{"href":"https:\/\/www.ull.es\/eventos\/coordinadora-feminista-de-tenerife\/wp-json\/wp\/v2\/types\/page"}],"author":[{"embeddable":true,"href":"https:\/\/www.ull.es\/eventos\/coordinadora-feminista-de-tenerife\/wp-json\/wp\/v2\/users\/14"}],"replies":[{"embeddable":true,"href":"https:\/\/www.ull.es\/eventos\/coordinadora-feminista-de-tenerife\/wp-json\/wp\/v2\/comments?post=670"}],"version-history":[{"count":6,"href":"https:\/\/www.ull.es\/eventos\/coordinadora-feminista-de-tenerife\/wp-json\/wp\/v2\/pages\/670\/revisions"}],"predecessor-version":[{"id":672,"href":"https:\/\/www.ull.es\/eventos\/coordinadora-feminista-de-tenerife\/wp-json\/wp\/v2\/pages\/670\/revisions\/672"}],"wp:attachment":[{"href":"https:\/\/www.ull.es\/eventos\/coordinadora-feminista-de-tenerife\/wp-json\/wp\/v2\/media?parent=670"}],"curies":[{"name":"wp","href":"https:\/\/api.w.org\/{rel}","templated":true}]}}