{"id":28,"date":"2018-05-25T11:27:07","date_gmt":"2018-05-25T11:27:07","guid":{"rendered":"http:\/\/www.ull.es\/eventos\/crue-gerencia\/?page_id=28"},"modified":"2018-07-18T12:20:27","modified_gmt":"2018-07-18T12:20:27","slug":"conozca-la-laguna","status":"publish","type":"page","link":"https:\/\/www.ull.es\/eventos\/crue-gerencia\/conozca-la-laguna\/","title":{"rendered":"Conozca La Laguna"},"content":{"rendered":"<p>[vc_row full_width=\u00bbstretch_row_content_no_spaces\u00bb disable_element=\u00bbyes\u00bb css=\u00bb.vc_custom_1531906553007{padding-top: 253px !important;padding-bottom: 253px !important;background-image: url(http:\/\/www.ull.es\/eventos\/crue-gerencia\/wp-content\/uploads\/sites\/4\/revslider\/portada-inicial-no-tocar1\/Calle-san-agustin-Campus-America.jpg?id=68) !important;background-position: center !important;background-repeat: no-repeat !important;background-size: cover !important;}\u00bb][vc_column][\/vc_column][\/vc_row][vc_row][vc_column][vc_empty_space height=\u00bb60px\u00bb][\/vc_column][\/vc_row][vc_row][vc_column][vc_column_text]San Crist\u00f3bal de La Laguna es una ciudad fundada a finales del siglo XV (1496) y que ser\u00eda la primera capital de la isla hasta 1833. Pasear por ella constituye un aut\u00e9ntico viaje en el tiempo por las calles de una urbe colorista que a\u00fana influencias europeas y americanas en su arquitectura.<\/p>\n<p>Fue la primera ciudad colonial sin murallas que conserva pr\u00e1cticamente intacto su trazado original del siglo XV, el cual sirvi\u00f3 de modelo para muchas ciudades en Am\u00e9rica que se construyeron desde cero una vez iniciada la colonizaci\u00f3n. Esta planimetr\u00eda ha permanecido intacta desde su creaci\u00f3n, raz\u00f3n por la cual la UNESCO inscribi\u00f3 en 1999 esta poblaci\u00f3n en la <a href=\"https:\/\/whc.unesco.org\/en\/list\/929\" target=\"_blank\" rel=\"noopener\">Lista de Patrimonio Mundial<\/a>.<\/p>\n<p>La Plaza del Adelantado constituye un buen punto de inicio para cualquier visita. En este espacio di\u00e1fano se puede visitar el Convento de Santa Catalina de Siena, uno de los edificios conventuales de la ciudad, del cual destaca su caracter\u00edstica balconada cerrada, o ajimez. A un lado se yergue el Palacio de Nava, actualmente cerrado al p\u00fablico, y al otro, las casas consistoriales, cuya fachada de 1822 supone el mejor ejemplo de estilo neocl\u00e1sico civil de Canarias.<\/p>\n<p>[\/vc_column_text][vc_empty_space][vc_single_image image=\u00bb485&#8243; img_size=\u00bbfull\u00bb][vc_empty_space][\/vc_column][\/vc_row][vc_row][vc_column][vc_column_text]San Crist\u00f3bal de La Laguna es una ciudad fundada a finales del siglo XV (1496) y que ser\u00eda la primera capital de la isla hasta 1833. Pasear por ella constituye un aut\u00e9ntico viaje en el tiempo por las calles de una urbe colorista que a\u00fana influencias europeas y americanas en su arquitectura.<\/p>\n<p>Fue la primera ciudad colonial sin murallas que conserva pr\u00e1cticamente intacto su trazado original del siglo XV, el cual sirvi\u00f3 de modelo para muchas ciudades en Am\u00e9rica que se construyeron desde cero una vez iniciada la colonizaci\u00f3n. Esta planimetr\u00eda ha permanecido intacta desde su creaci\u00f3n, raz\u00f3n por la cual la UNESCO inscribi\u00f3 en 1999 esta poblaci\u00f3n en la <a href=\"https:\/\/whc.unesco.org\/en\/list\/929\" target=\"_blank\" rel=\"noopener\">Lista de Patrimonio Mundial<\/a>.<\/p>\n<p>La Plaza del Adelantado constituye un buen punto de inicio para cualquier visita. En este espacio di\u00e1fano se puede visitar el Convento de Santa Catalina de Siena, uno de los edificios conventuales de la ciudad, del cual destaca su caracter\u00edstica balconada cerrada, o ajimez. A un lado se yergue el Palacio de Nava, actualmente cerrado al p\u00fablico, y al otro, las casas consistoriales, cuya fachada de 1822 supone el mejor ejemplo de estilo neocl\u00e1sico civil de Canarias.<\/p>\n<p>[\/vc_column_text][vc_empty_space][vc_single_image image=\u00bb271&#8243; img_size=\u00bbfull\u00bb][vc_empty_space][vc_column_text]Otra visita imprescindible es el palacio de la familia genovesa Lercaro, en la calle San Agust\u00edn, que acoge actualmente el Museo de Historia y Antropolog\u00eda de Tenerife. Las edificaciones religiosas de inter\u00e9s son abundantes: destaca la iglesia de la Concepci\u00f3n, con su peculiar torre y su techumbre con artesonado de estilo mud\u00e9jar; el palacio del Obispado, una de las pocas edificaciones \u00edntegramente en canter\u00eda de la ciudad; y la propia Catedral de los Remedios, muy remodelada y tard\u00eda, pero con la curiosidad de ser de los primeros edificios realizados en hormig\u00f3n de Espa\u00f1a.<\/p>\n<p>Al margen de su importante patrimonio, la ciudad, cuyo casco hist\u00f3rico est\u00e1 peatonalizado casi en su integridad, posee una atractiva oferta de restaurantes, terrazas y tascas que invitan a pasar una velada y disfrutar de la gastronom\u00eda local. Eso s\u00ed, h\u00e1ganlo con abrigo, pues otra peculiaridad de la ciudad es su clima h\u00famedo y fresco a partir del oto\u00f1o.<\/p>\n<p>Pero La Laguna es algo m\u00e1s que su ciudad. El municipio ofrece tambi\u00e9n grandes atractivos para los amantes de la naturaleza, como es el Parque Rural de Anaga, declarado Reserva de la Biosfera y repleto de especies animales y vegetales end\u00e9micas; o los charcos de Bajamar y Punta del Hidalgo, por si quiere conocer su zona costera.[\/vc_column_text][\/vc_column][\/vc_row][vc_row][vc_column][vc_empty_space][vc_single_image image=\u00bb268&#8243; img_size=\u00bbfull\u00bb][vc_empty_space][vc_column_text]<strong>Tenerife<\/strong><\/p>\n<p>Y fuera de sus l\u00edmites, la isla de Tenerife es, por m\u00e9ritos propios, un territorio lleno de lugares dignos de visitar. Obviamente, la parada en el Parque Nacional del Teide es obligatoria para poder pasear por un paisaje que parece sacado de otro planeta e, incluso, ascender hasta la cima del pico m\u00e1s alto en territorio espa\u00f1ol. La isla ofrece grades contrastes clim\u00e1ticos y paisaj\u00edsticos, desde las playas soleadas del sur hasta las de roca y arena negra del norte, pasando por los pinares y bosques de median\u00edas y las poblaciones hist\u00f3ricas como La Orotava, Garachico y Puerto de la Cruz, enclave donde comenz\u00f3 el turismo en la isla, sin olvidar la propia capital, Santa Cruz de Tenerife, llena de actividades comerciales y de ocio.[\/vc_column_text][vc_empty_space][vc_single_image image=\u00bb269&#8243; img_size=\u00bbfull\u00bb][vc_empty_space][vc_column_text]Para m\u00e1s informaci\u00f3n acerca de La Laguna y Tenerife, le recomendamos visitar la <a href=\"https:\/\/www.webtenerife.com\/\" target=\"_blank\" rel=\"noopener\">web tur\u00edstica<\/a> de la isla.[\/vc_column_text][\/vc_column][\/vc_row][vc_row][vc_column][vc_empty_space height=\u00bb200px\u00bb][\/vc_column][\/vc_row]<\/p>\n","protected":false},"excerpt":{"rendered":"<p>[vc_row full_width=\u00bbstretch_row_content_no_spaces\u00bb disable_element=\u00bbyes\u00bb css=\u00bb.vc_custom_1531906553007{padding-top: 253px !important;padding-bottom: 253px !important;background-image: url(http:\/\/www.ull.es\/eventos\/crue-gerencia\/wp-content\/uploads\/sites\/4\/revslider\/portada-inicial-no-tocar1\/Calle-san-agustin-Campus-America.jpg?id=68) !important;background-position: center !important;background-repeat: no-repeat !important;background-size: cover !important;}\u00bb][vc_column][\/vc_column][\/vc_row][vc_row][vc_column][vc_empty_space height=\u00bb60px\u00bb][\/vc_column][\/vc_row][vc_row][vc_column][vc_column_text]San Crist\u00f3bal de La Laguna es una ciudad fundada a finales del siglo XV (1496) y que ser\u00eda la primera capital de la isla hasta 1833. Pasear por ella constituye un aut\u00e9ntico viaje en el tiempo por las calles&#8230;<\/p>\n","protected":false},"author":1,"featured_media":0,"parent":0,"menu_order":0,"comment_status":"closed","ping_status":"closed","template":"templates\/template-frontpage.php","meta":{"footnotes":""},"class_list":["post-28","page","type-page","status-publish","hentry"],"_links":{"self":[{"href":"https:\/\/www.ull.es\/eventos\/crue-gerencia\/wp-json\/wp\/v2\/pages\/28"}],"collection":[{"href":"https:\/\/www.ull.es\/eventos\/crue-gerencia\/wp-json\/wp\/v2\/pages"}],"about":[{"href":"https:\/\/www.ull.es\/eventos\/crue-gerencia\/wp-json\/wp\/v2\/types\/page"}],"author":[{"embeddable":true,"href":"https:\/\/www.ull.es\/eventos\/crue-gerencia\/wp-json\/wp\/v2\/users\/1"}],"replies":[{"embeddable":true,"href":"https:\/\/www.ull.es\/eventos\/crue-gerencia\/wp-json\/wp\/v2\/comments?post=28"}],"version-history":[{"count":19,"href":"https:\/\/www.ull.es\/eventos\/crue-gerencia\/wp-json\/wp\/v2\/pages\/28\/revisions"}],"predecessor-version":[{"id":502,"href":"https:\/\/www.ull.es\/eventos\/crue-gerencia\/wp-json\/wp\/v2\/pages\/28\/revisions\/502"}],"wp:attachment":[{"href":"https:\/\/www.ull.es\/eventos\/crue-gerencia\/wp-json\/wp\/v2\/media?parent=28"}],"curies":[{"name":"wp","href":"https:\/\/api.w.org\/{rel}","templated":true}]}}