{"id":640,"date":"2018-11-02T10:53:11","date_gmt":"2018-11-02T10:53:11","guid":{"rendered":"http:\/\/www.ull.es\/eventos\/crue-gerencia\/?page_id=640"},"modified":"2018-11-06T07:25:22","modified_gmt":"2018-11-06T07:25:22","slug":"ponencias","status":"publish","type":"page","link":"https:\/\/www.ull.es\/eventos\/crue-gerencia\/ponencias\/","title":{"rendered":"Ponencias"},"content":{"rendered":"<p>[vc_row][vc_column][vc_column_text]<\/p>\n<p>[\/vc_column_text][\/vc_column][\/vc_row][vc_row][vc_column][vc_column_text]<\/p>\n<h2>D\u00eda 24 de octubre. Sesi\u00f3n de tarde.<\/h2>\n<ul>\n<li><a href=\"https:\/\/drive.google.com\/uc?id=137vFJQ0ALfkuwKKfeNKNnUZeeSFVwrOg&amp;export=download&amp;authuser=0\" target=\"_blank\" rel=\"noopener\">Juan G\u00f3mez Ortega.\u00a0La transformaci\u00f3n digital en la Universidad<\/a>.<\/li>\n<li><a href=\"https:\/\/drive.google.com\/uc?id=1vJ47gb30x_2jOil2HB6rw9Xxg2JXMnBH&amp;export=download&amp;authuser=0\" target=\"_blank\" rel=\"noopener\">Jos\u00e9 Luis Fuentes. Conferencia Inaugural: Talento y liderazgo en las organizaciones, las nuevas competencias para el siglo XXI<\/a>.<\/li>\n<\/ul>\n<h2>D\u00eda 25 de octubre. Sesi\u00f3n de ma\u00f1ana.<\/h2>\n<h3>Mesa Redonda. Captaci\u00f3n de recursos: v\u00edas alternativas de financiaci\u00f3n y toma de decisiones.<\/h3>\n<ul>\n<li><a href=\"https:\/\/drive.google.com\/uc?id=12i_2kiOeo5wVFzrfgqLQQLwX23i59B6L&amp;export=download&amp;authuser=0\" target=\"_blank\" rel=\"noopener\">Jos\u00e9 Luis Rivero Ceballos.\u00a0La supervivencia econ\u00f3mica de las instituciones de educaci\u00f3n superior<\/a>.<\/li>\n<li><a href=\"https:\/\/drive.google.com\/uc?id=1Su8Vy3Sl5iirNqBSRM5I_NHiio188iXF&amp;export=download&amp;authuser=0\" target=\"_blank\" rel=\"noopener\">Carmen P\u00e9rez Esparrels.\u00a0 Fundrasing estrat\u00e9gico en las universidades europeas: una clave de futuro<\/a>.<\/li>\n<li><a href=\"https:\/\/drive.google.com\/uc?id=1RYr0GuMvmpen6U-ttWEntJ9cxGF7hrii&amp;export=download&amp;authuser=0\" target=\"_blank\" rel=\"noopener\">V\u00edctor S\u00e1nchez Bl\u00e1zquez.\u00a0Incentivos fiscales al mecenazgo y a la investigaci\u00f3n en la Universidad<\/a>.<\/li>\n<\/ul>\n<h3>Conferencia: \u2018Experiencia pr\u00e1ctica en el uso y aplicaci\u00f3n de la contabilidad anal\u00edtica&#8217;<\/h3>\n<ul>\n<li><a href=\"https:\/\/drive.google.com\/uc?id=1UJaa_rVoCpicuayI6HjPCX_EXxZ2T4uv&amp;export=download&amp;authuser=0\" target=\"_blank\" rel=\"noopener\">Alberto Gil Costa.\u00a0Experiencia pr\u00e1ctica en el uso y aplicaci\u00f3n de la contabilidad anal\u00edtica<\/a>.<\/li>\n<\/ul>\n<h3>Mesa Redonda. Afrontar la transformaci\u00f3n \u00bfes posible con los actuales sistemas de captaci\u00f3n y organizaci\u00f3n de recursos humanos?<\/h3>\n<ul>\n<li><a href=\"https:\/\/drive.google.com\/uc?id=1iz_1KPBQFLD1mQCBof1Epw7EUUKVH6hU&amp;export=download&amp;authuser=0\" target=\"_blank\" rel=\"noopener\">Luc\u00eda Escapa Castro.\u00a0Estrategias de reforma e innovaci\u00f3n en Administraciones P\u00fablicas<\/a>.<\/li>\n<li><a href=\"https:\/\/drive.google.com\/uc?id=1nNBIq8_KQ2hn9jH3G4sET5SQQhwUOwCq&amp;export=download&amp;authuser=0\" target=\"_blank\" rel=\"noopener\">Jorge Crespo Gonz\u00e1lez.\u00a0La infraestructura sobre la que se proyecta la gesti\u00f3n innovadora de personas en las Administraciones P\u00fablicas: puestos y RPT<\/a>.<\/li>\n<li><a href=\"https:\/\/drive.google.com\/uc?id=1_4_eOyvnQCNAPeMq5SBKfDcU3WqdBncW&amp;export=download&amp;authuser=0\" target=\"_blank\" rel=\"noopener\">Pedro Padilla Ruiz.\u00a0M\u00e9rito y capacidad en el acceso al empleo p\u00fablico<\/a>.<\/li>\n<li><a href=\"https:\/\/drive.google.com\/uc?id=1BOw555cgnLNSOndYK1VY-vNrHbNILMkZ&amp;export=download&amp;authuser=0\" target=\"_blank\" rel=\"noopener\">Juan Jos\u00e9 Rodr\u00edguez Rodr\u00edguez.\u00a0La temporalidad en el personal de las Administraciones P\u00fablicas<\/a>.<\/li>\n<li><a href=\"https:\/\/drive.google.com\/uc?id=1Y5H5jGGPTfG8dNEzKF575RnAcBJxsbN3&amp;export=download&amp;authuser=0\" target=\"_blank\" rel=\"noopener\">Manuel Antonio Gahete Fern\u00e1ndez.\u00a0Nuevos retos: Selecci\u00f3n de personal en el Sector P\u00fablico<\/a>.<\/li>\n<\/ul>\n<h2>D\u00eda 25 de octubre. Sesi\u00f3n de tarde. Panel A.\u00a0Contrataci\u00f3n, Gesti\u00f3n de Infraestructuras y Sostenibilidad.<\/h2>\n<h3>Mesa redonda. Contrataci\u00f3n p\u00fablica electr\u00f3nica: Experiencias y retos.<\/h3>\n<ul>\n<li>Guillermo Y\u00e1\u00f1ez S\u00e1nchez.\u00a0Comunidades virtuales para implantar la contrataci\u00f3n p\u00fablica electr\u00f3nica.<\/li>\n<li><a href=\"https:\/\/drive.google.com\/uc?id=1YfyQDB-JFUFA5UYjwlAwFoxVKZ5g9Nxb&amp;export=download&amp;authuser=0\" target=\"_blank\" rel=\"noopener\">Isabel Puente Puente. Contrataci\u00f3n p\u00fablica electr\u00f3nica<\/a>.<\/li>\n<li><a href=\"https:\/\/drive.google.com\/open?id=1aREZ-Uo5Fs3pm1GpIj2d5t7c6suc8Xoa\" target=\"_blank\" rel=\"noopener\">Francisco Javier Garc\u00eda P\u00e9rez.\u00a0Retos del Control de la Contrataci\u00f3n P\u00fablica Electr\u00f3nica<\/a>.<\/li>\n<\/ul>\n<h3>Mesa redonda. El car\u00e1cter social de la contrataci\u00f3n p\u00fablica, las cl\u00e1usulas sociales y los contratos reservados: repercusiones en el mercado.<\/h3>\n<ul>\n<li><a href=\"https:\/\/drive.google.com\/uc?id=1WzczuaDVMBWlgt6hi_314mmtSVsu_VOZ&amp;export=download&amp;authuser=0\" target=\"_blank\" rel=\"noopener\">Rub\u00e9n Mart\u00ednez Nieto.\u00a0Visi\u00f3n del licitador de la nueva normativa de contrataci\u00f3n p\u00fablica<\/a>.<\/li>\n<li>Javier \u00c1lvarez Pastor.<\/li>\n<li>Jaime Pintos Santiago.<\/li>\n<li>Bernab\u00e9 Palac\u00edn S\u00e1enz.<\/li>\n<\/ul>\n<h3>Mesa redonda. Gesti\u00f3n de Infraestructuras y Sostenibilidad.<\/h3>\n<ul>\n<li><a href=\"https:\/\/drive.google.com\/uc?id=1AWKt7mRPKfpqtRuo1a7bZXv2lUMEdSES&amp;export=download&amp;authuser=0\" target=\"_blank\" rel=\"noopener\">Cristina Mart\u00ed.\u00a0La Unidad de Medio Ambiente de la Universitat Polit\u00e9cnica de Val\u00e9ncia<\/a>.<\/li>\n<li><a href=\"https:\/\/drive.google.com\/uc?id=17GxXOTibbQRCx7FjJBeie5icvz3I-YDY&amp;export=download&amp;authuser=0\" target=\"_blank\" rel=\"noopener\">Diego Broock Hijar.\u00a0Edificaci\u00f3n sostenible, un presente<\/a>.<\/li>\n<li>Ana Bel\u00e9n R\u00edos Hilario.<\/li>\n<li>Miguel \u00c1ngel Fern\u00e1ndez Matr\u00e1n.<\/li>\n<\/ul>\n<h2>D\u00eda 25 de octubre. Sesi\u00f3n de tarde. Panel B.\u00a0Innovaci\u00f3n en la Gesti\u00f3n: la transformaci\u00f3n digital.<\/h2>\n<h3>Mesa redonda. Gobernando y gestionando la transformaci\u00f3n digital.<\/h3>\n<ul>\n<li><a href=\"https:\/\/drive.google.com\/uc?id=1HlxS7i1WmeVkq63XuXDqfgxWMJIMAVNc&amp;export=download&amp;authuser=0\" target=\"_blank\" rel=\"noopener\">Pedro Robledo.\u00a0Gobernar los procesos de negocio para dirigir la Universidad<\/a>.<\/li>\n<li><a href=\"https:\/\/drive.google.com\/uc?id=1O-ZlLI6NOS3CD_OSCSsoqR9mmCD6Disg&amp;export=download&amp;authuser=0\" target=\"_blank\" rel=\"noopener\">Javier Peris Montesinos.\u00a0\u00bfQu\u00e9 es gobernar y gestionar con TI?<\/a>.<\/li>\n<li><a href=\"https:\/\/drive.google.com\/uc?id=14zSHBaII3TYZ7uGegtkCLKW5o8eGnEaO&amp;export=download&amp;authuser=0\" target=\"_blank\" rel=\"noopener\">Santiago Portela.\u00a0Miramos los datos, analizamos los datos o explotamos los datos<\/a>.<\/li>\n<\/ul>\n<h3>Mesa redonda.\u00a0La Universidad como generadora de Talento 4.0.<\/h3>\n<ul>\n<li><a href=\"https:\/\/drive.google.com\/uc?id=1ui96CaJmm8SJQKRhtVzP5T64YO4gESN7&amp;export=download&amp;authuser=0\" target=\"_blank\" rel=\"noopener\">Luis Fern\u00e1ndez Sanz.\u00a0Perfiles TI en el nuevo marco competencial. Aplicar marcos europeos de competencias TIC en Espa\u00f1a.<\/a><\/li>\n<li><a href=\"https:\/\/drive.google.com\/uc?id=1BSxZbBXzbgXi98Z7tttngnqh9jUDBOI3&amp;export=download&amp;authuser=0\" target=\"_blank\" rel=\"noopener\">Manuel Area Moreira.\u00a0La transformaci\u00f3n digital de la ense\u00f1anza universitaria.<\/a><\/li>\n<li><a href=\"https:\/\/drive.google.com\/uc?id=19bGWOp6ptpFvAoC0RJ5z3BUYfGngszwp&amp;export=download&amp;authuser=0\" target=\"_blank\" rel=\"noopener\">Berta Bernardo \u00c1lvarez.\u00a0Proyecto Blimea: Trasvase de talento 4.0 universidad-empresa.<\/a><\/li>\n<\/ul>\n<h3>Mesa redonda. Normativa y transformaci\u00f3n digital: la adaptaci\u00f3n de las universidades y su interoperabilidad con las Administraciones P\u00fablicas.<\/h3>\n<ul>\n<li><a href=\"https:\/\/drive.google.com\/uc?id=1tEc0GvGUnNxa2jwjAakaEISOmgneVR4c&amp;export=download&amp;authuser=0\" target=\"_blank\" rel=\"noopener\">Daniel S\u00e1nchez Mart\u00ednez.\u00a0La interoperabilidad de las Universidades con los servicios de las Administraciones P\u00fablicas.<\/a><\/li>\n<li><a href=\"https:\/\/drive.google.com\/uc?id=1oh8pNYDXW642sPl5fj67CH3iCBJi2i1O&amp;export=download&amp;authuser=0\" target=\"_blank\" rel=\"noopener\">Manuel Rivera Segu\u00ed.\u00a0Transformaci\u00f3n digital e interoperabilidad en UNIVERSITAS XXI.<\/a><\/li>\n<li><a href=\"https:\/\/drive.google.com\/uc?id=1gTadKk43-2Y1hvr0ei1QVnwRBz0AWcAJ&amp;export=download&amp;authuser=0\" target=\"_blank\" rel=\"noopener\">V\u00edctor Manuel Solla B\u00e1rcenas.\u00a0El efecto de la normativa de la transformaci\u00f3n digital. Estado de adaptaci\u00f3n.<\/a><\/li>\n<\/ul>\n<h2>D\u00eda 25 de octubre. Sesi\u00f3n de tarde. Panel C.\u00a0Gesti\u00f3n de la investigaci\u00f3n, contrataci\u00f3n de investigadores, captaci\u00f3n de talento.<\/h2>\n<h3>Mesa redonda. Gesti\u00f3n de la investigaci\u00f3n.<\/h3>\n<ul>\n<li><a href=\"https:\/\/drive.google.com\/uc?id=1vb-penUVgPjKbKy51K4JZ5DtctirIIuj&amp;export=download&amp;authuser=0\" target=\"_blank\" rel=\"noopener\">Mar\u00eda del Carmen Pe\u00f1as Carral. Seguimiento y justificaci\u00f3n de ayudas de la Agencia Estatal de Investigaci\u00f3n.<\/a><\/li>\n<li><a href=\"https:\/\/drive.google.com\/uc?id=1TwmRrTAdtbjMqZeUPwl8F1WsZvno4_T3&amp;export=download&amp;authuser=0\" target=\"_blank\" rel=\"noopener\">Elisa \u00c1lvarez-Bolado.\u00a0Horizonte 2020 el proceso de participaci\u00f3n y la gesti\u00f3n.<\/a><\/li>\n<li><a href=\"https:\/\/drive.google.com\/uc?id=19wRcmQ7qh3LUaNLoLSfttANGSE3mOoJU&amp;export=download&amp;authuser=0\" target=\"_blank\" rel=\"noopener\">Miguel \u00c1ngel Guardia L\u00f3pez. El contexto actual de la gesti\u00f3n de la investigaci\u00f3n.<\/a><\/li>\n<\/ul>\n<h3>Mesa redonda.\u00a0Gesti\u00f3n de subvenciones y recursos captados por investigaci\u00f3n.<\/h3>\n<ul>\n<li><a href=\"https:\/\/drive.google.com\/uc?id=1AqTA0k1PddEYlNvraHUByUFPspDpMzTX&amp;export=download&amp;authuser=0\" target=\"_blank\" rel=\"noopener\">Santiago Romo Urroz.\u00a0Investigaci\u00f3n bajo contrato y transferencia: el reto de su internacionalizaci\u00f3n.<\/a><\/li>\n<li><a href=\"https:\/\/drive.google.com\/uc?id=1OAtO_9FVQCxozNlyNu2EwHZ-umMc-UjJ&amp;export=download&amp;authuser=0\" target=\"_blank\" rel=\"noopener\">Cecilia Hern\u00e1ndez Rodr\u00edguez. Instrumentos y convocatorias CDTI 2018.<\/a><\/li>\n<li><a href=\"https:\/\/drive.google.com\/uc?id=1-1oYFlOQOAbb9P_v4dPBk_73qIKAUSsR&amp;export=download&amp;authuser=0\" target=\"_blank\" rel=\"noopener\">Lourdes Armesto L\u00f3pez. Agencia Estatal de Investigaci\u00f3n. Estructura e instrumentos de financiaci\u00f3n.<\/a><\/li>\n<\/ul>\n<h3>Mesa redonda. Captaci\u00f3n de talento investigador. Escalar puestos en los rankings.<\/h3>\n<ul>\n<li><a href=\"https:\/\/drive.google.com\/uc?id=17ZrOAphJi9WYWpTCkb-itO5o3ozKePJ5&amp;export=download&amp;authuser=0\" target=\"_blank\" rel=\"noopener\">\u00cd\u00f1igo Atxutegi.\u00a0La atracci\u00f3n de talento cient\u00edfico en Ikerbasque.<\/a><\/li>\n<li><a href=\"https:\/\/drive.google.com\/uc?id=1g5VHOjIlAn-CgB7mEAnaioCgfZa_ZeLQ&amp;export=download&amp;authuser=0\" target=\"_blank\" rel=\"noopener\">Pedro Toledo. Captaci\u00f3n de talento investigador. Escalar puestos en los rankings.<\/a><\/li>\n<li><a href=\"https:\/\/drive.google.com\/uc?id=1MYS5SyM1UTgiawAmdEwCu4Z5PsH6fZGB&amp;export=download&amp;authuser=0\" target=\"_blank\" rel=\"noopener\">Borja Izquierdo. Estrategias de captaci\u00f3n de talento investigador.<\/a><\/li>\n<\/ul>\n<h2>D\u00eda 26 de octubre. Sesi\u00f3n de ma\u00f1ana.<\/h2>\n<h3>Mesa Redonda. La gesti\u00f3n de la informaci\u00f3n, entre la protecci\u00f3n y la transparencia.<\/h3>\n<ul>\n<li><a href=\"https:\/\/drive.google.com\/uc?id=1iuQxW_SqImi0rpj4wdYX50kmtGahoqAh&amp;export=download&amp;authuser=0\" target=\"_blank\" rel=\"noopener\">Ricard Mart\u00ednez Mart\u00ednez.\u00a0Nubes, Encomiendas y Protecci\u00f3n de datos \u00bfA qu\u00e9 estamos jugando?.<\/a><\/li>\n<li><a href=\"https:\/\/drive.google.com\/uc?id=16tuVNL5u9A5nol71TNw_wdVzAmeA7od2&amp;export=download&amp;authuser=0\" target=\"_blank\" rel=\"noopener\">Francesc Sol\u00e9 Parellada.\u00a0La gesti\u00f3n de la transparencia en las universidades.<\/a><\/li>\n<li><a href=\"https:\/\/drive.google.com\/uc?id=1FJ_i8LGQvTJ1NhUQpX2HC18Zi-QtrZ9P&amp;export=download&amp;authuser=0\" target=\"_blank\" rel=\"noopener\">Miguel \u00c1ngel Blanes Climent. La gesti\u00f3n de la transparencia en las universidades.<\/a><\/li>\n<\/ul>\n<h3>Conferencia de\u00a0clausura: Universidad y gesti\u00f3n del cambio.<\/h3>\n<ul>\n<li><a href=\"https:\/\/drive.google.com\/uc?id=1JdchB55vr_IifiAv26_9ExGwwL-iDWMs&amp;export=download&amp;authuser=0\" target=\"_blank\" rel=\"noopener\">Xavier Marcet.\u00a0Universidad y gesti\u00f3n del cambio.<\/a><\/li>\n<\/ul>\n<p>&nbsp;<\/p>\n<p>[\/vc_column_text][\/vc_column][\/vc_row]<\/p>\n","protected":false},"excerpt":{"rendered":"<p>[vc_row][vc_column][vc_column_text] [\/vc_column_text][\/vc_column][\/vc_row][vc_row][vc_column][vc_column_text] D\u00eda 24 de octubre. Sesi\u00f3n de tarde. Juan G\u00f3mez Ortega.\u00a0La transformaci\u00f3n digital en la Universidad. Jos\u00e9 Luis Fuentes. Conferencia Inaugural: Talento y liderazgo en las organizaciones, las nuevas competencias para el siglo XXI. D\u00eda 25 de octubre. Sesi\u00f3n de ma\u00f1ana. Mesa Redonda. Captaci\u00f3n de recursos: v\u00edas alternativas de financiaci\u00f3n y toma de decisiones&#8230;.<\/p>\n","protected":false},"author":6,"featured_media":0,"parent":0,"menu_order":0,"comment_status":"closed","ping_status":"closed","template":"","meta":{"footnotes":""},"class_list":["post-640","page","type-page","status-publish","hentry"],"_links":{"self":[{"href":"https:\/\/www.ull.es\/eventos\/crue-gerencia\/wp-json\/wp\/v2\/pages\/640"}],"collection":[{"href":"https:\/\/www.ull.es\/eventos\/crue-gerencia\/wp-json\/wp\/v2\/pages"}],"about":[{"href":"https:\/\/www.ull.es\/eventos\/crue-gerencia\/wp-json\/wp\/v2\/types\/page"}],"author":[{"embeddable":true,"href":"https:\/\/www.ull.es\/eventos\/crue-gerencia\/wp-json\/wp\/v2\/users\/6"}],"replies":[{"embeddable":true,"href":"https:\/\/www.ull.es\/eventos\/crue-gerencia\/wp-json\/wp\/v2\/comments?post=640"}],"version-history":[{"count":11,"href":"https:\/\/www.ull.es\/eventos\/crue-gerencia\/wp-json\/wp\/v2\/pages\/640\/revisions"}],"predecessor-version":[{"id":683,"href":"https:\/\/www.ull.es\/eventos\/crue-gerencia\/wp-json\/wp\/v2\/pages\/640\/revisions\/683"}],"wp:attachment":[{"href":"https:\/\/www.ull.es\/eventos\/crue-gerencia\/wp-json\/wp\/v2\/media?parent=640"}],"curies":[{"name":"wp","href":"https:\/\/api.w.org\/{rel}","templated":true}]}}