{"id":648,"date":"2018-11-02T10:56:32","date_gmt":"2018-11-02T10:56:32","guid":{"rendered":"http:\/\/www.ull.es\/eventos\/crue-gerencia\/?page_id=648"},"modified":"2018-11-06T07:37:05","modified_gmt":"2018-11-06T07:37:05","slug":"videos","status":"publish","type":"page","link":"https:\/\/www.ull.es\/eventos\/crue-gerencia\/videos\/","title":{"rendered":"V\u00eddeos"},"content":{"rendered":"<p>[vc_row][vc_column][vc_column_text]<\/p>\n<p>[\/vc_column_text][\/vc_column][\/vc_row]<\/p>\n<p>[vc_row][vc_column][vc_column_text]<\/p>\n<h2>V\u00eddeo noticias.<\/h2>\n<ul>\n<li><a href=\"https:\/\/www.youtube.com\/watch?v=4fcqdp1n6MY\" target=\"_blank\" rel=\"noopener\">Inauguraci\u00f3n de las jornadas<\/a>.<\/li>\n<li><a href=\"https:\/\/www.youtube.com\/watch?v=JIiCdtswdLk\" target=\"_blank\" rel=\"noopener\">Clausura de las jornadas<\/a>.<\/li>\n<\/ul>\n<h2>D\u00eda 24 de octubre.<\/h2>\n<ul>\n<li><a href=\"https:\/\/www.youtube.com\/watch?v=bz4clbfWykU\" target=\"_blank\" rel=\"noopener\">Inauguraci\u00f3n de las XXXVI Jornadas de Gerencia<\/a>.<\/li>\n<li><a href=\"https:\/\/www.youtube.com\/watch?v=1ZSaFKOZu44&amp;t=310s\" target=\"_blank\" rel=\"noopener\">Juan G\u00f3mez Ortega. La transformaci\u00f3n digital en la Universidad<\/a>.<\/li>\n<li><a href=\"https:\/\/www.youtube.com\/watch?v=CwoBGJiNRu8&amp;t=437s\" target=\"_blank\" rel=\"noopener\">Jos\u00e9 Luis Fuentes.\u00a0Talento y liderazgo en las organizaciones, las nuevas competencias para el siglo XXI<\/a>.<\/li>\n<\/ul>\n<h2>D\u00eda 25 de octubre.<\/h2>\n<ul>\n<li><a href=\"https:\/\/www.youtube.com\/watch?v=X0lVh0VcLA8\" target=\"_blank\" rel=\"noopener\">Mesa redonda.\u00a0Captaci\u00f3n de recursos: v\u00edas alternativas de financiaci\u00f3n y toma de decisiones<\/a>.<\/li>\n<li><a href=\"https:\/\/www.youtube.com\/watch?v=FvNwC8EXOHA\" target=\"_blank\" rel=\"noopener\">Alberto Gil.\u00a0Experiencia pr\u00e1ctica en el uso y aplicaci\u00f3n de la contabilidad anal\u00edtica<\/a>.<\/li>\n<li><a href=\"https:\/\/www.youtube.com\/watch?v=HSxdynh-zCQ\" target=\"_blank\" rel=\"noopener\">Mesa redonda.\u00a0Afrontar la transformaci\u00f3n \u00bfes posible con los actuales sistemas de captaci\u00f3n y organizaci\u00f3n de recursos humanos?<\/a>.<\/li>\n<\/ul>\n<h2>D\u00eda\u00a0 25 de octubre. Panel A.\u00a0Contrataci\u00f3n, Gesti\u00f3n de Infraestructuras y Sostenibilidad.<\/h2>\n<ul>\n<li><a href=\"https:\/\/www.youtube.com\/watch?v=sxyChgHiJ-s\" target=\"_blank\" rel=\"noopener\">Mesa redonda. Contrataci\u00f3n p\u00fablica electr\u00f3nica: Experiencias y retos.<\/a><\/li>\n<li><a href=\"https:\/\/www.youtube.com\/watch?v=ERjFZPWolyc\" target=\"_blank\" rel=\"noopener\">Mesa redonda. El car\u00e1cter social de la contrataci\u00f3n p\u00fablica, las cl\u00e1usulas sociales y los contratos reservados: repercusiones en el mercado.<\/a><\/li>\n<li><a href=\"https:\/\/www.youtube.com\/watch?v=YZB3CFrdXSA\" target=\"_blank\" rel=\"noopener\">Mesa redonda.\u00a0Gesti\u00f3n de Infraestructuras y Sostenibilidad.<\/a><\/li>\n<\/ul>\n<h2>D\u00eda 25 de octubre. Panel B.\u00a0Innovaci\u00f3n en la Gesti\u00f3n: la transformaci\u00f3n digital.<\/h2>\n<ul>\n<li><a href=\"https:\/\/www.youtube.com\/watch?v=uw7HaNubLQA\" target=\"_blank\" rel=\"noopener\">Mesa redonda.\u00a0Gobernando y gestionando la transformaci\u00f3n digital<\/a>.<\/li>\n<li><a href=\"https:\/\/www.youtube.com\/watch?v=5g32zj6tfp0\" target=\"_blank\" rel=\"noopener\">Mesa redonda.\u00a0La Universidad como generadora de Talento 4.0<\/a>.<\/li>\n<li><a href=\"https:\/\/www.youtube.com\/watch?v=VoY9Ufx21ZE\" target=\"_blank\" rel=\"noopener\">Mesa redonda.\u00a0Normativa y transformaci\u00f3n digital: la adaptaci\u00f3n de las universidades y su interoperabilidad con las Administraciones P\u00fablicas<\/a>.<\/li>\n<\/ul>\n<h2>D\u00eda 25 de octubre. Panel C. Gesti\u00f3n de la investigaci\u00f3n, contrataci\u00f3n de investigadores, captaci\u00f3n de talento.<\/h2>\n<ul>\n<li><a href=\"https:\/\/www.youtube.com\/watch?v=pHIv5cfg6g8\" target=\"_blank\" rel=\"noopener\">Mesa redonda.\u00a0Gesti\u00f3n de la investigaci\u00f3n.<\/a><\/li>\n<li><a href=\"https:\/\/www.youtube.com\/watch?v=Um-kiELjzqM\" target=\"_blank\" rel=\"noopener\">Mesa redonda.\u00a0Gesti\u00f3n de subvenciones y recursos captados por investigaci\u00f3n.<\/a><\/li>\n<li><a href=\"https:\/\/www.youtube.com\/watch?v=U0nMpPsctXw\" target=\"_blank\" rel=\"noopener\">Mesa redonda.\u00a0Captaci\u00f3n de talento investigador. Escalar puestos en los rankings.<\/a><\/li>\n<\/ul>\n<h2>D\u00eda 26 de octubre.<\/h2>\n<ul>\n<li><a href=\"https:\/\/www.youtube.com\/watch?v=CuyHpDEwsoc\" target=\"_blank\" rel=\"noopener\">Mesa redonda.\u00a0La gesti\u00f3n de la informaci\u00f3n, entre la protecci\u00f3n y la transparencia.<\/a><\/li>\n<li><a href=\"https:\/\/www.youtube.com\/watch?v=xmZQ_sjxeSk\" target=\"_blank\" rel=\"noopener\">Conferencia de clausura: Universidad y gesti\u00f3n del cambio.<\/a><\/li>\n<li><a href=\"https:\/\/www.youtube.com\/watch?v=5oSdcwJpcd4\" target=\"_blank\" rel=\"noopener\">Clausura de las jornadas.<\/a><\/li>\n<\/ul>\n<p>&nbsp;<\/p>\n<p>[\/vc_column_text][\/vc_column][\/vc_row]<\/p>\n","protected":false},"excerpt":{"rendered":"<p>[vc_row][vc_column][vc_column_text] [\/vc_column_text][\/vc_column][\/vc_row] [vc_row][vc_column][vc_column_text] V\u00eddeo noticias. Inauguraci\u00f3n de las jornadas. Clausura de las jornadas. D\u00eda 24 de octubre. Inauguraci\u00f3n de las XXXVI Jornadas de Gerencia. Juan G\u00f3mez Ortega. La transformaci\u00f3n digital en la Universidad. Jos\u00e9 Luis Fuentes.\u00a0Talento y liderazgo en las organizaciones, las nuevas competencias para el siglo XXI. D\u00eda 25 de octubre. Mesa redonda.\u00a0Captaci\u00f3n de&#8230;<\/p>\n","protected":false},"author":6,"featured_media":0,"parent":0,"menu_order":0,"comment_status":"closed","ping_status":"closed","template":"","meta":{"footnotes":""},"class_list":["post-648","page","type-page","status-publish","hentry"],"_links":{"self":[{"href":"https:\/\/www.ull.es\/eventos\/crue-gerencia\/wp-json\/wp\/v2\/pages\/648"}],"collection":[{"href":"https:\/\/www.ull.es\/eventos\/crue-gerencia\/wp-json\/wp\/v2\/pages"}],"about":[{"href":"https:\/\/www.ull.es\/eventos\/crue-gerencia\/wp-json\/wp\/v2\/types\/page"}],"author":[{"embeddable":true,"href":"https:\/\/www.ull.es\/eventos\/crue-gerencia\/wp-json\/wp\/v2\/users\/6"}],"replies":[{"embeddable":true,"href":"https:\/\/www.ull.es\/eventos\/crue-gerencia\/wp-json\/wp\/v2\/comments?post=648"}],"version-history":[{"count":7,"href":"https:\/\/www.ull.es\/eventos\/crue-gerencia\/wp-json\/wp\/v2\/pages\/648\/revisions"}],"predecessor-version":[{"id":684,"href":"https:\/\/www.ull.es\/eventos\/crue-gerencia\/wp-json\/wp\/v2\/pages\/648\/revisions\/684"}],"wp:attachment":[{"href":"https:\/\/www.ull.es\/eventos\/crue-gerencia\/wp-json\/wp\/v2\/media?parent=648"}],"curies":[{"name":"wp","href":"https:\/\/api.w.org\/{rel}","templated":true}]}}