{"id":1024,"date":"2019-03-18T15:16:31","date_gmt":"2019-03-18T14:16:31","guid":{"rendered":"http:\/\/www.ull.es\/eventos\/crue-internacional\/?page_id=1024"},"modified":"2019-03-19T14:32:11","modified_gmt":"2019-03-19T13:32:11","slug":"ponentes","status":"publish","type":"page","link":"https:\/\/www.ull.es\/eventos\/crue-internacional\/ponentes\/","title":{"rendered":"Ponentes"},"content":{"rendered":"<p>[vc_row][vc_column][vc_empty_space][vc_custom_heading text=\u00bbKEYNOTE\u00bb font_container=\u00bbtag:h2|font_size:26px|text_align:left\u00bb google_fonts=\u00bbfont_family:Roboto%20Slab%3A100%2C300%2Cregular%2C700|font_style:700%20bold%20regular%3A700%3Anormal\u00bb][vc_empty_space][\/vc_column][\/vc_row][vc_row][vc_column width=\u00bb1\/4&#8243;][vc_single_image image=\u00bb1030&#8243; img_size=\u00bb200&#215;200&#8243;][\/vc_column][vc_column width=\u00bb1\/2&#8243;][vc_custom_heading text=\u00bbCoral Mart\u00ednez Iscar\u00bb font_container=\u00bbtag:h3|font_size:24px|text_align:left\u00bb google_fonts=\u00bbfont_family:Roboto%20Slab%3A100%2C300%2Cregular%2C700|font_style:700%20bold%20regular%3A700%3Anormal\u00bb css=\u00bb.vc_custom_1552992488439{margin-top: 0px !important;border-top-width: 0px !important;padding-top: 0px !important;}\u00bb][vc_custom_heading text=\u00bbDirectora del SEPIE\u00bb font_container=\u00bbtag:h3|font_size:16px|text_align:left\u00bb google_fonts=\u00bbfont_family:Roboto%20Slab%3A100%2C300%2Cregular%2C700|font_style:700%20bold%20regular%3A700%3Anormal\u00bb][vc_column_text]<b>Coral Mart\u00ednez Iscar, <\/b>es licenciada en Derecho y en Direcci\u00f3n y Administraci\u00f3n de Empresas por la Universidad Aut\u00f3noma de Madrid.<\/p>\n<p>Desde el 1 de septiembre de 2018 es la Directora del Servicio Espa\u00f1ol para la Internacionalizaci\u00f3n de la Educaci\u00f3n (SEPIE), organismo aut\u00f3nomo del Ministerio de Ciencia, Innovaci\u00f3n y Universidades.<\/p>\n<p>Ha realizado cursos de formaci\u00f3n y perfeccionamiento sobre contrataci\u00f3n p\u00fablica, normativa comunitaria en diversas instituciones nacionales e internacionales como en London School of Economics y en National School of Governement, adem\u00e1s de estancias y pr\u00e1cticas en Instituciones Europeas. Cuenta con un M\u00e1ster en Turismo y Administraci\u00f3n P\u00fablica del Instituto Nacional de Administraci\u00f3n P\u00fablica (INAP).<\/p>\n<p>Est\u00e1 en posesi\u00f3n de la Orden del M\u00e9rito de la Guardia Civil, Cruz con distintivo blanco.[\/vc_column_text][\/vc_column][vc_column width=\u00bb1\/4&#8243;][\/vc_column][\/vc_row][vc_row][vc_column][vc_empty_space height=\u00bb50px\u00bb][vc_empty_space height=\u00bb10px\u00bb css=\u00bb.vc_custom_1535534052465{border-top-width: 5px !important;border-top-color: #5c068c !important;border-top-style: double !important;}\u00bb][vc_empty_space height=\u00bb50px\u00bb][\/vc_column][\/vc_row][vc_row][vc_column width=\u00bb1\/4&#8243;][vc_single_image image=\u00bb1032&#8243; img_size=\u00bb200&#215;200&#8243;][\/vc_column][vc_column width=\u00bb1\/2&#8243;][vc_custom_heading text=\u00bbAina Calvo Sastre\u00bb font_container=\u00bbtag:h3|font_size:24px|text_align:left\u00bb google_fonts=\u00bbfont_family:Roboto%20Slab%3A100%2C300%2Cregular%2C700|font_style:700%20bold%20regular%3A700%3Anormal\u00bb css=\u00bb.vc_custom_1552992609331{margin-top: 0px !important;border-top-width: 0px !important;padding-top: 0px !important;}\u00bb][vc_custom_heading text=\u00bbDirectora de la AECID<br \/>\n\u00bb font_container=\u00bbtag:h3|font_size:16px|text_align:left\u00bb google_fonts=\u00bbfont_family:Roboto%20Slab%3A100%2C300%2Cregular%2C700|font_style:700%20bold%20regular%3A700%3Anormal\u00bb][vc_column_text]<strong>Aina Calvo Sastre es la\u00a0<\/strong>Directora de la Agencia Espa\u00f1ola de Cooperaci\u00f3n Internacional para el Desarrollo desde su nombramiento, por parte del\u00a0Consejo Rector de la AECID, el viernes, 6 de julio de 2018.<\/p>\n<p>Aina Calvo (Palma, 1969),\u00a0Licenciada en Filosof\u00eda y Letras y doctora en Ciencias de la Educaci\u00f3n, ya form\u00f3 parte del\u00a0personal directivo de la Agencia entre 2004 y 2006 como Subdirectora General de Cooperaci\u00f3n y Promoci\u00f3n Cultural en la direcci\u00f3n general de Relaciones Culturales y Cient\u00edficas.<\/p>\n<p>Es coautora de la Estrategia de\u00a0<span class=\"ms-rteThemeFontFace-3\">Cultura y Desarrollo de la Cooperaci\u00f3n Espa\u00f1ola<\/span><span class=\"ms-rteThemeFontFace-3\">\u00a0<\/span>(2006) y del\u00a0<span class=\"ms-rteThemeFontFace-3\">Programa Acerca<\/span>\u00a0de Capacitaci\u00f3n para el Desarrollo en el Sector Cultural de la AECID.<\/p>\n<p>La\u00a0Directora ha trabajado, en su actividad acad\u00e9mica, en la redacci\u00f3n de diversas publicaciones e investigaciones sobre educaci\u00f3n ambiental, interpretaci\u00f3n del patrimonio, ocio, animaci\u00f3n sociocultural y cooperaci\u00f3n cultural. Ha sido, adem\u00e1s, miembro de la\u00a0<span class=\"ms-rteThemeFontFace-3\">Comisi\u00f3n de Educaci\u00f3n y Comunicaci\u00f3n de la Uni\u00f3n Internacional para la Conservaci\u00f3n de la Naturaleza\u00a0<\/span>(UICN).[\/vc_column_text][\/vc_column][vc_column width=\u00bb1\/4&#8243;][\/vc_column][\/vc_row][vc_row][vc_column][vc_empty_space height=\u00bb50px\u00bb][vc_empty_space height=\u00bb10px\u00bb css=\u00bb.vc_custom_1535534052465{border-top-width: 5px !important;border-top-color: #5c068c !important;border-top-style: double !important;}\u00bb][vc_empty_space height=\u00bb50px\u00bb][\/vc_column][\/vc_row][vc_row][vc_column width=\u00bb1\/4&#8243;][vc_single_image image=\u00bb1034&#8243; img_size=\u00bb200&#215;200&#8243;][\/vc_column][vc_column width=\u00bb1\/2&#8243;][vc_custom_heading text=\u00bbJoao Bacelar\u00bb font_container=\u00bbtag:h3|font_size:24px|text_align:left\u00bb google_fonts=\u00bbfont_family:Roboto%20Slab%3A100%2C300%2Cregular%2C700|font_style:700%20bold%20regular%3A700%3Anormal\u00bb css=\u00bb.vc_custom_1552992781248{margin-top: 0px !important;border-top-width: 0px !important;padding-top: 0px !important;}\u00bb][vc_custom_heading text=\u00bbEuropean University Foundation\u00bb font_container=\u00bbtag:h3|font_size:16px|text_align:left\u00bb google_fonts=\u00bbfont_family:Roboto%20Slab%3A100%2C300%2Cregular%2C700|font_style:700%20bold%20regular%3A700%3Anormal\u00bb][vc_column_text]<i>Jo\u00e3o Bacelar is the Executive Manager of the European University Foundation (EUF), an alliance of universities committed to the modernisation of the European Higher Education Area and the betterment of student mobility. He has been involved in higher education policy since the onset of the Bologna Process and has led and contributed to a number of initiatives in topics ranging from the digitisation of education and quality assurance to curricular design, credit recognition and multilingualism. His team works with universities, governments, European institutions and student organisations on a daily basis to improve education, cooperation and innovation across the EU.\u00a0<\/i>[\/vc_column_text][\/vc_column][vc_column width=\u00bb1\/4&#8243;][\/vc_column][\/vc_row][vc_row][vc_column][vc_empty_space height=\u00bb50px\u00bb][vc_empty_space height=\u00bb10px\u00bb css=\u00bb.vc_custom_1535534052465{border-top-width: 5px !important;border-top-color: #5c068c !important;border-top-style: double !important;}\u00bb][vc_empty_space height=\u00bb50px\u00bb][\/vc_column][\/vc_row][vc_row][vc_column width=\u00bb1\/4&#8243;][vc_single_image image=\u00bb1036&#8243; img_size=\u00bb200&#215;200&#8243;][\/vc_column][vc_column width=\u00bb1\/2&#8243;][vc_custom_heading text=\u00bbCarmen Gonz\u00e1lez Enr\u00edquez\u00bb font_container=\u00bbtag:h3|font_size:24px|text_align:left\u00bb google_fonts=\u00bbfont_family:Roboto%20Slab%3A100%2C300%2Cregular%2C700|font_style:700%20bold%20regular%3A700%3Anormal\u00bb css=\u00bb.vc_custom_1552993060897{margin-top: 0px !important;border-top-width: 0px !important;padding-top: 0px !important;}\u00bb][vc_custom_heading text=\u00bbInvestigadora del Real Instituto Elcano\u00bb font_container=\u00bbtag:h3|font_size:16px|text_align:left\u00bb google_fonts=\u00bbfont_family:Roboto%20Slab%3A100%2C300%2Cregular%2C700|font_style:700%20bold%20regular%3A700%3Anormal\u00bb][vc_column_text]<\/p>\n<p dir=\"ltr\">es investigadora principal del Real Instituto Elcano, donde dirige las \u00e1reas de opini\u00f3n p\u00fablica y de migraciones, y Catedr\u00e1tica en el Departamento de Ciencia Pol\u00edtica de la UNED. Ha sido investigadora visitante en el\u00a0<em>Centre on Migration Policy and Society<\/em>\u00a0de la Universidad de Oxford y en el Centro de Estudios Pol\u00edticos de Budapest.<\/p>\n<p>[\/vc_column_text][\/vc_column][vc_column width=\u00bb1\/4&#8243;][\/vc_column][\/vc_row][vc_row][vc_column][vc_empty_space height=\u00bb50px\u00bb][vc_empty_space height=\u00bb10px\u00bb css=\u00bb.vc_custom_1535534052465{border-top-width: 5px !important;border-top-color: #5c068c !important;border-top-style: double !important;}\u00bb][vc_empty_space height=\u00bb50px\u00bb][\/vc_column][\/vc_row][vc_row][vc_column width=\u00bb1\/4&#8243;][vc_single_image image=\u00bb1039&#8243; img_size=\u00bb200&#215;200&#8243;][\/vc_column][vc_column width=\u00bb1\/2&#8243;][vc_custom_heading text=\u00bbRaimundo Robredo Rubio\u00bb font_container=\u00bbtag:h3|font_size:24px|text_align:left\u00bb google_fonts=\u00bbfont_family:Roboto%20Slab%3A100%2C300%2Cregular%2C700|font_style:700%20bold%20regular%3A700%3Anormal\u00bb css=\u00bb.vc_custom_1552998712549{margin-top: 0px !important;border-top-width: 0px !important;padding-top: 0px !important;}\u00bb][vc_custom_heading text=\u00bbDirector General para \u00c1frica del Ministerio de Asuntos Exteriores, Uni\u00f3n Europea y Cooperaci\u00f3n\u00bb font_container=\u00bbtag:h3|font_size:16px|text_align:left\u00bb google_fonts=\u00bbfont_family:Roboto%20Slab%3A100%2C300%2Cregular%2C700|font_style:700%20bold%20regular%3A700%3Anormal\u00bb][vc_column_text]<span class=\"ms-rteStyle-H4LADILLO1\">Direcci\u00f3n General para\u00a0\u00c1frica<\/span><\/p>\n<p class=\"ms-rteStyle-H4LADILLO4TEXTO\">Propone y ejecuta la pol\u00edtica exterior de Espa\u00f1a en su \u00e1rea geogr\u00e1fica correspondiente, impulsando las relaciones bilaterales con los pa\u00edses que engloban y con los foros multilaterales del \u00e1rea geogr\u00e1fica de su competencia.<\/p>\n<p class=\"ms-rteStyle-H4LADILLO4TEXTO\">Su director general es Raimundo Robredo Rubio. Nacido en 1971 en Oviedo, es licenciado en Ciencias Econ\u00f3mica y Empresariales e ingres\u00f3 en 2001 en la Carrera Diplom\u00e1tica. Ha estado destinado en las representaciones diplom\u00e1ticas en Nigeria, Jap\u00f3n, Sud\u00e1frica, Senegal y Chile. Ha sido jefe de servicios de Cuestiones Europeas de Desarme, vocal asesor en la Direcci\u00f3n General de Planificaci\u00f3n y Evaluaci\u00f3n de Pol\u00edtica para el Desarrollo, y vocal asesor en el Gabinete del Presidente del Gobierno, responsable de temas de \u00c1frica Subsahariana y Cooperaci\u00f3n para el Desarrollo.<\/p>\n<p>[\/vc_column_text][\/vc_column][vc_column width=\u00bb1\/4&#8243;][\/vc_column][\/vc_row][vc_row][vc_column][vc_empty_space height=\u00bb50px\u00bb][vc_empty_space height=\u00bb10px\u00bb css=\u00bb.vc_custom_1535534052465{border-top-width: 5px !important;border-top-color: #5c068c !important;border-top-style: double !important;}\u00bb][vc_empty_space height=\u00bb50px\u00bb][\/vc_column][\/vc_row][vc_row][vc_column][vc_empty_space height=\u00bb100px\u00bb][\/vc_column][\/vc_row]<\/p>\n","protected":false},"excerpt":{"rendered":"<p>[vc_row][vc_column][vc_empty_space][vc_custom_heading text=\u00bbKEYNOTE\u00bb font_container=\u00bbtag:h2|font_size:26px|text_align:left\u00bb google_fonts=\u00bbfont_family:Roboto%20Slab%3A100%2C300%2Cregular%2C700|font_style:700%20bold%20regular%3A700%3Anormal\u00bb][vc_empty_space][\/vc_column][\/vc_row][vc_row][vc_column width=\u00bb1\/4&#8243;][vc_single_image image=\u00bb1030&#8243; img_size=\u00bb200&#215;200&#8243;][\/vc_column][vc_column width=\u00bb1\/2&#8243;][vc_custom_heading text=\u00bbCoral Mart\u00ednez Iscar\u00bb font_container=\u00bbtag:h3|font_size:24px|text_align:left\u00bb google_fonts=\u00bbfont_family:Roboto%20Slab%3A100%2C300%2Cregular%2C700|font_style:700%20bold%20regular%3A700%3Anormal\u00bb css=\u00bb.vc_custom_1552992488439{margin-top: 0px !important;border-top-width: 0px !important;padding-top: 0px !important;}\u00bb][vc_custom_heading text=\u00bbDirectora del SEPIE\u00bb font_container=\u00bbtag:h3|font_size:16px|text_align:left\u00bb google_fonts=\u00bbfont_family:Roboto%20Slab%3A100%2C300%2Cregular%2C700|font_style:700%20bold%20regular%3A700%3Anormal\u00bb][vc_column_text]Coral Mart\u00ednez Iscar, es licenciada en Derecho y en Direcci\u00f3n y Administraci\u00f3n de Empresas por la Universidad Aut\u00f3noma de Madrid. Desde el 1 de septiembre de 2018 es la Directora del&#8230;<\/p>\n","protected":false},"author":4,"featured_media":0,"parent":0,"menu_order":0,"comment_status":"closed","ping_status":"closed","template":"","meta":{"footnotes":""},"class_list":["post-1024","page","type-page","status-publish","hentry"],"_links":{"self":[{"href":"https:\/\/www.ull.es\/eventos\/crue-internacional\/wp-json\/wp\/v2\/pages\/1024"}],"collection":[{"href":"https:\/\/www.ull.es\/eventos\/crue-internacional\/wp-json\/wp\/v2\/pages"}],"about":[{"href":"https:\/\/www.ull.es\/eventos\/crue-internacional\/wp-json\/wp\/v2\/types\/page"}],"author":[{"embeddable":true,"href":"https:\/\/www.ull.es\/eventos\/crue-internacional\/wp-json\/wp\/v2\/users\/4"}],"replies":[{"embeddable":true,"href":"https:\/\/www.ull.es\/eventos\/crue-internacional\/wp-json\/wp\/v2\/comments?post=1024"}],"version-history":[{"count":12,"href":"https:\/\/www.ull.es\/eventos\/crue-internacional\/wp-json\/wp\/v2\/pages\/1024\/revisions"}],"predecessor-version":[{"id":1044,"href":"https:\/\/www.ull.es\/eventos\/crue-internacional\/wp-json\/wp\/v2\/pages\/1024\/revisions\/1044"}],"wp:attachment":[{"href":"https:\/\/www.ull.es\/eventos\/crue-internacional\/wp-json\/wp\/v2\/media?parent=1024"}],"curies":[{"name":"wp","href":"https:\/\/api.w.org\/{rel}","templated":true}]}}