{"id":1048,"date":"2019-04-23T11:27:37","date_gmt":"2019-04-23T09:27:37","guid":{"rendered":"http:\/\/www.ull.es\/eventos\/crue-internacional\/?page_id=1048"},"modified":"2019-05-14T09:47:20","modified_gmt":"2019-05-14T07:47:20","slug":"materiales","status":"publish","type":"page","link":"https:\/\/www.ull.es\/eventos\/crue-internacional\/materiales\/","title":{"rendered":"Materiales"},"content":{"rendered":"<p>[vc_row][vc_column][vc_empty_space height=\u00bb62px\u00bb][vc_column_text]A continuaci\u00f3n pueden obtener algunas de las ponencias y presentaciones que se realizaron en CRUE Internacionalizaci\u00f3n y Cooperaci\u00f3n:[\/vc_column_text][vc_empty_space][\/vc_column][\/vc_row][vc_row][vc_column][vc_column_text]<span style=\"color: #7a3b7a\"><a style=\"color: #7a3b7a\" href=\"https:\/\/drive.google.com\/file\/d\/1SYyB5cB2OeSzHmH3KHwRGTZn-uyKf8Gy\/view?usp=sharing\" target=\"_blank\" rel=\"noopener\">Conferencia Plenaria <em>Novedades SEPIE<\/em>. Coral Mart\u00ednez Iscar\u00a0<\/a><\/span>[\/vc_column_text][vc_empty_space][vc_column_text]<\/p>\n<p style=\"text-align: center\">Panel 1: Las universidades espa\u00f1olas y Asia.<\/p>\n<p>[\/vc_column_text][vc_empty_space][vc_row_inner][vc_column_inner width=\u00bb1\/3&#8243;][vc_column_text]<span style=\"color: #7a3b7a\"><a style=\"color: #7a3b7a\" href=\"http:\/\/Mesa redonda: Movilidad con Asia. Isabel Dur\u00e1n.\" target=\"_blank\" rel=\"noopener\">Mesa redonda: <em>Movilidad con Asia.<\/em> Isabel Dur\u00e1n.<\/a><\/span>[\/vc_column_text][\/vc_column_inner][vc_column_inner width=\u00bb1\/3&#8243;][vc_column_text]<span style=\"color: #7a3b7a\"><a style=\"color: #7a3b7a\" href=\"https:\/\/drive.google.com\/file\/d\/1NTIhUTkzgxwyUSQmH9sZv63wEY5Hjpkg\/view?usp=sharing\" target=\"_blank\" rel=\"noopener\">Intervenci\u00f3n <em>Percepci\u00f3n necesidades de Promoci\u00f3n Internacional en Asia.<\/em> Sebasti\u00e1n Bruque.<\/a><\/span>[\/vc_column_text][\/vc_column_inner][vc_column_inner width=\u00bb1\/3&#8243;][vc_column_text]<span style=\"color: #7a3b7a\"><a style=\"color: #7a3b7a\" href=\"https:\/\/drive.google.com\/file\/d\/1NTIhUTkzgxwyUSQmH9sZv63wEY5Hjpkg\/view?usp=sharing\" target=\"_blank\" rel=\"noopener\">Intervenci\u00f3n <em>University Incubator.<\/em> Susana Toledano.<\/a><\/span>[\/vc_column_text][\/vc_column_inner][\/vc_row_inner][vc_empty_space][vc_column_text]<\/p>\n<p style=\"text-align: center\">Panel 2: Internacionalizaci\u00f3n en casa: Centros de lenguas, intercambios virtuales e investigaci\u00f3n.<\/p>\n<p>[\/vc_column_text][vc_empty_space][vc_row_inner][vc_column_inner width=\u00bb1\/2&#8243;][vc_column_text]<span style=\"color: #7a3b7a\"><a style=\"color: #7a3b7a\" href=\"https:\/\/drive.google.com\/file\/d\/1E9rn4viC74dSWOwhG_73EG3MKo3XQ70m\/view?usp=sharing\" target=\"_blank\" rel=\"noopener\">Intervenci\u00f3n\u00a0I<em>nternacionalizaci\u00f3n en casa: Centros de lenguas, intercambios virtuales e investigaci\u00f3n<\/em>.Francisco Jos\u00e9 Borge L\u00f3pez.<\/a><\/span>[\/vc_column_text][\/vc_column_inner][vc_column_inner width=\u00bb1\/2&#8243;][vc_column_text]<span style=\"color: #7a3b7a\"><a style=\"color: #7a3b7a\" href=\"https:\/\/drive.google.com\/file\/d\/1xwe9fl0h1MOiRbDNwU9WTT0Dt6x61zei\/view?usp=sharing\" target=\"_blank\" rel=\"noopener\">Intervenci\u00f3n <em>Internacionalizaci\u00f3n en casa: Centros de lenguas, intercambios virtuales e investigaci\u00f3n.\u00a0<\/em>Roberto Baelo<\/a>.<\/span>[\/vc_column_text][\/vc_column_inner][\/vc_row_inner][vc_empty_space][vc_row_inner][vc_column_inner][vc_column_text]<a href=\"https:\/\/drive.google.com\/open?id=1iBHgNSkJZND14YEPMqw4hWcy8kvzdXhh\" target=\"_blank\" rel=\"noopener\"><span style=\"color: #7a3b7a\">Espacio Patrocinador. Recruiting Erasmus.<\/span><\/a><\/p>\n<p><a href=\"https:\/\/drive.google.com\/file\/d\/1iBHgNSkJZND14YEPMqw4hWcy8kvzdXhh\/view?usp=sharing\" target=\"_blank\" rel=\"noopener\">V\u00eddeo recruiting Erasmus<\/a>[\/vc_column_text][\/vc_column_inner][\/vc_row_inner][vc_empty_space][vc_column_text]<\/p>\n<p style=\"text-align: center\">Panel 3: Universidades Refugio.<\/p>\n<p>[\/vc_column_text][vc_column_text]<a href=\"https:\/\/drive.google.com\/file\/d\/1dAZIdmlTAyHEn-cCVjZzguzygjviq-re\/view?usp=sharing\" target=\"_blank\" rel=\"noopener\">Intervenci\u00f3n <em>No dejar a nadie atr\u00e1s.\u00a0<\/em>Maite Vilalta Ferrer, vicerrectora de Igualdad y Acci\u00f3n Social de la Universidad Barcelona.\u00a0<\/a>[\/vc_column_text][vc_empty_space][vc_column_text]<a href=\"https:\/\/drive.google.com\/file\/d\/17-aKWn8LSioF-tonp2RZHyDwHkZxEXoj\/view?usp=sharing\" target=\"_blank\" rel=\"noopener\"> Conferencia Plenaria- La imagen internacional de la educaci\u00f3n espa\u00f1ola. Carmen Gonz\u00e1lez Enr\u00edquez, investigadora del Real Instituto Elcano.<\/a><\/p>\n<h4 class=\"vc_custom_heading\"><\/h4>\n<p>[\/vc_column_text][vc_empty_space][vc_column_text]<a href=\"https:\/\/drive.google.com\/file\/d\/16EY6klNo4YCulh-sSRDnJkcAasi3iNX8\/view?usp=sharing\" target=\"_blank\" rel=\"noopener\"><span style=\"color: #7a3b7a\">Espacio Patrocinador. Educations.com<\/span><\/a>[\/vc_column_text][vc_empty_space][vc_column_text]<a href=\"https:\/\/drive.google.com\/file\/d\/1nowhNSq9PTCWSMz13Ogbpl_vrNFp2ymK\/view?usp=sharing\" target=\"_blank\" rel=\"noopener\">Conferencia Plenaria- III Plan \u00c1frica.\u00a0Raimundo Robredo Rubio. Director General para \u00c1frica del Ministerio de Asuntos Exteriores, Uni\u00f3n Europea y Cooperaci\u00f3n.<\/a><\/p>\n<h4 class=\"vc_custom_heading\"><\/h4>\n<p>[\/vc_column_text][vc_empty_space][vc_column_text]Reuniones de grupos de trabajo<\/p>\n<p>1<a href=\"https:\/\/drive.google.com\/file\/d\/1Lq1Yswlw8C6DIwrQZ9888Pg5h-N6frB4\/view?usp=sharing\" target=\"_blank\" rel=\"noopener\">a. Movilidad con Latinoam\u00e9rica<\/a><\/p>\n<p>Presentaci\u00f3n[\/vc_column_text][\/vc_column][\/vc_row]<\/p>\n","protected":false},"excerpt":{"rendered":"<p>[vc_row][vc_column][vc_empty_space height=\u00bb62px\u00bb][vc_column_text]A continuaci\u00f3n pueden obtener algunas de las ponencias y presentaciones que se realizaron en CRUE Internacionalizaci\u00f3n y Cooperaci\u00f3n:[\/vc_column_text][vc_empty_space][\/vc_column][\/vc_row][vc_row][vc_column][vc_column_text]Conferencia Plenaria Novedades SEPIE. Coral Mart\u00ednez Iscar\u00a0[\/vc_column_text][vc_empty_space][vc_column_text] Panel 1: Las universidades espa\u00f1olas y Asia. [\/vc_column_text][vc_empty_space][vc_row_inner][vc_column_inner width=\u00bb1\/3&#8243;][vc_column_text]Mesa redonda: Movilidad con Asia. Isabel Dur\u00e1n.[\/vc_column_text][\/vc_column_inner][vc_column_inner width=\u00bb1\/3&#8243;][vc_column_text]Intervenci\u00f3n Percepci\u00f3n necesidades de Promoci\u00f3n Internacional en Asia. Sebasti\u00e1n Bruque.[\/vc_column_text][\/vc_column_inner][vc_column_inner width=\u00bb1\/3&#8243;][vc_column_text]Intervenci\u00f3n University Incubator. Susana Toledano.[\/vc_column_text][\/vc_column_inner][\/vc_row_inner][vc_empty_space][vc_column_text]&#8230;<\/p>\n","protected":false},"author":4,"featured_media":0,"parent":0,"menu_order":0,"comment_status":"closed","ping_status":"closed","template":"templates\/template-frontpage.php","meta":{"footnotes":""},"class_list":["post-1048","page","type-page","status-publish","hentry"],"_links":{"self":[{"href":"https:\/\/www.ull.es\/eventos\/crue-internacional\/wp-json\/wp\/v2\/pages\/1048"}],"collection":[{"href":"https:\/\/www.ull.es\/eventos\/crue-internacional\/wp-json\/wp\/v2\/pages"}],"about":[{"href":"https:\/\/www.ull.es\/eventos\/crue-internacional\/wp-json\/wp\/v2\/types\/page"}],"author":[{"embeddable":true,"href":"https:\/\/www.ull.es\/eventos\/crue-internacional\/wp-json\/wp\/v2\/users\/4"}],"replies":[{"embeddable":true,"href":"https:\/\/www.ull.es\/eventos\/crue-internacional\/wp-json\/wp\/v2\/comments?post=1048"}],"version-history":[{"count":25,"href":"https:\/\/www.ull.es\/eventos\/crue-internacional\/wp-json\/wp\/v2\/pages\/1048\/revisions"}],"predecessor-version":[{"id":1075,"href":"https:\/\/www.ull.es\/eventos\/crue-internacional\/wp-json\/wp\/v2\/pages\/1048\/revisions\/1075"}],"wp:attachment":[{"href":"https:\/\/www.ull.es\/eventos\/crue-internacional\/wp-json\/wp\/v2\/media?parent=1048"}],"curies":[{"name":"wp","href":"https:\/\/api.w.org\/{rel}","templated":true}]}}