{"id":22,"date":"2018-05-25T11:26:10","date_gmt":"2018-05-25T11:26:10","guid":{"rendered":"http:\/\/www.ull.es\/eventos\/crue-gerencia\/?page_id=22"},"modified":"2019-02-11T13:51:40","modified_gmt":"2019-02-11T12:51:40","slug":"inscripcion","status":"publish","type":"page","link":"https:\/\/www.ull.es\/eventos\/crue-internacional\/inscripcion\/","title":{"rendered":"Inscripci\u00f3n"},"content":{"rendered":"<p>[vc_row][vc_column][vc_empty_space height=\u00bb60px\u00bb][vc_custom_heading text=\u00bbINSCRIPCI\u00d3N\u00bb font_container=\u00bbtag:h1|font_size:50px|text_align:left|color:%23000000|line_height:75px\u00bb google_fonts=\u00bbfont_family:Roboto%20Condensed%3A300%2C300italic%2Cregular%2Citalic%2C700%2C700italic|font_style:700%20bold%20regular%3A700%3Anormal\u00bb][\/vc_column][\/vc_row][vc_row][vc_column][vc_row_inner][vc_column_inner][vc_icon type=\u00bblinecons\u00bb icon_linecons=\u00bbvc_li vc_li-user\u00bb color=\u00bbblack\u00bb background_style=\u00bbrounded-less\u00bb background_color=\u00bbwhite\u00bb size=\u00bblg\u00bb align=\u00bbcenter\u00bb css=\u00bb.vc_custom_1531388693044{margin-bottom: 0px !important;border-bottom-width: 0px !important;padding-bottom: 0px !important;}\u00bb][vc_custom_heading text=\u00bbCUOTA DE INSCRIPCI\u00d3N\u00bb font_container=\u00bbtag:h4|font_size:30px|text_align:center|color:%23000000|line_height:35px\u00bb google_fonts=\u00bbfont_family:Roboto%20Condensed%3A300%2C300italic%2Cregular%2Citalic%2C700%2C700italic|font_style:700%20bold%20regular%3A700%3Anormal\u00bb][vc_custom_heading text=\u00bb130 \u20ac\u00bb font_container=\u00bbtag:h5|font_size:25px|text_align:center|color:%23000000|line_height:30px\u00bb google_fonts=\u00bbfont_family:Roboto%20Condensed%3A300%2C300italic%2Cregular%2Citalic%2C700%2C700italic|font_style:700%20bold%20regular%3A700%3Anormal\u00bb][\/vc_column_inner][\/vc_row_inner][vc_empty_space][vc_column_text]<\/p>\n<div><strong>Plazo<\/strong>: hasta el 14 de marzo.<\/div>\n<div>La visita al Parque Nacional del Teide tendr\u00e1 un coste adicional de 30\u20ac por persona.<\/div>\n<div><\/div>\n<div>La asistencia a actos sociales de acompa\u00f1antes (c\u00f3ctel de bienvenida y cena en el Real Casino de Tenerife) tendr\u00e1n un coste adicional :<\/div>\n<ul>\n<li>30\u20ac asistencia acompa\u00f1ante C\u00f3ctel de Bienvenida, d\u00eda 20 de marzo.<\/li>\n<li>30\u20ac asistencia acompa\u00f1ante Cena en el Real Casino de Tenerife, d\u00eda 21 de marzo.<\/li>\n<\/ul>\n<div><\/div>\n<div>La reserva de hotel se realiza de forma independiente, por lo que podr\u00e1 consultar el listado de hoteles y tarifas en la <a href=\"https:\/\/www.ull.es\/eventos\/crue-internacional\/alojamiento\/\" target=\"_blank\" rel=\"noopener\">p\u00e1gina de alojamiento<\/a> (las plazas son limitadas).<\/div>\n<p>[\/vc_column_text][vc_empty_space][\/vc_column][\/vc_row][vc_row][vc_column][\/vc_column][\/vc_row][vc_row][vc_column][vc_tta_accordion spacing=\u00bb3&#8243; active_section=\u00bb0&#8243; css_animation=\u00bbfadeInLeftBig\u00bb collapsible_all=\u00bbtrue\u00bb][vc_tta_section title=\u00bbInscr\u00edbase aqu\u00ed como asistente\u00bb tab_id=\u00bbformulario-inscripcion-asistente\u00bb][vc_raw_html]JTNDY2VudGVyJTNFJTNDaWZyYW1lJTIwc3JjJTNEJTIyaHR0cHMlM0ElMkYlMkZkb2NzLmdvb2dsZS5jb20lMkZmb3JtcyUyRmQlMkZlJTJGMUZBSXBRTFNmeFQ5VjE5ZEpNN2d4aG1JbFhCUDlYcXA4UEpLeHpCX25rdXRnVjJPa2d2Vy1KZmclMkZ2aWV3Zm9ybSUzRmVtYmVkZGVkJTNEdHJ1ZSUyMiUyMHdpZHRoJTNEJTIyNjQwJTIyJTIwaGVpZ2h0JTNEJTIyMjQxMCUyMiUyMGZyYW1lYm9yZGVyJTNEJTIyMCUyMiUyMG1hcmdpbmhlaWdodCUzRCUyMjAlMjIlMjBtYXJnaW53aWR0aCUzRCUyMjAlMjIlM0VDYXJnYW5kby4uLiUzQyUyRmlmcmFtZSUzRSUzQyUyRmNlbnRlciUzRSUwQSUwQQ==[\/vc_raw_html][\/vc_tta_section][\/vc_tta_accordion][vc_column_text]Si desea contactar con la secretar\u00eda t\u00e9cnica de las jornadas env\u00ede su consulta a pdavila@fg.ull.es[\/vc_column_text][vc_empty_space][\/vc_column][\/vc_row][vc_row][vc_column][vc_empty_space height=\u00bb200px\u00bb][\/vc_column][\/vc_row]<\/p>\n","protected":false},"excerpt":{"rendered":"<p>[vc_row][vc_column][vc_empty_space height=\u00bb60px\u00bb][vc_custom_heading text=\u00bbINSCRIPCI\u00d3N\u00bb font_container=\u00bbtag:h1|font_size:50px|text_align:left|color:%23000000|line_height:75px\u00bb google_fonts=\u00bbfont_family:Roboto%20Condensed%3A300%2C300italic%2Cregular%2Citalic%2C700%2C700italic|font_style:700%20bold%20regular%3A700%3Anormal\u00bb][\/vc_column][\/vc_row][vc_row][vc_column][vc_row_inner][vc_column_inner][vc_icon type=\u00bblinecons\u00bb icon_linecons=\u00bbvc_li vc_li-user\u00bb color=\u00bbblack\u00bb background_style=\u00bbrounded-less\u00bb background_color=\u00bbwhite\u00bb size=\u00bblg\u00bb align=\u00bbcenter\u00bb css=\u00bb.vc_custom_1531388693044{margin-bottom: 0px !important;border-bottom-width: 0px !important;padding-bottom: 0px !important;}\u00bb][vc_custom_heading text=\u00bbCUOTA DE INSCRIPCI\u00d3N\u00bb font_container=\u00bbtag:h4|font_size:30px|text_align:center|color:%23000000|line_height:35px\u00bb google_fonts=\u00bbfont_family:Roboto%20Condensed%3A300%2C300italic%2Cregular%2Citalic%2C700%2C700italic|font_style:700%20bold%20regular%3A700%3Anormal\u00bb][vc_custom_heading text=\u00bb130 \u20ac\u00bb font_container=\u00bbtag:h5|font_size:25px|text_align:center|color:%23000000|line_height:30px\u00bb google_fonts=\u00bbfont_family:Roboto%20Condensed%3A300%2C300italic%2Cregular%2Citalic%2C700%2C700italic|font_style:700%20bold%20regular%3A700%3Anormal\u00bb][\/vc_column_inner][\/vc_row_inner][vc_empty_space][vc_column_text] Plazo: hasta el 14 de marzo. La visita al Parque Nacional del Teide tendr\u00e1 un coste adicional de 30\u20ac por persona. La asistencia a actos sociales&#8230;<\/p>\n","protected":false},"author":6,"featured_media":0,"parent":0,"menu_order":0,"comment_status":"closed","ping_status":"closed","template":"templates\/template-frontpage.php","meta":{"footnotes":""},"class_list":["post-22","page","type-page","status-publish","hentry"],"_links":{"self":[{"href":"https:\/\/www.ull.es\/eventos\/crue-internacional\/wp-json\/wp\/v2\/pages\/22"}],"collection":[{"href":"https:\/\/www.ull.es\/eventos\/crue-internacional\/wp-json\/wp\/v2\/pages"}],"about":[{"href":"https:\/\/www.ull.es\/eventos\/crue-internacional\/wp-json\/wp\/v2\/types\/page"}],"author":[{"embeddable":true,"href":"https:\/\/www.ull.es\/eventos\/crue-internacional\/wp-json\/wp\/v2\/users\/6"}],"replies":[{"embeddable":true,"href":"https:\/\/www.ull.es\/eventos\/crue-internacional\/wp-json\/wp\/v2\/comments?post=22"}],"version-history":[{"count":13,"href":"https:\/\/www.ull.es\/eventos\/crue-internacional\/wp-json\/wp\/v2\/pages\/22\/revisions"}],"predecessor-version":[{"id":874,"href":"https:\/\/www.ull.es\/eventos\/crue-internacional\/wp-json\/wp\/v2\/pages\/22\/revisions\/874"}],"wp:attachment":[{"href":"https:\/\/www.ull.es\/eventos\/crue-internacional\/wp-json\/wp\/v2\/media?parent=22"}],"curies":[{"name":"wp","href":"https:\/\/api.w.org\/{rel}","templated":true}]}}