{"id":298,"date":"2018-07-03T09:47:50","date_gmt":"2018-07-03T09:47:50","guid":{"rendered":"http:\/\/www.ull.es\/eventos\/crue-gerencia\/?page_id=298"},"modified":"2019-03-15T11:36:26","modified_gmt":"2019-03-15T10:36:26","slug":"entidades-patrocinadoras-y-colaboradoras","status":"publish","type":"page","link":"https:\/\/www.ull.es\/eventos\/crue-internacional\/entidades-patrocinadoras-y-colaboradoras\/","title":{"rendered":"Entidades Patrocinadoras y Colaboradoras"},"content":{"rendered":"<p>[vc_row][vc_column][vc_empty_space height=\u00bb60px\u00bb][vc_custom_heading text=\u00bbEntidades Patrocinadoras y Colaboradoras\u00bb font_container=\u00bbtag:h1|font_size:50px|text_align:left|color:%23000000|line_height:75px\u00bb google_fonts=\u00bbfont_family:Roboto%20Condensed%3A300%2C300italic%2Cregular%2Citalic%2C700%2C700italic|font_style:700%20bold%20regular%3A700%3Anormal\u00bb][vc_empty_space][vc_row_inner][vc_column_inner width=\u00bb1\/3&#8243;][vc_empty_space height=\u00bb72px\u00bb][vc_single_image image=\u00bb831&#8243; img_size=\u00bbfull\u00bb onclick=\u00bbcustom_link\u00bb link=\u00bbhttps:\/\/www.educations.com\/\u00bb][\/vc_column_inner][vc_column_inner width=\u00bb1\/3&#8243;][vc_single_image image=\u00bb847&#8243; img_size=\u00bbmedium\u00bb onclick=\u00bbcustom_link\u00bb link=\u00bbhttps:\/\/oncampus.es\/\u00bb][\/vc_column_inner][vc_column_inner width=\u00bb1\/3&#8243;][vc_single_image image=\u00bb985&#8243; img_size=\u00bbmedium\u00bb onclick=\u00bbcustom_link\u00bb link=\u00bbhttp:\/\/www.recruitingerasmus.com\u00bb][\/vc_column_inner][\/vc_row_inner][vc_empty_space][vc_row_inner][vc_column_inner width=\u00bb1\/4&#8243;][vc_empty_space][vc_single_image image=\u00bb579&#8243; img_size=\u00bbfull\u00bb][\/vc_column_inner][vc_column_inner width=\u00bb1\/4&#8243;][vc_empty_space][vc_single_image image=\u00bb308&#8243; img_size=\u00bbfull\u00bb][\/vc_column_inner][vc_column_inner width=\u00bb1\/4&#8243;][\/vc_column_inner][vc_column_inner width=\u00bb1\/4&#8243;][vc_empty_space][vc_single_image image=\u00bb310&#8243; img_size=\u00bbfull\u00bb][\/vc_column_inner][\/vc_row_inner][\/vc_column][\/vc_row][vc_row][vc_column][vc_empty_space][vc_row_inner][vc_column_inner width=\u00bb1\/4&#8243;][vc_single_image image=\u00bb538&#8243; img_size=\u00bbfull\u00bb][\/vc_column_inner][vc_column_inner width=\u00bb1\/4&#8243;][vc_empty_space][vc_single_image image=\u00bb475&#8243; img_size=\u00bbfull\u00bb][\/vc_column_inner][vc_column_inner width=\u00bb1\/4&#8243;][vc_single_image image=\u00bb521&#8243; img_size=\u00bbfull\u00bb][\/vc_column_inner][vc_column_inner width=\u00bb1\/4&#8243;][vc_empty_space][vc_single_image image=\u00bb519&#8243; img_size=\u00bbfull\u00bb][\/vc_column_inner][\/vc_row_inner][\/vc_column][\/vc_row][vc_row][vc_column][vc_empty_space][vc_row_inner][vc_column_inner width=\u00bb1\/4&#8243;][vc_empty_space][vc_single_image image=\u00bb542&#8243; img_size=\u00bbfull\u00bb][\/vc_column_inner][vc_column_inner width=\u00bb1\/4&#8243;][vc_single_image image=\u00bb545&#8243; img_size=\u00bbfull\u00bb][\/vc_column_inner][vc_column_inner width=\u00bb1\/4&#8243;][vc_single_image image=\u00bb559&#8243; img_size=\u00bbfull\u00bb][\/vc_column_inner][vc_column_inner width=\u00bb1\/4&#8243;][vc_single_image image=\u00bb572&#8243; img_size=\u00bbfull\u00bb][\/vc_column_inner][\/vc_row_inner][vc_empty_space][vc_row_inner][vc_column_inner width=\u00bb1\/4&#8243;][vc_empty_space][vc_single_image image=\u00bb588&#8243; img_size=\u00bbfull\u00bb][\/vc_column_inner][vc_column_inner width=\u00bb1\/4&#8243;][vc_single_image image=\u00bb599&#8243; img_size=\u00bbfull\u00bb][\/vc_column_inner][vc_column_inner width=\u00bb1\/4&#8243;][vc_single_image image=\u00bb606&#8243; img_size=\u00bbfull\u00bb][\/vc_column_inner][vc_column_inner width=\u00bb1\/4&#8243;][vc_single_image image=\u00bb607&#8243; img_size=\u00bbfull\u00bb][\/vc_column_inner][\/vc_row_inner][vc_empty_space height=\u00bb132px\u00bb][\/vc_column][\/vc_row][vc_row][vc_column][vc_column_text]Si desea contactar con la secretar\u00eda t\u00e9cnica de las jornadas denv\u00ede su dudas a\u00a0<a href=\"mailto:36.jornadas.gerencia@ull.es\" target=\"_blank\" rel=\"noopener\" target=\"_blank\" rel=\"noopener\">pdavila@fg.ull.es<\/a>[\/vc_column_text][vc_empty_space height=\u00bb132px\u00bb][\/vc_column][\/vc_row]<\/p>\n","protected":false},"excerpt":{"rendered":"<p>[vc_row][vc_column][vc_empty_space height=\u00bb60px\u00bb][vc_custom_heading text=\u00bbEntidades Patrocinadoras y Colaboradoras\u00bb font_container=\u00bbtag:h1|font_size:50px|text_align:left|color:%23000000|line_height:75px\u00bb google_fonts=\u00bbfont_family:Roboto%20Condensed%3A300%2C300italic%2Cregular%2Citalic%2C700%2C700italic|font_style:700%20bold%20regular%3A700%3Anormal\u00bb][vc_empty_space][vc_row_inner][vc_column_inner width=\u00bb1\/3&#8243;][vc_empty_space height=\u00bb72px\u00bb][vc_single_image image=\u00bb831&#8243; img_size=\u00bbfull\u00bb onclick=\u00bbcustom_link\u00bb link=\u00bbhttps:\/\/www.educations.com\/\u00bb][\/vc_column_inner][vc_column_inner width=\u00bb1\/3&#8243;][vc_single_image image=\u00bb847&#8243; img_size=\u00bbmedium\u00bb onclick=\u00bbcustom_link\u00bb link=\u00bbhttps:\/\/oncampus.es\/\u00bb][\/vc_column_inner][vc_column_inner width=\u00bb1\/3&#8243;][vc_single_image image=\u00bb985&#8243; img_size=\u00bbmedium\u00bb onclick=\u00bbcustom_link\u00bb link=\u00bbhttp:\/\/www.recruitingerasmus.com\u00bb][\/vc_column_inner][\/vc_row_inner][vc_empty_space][vc_row_inner][vc_column_inner width=\u00bb1\/4&#8243;][vc_empty_space][vc_single_image image=\u00bb579&#8243; img_size=\u00bbfull\u00bb][\/vc_column_inner][vc_column_inner width=\u00bb1\/4&#8243;][vc_empty_space][vc_single_image image=\u00bb308&#8243; img_size=\u00bbfull\u00bb][\/vc_column_inner][vc_column_inner width=\u00bb1\/4&#8243;][\/vc_column_inner][vc_column_inner width=\u00bb1\/4&#8243;][vc_empty_space][vc_single_image image=\u00bb310&#8243; img_size=\u00bbfull\u00bb][\/vc_column_inner][\/vc_row_inner][\/vc_column][\/vc_row][vc_row][vc_column][vc_empty_space][vc_row_inner][vc_column_inner width=\u00bb1\/4&#8243;][vc_single_image image=\u00bb538&#8243; img_size=\u00bbfull\u00bb][\/vc_column_inner][vc_column_inner width=\u00bb1\/4&#8243;][vc_empty_space][vc_single_image image=\u00bb475&#8243; img_size=\u00bbfull\u00bb][\/vc_column_inner][vc_column_inner width=\u00bb1\/4&#8243;][vc_single_image image=\u00bb521&#8243; img_size=\u00bbfull\u00bb][\/vc_column_inner][vc_column_inner width=\u00bb1\/4&#8243;][vc_empty_space][vc_single_image image=\u00bb519&#8243; img_size=\u00bbfull\u00bb][\/vc_column_inner][\/vc_row_inner][\/vc_column][\/vc_row][vc_row][vc_column][vc_empty_space][vc_row_inner][vc_column_inner width=\u00bb1\/4&#8243;][vc_empty_space][vc_single_image image=\u00bb542&#8243; img_size=\u00bbfull\u00bb][\/vc_column_inner][vc_column_inner width=\u00bb1\/4&#8243;][vc_single_image image=\u00bb545&#8243; img_size=\u00bbfull\u00bb][\/vc_column_inner][vc_column_inner width=\u00bb1\/4&#8243;][vc_single_image image=\u00bb559&#8243; img_size=\u00bbfull\u00bb][\/vc_column_inner][vc_column_inner&#8230;<\/p>\n","protected":false},"author":6,"featured_media":0,"parent":0,"menu_order":0,"comment_status":"closed","ping_status":"closed","template":"templates\/template-frontpage.php","meta":{"footnotes":""},"class_list":["post-298","page","type-page","status-publish","hentry"],"_links":{"self":[{"href":"https:\/\/www.ull.es\/eventos\/crue-internacional\/wp-json\/wp\/v2\/pages\/298"}],"collection":[{"href":"https:\/\/www.ull.es\/eventos\/crue-internacional\/wp-json\/wp\/v2\/pages"}],"about":[{"href":"https:\/\/www.ull.es\/eventos\/crue-internacional\/wp-json\/wp\/v2\/types\/page"}],"author":[{"embeddable":true,"href":"https:\/\/www.ull.es\/eventos\/crue-internacional\/wp-json\/wp\/v2\/users\/6"}],"replies":[{"embeddable":true,"href":"https:\/\/www.ull.es\/eventos\/crue-internacional\/wp-json\/wp\/v2\/comments?post=298"}],"version-history":[{"count":18,"href":"https:\/\/www.ull.es\/eventos\/crue-internacional\/wp-json\/wp\/v2\/pages\/298\/revisions"}],"predecessor-version":[{"id":989,"href":"https:\/\/www.ull.es\/eventos\/crue-internacional\/wp-json\/wp\/v2\/pages\/298\/revisions\/989"}],"wp:attachment":[{"href":"https:\/\/www.ull.es\/eventos\/crue-internacional\/wp-json\/wp\/v2\/media?parent=298"}],"curies":[{"name":"wp","href":"https:\/\/api.w.org\/{rel}","templated":true}]}}