{"id":710,"date":"2019-02-07T14:09:40","date_gmt":"2019-02-07T13:09:40","guid":{"rendered":"http:\/\/www.ull.es\/eventos\/crue-internacional\/?page_id=710"},"modified":"2019-03-07T09:00:58","modified_gmt":"2019-03-07T08:00:58","slug":"alojamiento","status":"publish","type":"page","link":"https:\/\/www.ull.es\/eventos\/crue-internacional\/alojamiento\/","title":{"rendered":"Alojamiento"},"content":{"rendered":"<p>[vc_row][vc_column][vc_empty_space height=\u00bb60px\u00bb][vc_custom_heading text=\u00bbALOJAMIENTO\u00bb font_container=\u00bbtag:h1|font_size:50px|text_align:left|color:%23000000|line_height:75px\u00bb google_fonts=\u00bbfont_family:Roboto%20Condensed%3A300%2C300italic%2Cregular%2Citalic%2C700%2C700italic|font_style:700%20bold%20regular%3A700%3Anormal\u00bb][\/vc_column][\/vc_row][vc_row][vc_column][vc_column_text]Desde la organizaci\u00f3n de las jornadas se ha realizado un prebloqueo en varios hoteles en La Laguna como en Santa Cruz de Tenerife para que los congresistas las vuelvan nominativas. Todas tienen como nexo el c\u00f3digo CRUE INTERNACIONALIZACI\u00d3N y el l\u00edmite de dicho prebloqueo es hasta mediados de febrero.<\/p>\n<p>En cada apartado de hotel se especifica el c\u00f3digo, n\u00famero de habitaciones que se han prebloqueado y fecha l\u00edmite.[\/vc_column_text][\/vc_column][\/vc_row][vc_row][vc_column][vc_tta_accordion style=\u00bbmodern\u00bb shape=\u00bbsquare\u00bb spacing=\u00bb10&#8243; gap=\u00bb10&#8243; active_section=\u00bb0&#8243; collapsible_all=\u00bbtrue\u00bb][vc_tta_section title=\u00bbHOTEL ESCUELA SANTA CRUZ DE TENERIFE\u00bb tab_id=\u00bb1549626336288-2ef66b33-eef4&#8243;][vc_row_inner][vc_column_inner width=\u00bb2\/3&#8243;][vc_single_image image=\u00bb731&#8243; img_size=\u00bbfull\u00bb][vc_column_text]El dise\u00f1o de este hotel est\u00e1 basado en un concepto de decoraci\u00f3n innovador, con modernas, c\u00f3modas y amplias instalaciones. Se sit\u00faa en el coraz\u00f3n de la ciudad, a pocos minutos del Auditorio de Tenerife Ad\u00e1n Mart\u00edn, del Centro Internacional de Ferias y Congresos y del estadio de f\u00fatbol. A solo 15 minutos se encuentra el aeropuerto internacional Tenerife Norte.<\/p>\n<p>Todas las habitaciones (57 dobles, cinco junior suites, dos suites y una suite imperial) est\u00e1n equipadas con aire acondicionado, caja de seguridad, TV con canal sat\u00e9lite digital y conexi\u00f3n a Internet. En algunos casos cuentan con columna de hidromasaje y jacuzzi.<\/p>\n<p>Su c\u00e9ntrica ubicaci\u00f3n en la capital de la isla y sus amplias salas lo convierten en una elecci\u00f3n acertada para la celebraci\u00f3n de congresos y eventos.<\/p>\n<p><strong>CUPO COMPLETO.<\/strong><\/p>\n<p>65,97 \u20ac habitaci\u00f3n doble uso individual con desayuno. (precio directo).[\/vc_column_text][\/vc_column_inner][vc_column_inner width=\u00bb1\/3&#8243;][vc_column_text]<\/p>\n<h4>Contacto<\/h4>\n<p>Hotel Escuela Santa Cruz de Tenerife<\/p>\n<p>Avda. San Sebasti\u00e1n, 152.<\/p>\n<p>38005 Santa Cruz De Tenerife<\/p>\n<p>Tel.: +34 922 84 75 00<\/p>\n<p>Web: www.hotelescuelasantacruz.com<\/p>\n<p>Email: reservas.hesc@hecansa.com[\/vc_column_text][\/vc_column_inner][\/vc_row_inner][\/vc_tta_section][vc_tta_section title=\u00bbIBEROSTAR GRAND HOTEL MENCEY\u00bb tab_id=\u00bbiberostar-grand-hotel-mencey\u00bb][vc_row_inner][vc_column_inner width=\u00bb2\/3&#8243;][vc_single_image image=\u00bb729&#8243; img_size=\u00bbfull\u00bb][vc_column_text]<span style=\"font-weight: 400\">Patrimonio arquitect\u00f3nico y emocional de Santa Cruz de Tenerife, el Iberostar Grand Mencey es todo un emblema en la isla. A lo largo de seis d\u00e9cadas ha impregnado de elegancia y buen gusto la estancia de personajes ilustres. Pero tambi\u00e9n de numerosos hu\u00e9spedes que han elegido este hotel en las Islas Canarias como lugar para sus vacaciones, eventos y viajes de negocios. Hoy queremos que usted tambi\u00e9n contin\u00fae escribiendo la historia del Iberostar Grand Mencey.<\/span><\/p>\n<p><b>Se tiene bloqueadas 80 habitaciones doble de uso individual con desayuno con el c\u00f3digo CRUE INTERNACIONALIZACI\u00d3N. fecha l\u00edmite de bloqueo 1 de marzo.<\/b><\/p>\n<p><span style=\"font-weight: 400\">120\u20ac habitaci\u00f3n doble uso individual y desayuno<\/span><\/p>\n<p><span style=\"font-weight: 400\">140\u20ac habitaci\u00f3n doble y desayuno<\/span><\/p>\n<p><span style=\"font-weight: 400\">Solicitar las reservas a trav\u00e9s del correo <\/span><a href=\"mailto:mcyrsv@iberostar.com\" target=\"_blank\" rel=\"noopener\"><span style=\"font-weight: 400\">mcyco2@iberostar.com<\/span><\/a><span style=\"font-weight: 400\"> con las fechas de estancias en las que se quieren alojar.<\/span>[\/vc_column_text][\/vc_column_inner][vc_column_inner width=\u00bb1\/3&#8243;][vc_column_text]<\/p>\n<h4>Contacto<\/h4>\n<p>Iberostar Grand Hotel Mencey<\/p>\n<p>C\/ Doctor Jos\u00e9 Naveiras, 38.<\/p>\n<p>38004 Santa Cruz De Tenerife<\/p>\n<p>Tel.: +34 922 60 99 44<\/p>\n<p>Mvl: +34634 212 684<\/p>\n<p>Web: <a href=\"http:\/\/www.iberostar.com\" target=\"_blank\" rel=\"noopener\">www.iberostar.com<\/a><\/p>\n<p>Email: <a href=\"mailto:hotel.mencey@iberostar.com\" target=\"_blank\" rel=\"noopener\">mcyco2@iberostar.com<\/a>[\/vc_column_text][\/vc_column_inner][\/vc_row_inner][\/vc_tta_section][vc_tta_section title=\u00bbLA LAGUNA GRAN HOTEL\u00bb tab_id=\u00bbLA-LAGUNA-GRAN-HOTEL\u00bb][vc_row_inner][vc_column_inner width=\u00bb2\/3&#8243;][vc_single_image image=\u00bb725&#8243; img_size=\u00bbfull\u00bb][vc_column_text]<\/p>\n<p style=\"text-align: left\"><span style=\"font-weight: 400\">Huele a tea y cedro al entrar por la calle del Agua (Nava y Grim\u00f3n) a \u201cLa Laguna Gran Hotel\u201d. La tea del coraz\u00f3n de los pinos canarios centenarios a\u00fan destila resina en el antiguo edificio que ya conoce cuatro siglos.<\/span><\/p>\n<p style=\"text-align: left\"><span style=\"font-weight: 400\">San Crist\u00f3bal de La Laguna, ciudad Patrimonio de la Humanidad, escribe una nueva p\u00e1gina sobre un edificio de siempre con un concepto de ahora.<\/span><\/p>\n<p style=\"text-align: left\"><span style=\"font-weight: 400\">El nuevo hotel tiene 123 habitaciones, salas de convenciones y banquetes con aforo de hasta 600 personas y un parking para 80 veh\u00edculos. El restaurante y terraza \u201cGran Laguna\u201d y el conjunto piscina, spa y gimnasio \u201cDel Agua\u201d, estar\u00e1n abiertos al p\u00fablico.<\/span><\/p>\n<p style=\"text-align: left\"><span style=\"font-weight: 400\">Desde la cubierta del edificio y su zona deportiva, se puede contemplar una vista extensa y muy especial de los tejados de la ciudad y las monta\u00f1as del Parque Natural de Anaga. \u200b<\/span><\/p>\n<p style=\"text-align: left\"><b>CUPO COMPLETO<\/b><\/p>\n<p style=\"text-align: left\"><span style=\"font-weight: 400\">75\u20ac habitaci\u00f3n doble uso individual<\/span><\/p>\n<p style=\"text-align: left\"><span style=\"font-weight: 400\">88\u20ac habitaci\u00f3n doble<\/span><\/p>\n<p style=\"text-align: left\"><span style=\"font-weight: 400\">10\u20ac suplemento de desayuno por persona y d\u00eda<\/span><\/p>\n<p>[\/vc_column_text][\/vc_column_inner][vc_column_inner width=\u00bb1\/3&#8243;][vc_column_text]<\/p>\n<h4>Contacto<\/h4>\n<p>La Laguna Gran Hotel\u200b\u200b<\/p>\n<p>C\/ Nava Y Grim\u00f3n, 18.<\/p>\n<p>38201 La Laguna<\/p>\n<p>Tel.: +34 922 10 80 80<\/p>\n<p>Web: <a href=\"http:\/\/www.lalagunagranhotel.com\" target=\"_blank\" rel=\"noopener\">www.lalagunagranhotel.com<\/a><\/p>\n<p>Email: <a href=\"mailto:reservas@lalagunagranhotel.com\" target=\"_blank\" rel=\"noopener\">reservas@lalagunagranhotel.com<\/a>[\/vc_column_text][\/vc_column_inner][\/vc_row_inner][\/vc_tta_section][vc_tta_section title=\u00bbLAGUNA NIVARIA\u00bb tab_id=\u00bbhotel-escuela-santa-cruz\u00bb][vc_row_inner][vc_column_inner width=\u00bb2\/3&#8243;][vc_single_image image=\u00bb727&#8243; img_size=\u00bbfull\u00bb][vc_column_text]<span style=\"font-weight: 400\">Ubicado en una encantadora mansi\u00f3n del siglo XVI, nuestro complejo cuenta con elegantes trajes y habitaciones, y un restaurante a la carta para sorprenderlo. Nos encontrar\u00e1 en el centro hist\u00f3rico de San Crist\u00f3bal de La Laguna, declarado Patrimonio de la Humanidad por la UNESCO.<\/span><\/p>\n<p><span style=\"font-weight: 400\">Todas las habitaciones de Laguna Nivaria son para no fumadores y est\u00e1n completamente equipadas para que su estad\u00eda sea perfecta. Tenemos cinco tipos de habitaciones disponibles: Comfort, Noble, Family, Junior Suite y Nivaria Suite, para cubrir todas sus necesidades. Hemos cuidado todos los detalles para que tenga una estancia c\u00f3moda en la espl\u00e9ndida ciudad de San Crist\u00f3bal de La Laguna.<\/span><\/p>\n<p><span style=\"font-weight: 400\">Sabores canarios<\/span><\/p>\n<p><span style=\"font-weight: 400\">Los restaurantes Laguna y Plaza y Caf\u00e9 Nivaria se encuentran en el patio interior del edificio hist\u00f3rico. Venga y pruebe la cocina local y elija el restaurante de su elecci\u00f3n en funci\u00f3n de si le gustar\u00eda probar unas deliciosas tapas y s\u00e1ndwiches o disfrutar de platos m\u00e1s elaborados y vanguardistas.<\/span><\/p>\n<p><b>Se han bloqueado 10 habitaciones doble de uso individual con desayuno con el c\u00f3digo CRUE INTERNACIONALIZACI\u00d3N. fecha l\u00edmite de bloqueo\u00a0 20 de febrero.<\/b><\/p>\n<p>77\u20ac habitaci\u00f3n doble uso individual<\/p>\n<p>99 \u20ac habitaci\u00f3n doble[\/vc_column_text][\/vc_column_inner][vc_column_inner width=\u00bb1\/3&#8243;][vc_column_text]<\/p>\n<ul>\n<li>\n<h4>Contacto<\/h4>\n<ul>\n<li>Laguna Nivaria<\/li>\n<li>Plaza del Adelantado, 11.<\/li>\n<li>38201 San Crist\u00f3bal de la Laguna<\/li>\n<li>Tel: +34 922 264 298<\/li>\n<li>Fax: +34 922 259 634<\/li>\n<li>Web: <a target=\"_blank\" rel=\"noopener\">www.lagunanivaria.com<\/a><\/li>\n<li>Email: <a href=\"mailto:reservas@lagunanivaria.com\" target=\"_blank\" rel=\"noopener\">reservas@lagunanivaria.com<\/a><\/li>\n<\/ul>\n<\/li>\n<\/ul>\n<p>[\/vc_column_text][\/vc_column_inner][\/vc_row_inner][\/vc_tta_section][\/vc_tta_accordion][\/vc_column][\/vc_row][vc_row][vc_column width=\u00bb2\/3&#8243;][vc_empty_space height=\u00bb132px\u00bb][\/vc_column][vc_column width=\u00bb1\/3&#8243;][\/vc_column][\/vc_row]<\/p>\n","protected":false},"excerpt":{"rendered":"<p>[vc_row][vc_column][vc_empty_space height=\u00bb60px\u00bb][vc_custom_heading text=\u00bbALOJAMIENTO\u00bb font_container=\u00bbtag:h1|font_size:50px|text_align:left|color:%23000000|line_height:75px\u00bb google_fonts=\u00bbfont_family:Roboto%20Condensed%3A300%2C300italic%2Cregular%2Citalic%2C700%2C700italic|font_style:700%20bold%20regular%3A700%3Anormal\u00bb][\/vc_column][\/vc_row][vc_row][vc_column][vc_column_text]Desde la organizaci\u00f3n de las jornadas se ha realizado un prebloqueo en varios hoteles en La Laguna como en Santa Cruz de Tenerife para que los congresistas las vuelvan nominativas. Todas tienen como nexo el c\u00f3digo CRUE INTERNACIONALIZACI\u00d3N y el l\u00edmite de dicho prebloqueo es hasta mediados de febrero. En cada&#8230;<\/p>\n","protected":false},"author":6,"featured_media":0,"parent":0,"menu_order":0,"comment_status":"closed","ping_status":"closed","template":"","meta":{"footnotes":""},"class_list":["post-710","page","type-page","status-publish","hentry"],"_links":{"self":[{"href":"https:\/\/www.ull.es\/eventos\/crue-internacional\/wp-json\/wp\/v2\/pages\/710"}],"collection":[{"href":"https:\/\/www.ull.es\/eventos\/crue-internacional\/wp-json\/wp\/v2\/pages"}],"about":[{"href":"https:\/\/www.ull.es\/eventos\/crue-internacional\/wp-json\/wp\/v2\/types\/page"}],"author":[{"embeddable":true,"href":"https:\/\/www.ull.es\/eventos\/crue-internacional\/wp-json\/wp\/v2\/users\/6"}],"replies":[{"embeddable":true,"href":"https:\/\/www.ull.es\/eventos\/crue-internacional\/wp-json\/wp\/v2\/comments?post=710"}],"version-history":[{"count":15,"href":"https:\/\/www.ull.es\/eventos\/crue-internacional\/wp-json\/wp\/v2\/pages\/710\/revisions"}],"predecessor-version":[{"id":954,"href":"https:\/\/www.ull.es\/eventos\/crue-internacional\/wp-json\/wp\/v2\/pages\/710\/revisions\/954"}],"wp:attachment":[{"href":"https:\/\/www.ull.es\/eventos\/crue-internacional\/wp-json\/wp\/v2\/media?parent=710"}],"curies":[{"name":"wp","href":"https:\/\/api.w.org\/{rel}","templated":true}]}}