{"id":903,"date":"2019-02-28T14:18:29","date_gmt":"2019-02-28T13:18:29","guid":{"rendered":"http:\/\/www.ull.es\/eventos\/crue-internacional\/?page_id=903"},"modified":"2019-05-14T09:55:28","modified_gmt":"2019-05-14T07:55:28","slug":"jornadas-emergencias","status":"publish","type":"page","link":"https:\/\/www.ull.es\/eventos\/crue-internacional\/jornadas-emergencias\/","title":{"rendered":"Jornadas emergencias CRUE SEPIE"},"content":{"rendered":"<p>[vc_row][vc_column][vc_empty_space height=\u00bb60px\u00bb][\/vc_column][\/vc_row][vc_row][vc_column][vc_column_text]El d\u00eda 20 de marzo la ULL acoger\u00e1 la jornada CRUE-SEPIE sobre \u201cProtocolos y actuaciones en casos de emergencias en movilidades internacionales\u201d en la Facultad de Econom\u00eda, Empresa y Turismo.<\/p>\n<p>Para asistir a esta Jornada debe proceder a la inscripci\u00f3n a trav\u00e9s del formulario que tiene a continuaci\u00f3n y proceder al pago de 36\u20ac .<\/p>\n<p><strong>La inscripci\u00f3n a esta jornada es independiente y no se vincula a la inscripci\u00f3n y pago de las XV Jornadas de Internacionalizaci\u00f3n y Cooperaci\u00f3n de la CRUE<\/strong>[\/vc_column_text][\/vc_column][\/vc_row][vc_row][vc_column][vc_empty_space][vc_tta_accordion spacing=\u00bb3&#8243; active_section=\u00bb0&#8243; css_animation=\u00bbfadeInLeftBig\u00bb collapsible_all=\u00bbtrue\u00bb][vc_tta_section title=\u00bbInscr\u00edbase aqu\u00ed como asistente\u00bb tab_id=\u00bbformulario-inscripcion-asistente\u00bb][vc_raw_html]JTNDaWZyYW1lJTIwc3JjJTNEJTIyaHR0cHMlM0ElMkYlMkZkb2NzLmdvb2dsZS5jb20lMkZmb3JtcyUyRmQlMkZlJTJGMUZBSXBRTFNkekZiTHRLekhuNzZ0UXhpM0RfUWltTVZVbkJEX3JSRGhfX1JCOXBDYzE4dkF4YnclMkZ2aWV3Zm9ybSUzRmVtYmVkZGVkJTNEdHJ1ZSUyMiUyMHdpZHRoJTNEJTIyNjQwJTIyJTIwaGVpZ2h0JTNEJTIyMjExNSUyMiUyMGZyYW1lYm9yZGVyJTNEJTIyMCUyMiUyMG1hcmdpbmhlaWdodCUzRCUyMjAlMjIlMjBtYXJnaW53aWR0aCUzRCUyMjAlMjIlM0VDYXJnYW5kby4uLiUzQyUyRmlmcmFtZSUzRQ==[\/vc_raw_html][\/vc_tta_section][\/vc_tta_accordion][vc_tta_accordion spacing=\u00bb3&#8243; active_section=\u00bb0&#8243; css_animation=\u00bbfadeInLeftBig\u00bb collapsible_all=\u00bbtrue\u00bb][vc_tta_section tab_id=\u00bbprograma-jornadas-emergencias\u00bb title=\u00bbPrograma de la jornada \u00abProtocolos y actuaciones en casos de emergencias en movilidades internacionales\u00ab\u00bb][vc_empty_space height=\u00bb42px\u00bb][vc_custom_heading text=\u00bbMI\u00c9RCOLES 20&#8243; font_container=\u00bbtag:h2|font_size:40px|text_align:left|color:%239c27b0|line_height:65px\u00bb google_fonts=\u00bbfont_family:Roboto%20Condensed%3A300%2C300italic%2Cregular%2Citalic%2C700%2C700italic|font_style:700%20bold%20regular%3A700%3Anormal\u00bb][vc_custom_heading text=\u00bbPROGRAMA\u00bb font_container=\u00bbtag:h3|font_size:30px|text_align:left|color:%23000000|line_height:40px\u00bb google_fonts=\u00bbfont_family:Roboto%20Condensed%3A300%2C300italic%2Cregular%2Citalic%2C700%2C700italic|font_style:700%20bold%20regular%3A700%3Anormal\u00bb][vc_custom_heading text=\u00bbLugar de celebraci\u00f3n: Facultad de Econom\u00eda, Empresa y Turismo del Campus de Guajara. Universidad de La Laguna.\u00bb font_container=\u00bbtag:h4|font_size:25px|text_align:left|color:%23000000|line_height:40px\u00bb google_fonts=\u00bbfont_family:Roboto%20Condensed%3A300%2C300italic%2Cregular%2Citalic%2C700%2C700italic|font_style:400%20regular%3A400%3Anormal\u00bb][vc_custom_heading text=\u00bb09.00 h Acreditaci\u00f3n de participantes y entrega de material\u00bb font_container=\u00bbtag:h3|font_size:25px|text_align:left|color:%23000000|line_height:40px\u00bb google_fonts=\u00bbfont_family:Roboto%20Condensed%3A300%2C300italic%2Cregular%2Citalic%2C700%2C700italic|font_style:700%20bold%20regular%3A700%3Anormal\u00bb][vc_custom_heading text=\u00bb09.30 h \u2013 09.45 h Apertura de la Jornada\u00bb font_container=\u00bbtag:h3|font_size:25px|text_align:left|color:%23000000|line_height:40px\u00bb google_fonts=\u00bbfont_family:Roboto%20Condensed%3A300%2C300italic%2Cregular%2Citalic%2C700%2C700italic|font_style:700%20bold%20regular%3A700%3Anormal\u00bb][vc_custom_heading text=\u00bb- Coral Mart\u00ednez Iscar, directora del Servicio Espa\u00f1ol para la Internacionalizaci\u00f3n de la Educaci\u00f3n (SEPIE), Ministerio de Ciencia, Innovaci\u00f3n y Universidades.\u00bb font_container=\u00bbtag:h4|font_size:20px|text_align:left|color:%23000000|line_height:40px\u00bb google_fonts=\u00bbfont_family:Roboto%20Condensed%3A300%2C300italic%2Cregular%2Citalic%2C700%2C700italic|font_style:700%20bold%20regular%3A700%3Anormal\u00bb][vc_custom_heading text=\u00bb- Mar\u00eda del Carmen Rubio Armend\u00e1riz, vicerrectora de Internacionalizaci\u00f3n de la Universidad de La Laguna.\u00bb font_container=\u00bbtag:h4|font_size:20px|text_align:left|color:%23000000|line_height:40px\u00bb google_fonts=\u00bbfont_family:Roboto%20Condensed%3A300%2C300italic%2Cregular%2Citalic%2C700%2C700italic|font_style:700%20bold%20regular%3A700%3Anormal\u00bb][vc_custom_heading text=\u00bb09.45 h \u2013 10.00 h Presentaci\u00f3n de la actividad del subgrupo de trabajo de CRUE &#8211; Internacionalizaci\u00f3n y Cooperaci\u00f3n.\u00bb font_container=\u00bbtag:h3|font_size:25px|text_align:left|color:%23000000|line_height:40px\u00bb google_fonts=\u00bbfont_family:Roboto%20Condensed%3A300%2C300italic%2Cregular%2Citalic%2C700%2C700italic|font_style:700%20bold%20regular%3A700%3Anormal\u00bb][vc_custom_heading text=\u00bb- Esther Martra, Universitat de Barcelona.\u00bb font_container=\u00bbtag:h4|font_size:20px|text_align:left|color:%23000000|line_height:40px\u00bb google_fonts=\u00bbfont_family:Roboto%20Condensed%3A300%2C300italic%2Cregular%2Citalic%2C700%2C700italic|font_style:700%20bold%20regular%3A700%3Anormal\u00bb][vc_custom_heading text=\u00bb10.00 h \u2013 10.45 h Protocolo de actuaci\u00f3n en caso de desastres naturales.\u00bb font_container=\u00bbtag:h3|font_size:25px|text_align:left|color:%23000000|line_height:40px\u00bb google_fonts=\u00bbfont_family:Roboto%20Condensed%3A300%2C300italic%2Cregular%2Citalic%2C700%2C700italic|font_style:700%20bold%20regular%3A700%3Anormal\u00bb][vc_custom_heading text=\u00bb- Direcci\u00f3n General de Protecci\u00f3n Civil y de Emergencias, Ministerio del Interior.\u00bb font_container=\u00bbtag:h4|font_size:20px|text_align:left|color:%23000000|line_height:40px\u00bb google_fonts=\u00bbfont_family:Roboto%20Condensed%3A300%2C300italic%2Cregular%2Citalic%2C700%2C700italic|font_style:700%20bold%20regular%3A700%3Anormal\u00bb][vc_custom_heading text=\u00bb10.45 h \u2013 11.30 h Protocolo de actuaci\u00f3n en caso de atentados terroristas.\u00bb font_container=\u00bbtag:h3|font_size:25px|text_align:left|color:%23000000|line_height:40px\u00bb google_fonts=\u00bbfont_family:Roboto%20Condensed%3A300%2C300italic%2Cregular%2Citalic%2C700%2C700italic|font_style:700%20bold%20regular%3A700%3Anormal\u00bb][vc_custom_heading text=\u00bb- SE de Seguridad, Ministerio del Interior.\u00bb font_container=\u00bbtag:h4|font_size:20px|text_align:left|color:%23000000|line_height:40px\u00bb google_fonts=\u00bbfont_family:Roboto%20Condensed%3A300%2C300italic%2Cregular%2Citalic%2C700%2C700italic|font_style:700%20bold%20regular%3A700%3Anormal\u00bb][vc_custom_heading text=\u00bb11.30 h Coffee Break\u00bb font_container=\u00bbtag:h3|font_size:25px|text_align:left|color:%23000000|line_height:40px\u00bb google_fonts=\u00bbfont_family:Roboto%20Condensed%3A300%2C300italic%2Cregular%2Citalic%2C700%2C700italic|font_style:700%20bold%20regular%3A700%3Anormal\u00bb][vc_custom_heading text=\u00bb12.00 h \u2013 12.45 h Emergencias consulares.\u00bb font_container=\u00bbtag:h3|font_size:25px|text_align:left|color:%23000000|line_height:40px\u00bb google_fonts=\u00bbfont_family:Roboto%20Condensed%3A300%2C300italic%2Cregular%2Citalic%2C700%2C700italic|font_style:700%20bold%20regular%3A700%3Anormal\u00bb][vc_custom_heading text=\u00bb- Direcci\u00f3n General de Espa\u00f1oles en el Exterior y de Asuntos Consulares, Ministerio de Asuntos Exteriores, Uni\u00f3n Europea y Cooperaci\u00f3n.\u00bb font_container=\u00bbtag:h4|font_size:20px|text_align:left|color:%23000000|line_height:40px\u00bb google_fonts=\u00bbfont_family:Roboto%20Condensed%3A300%2C300italic%2Cregular%2Citalic%2C700%2C700italic|font_style:700%20bold%20regular%3A700%3Anormal\u00bb][vc_custom_heading text=\u00bb12.45 h \u2013 13.30 h Protocolo de actuaci\u00f3n en caso de emergencias sanitarias en el exterior.\u00bb font_container=\u00bbtag:h3|font_size:25px|text_align:left|color:%23000000|line_height:40px\u00bb google_fonts=\u00bbfont_family:Roboto%20Condensed%3A300%2C300italic%2Cregular%2Citalic%2C700%2C700italic|font_style:700%20bold%20regular%3A700%3Anormal\u00bb][vc_custom_heading text=\u00bb- Ministerio de Sanidad, Consumo y Bienestar Social.\u00bb font_container=\u00bbtag:h4|font_size:20px|text_align:left|color:%23000000|line_height:40px\u00bb google_fonts=\u00bbfont_family:Roboto%20Condensed%3A300%2C300italic%2Cregular%2Citalic%2C700%2C700italic|font_style:700%20bold%20regular%3A700%3Anormal\u00bb][vc_custom_heading text=\u00bb13.30 h Almuerzo C\u00f3ctel\u00bb font_container=\u00bbtag:h3|font_size:25px|text_align:left|color:%23000000|line_height:40px\u00bb google_fonts=\u00bbfont_family:Roboto%20Condensed%3A300%2C300italic%2Cregular%2Citalic%2C700%2C700italic|font_style:700%20bold%20regular%3A700%3Anormal\u00bb][vc_custom_heading text=\u00bb15.00 h \u2013 16.00 h Preguntas y respuestas con la participaci\u00f3n de todos los asistentes, sobre experiencias de emergencias de las Universidades.\u00bb font_container=\u00bbtag:h3|font_size:25px|text_align:left|color:%23000000|line_height:40px\u00bb google_fonts=\u00bbfont_family:Roboto%20Condensed%3A300%2C300italic%2Cregular%2Citalic%2C700%2C700italic|font_style:700%20bold%20regular%3A700%3Anormal\u00bb][vc_custom_heading text=\u00bb16.00 h Conclusiones y clausura.\u00bb font_container=\u00bbtag:h3|font_size:25px|text_align:left|color:%23000000|line_height:40px\u00bb google_fonts=\u00bbfont_family:Roboto%20Condensed%3A300%2C300italic%2Cregular%2Citalic%2C700%2C700italic|font_style:700%20bold%20regular%3A700%3Anormal\u00bb][vc_empty_space height=\u00bb60px\u00bb][\/vc_tta_section][\/vc_tta_accordion][vc_column_text]Si desea contactar con la secretar\u00eda t\u00e9cnica de las jornadas env\u00ede su consulta a pdavila@fg.ull.es[\/vc_column_text][vc_empty_space height=\u00bb60px\u00bb][vc_row_inner][vc_column_inner width=\u00bb1\/3&#8243;][\/vc_column_inner][vc_column_inner width=\u00bb1\/3&#8243;][vc_btn title=\u00bbDescarga las ponencias\u00bb style=\u00bbcustom\u00bb custom_background=\u00bb#5c068c\u00bb custom_text=\u00bb#ffffff\u00bb size=\u00bblg\u00bb align=\u00bbcenter\u00bb i_icon_fontawesome=\u00bbfa fa-file-pdf-o\u00bb css_animation=\u00bbfadeInUpBig\u00bb button_block=\u00bbtrue\u00bb add_icon=\u00bbtrue\u00bb link=\u00bburl:https%3A%2F%2Fdrive.google.com%2Fdrive%2Ffolders%2F11l-1pOF6TDr14F1LIjR_xbP4Hw7gbNrt%3Fusp%3Dsharing|||\u00bb][\/vc_column_inner][vc_column_inner width=\u00bb1\/3&#8243;][\/vc_column_inner][\/vc_row_inner][vc_empty_space height=\u00bb60px\u00bb][vc_row_inner][vc_column_inner width=\u00bb1\/2&#8243;][vc_single_image image=\u00bb923&#8243; img_size=\u00bbfull\u00bb][\/vc_column_inner][vc_column_inner width=\u00bb1\/2&#8243;][vc_single_image image=\u00bb924&#8243; img_size=\u00bbmedium\u00bb][\/vc_column_inner][\/vc_row_inner][\/vc_column][\/vc_row][vc_row][vc_column][vc_empty_space height=\u00bb200px\u00bb][\/vc_column][\/vc_row]<\/p>\n","protected":false},"excerpt":{"rendered":"<p>[vc_row][vc_column][vc_empty_space height=\u00bb60px\u00bb][\/vc_column][\/vc_row][vc_row][vc_column][vc_column_text]El d\u00eda 20 de marzo la ULL acoger\u00e1 la jornada CRUE-SEPIE sobre \u201cProtocolos y actuaciones en casos de emergencias en movilidades internacionales\u201d en la Facultad de Econom\u00eda, Empresa y Turismo. Para asistir a esta Jornada debe proceder a la inscripci\u00f3n a trav\u00e9s del formulario que tiene a continuaci\u00f3n y proceder al pago de 36\u20ac&#8230;<\/p>\n","protected":false},"author":4,"featured_media":0,"parent":0,"menu_order":0,"comment_status":"closed","ping_status":"closed","template":"templates\/template-frontpage.php","meta":{"footnotes":""},"class_list":["post-903","page","type-page","status-publish","hentry"],"_links":{"self":[{"href":"https:\/\/www.ull.es\/eventos\/crue-internacional\/wp-json\/wp\/v2\/pages\/903"}],"collection":[{"href":"https:\/\/www.ull.es\/eventos\/crue-internacional\/wp-json\/wp\/v2\/pages"}],"about":[{"href":"https:\/\/www.ull.es\/eventos\/crue-internacional\/wp-json\/wp\/v2\/types\/page"}],"author":[{"embeddable":true,"href":"https:\/\/www.ull.es\/eventos\/crue-internacional\/wp-json\/wp\/v2\/users\/4"}],"replies":[{"embeddable":true,"href":"https:\/\/www.ull.es\/eventos\/crue-internacional\/wp-json\/wp\/v2\/comments?post=903"}],"version-history":[{"count":23,"href":"https:\/\/www.ull.es\/eventos\/crue-internacional\/wp-json\/wp\/v2\/pages\/903\/revisions"}],"predecessor-version":[{"id":1076,"href":"https:\/\/www.ull.es\/eventos\/crue-internacional\/wp-json\/wp\/v2\/pages\/903\/revisions\/1076"}],"wp:attachment":[{"href":"https:\/\/www.ull.es\/eventos\/crue-internacional\/wp-json\/wp\/v2\/media?parent=903"}],"curies":[{"name":"wp","href":"https:\/\/api.w.org\/{rel}","templated":true}]}}