{"id":30,"date":"2018-10-18T09:37:44","date_gmt":"2018-10-18T09:37:44","guid":{"rendered":"http:\/\/www.ull.es\/eventos\/crue-secretaria-general\/?page_id=30"},"modified":"2018-11-20T11:12:53","modified_gmt":"2018-11-20T11:12:53","slug":"comite-ejecutivo","status":"publish","type":"page","link":"https:\/\/www.ull.es\/eventos\/crue-secretaria-general\/comite-ejecutivo\/","title":{"rendered":"Comit\u00e9 Ejecutivo"},"content":{"rendered":"<p>[vc_row][vc_column][vc_empty_space height=\u00bb60px\u00bb][vc_custom_heading text=\u00bbCOMISI\u00d3N SECTORIAL\u00bb font_container=\u00bbtag:h1|font_size:50px|text_align:left|color:%23000000|line_height:75px\u00bb google_fonts=\u00bbfont_family:Roboto%20Condensed%3A300%2C300italic%2Cregular%2Citalic%2C700%2C700italic|font_style:700%20bold%20regular%3A700%3Anormal\u00bb][\/vc_column][\/vc_row][vc_row][vc_column][vc_column_text]<\/p>\n<table style=\"font-weight: 400;\" width=\"100%\">\n<tbody>\n<tr>\n<td width=\"708\"><strong>Presidente<\/strong><\/td>\n<\/tr>\n<tr>\n<td>D. Jos\u00e9 Antonio Mayoral, Rector de la Universidad de Zaragoza<\/td>\n<\/tr>\n<tr>\n<td width=\"708\"><strong>Secretaria General de Crue Universidades Espa\u00f1olas<\/strong><\/td>\n<\/tr>\n<tr>\n<td>D\u00f1a. M\u00aa\u00a0Teresa Lozano Mellado, Secretaria General<\/td>\n<\/tr>\n<\/tbody>\n<\/table>\n<table style=\"font-weight: 400;\" width=\"100%\">\n<tbody>\n<tr>\n<td width=\"708\"><strong>Crue Universidades Espa\u00f1olas<\/strong><\/td>\n<\/tr>\n<tr>\n<td>D. V\u00edctor Jim\u00e9nez, Responsable de Proyectos Institucionales<\/td>\n<\/tr>\n<tr>\n<td width=\"708\"><strong>Secretaria\u00a0Ejecutiva<\/strong><\/td>\n<\/tr>\n<tr>\n<td>D\u00f1a. In\u00e9s Olaizola Nogales, Universidad P\u00fablica de Navarra<\/td>\n<\/tr>\n<\/tbody>\n<\/table>\n<table style=\"font-weight: 400;\" width=\"100%\">\n<tbody>\n<tr>\n<td width=\"708\"><strong>Vocales<\/strong><\/td>\n<\/tr>\n<tr>\n<td>&#8211; D\u00f1a. Dulce Mar\u00eda Cair\u00f3s Barreto, Universidad de La Laguna<\/p>\n<p>&#8211; D\u00f1a. Carmen Balbuena Torezano, Universidad de C\u00f3rdoba<\/p>\n<p>&#8211; D\u00f1a. Elena de la Fuente Garc\u00eda, Universidad Europea de Madrid<\/p>\n<p>&#8211; D\u00f1a. Concepci\u00f3n Horgu\u00e9 Baena, Universidad de Sevilla<\/td>\n<\/tr>\n<tr>\n<td width=\"708\"><strong>Presidentes de Grupos de Trabajo:<\/strong><\/td>\n<\/tr>\n<\/tbody>\n<\/table>\n<table style=\"font-weight: 400;\" width=\"100%\">\n<tbody>\n<tr>\n<td width=\"708\"><strong>Conferencia de Archiveros<\/strong><\/td>\n<\/tr>\n<tr>\n<td>D\u00f1a. Bel\u00e9n Noguera de la Muela, Universitat de Barcelona<\/td>\n<\/tr>\n<tr>\n<td width=\"708\"><strong>Inspecci\u00f3n de Servicios<\/strong><\/td>\n<\/tr>\n<tr>\n<td>D\u00f1a. Matilde Carl\u00f3n Ruiz, Universidad Complutense de Madrid<\/td>\n<\/tr>\n<\/tbody>\n<\/table>\n<table style=\"font-weight: 400;\" width=\"100%\">\n<tbody>\n<tr>\n<td width=\"708\"><strong>Gabinetes Jur\u00eddicos<\/strong><\/td>\n<\/tr>\n<tr>\n<td>D\u00f1a. Francisca Fuentes Rodr\u00edguez, Universidad de C\u00e1diz<\/td>\n<\/tr>\n<\/tbody>\n<\/table>\n<p>[\/vc_column_text][\/vc_column][\/vc_row][vc_row][vc_column][vc_empty_space][\/vc_column][\/vc_row]<\/p>\n","protected":false},"excerpt":{"rendered":"<p>[vc_row][vc_column][vc_empty_space height=\u00bb60px\u00bb][vc_custom_heading text=\u00bbCOMISI\u00d3N SECTORIAL\u00bb font_container=\u00bbtag:h1|font_size:50px|text_align:left|color:%23000000|line_height:75px\u00bb google_fonts=\u00bbfont_family:Roboto%20Condensed%3A300%2C300italic%2Cregular%2Citalic%2C700%2C700italic|font_style:700%20bold%20regular%3A700%3Anormal\u00bb][\/vc_column][\/vc_row][vc_row][vc_column][vc_column_text] Presidente D. Jos\u00e9 Antonio Mayoral, Rector de la Universidad de Zaragoza Secretaria General de Crue Universidades Espa\u00f1olas D\u00f1a. M\u00aa\u00a0Teresa Lozano Mellado, Secretaria General Crue Universidades Espa\u00f1olas D. V\u00edctor Jim\u00e9nez, Responsable de Proyectos Institucionales Secretaria\u00a0Ejecutiva D\u00f1a. In\u00e9s Olaizola Nogales, Universidad P\u00fablica de Navarra Vocales &#8211; D\u00f1a. Dulce Mar\u00eda Cair\u00f3s Barreto,&#8230;<\/p>\n","protected":false},"author":6,"featured_media":0,"parent":0,"menu_order":0,"comment_status":"closed","ping_status":"closed","template":"templates\/template-no-title.php","meta":{"footnotes":""},"class_list":["post-30","page","type-page","status-publish","hentry"],"_links":{"self":[{"href":"https:\/\/www.ull.es\/eventos\/crue-secretaria-general\/wp-json\/wp\/v2\/pages\/30"}],"collection":[{"href":"https:\/\/www.ull.es\/eventos\/crue-secretaria-general\/wp-json\/wp\/v2\/pages"}],"about":[{"href":"https:\/\/www.ull.es\/eventos\/crue-secretaria-general\/wp-json\/wp\/v2\/types\/page"}],"author":[{"embeddable":true,"href":"https:\/\/www.ull.es\/eventos\/crue-secretaria-general\/wp-json\/wp\/v2\/users\/6"}],"replies":[{"embeddable":true,"href":"https:\/\/www.ull.es\/eventos\/crue-secretaria-general\/wp-json\/wp\/v2\/comments?post=30"}],"version-history":[{"count":4,"href":"https:\/\/www.ull.es\/eventos\/crue-secretaria-general\/wp-json\/wp\/v2\/pages\/30\/revisions"}],"predecessor-version":[{"id":125,"href":"https:\/\/www.ull.es\/eventos\/crue-secretaria-general\/wp-json\/wp\/v2\/pages\/30\/revisions\/125"}],"wp:attachment":[{"href":"https:\/\/www.ull.es\/eventos\/crue-secretaria-general\/wp-json\/wp\/v2\/media?parent=30"}],"curies":[{"name":"wp","href":"https:\/\/api.w.org\/{rel}","templated":true}]}}