{"id":42,"date":"2018-10-18T09:41:25","date_gmt":"2018-10-18T09:41:25","guid":{"rendered":"http:\/\/www.ull.es\/eventos\/crue-secretaria-general\/?page_id=42"},"modified":"2019-03-29T14:33:36","modified_gmt":"2019-03-29T14:33:36","slug":"programa","status":"publish","type":"page","link":"https:\/\/www.ull.es\/eventos\/crue-secretaria-general\/programa\/","title":{"rendered":"Programa"},"content":{"rendered":"<p>[vc_row][vc_column][vc_empty_space height=\u00bb60px\u00bb][vc_custom_heading text=\u00bbPROGRAMA\u00bb font_container=\u00bbtag:h1|font_size:50px|text_align:left|color:%23000000|line_height:75px\u00bb google_fonts=\u00bbfont_family:Roboto%20Condensed%3A300%2C300italic%2Cregular%2Citalic%2C700%2C700italic|font_style:700%20bold%20regular%3A700%3Anormal\u00bb][\/vc_column][\/vc_row][vc_row][vc_column][vc_tta_tabs style=\u00bbmodern\u00bb shape=\u00bbsquare\u00bb active_section=\u00bb1&#8243; title=\u00bbSeleccione el d\u00eda de la agenda que quiera consultar\u00bb][vc_tta_section title=\u00bb21&#8243; tab_id=\u00bbdia-21&#8243;][vc_empty_space height=\u00bb42px\u00bb][vc_custom_heading text=\u00bbMI\u00c9RCOLES 21&#8243; font_container=\u00bbtag:h2|font_size:40px|text_align:left|color:%239c27b0|line_height:65px\u00bb google_fonts=\u00bbfont_family:Roboto%20Condensed%3A300%2C300italic%2Cregular%2Citalic%2C700%2C700italic|font_style:700%20bold%20regular%3A700%3Anormal\u00bb][vc_custom_heading text=\u00bbPROGRAMA &#8211; Sesi\u00f3n de tarde\u00bb font_container=\u00bbtag:h3|font_size:30px|text_align:left|color:%23000000|line_height:40px\u00bb google_fonts=\u00bbfont_family:Roboto%20Condensed%3A300%2C300italic%2Cregular%2Citalic%2C700%2C700italic|font_style:700%20bold%20regular%3A700%3Anormal\u00bb][vc_custom_heading text=\u00bb<strong>18.30 h Comit\u00e9 Ejecutivo Crue &#8211; Secretar\u00edas Generales<\/strong><br \/>\nSala de Juntas del Edificio de Rectorado. Calle Padre Herrera s\/n\u00bb font_container=\u00bbtag:h4|font_size:25px|text_align:left|color:%23000000|line_height:40px\u00bb google_fonts=\u00bbfont_family:Roboto%20Condensed%3A300%2C300italic%2Cregular%2Citalic%2C700%2C700italic|font_style:400%20regular%3A400%3Anormal\u00bb][vc_custom_heading text=\u00bb<strong>20.30 h C\u00f3ctel de bienvenida a los\/las asistentes<\/strong><br \/>\nGran Hotel Laguna.<br \/>\nDirecci\u00f3n: C\/ Nave y Grim\u00f3n, 18. San Crist\u00f3bal de La Laguna\u00bb font_container=\u00bbtag:h4|font_size:25px|text_align:left|color:%23000000|line_height:40px\u00bb google_fonts=\u00bbfont_family:Roboto%20Condensed%3A300%2C300italic%2Cregular%2Citalic%2C700%2C700italic|font_style:400%20regular%3A400%3Anormal\u00bb][vc_empty_space height=\u00bb40px\u00bb][vc_text_separator title=\u00bbFin del d\u00eda 21&#8243;][\/vc_tta_section][vc_tta_section title=\u00bb22&#8243; tab_id=\u00bbdia-22&#8243;][vc_empty_space height=\u00bb60px\u00bb][vc_custom_heading text=\u00bbJUEVES 22&#8243; font_container=\u00bbtag:h2|font_size:40px|text_align:left|color:%239c27b0|line_height:65px\u00bb google_fonts=\u00bbfont_family:Roboto%20Condensed%3A300%2C300italic%2Cregular%2Citalic%2C700%2C700italic|font_style:700%20bold%20regular%3A700%3Anormal\u00bb][vc_custom_heading text=\u00bb<strong>Lugar de celebraci\u00f3n: Edificio Central de la Universidad de La Laguna. Calle Pedro Zerolo, s\/n<\/strong>\u00bb font_container=\u00bbtag:h4|font_size:25px|text_align:left|color:%23000000|line_height:40px\u00bb google_fonts=\u00bbfont_family:Roboto%20Condensed%3A300%2C300italic%2Cregular%2Citalic%2C700%2C700italic|font_style:400%20regular%3A400%3Anormal\u00bb][vc_custom_heading text=\u00bbPROGRAMA\u00bb font_container=\u00bbtag:h3|font_size:30px|text_align:left|color:%23000000|line_height:40px\u00bb google_fonts=\u00bbfont_family:Roboto%20Condensed%3A300%2C300italic%2Cregular%2Citalic%2C700%2C700italic|font_style:700%20bold%20regular%3A700%3Anormal\u00bb][vc_custom_heading text=\u00bb<strong>09:30 h Recepci\u00f3n de asistentes y entrega de documentaci\u00f3n<\/strong>\u00bb font_container=\u00bbtag:h4|font_size:25px|text_align:left|color:%23000000|line_height:40px\u00bb google_fonts=\u00bbfont_family:Roboto%20Condensed%3A300%2C300italic%2Cregular%2Citalic%2C700%2C700italic|font_style:400%20regular%3A400%3Anormal\u00bb][vc_custom_heading text=\u00bb<strong>10.00 h \u2013 10:30 h Inauguraci\u00f3n de las Jornadas Crue-Secretar\u00edas Generales<\/strong><br \/>\nD. Antonio Martin\u00f3n<br \/>\nRector de la Universidad de La Laguna<br \/>\nD. Jos\u00e9 Antonio Mayoral<br \/>\nPresidente de Crue \u2013 Secretar\u00edas Generales<br \/>\nRector de la Universidad de Zaragoza<br \/>\nD. Salustiano Mato<br \/>\nVicepresidente adjunto de CRUE<br \/>\nAnterior presidente de Crue \u2013 Secretar\u00edas Generales y Rector de la<br \/>\nUniversidad de Vigo\u00bb font_container=\u00bbtag:h4|font_size:25px|text_align:left|color:%23303030|line_height:40px\u00bb google_fonts=\u00bbfont_family:Roboto%20Condensed%3A300%2C300italic%2Cregular%2Citalic%2C700%2C700italic|font_style:400%20regular%3A400%3Anormal\u00bb][vc_custom_heading text=\u00bb<strong>10:30 h &#8211; 11:45 h Mesa redonda. \u2013 \u201cCumplimiento del Reglamento General de Protecci\u00f3n de Datos por las universidades\u201d <\/strong><br \/>\nD. Jos\u00e9 Luis Rodr\u00edguez <strong> (enlace al PDF de la ponencia) <\/strong><br \/>\nDelegado de Protecci\u00f3n de Datos de la Universidad Complutense de Madrid\u00bb font_container=\u00bbtag:h4|font_size:25px|text_align:left|color:%23303030|line_height:40px\u00bb google_fonts=\u00bbfont_family:Roboto%20Condensed%3A300%2C300italic%2Cregular%2Citalic%2C700%2C700italic|font_style:400%20regular%3A400%3Anormal\u00bb link=\u00bburl:https%3A%2F%2Fdrive.google.com%2Fopen%3Fid%3D19KWdSpUV4m5_X-XUB6RuyPDt5kfC_ZDK|title:Enlace%20al%20PDF||\u00bb][vc_custom_heading text=\u00bbD\u00f1a. Gloria Rodr\u00edguez M\u00e1rmol<br \/>\nDelegada de Protecci\u00f3n de Datos de la Fundaci\u00f3n Universitaria CEU San Pablo\u00bb font_container=\u00bbtag:h4|font_size:25px|text_align:left|color:%23303030|line_height:40px\u00bb google_fonts=\u00bbfont_family:Roboto%20Condensed%3A300%2C300italic%2Cregular%2Citalic%2C700%2C700italic|font_style:400%20regular%3A400%3Anormal\u00bb link=\u00bb|title:Enlace%20al%20PDF||\u00bb][vc_custom_heading text=\u00bbD. Pedro Colmenares <strong> (enlace al PDF de la ponencia) <\/strong><br \/>\nSubdirector de Inspeccion de la AEPD\u00bb font_container=\u00bbtag:h4|font_size:25px|text_align:left|color:%23303030|line_height:40px\u00bb google_fonts=\u00bbfont_family:Roboto%20Condensed%3A300%2C300italic%2Cregular%2Citalic%2C700%2C700italic|font_style:400%20regular%3A400%3Anormal\u00bb link=\u00bburl:https%3A%2F%2Fdrive.google.com%2Fopen%3Fid%3D10cP_OE6Olnim-aEWimioSI-Zy-0actFg|title:Enlace%20al%20PDF||\u00bb][vc_custom_heading text=\u00bb<strong>11:45 h Pausa para caf\u00e9<\/strong>\u00bb font_container=\u00bbtag:h4|font_size:25px|text_align:left|color:%23303030|line_height:40px\u00bb google_fonts=\u00bbfont_family:Roboto%20Condensed%3A300%2C300italic%2Cregular%2Citalic%2C700%2C700italic|font_style:400%20regular%3A400%3Anormal\u00bb][vc_custom_heading text=\u00bb<strong>12:15 h- 13:15 h Ponencia: \u201cLa herramienta de gesti\u00f3n de derechos de propiedad intelectual\u201d<\/strong><br \/>\nD. Andr\u00e9s Marzal<br \/>\nGerente de la Universitat Jaume I\u00bb font_container=\u00bbtag:h4|font_size:25px|text_align:left|color:%23303030|line_height:40px\u00bb google_fonts=\u00bbfont_family:Roboto%20Condensed%3A300%2C300italic%2Cregular%2Citalic%2C700%2C700italic|font_style:400%20regular%3A400%3Anormal\u00bb][vc_custom_heading text=\u00bb<strong>13:15 h \u2013 15:00 h Almuerzo<\/strong><br \/>\nCatering en el edificio central\u00bb font_container=\u00bbtag:h4|font_size:25px|text_align:left|color:%23303030|line_height:40px\u00bb google_fonts=\u00bbfont_family:Roboto%20Condensed%3A300%2C300italic%2Cregular%2Citalic%2C700%2C700italic|font_style:400%20regular%3A400%3Anormal\u00bb][vc_custom_heading text=\u00bb<strong>15.00 h \u2013 16.30 h Mesa redonda: \u201cModelos de evaluaci\u00f3n de la transparencia universitaria\u00ab<\/strong><br \/>\nD. Daniel Cerd\u00e1n <strong> (enlace al PDF de la ponencia) <\/strong><br \/>\nComisionado de Transparencia de la Comunidad Aut\u00f3noma Canaria\u00bb font_container=\u00bbtag:h4|font_size:25px|text_align:left|color:%23303030|line_height:40px\u00bb google_fonts=\u00bbfont_family:Roboto%20Condensed%3A300%2C300italic%2Cregular%2Citalic%2C700%2C700italic|font_style:400%20regular%3A400%3Anormal\u00bb link=\u00bburl:https%3A%2F%2Fdrive.google.com%2Ffile%2Fd%2F1FKI6-G3ryM-VwWT_Q-QiNeZd9zPq8BS1%2Fview%3Fusp%3Dsharing|||\u00bb][vc_custom_heading text=\u00bbD. Miguel \u00c1ngel Acosta Rodr\u00edguez<br \/>\nSecretario General de la Conferencia de Consejos Sociales de las Universidades Espa\u00f1olas\u00bb font_container=\u00bbtag:h4|font_size:25px|text_align:left|color:%23303030|line_height:40px\u00bb google_fonts=\u00bbfont_family:Roboto%20Condensed%3A300%2C300italic%2Cregular%2Citalic%2C700%2C700italic|font_style:400%20regular%3A400%3Anormal\u00bb link=\u00bb|||\u00bb][vc_custom_heading text=\u00bbD. Crescencio Bravo <strong> (enlace al PDF de la ponencia) <\/strong><br \/>\nSecretario General de la Universidad de Castilla \u2013 La Mancha\u00bb font_container=\u00bbtag:h4|font_size:25px|text_align:left|color:%23303030|line_height:40px\u00bb google_fonts=\u00bbfont_family:Roboto%20Condensed%3A300%2C300italic%2Cregular%2Citalic%2C700%2C700italic|font_style:400%20regular%3A400%3Anormal\u00bb link=\u00bburl:https%3A%2F%2Fdrive.google.com%2Ffile%2Fd%2F1VEiFS5qFYFZLq2TJFJbtrAUxaGknJxV1%2Fview%3Fusp%3Dsharing|||\u00bb][vc_custom_heading text=\u00bb<strong>16:30 h \u2013 17:30 h Ponencia: \u201cEl Blockchain y su impacto en las Universidades\u201d<\/strong><br \/>\nD. Ra\u00fal Rubio Abril<br \/>\nSocio Baker and Mckenzie\u00bb font_container=\u00bbtag:h4|font_size:25px|text_align:left|color:%23303030|line_height:40px\u00bb google_fonts=\u00bbfont_family:Roboto%20Condensed%3A300%2C300italic%2Cregular%2Citalic%2C700%2C700italic|font_style:400%20regular%3A400%3Anormal\u00bb][vc_custom_heading text=\u00bb<strong>18:00 h \u2013 19:00 h Visita guiada por la ciudad de San Crist\u00f3bal de La Laguna<\/strong><br \/>\n\u00bb font_container=\u00bbtag:h4|font_size:25px|text_align:left|color:%23303030|line_height:40px\u00bb google_fonts=\u00bbfont_family:Roboto%20Condensed%3A300%2C300italic%2Cregular%2Citalic%2C700%2C700italic|font_style:400%20regular%3A400%3Anormal\u00bb][vc_custom_heading text=\u00bb<strong>19:45 h Cena<\/strong><br \/>\nSalida desde la plaza del Adelantado a las 19:45 h con destino al restaurante La casa del Vino. C\/ San Sim\u00f3n, 49 (Autopista general del Norte Km. 21). El Sauzal. Santa Cruz de Tenerife<br \/>\n\u00bb font_container=\u00bbtag:h4|font_size:25px|text_align:left|color:%23303030|line_height:40px\u00bb google_fonts=\u00bbfont_family:Roboto%20Condensed%3A300%2C300italic%2Cregular%2Citalic%2C700%2C700italic|font_style:400%20regular%3A400%3Anormal\u00bb][vc_empty_space height=\u00bb40px\u00bb][vc_text_separator title=\u00bbFin d\u00eda 22&#8243;][\/vc_tta_section][vc_tta_section title=\u00bb23&#8243; tab_id=\u00bbdia-23&#8243;][vc_empty_space height=\u00bb60px\u00bb][vc_custom_heading text=\u00bbVIERNES 23&#8243; font_container=\u00bbtag:h2|font_size:40px|text_align:left|color:%239c27b0|line_height:65px\u00bb google_fonts=\u00bbfont_family:Roboto%20Condensed%3A300%2C300italic%2Cregular%2Citalic%2C700%2C700italic|font_style:700%20bold%20regular%3A700%3Anormal\u00bb][vc_custom_heading text=\u00bb<strong>Lugar de celebraci\u00f3n: Edificio Central de la Universidad de La Laguna. Calle Pedro Zerolo, s\/n<\/strong>\u00bb font_container=\u00bbtag:h4|font_size:25px|text_align:left|color:%23000000|line_height:40px\u00bb google_fonts=\u00bbfont_family:Roboto%20Condensed%3A300%2C300italic%2Cregular%2Citalic%2C700%2C700italic|font_style:400%20regular%3A400%3Anormal\u00bb][vc_custom_heading text=\u00bbPROGRAMA\u00bb font_container=\u00bbtag:h3|font_size:30px|text_align:left|color:%23000000|line_height:40px\u00bb google_fonts=\u00bbfont_family:Roboto%20Condensed%3A300%2C300italic%2Cregular%2Citalic%2C700%2C700italic|font_style:700%20bold%20regular%3A700%3Anormal\u00bb][vc_custom_heading text=\u00bb<strong>10:00 h &#8211; 11:15 h Mesa redonda: \u201cLegislaci\u00f3n universitaria y legislaci\u00f3n laboral: un convivencia no siempre sencilla\u201d <\/strong><br \/>\nD\u00f1a. Francisca Fuentes<br \/>\nPresidenta del Grupo de Trabajo de Gabinetes Jur\u00eddicos<br \/>\nSecretaria General de la Universidad de C\u00e1diz\u00bb font_container=\u00bbtag:h4|font_size:25px|text_align:left|color:%23000000|line_height:40px\u00bb google_fonts=\u00bbfont_family:Roboto%20Condensed%3A300%2C300italic%2Cregular%2Citalic%2C700%2C700italic|font_style:400%20regular%3A400%3Anormal\u00bb][vc_custom_heading text=\u00bbD. Ismael Jim\u00e9nez <strong> (enlace al PDF de la ponencia) <\/strong><br \/>\nVicerrector de Profesorado de la Universidad de Zaragoza\u00bb font_container=\u00bbtag:h4|font_size:25px|text_align:left|color:%23000000|line_height:40px\u00bb google_fonts=\u00bbfont_family:Roboto%20Condensed%3A300%2C300italic%2Cregular%2Citalic%2C700%2C700italic|font_style:400%20regular%3A400%3Anormal\u00bb link=\u00bburl:https%3A%2F%2Fdrive.google.com%2Ffile%2Fd%2F19_MnG3rPPvYR00yleExLDYc9ibpseSw8%2Fview%3Fusp%3Dsharing|||\u00bb][vc_custom_heading text=\u00bbD\u00f1a. Dulce Mar\u00eda Cair\u00f3s Barreto <strong> (enlace al PDF de la ponencia) <\/strong><br \/>\nSecretaria General de la Universidad de La Laguna\u00bb font_container=\u00bbtag:h4|font_size:25px|text_align:left|color:%23000000|line_height:40px\u00bb google_fonts=\u00bbfont_family:Roboto%20Condensed%3A300%2C300italic%2Cregular%2Citalic%2C700%2C700italic|font_style:400%20regular%3A400%3Anormal\u00bb link=\u00bburl:https%3A%2F%2Fdrive.google.com%2Ffile%2Fd%2F1GnJpUgvaYAsYoeL43g0gFiwxjV_qdws6%2Fview%3Fusp%3Dsharing|||\u00bb][vc_custom_heading text=\u00bb<strong>11:15 h Pausa para caf\u00e9<\/strong>\u00bb font_container=\u00bbtag:h4|font_size:25px|text_align:left|color:%23303030|line_height:40px\u00bb google_fonts=\u00bbfont_family:Roboto%20Condensed%3A300%2C300italic%2Cregular%2Citalic%2C700%2C700italic|font_style:400%20regular%3A400%3Anormal\u00bb][vc_custom_heading text=\u00bb<strong>11:45 h \u2013 12: 15 h Presentaci\u00f3n de las actividades de los Grupos de Trabajo<\/strong><br \/>\nConferencia de Archiveros:<br \/>\nD\u00f1a. Bel\u00e9n Noguera<br \/>\nSecretaria General de la Universitat de Barcelona<br \/>\nInspecci\u00f3n de Servicios:<br \/>\nD\u00f1a. Matilde Carl\u00f3n<br \/>\nSecretaria General de la Universidad Complutense de Madrid<br \/>\nGabinetes Jur\u00eddicos<br \/>\nD\u00f1a. Francisca Fuentes<br \/>\nSecretaria General de la Universidad de C\u00e1diz\u00bb font_container=\u00bbtag:h4|font_size:25px|text_align:left|color:%23303030|line_height:40px\u00bb google_fonts=\u00bbfont_family:Roboto%20Condensed%3A300%2C300italic%2Cregular%2Citalic%2C700%2C700italic|font_style:400%20regular%3A400%3Anormal\u00bb][vc_custom_heading text=\u00bb<strong>12:15 h \u2013 13:30 h Plenario<\/strong>\u00bb font_container=\u00bbtag:h4|font_size:25px|text_align:left|color:%23303030|line_height:40px\u00bb google_fonts=\u00bbfont_family:Roboto%20Condensed%3A300%2C300italic%2Cregular%2Citalic%2C700%2C700italic|font_style:400%20regular%3A400%3Anormal\u00bb][vc_custom_heading text=\u00bb<strong>13:30 h Acto de Clausura<\/strong><br \/>\nD. Antonio Martin\u00f3n<br \/>\nRector de la Universidad de La Laguna<br \/>\nD. Jos\u00e9 Antonio Mayoral<br \/>\nPresidente de Crue \u2013 Secretar\u00edas Generales<br \/>\nRector de la Universidad de Zaragoza<br \/>\nCiro Guti\u00e9rrez Ascanio<br \/>\nDirector General de Universidades del Gobierno de Canarias\u00bb font_container=\u00bbtag:h4|font_size:25px|text_align:left|color:%23303030|line_height:40px\u00bb google_fonts=\u00bbfont_family:Roboto%20Condensed%3A300%2C300italic%2Cregular%2Citalic%2C700%2C700italic|font_style:400%20regular%3A400%3Anormal\u00bb][vc_custom_heading text=\u00bb<strong>14.00 h Comida de despedida<\/strong>\u00bb font_container=\u00bbtag:h4|font_size:25px|text_align:left|color:%23303030|line_height:40px\u00bb google_fonts=\u00bbfont_family:Roboto%20Condensed%3A300%2C300italic%2Cregular%2Citalic%2C700%2C700italic|font_style:400%20regular%3A400%3Anormal\u00bb][vc_empty_space height=\u00bb40px\u00bb][vc_text_separator title=\u00bbFin del d\u00eda 23&#8243;][\/vc_tta_section][\/vc_tta_tabs][\/vc_column][\/vc_row][vc_row full_width=\u00bbstretch_row_content\u00bb][vc_column][vc_empty_space][vc_empty_space height=\u00bb15px\u00bb css=\u00bb.vc_custom_1528896218000{border-top-width: 10px !important;background-color: #9c27b0 !important;}\u00bb][vc_empty_space][\/vc_column][\/vc_row]<\/p>\n","protected":false},"excerpt":{"rendered":"<p>[vc_row][vc_column][vc_empty_space height=\u00bb60px\u00bb][vc_custom_heading text=\u00bbPROGRAMA\u00bb font_container=\u00bbtag:h1|font_size:50px|text_align:left|color:%23000000|line_height:75px\u00bb google_fonts=\u00bbfont_family:Roboto%20Condensed%3A300%2C300italic%2Cregular%2Citalic%2C700%2C700italic|font_style:700%20bold%20regular%3A700%3Anormal\u00bb][\/vc_column][\/vc_row][vc_row][vc_column][vc_tta_tabs style=\u00bbmodern\u00bb shape=\u00bbsquare\u00bb active_section=\u00bb1&#8243; title=\u00bbSeleccione el d\u00eda de la agenda que quiera consultar\u00bb][vc_tta_section title=\u00bb21&#8243; tab_id=\u00bbdia-21&#8243;][vc_empty_space height=\u00bb42px\u00bb][vc_custom_heading text=\u00bbMI\u00c9RCOLES 21&#8243; font_container=\u00bbtag:h2|font_size:40px|text_align:left|color:%239c27b0|line_height:65px\u00bb google_fonts=\u00bbfont_family:Roboto%20Condensed%3A300%2C300italic%2Cregular%2Citalic%2C700%2C700italic|font_style:700%20bold%20regular%3A700%3Anormal\u00bb][vc_custom_heading text=\u00bbPROGRAMA &#8211; Sesi\u00f3n de tarde\u00bb font_container=\u00bbtag:h3|font_size:30px|text_align:left|color:%23000000|line_height:40px\u00bb google_fonts=\u00bbfont_family:Roboto%20Condensed%3A300%2C300italic%2Cregular%2Citalic%2C700%2C700italic|font_style:700%20bold%20regular%3A700%3Anormal\u00bb][vc_custom_heading text=\u00bb18.30 h Comit\u00e9 Ejecutivo Crue &#8211; Secretar\u00edas Generales Sala de Juntas del Edificio de Rectorado. Calle Padre Herrera s\/n\u00bb font_container=\u00bbtag:h4|font_size:25px|text_align:left|color:%23000000|line_height:40px\u00bb google_fonts=\u00bbfont_family:Roboto%20Condensed%3A300%2C300italic%2Cregular%2Citalic%2C700%2C700italic|font_style:400%20regular%3A400%3Anormal\u00bb][vc_custom_heading text=\u00bb20.30 h C\u00f3ctel&#8230;<\/p>\n","protected":false},"author":6,"featured_media":0,"parent":0,"menu_order":0,"comment_status":"closed","ping_status":"closed","template":"templates\/template-no-title.php","meta":{"footnotes":""},"class_list":["post-42","page","type-page","status-publish","hentry"],"_links":{"self":[{"href":"https:\/\/www.ull.es\/eventos\/crue-secretaria-general\/wp-json\/wp\/v2\/pages\/42"}],"collection":[{"href":"https:\/\/www.ull.es\/eventos\/crue-secretaria-general\/wp-json\/wp\/v2\/pages"}],"about":[{"href":"https:\/\/www.ull.es\/eventos\/crue-secretaria-general\/wp-json\/wp\/v2\/types\/page"}],"author":[{"embeddable":true,"href":"https:\/\/www.ull.es\/eventos\/crue-secretaria-general\/wp-json\/wp\/v2\/users\/6"}],"replies":[{"embeddable":true,"href":"https:\/\/www.ull.es\/eventos\/crue-secretaria-general\/wp-json\/wp\/v2\/comments?post=42"}],"version-history":[{"count":11,"href":"https:\/\/www.ull.es\/eventos\/crue-secretaria-general\/wp-json\/wp\/v2\/pages\/42\/revisions"}],"predecessor-version":[{"id":132,"href":"https:\/\/www.ull.es\/eventos\/crue-secretaria-general\/wp-json\/wp\/v2\/pages\/42\/revisions\/132"}],"wp:attachment":[{"href":"https:\/\/www.ull.es\/eventos\/crue-secretaria-general\/wp-json\/wp\/v2\/media?parent=42"}],"curies":[{"name":"wp","href":"https:\/\/api.w.org\/{rel}","templated":true}]}}